{"id":14872,"date":"2024-03-25T23:41:17","date_gmt":"2024-03-25T15:41:17","guid":{"rendered":"http:\/\/www.erun-tech.com\/?post_type=product&#038;p=14872"},"modified":"2024-03-27T19:58:05","modified_gmt":"2024-03-27T11:58:05","slug":"zhuomianbanlunjimoniqi","status":"publish","type":"product","link":"http:\/\/www.erun-tech.com\/es\/product\/zhuomianbanlunjimoniqi","title":{"rendered":"Simulador de sala de m\u00e1quinas de escritorio"},"content":{"rendered":"<h2><\/h2>\n<h2 style=\"text-align: center;\">Simulador de sala de m\u00e1quinas de escritorio<\/h2>\n<div><strong>Base jur\u00eddica: Normativa sobre la administraci\u00f3n de la formaci\u00f3n de la gente de mar de la Rep\u00fablica Popular China (Orden n.\u00ba 5 del Ministerio de Transporte, 2019).<\/strong><\/div>\n<div><strong>Categor\u00eda de producto: Equipos de formaci\u00f3n para jefes de m\u00e1quinas, jefes de azafatas, terceras azafatas<br \/>\n<\/strong><\/div>\n<div><strong>\u4ea7\u54c1\u540d\u79f0\uff1a\u684c\u9762\u7248\u8f6e\u673a\u6a21\u62df\u5668<\/strong><\/div>\n<div><strong>Requisitos funcionales: Cumplir con los requisitos del programa de formaci\u00f3n.<\/strong><\/div>\n<div><strong>Cantidad especificada: 1 juego<\/strong><\/div>\n<div><\/div>\n<div>\n<p>\u542b\u8ba1\u7b97\u673a\u7535\u6e90\u5e03\u7ebf\uff0c\u7f51\u7edc\u5e03\u7ebf\uff0c\u4ea4\u6362\u673a\uff0c\u7f51\u7edc\u673a\u67dc\u3002<\/p>\n<p>\uff081\uff09\u7535\u8111\u7ec8\u7aef<\/p>\n<p>\u5b66\u5458\u7535\u8111\u7ec8\u7aef\uff0c40\u5957\uff0c\u6559\u7ec3\u5458\u7535\u8111\u7ec8\u7aef2\u5957\u3002\u5b66\u5458\u7535\u8111\u7ec8\u7aef\u4e0e\u6559\u7ec3\u5458\u7535\u8111\u7ec8\u7aef\u7684\u7535\u8111\u914d\u7f6e\u76f8\u540c\uff0c\u6bcf\u5957\u542b1\u53f0\u8f6e\u673a\u6a21\u62df\u5668\u684c\u9762\u8ba1\u7b97\u673a\u4e3b\u673a+2\u4e2a\u8f6e\u673a\u6a21\u62df\u5668\u684c\u9762\u663e\u793a\u5668+1\u5957\u684c\u6905\u3002\u8ba1\u7b97\u673a\u914d\u8033\u9ea6\u3002<\/p>\n<p>&nbsp;<\/p>\n<p>\uff082\uff09\u5e7f\u64ad\u7cfb\u7edf<\/p>\n<p>\u5e7f\u64ad\u7cfb\u7edf\uff0c1\u5957\uff0c\u542b1\u53f0\u529f\u7387\u653e\u5927\u5668+2\u4e2a\u97f3\u54cd+1\u5957\u4e00\u62d6\u4e8c\u65e0\u7ebf\u624b\u6301\u8bdd\u7b52\uff0c\u7ec4\u6210\u8f6e\u673a\u6a21\u62df\u5668\u7684\u97f3\u54cd\u7cfb\u7edf\uff0c\u914d\u5408\u76f8\u5e94\u8bbe\u5907\u7684\u542f\u52a8\u3001\u505c\u6b62\u64cd\u4f5c\u8fdb\u884c\u64ad\u653e\uff0c\u8fbe\u5230\u5b9e\u9645\u8239\u8236\u673a\u8231\u7684\u73b0\u573a\u4eb2\u5386\u6548\u679c\uff0c\u4e5f\u53ef\u7528\u4e8e\u5e7f\u64ad\uff0c\u4fbf\u4e8e\u5de5\u4f5c\u4e2d\u7684\u7edf\u4e00\u6307\u6325\u4e0e\u534f\u8c03\u3002<\/p>\n<p>\uff083\uff09\u7f51\u7edc\u578b\u6253\u5370\u673a<\/p>\n<p>\u7f51\u7edc\u578b\u6253\u5370\u673a\uff0c1\u53f0\uff1a\u9ed1\u767d\u6fc0\u5149\u6253\u5370\uff0c\u7f51\u7edc\u578b\uff0c\u6253\u5370\u5e45\u9762\u81f3\u5c11A4\u7eb8\u5927\u5c0f\uff0c\u53ef\u4ee5\u626b\u63cf\uff0c\u590d\u5370\uff0c\u6253\u5370\u7b49\u3002\u914d\u6652\u9f131\u4e2a\uff0c\u914dA4\u7eb81\u7bb1\u3002<\/p>\n<p>\uff084\uff09\u8f6e\u673a\u6a21\u62df\u8f6f\u4ef6<\/p>\n<p>\u5305\u62ec\u8f6e\u673a\u6a21\u62df\u8f6f\u4ef6\u3001\u57fa\u4e8e\u7f51\u7edc\u7684\u8bad\u7ec3\u4e0e\u8003\u8bc4\u5e73\u53f0\u8f6f\u4ef6\uff0c\u57fa\u4e8e\u7f51\u7edc\u7684\u8bad\u7ec3\u4e0e\u8003\u8bc4\u5e73\u53f0\uff0c\u8f6e\u673a\u6a21\u62df\u8f6f\u4ef6\u6280\u672f\u8981\u6c42\u201d\u3002<\/p>\n<p>\u5404\u7ec8\u7aef\u72ec\u7acb\u5b89\u88c5\u6216\u767b\u5f55\u5230\u57fa\u4e8e\u7f51\u7edc\u7684\u8bad\u7ec3\u4e0e\u8003\u8bc4\u5e73\u53f0\uff0c\u5b9e\u73b0\u7f51\u7edc\u5316\u8bc4\u4f30\u7ba1\u7406\u3001\u8239\u578b\u9009\u62e9\u3001\u8fd0\u884c\u76d1\u63a7\u3001\u64cd\u4f5c\u8bb0\u5f55\u548c\u56de\u653e\u7b49\u529f\u80fd\uff0c\u53ef\u5bf9\u5404\u8003\u751f\u7ec8\u7aef\u8fdb\u884c\u5728\u7ebf\u76d1\u63a7\u3002<\/p>\n<p>\uff085\uff09\u5b89\u88c5\u8c03\u8bd5<\/p>\n<p>\u914d\u4ea4\u6362\u673a\u548c\u7f51\u7edc\u673a\u67dc\uff0c\u673a\u67dc\u4e2d\u914d\u5957\u7406\u7ebf\u67b61\u4e2a\u3002\u901a\u8fc7\u8d855\u7c7b\u6216\u4ee5\u4e0a\u7f51\u7ebf\u4e92\u8054\uff0c\u5b8c\u6210\u7f51\u7edc\u4e0e\u7535\u529b\u7ebf\u5e03\u8bbe\u3002<\/p>\n<p>\u7531\u5efa\u7b51\u65b9\u5b8c\u6210\u623f\u95f4\u5185\u6302\u56fe\u5236\u4f5c\u4e0e\u6302\u88c54\u5e45\u3002\u6302\u56fe\u5185\u5bb9\u7684\u7535\u5b50\u7248\u7531\u6a21\u62df\u5668\u4f9b\u8d27\u5546\u63d0\u4f9b\u3002<\/p>\n<p>&nbsp;<\/p>\n<\/div>","protected":false},"excerpt":{"rendered":"<p>\u684c\u9762\u7248\u8f6e\u673a\u6a21\u62df\u5668 \u6cd5\u5f8b\u4f9d\u636e\uff1a\u300a\u4e2d\u534e\u4eba\u6c11\u5171\u548c\u56fd\u8239\u5458\u57f9\u8bad\u7ba1\u7406\u89c4\u5219\u300b\uff08\u4ea4\u901a\u8fd0\u8f93\u90e8\u4ee4 2019 \u5e74\u7b2c 5 \u53f7\uff09 \u4ea7\u54c1\u5206&hellip;<\/p>","protected":false},"featured_media":14871,"comment_status":"open","ping_status":"closed","template":"","meta":[],"product_brand":[],"product_cat":[314],"product_tag":[399,401,336,400],"class_list":{"0":"post-14872","1":"product","2":"type-product","3":"status-publish","4":"has-post-thumbnail","6":"product_cat-zhuomianlunjimoniqi","7":"product_tag-quanrenwulunjimoniqi","8":"product_tag-zhuomianbanlunjimoniqi","9":"product_tag-chuanyuanpeixunshebei","10":"product_tag-lunjimoniqi","11":"description-off","13":"first","14":"instock","15":"taxable","16":"shipping-taxable","17":"purchasable","18":"product-type-simple"},"_links":{"self":[{"href":"http:\/\/www.erun-tech.com\/es\/wp-json\/wp\/v2\/product\/14872","targetHints":{"allow":["GET"]}}],"collection":[{"href":"http:\/\/www.erun-tech.com\/es\/wp-json\/wp\/v2\/product"}],"about":[{"href":"http:\/\/www.erun-tech.com\/es\/wp-json\/wp\/v2\/types\/product"}],"replies":[{"embeddable":true,"href":"http:\/\/www.erun-tech.com\/es\/wp-json\/wp\/v2\/comments?post=14872"}],"wp:featuredmedia":[{"embeddable":true,"href":"http:\/\/www.erun-tech.com\/es\/wp-json\/wp\/v2\/media\/14871"}],"wp:attachment":[{"href":"http:\/\/www.erun-tech.com\/es\/wp-json\/wp\/v2\/media?parent=14872"}],"wp:term":[{"taxonomy":"product_brand","embeddable":true,"href":"http:\/\/www.erun-tech.com\/es\/wp-json\/wp\/v2\/product_brand?post=14872"},{"taxonomy":"product_cat","embeddable":true,"href":"http:\/\/www.erun-tech.com\/es\/wp-json\/wp\/v2\/product_cat?post=14872"},{"taxonomy":"product_tag","embeddable":true,"href":"http:\/\/www.erun-tech.com\/es\/wp-json\/wp\/v2\/product_tag?post=14872"}],"curies":[{"name":"wp","href":"https:\/\/api.w.org\/{rel}","templated":true}]}}