{"id":14874,"date":"2024-03-25T23:49:15","date_gmt":"2024-03-25T15:49:15","guid":{"rendered":"http:\/\/www.erun-tech.com\/?post_type=product&#038;p=14874"},"modified":"2024-03-27T20:57:12","modified_gmt":"2024-03-27T12:57:12","slug":"diangongshiyantai","status":"publish","type":"product","link":"http:\/\/www.erun-tech.com\/es\/product\/diangongshiyantai","title":{"rendered":"Banco de trabajo de laboratorio de ingenier\u00eda el\u00e9ctrica"},"content":{"rendered":"<h2><\/h2>\n<h2 style=\"text-align: center;\">Banco de trabajo de laboratorio de ingenier\u00eda el\u00e9ctrica<\/h2>\n<div><strong>Base jur\u00eddica: Normativa sobre la administraci\u00f3n de la formaci\u00f3n de la gente de mar de la Rep\u00fablica Popular China (Orden n.\u00ba 5 del Ministerio de Transporte, 2019).<\/strong><\/div>\n<div><strong>Categor\u00eda de producto: Equipos de formaci\u00f3n para jefes de m\u00e1quinas, jefes de azafatas, terceras azafatas<br \/>\n<\/strong><\/div>\n<div><strong>Nombre del producto\uff1aBanco de pruebas de ingenier\u00eda el\u00e9ctrica.<\/strong><\/div>\n<div><strong>Requisitos funcionales: Cumplir con los requisitos del programa de formaci\u00f3n.<\/strong><\/div>\n<div><strong>Cantidad especificada: 20 unidades<\/strong><\/div>\n<div><\/div>\n<div>\n<p><strong><b>Par\u00e1metros t\u00e9cnicos del cuadro de experimentos de electricista naval<\/b><\/strong><\/p>\n<p>&nbsp;<\/p>\n<p>1, el equipo debe ser un equipo de formaci\u00f3n pr\u00e1ctica en electricidad desarrollado de acuerdo con los requisitos de las \"Medidas de aplicaci\u00f3n de las \" de la Tripulaci\u00f3n de Mar [2019] N \u00ba 340, que es capaz de satisfacer los experimentos de electricista naval y se ajusta a la formaci\u00f3n pr\u00e1ctica y la evaluaci\u00f3n de la tripulaci\u00f3n en electricista naval.<\/p>\n<p>2, la mesa de entrenamiento para la estructura de pulverizaci\u00f3n de hierro doble grano mate, escritorio para tablero de alta densidad resistente al fuego resistente al desgaste, estructura s\u00f3lida, la forma de la estructura rectangular cerrada, con cajones y taquillas, conveniente para la preservaci\u00f3n de una variedad de accesorios. La mesa de entrenamiento tiene cuatro ruedas m\u00f3viles universales, dos de ellos con freno de pie, f\u00e1cil de mover o fijo.<\/p>\n<p>3, el panel de control de potencia es de hierro de doble capa de estructura de pulverizaci\u00f3n de grano mate, panel de pulverizaci\u00f3n de hierro. Proporciona trif\u00e1sico 380V, monof\u00e1sico 220V salida fija AC fuente de alimentaci\u00f3n principal, y 24V AC fuente de alimentaci\u00f3n de control que se utiliza com\u00fanmente en los buques a trav\u00e9s de aislamiento del transformador. La salida de la fuente de alimentaci\u00f3n tiene funci\u00f3n de protecci\u00f3n contra sobrecorriente y cortocircuito con indicaci\u00f3n de instrumentos. Proporciona una fuente de alimentaci\u00f3n de 24 V CC con indicaci\u00f3n de los instrumentos.<\/p>\n<p>4, parte de protecci\u00f3n de seguridad: la red de suministro de energ\u00eda trif\u00e1sica a trav\u00e9s del interruptor de llave, contactor de CA, al transformador de aislamiento, y luego a la potencia del m\u00f3dulo, de modo que la formaci\u00f3n de energ\u00eda y la red el\u00e9ctrica est\u00e1 completamente aislado, la protecci\u00f3n efectiva de la seguridad del operador. Hay un protector de fugas, la fuga de electricidad en el proceso de formaci\u00f3n puede desconectar autom\u00e1ticamente la fuente de alimentaci\u00f3n total para garantizar la seguridad personal. Cuando el instrumento de medici\u00f3n est\u00e1 mal conectado o por encima del rango, entrar\u00e1 autom\u00e1ticamente en el estado de protecci\u00f3n y no da\u00f1ar\u00e1 el instrumento. Con funci\u00f3n de registrador de alarma temporizada, puede establecer el tiempo de formaci\u00f3n pr\u00e1ctica, alarma temporizada, cortar la fuente de alimentaci\u00f3n, protecci\u00f3n contra sobretensi\u00f3n y sobrecorriente y otras funciones, para proporcionar protecci\u00f3n de seguridad a los estudiantes, para que los profesores manejen el equipo para proporcionar asistencia.<\/p>\n<p>\u25b2 corte para garantizar que el rendimiento del equipo es seguro y fiable, el fabricante del equipo est\u00e1 obligado a proporcionar un software de registrador de alarma temporizada emitida por la Oficina Estatal de Derechos de Autor de la copia del certificado de registro de derechos de autor de software de computadora, la propiedad de los derechos de autor para el proveedor de equipos de la estaci\u00f3n de electricista todos, no individuos u otras unidades, proporcionar fotocopias de los certificados pertinentes, el original en el lugar para su inspecci\u00f3n.<\/p>\n<\/div>","protected":false},"excerpt":{"rendered":"<p>\u7535\u5de5\u5b9e\u9a8c\u53f0 \u6cd5\u5f8b\u4f9d\u636e\uff1a\u300a\u4e2d\u534e\u4eba\u6c11\u5171\u548c\u56fd\u8239\u5458\u57f9\u8bad\u7ba1\u7406\u89c4\u5219\u300b\uff08\u4ea4\u901a\u8fd0\u8f93\u90e8\u4ee4 2019 \u5e74\u7b2c 5 \u53f7\uff09 \u4ea7\u54c1\u5206\u7c7b\uff1a\u8f6e&hellip;<\/p>","protected":false},"featured_media":14875,"comment_status":"open","ping_status":"closed","template":"","meta":[],"product_brand":[],"product_cat":[317],"product_tag":[403,404,336],"class_list":{"0":"post-14874","1":"product","2":"type-product","3":"status-publish","4":"has-post-thumbnail","6":"product_cat-diangonggongyishixunshi","7":"product_tag-diangongshiyantai","8":"product_tag-diangonggongyishixunshi","9":"product_tag-chuanyuanpeixunshebei","10":"description-off","12":"first","13":"instock","14":"taxable","15":"shipping-taxable","16":"purchasable","17":"product-type-simple"},"_links":{"self":[{"href":"http:\/\/www.erun-tech.com\/es\/wp-json\/wp\/v2\/product\/14874","targetHints":{"allow":["GET"]}}],"collection":[{"href":"http:\/\/www.erun-tech.com\/es\/wp-json\/wp\/v2\/product"}],"about":[{"href":"http:\/\/www.erun-tech.com\/es\/wp-json\/wp\/v2\/types\/product"}],"replies":[{"embeddable":true,"href":"http:\/\/www.erun-tech.com\/es\/wp-json\/wp\/v2\/comments?post=14874"}],"wp:featuredmedia":[{"embeddable":true,"href":"http:\/\/www.erun-tech.com\/es\/wp-json\/wp\/v2\/media\/14875"}],"wp:attachment":[{"href":"http:\/\/www.erun-tech.com\/es\/wp-json\/wp\/v2\/media?parent=14874"}],"wp:term":[{"taxonomy":"product_brand","embeddable":true,"href":"http:\/\/www.erun-tech.com\/es\/wp-json\/wp\/v2\/product_brand?post=14874"},{"taxonomy":"product_cat","embeddable":true,"href":"http:\/\/www.erun-tech.com\/es\/wp-json\/wp\/v2\/product_cat?post=14874"},{"taxonomy":"product_tag","embeddable":true,"href":"http:\/\/www.erun-tech.com\/es\/wp-json\/wp\/v2\/product_tag?post=14874"}],"curies":[{"name":"wp","href":"https:\/\/api.w.org\/{rel}","templated":true}]}}