{"id":14888,"date":"2024-03-26T08:36:27","date_gmt":"2024-03-26T00:36:27","guid":{"rendered":"http:\/\/www.erun-tech.com\/?post_type=product&#038;p=14888"},"modified":"2024-03-27T20:58:09","modified_gmt":"2024-03-27T12:58:09","slug":"wangxian","status":"publish","type":"product","link":"http:\/\/www.erun-tech.com\/es\/product\/wangxian","title":{"rendered":"cable de red"},"content":{"rendered":"<h2><\/h2>\n<h2 style=\"text-align: center;\">cable de red<\/h2>\n<div><strong>Base jur\u00eddica: Normativa sobre la administraci\u00f3n de la formaci\u00f3n de la gente de mar de la Rep\u00fablica Popular China (Orden n.\u00ba 5 del Ministerio de Transporte, 2019).<\/strong><\/div>\n<div><strong>Categor\u00eda de producto: Equipos de formaci\u00f3n para t\u00e9cnicos electr\u00f3nicos y el\u00e9ctricos<br \/>\n<\/strong><\/div>\n<div><strong>\u4ea7\u54c1\u540d\u79f0\uff1a\u7f51\u7ebf<\/strong><\/div>\n<div><strong>Requisitos funcionales: Cumplir con los requisitos del programa de formaci\u00f3n.<\/strong><\/div>\n<div><strong>\u89c4\u5b9a\u6570\u91cf\uff1a50\u7c73<\/strong><\/div>\n<div><\/div>\n<div>\n<p>\u53cc\u7ede\u7ebfUTP 50\u7c73\uff0c\u53e6\u9700\u5177\u6709\u5149\u7f06\u3001\u7ec6\u7f06\u54041\u6839\uff0cRJ45\u6c34\u6676\u5934\u82e5\u5e72\u3002<\/p>\n<\/div>","protected":false},"excerpt":{"rendered":"<p>\u7f51\u7ebf \u6cd5\u5f8b\u4f9d\u636e\uff1a\u300a\u4e2d\u534e\u4eba\u6c11\u5171\u548c\u56fd\u8239\u5458\u57f9\u8bad\u7ba1\u7406\u89c4\u5219\u300b\uff08\u4ea4\u901a\u8fd0\u8f93\u90e8\u4ee4 2019 \u5e74\u7b2c 5 \u53f7\uff09 \u4ea7\u54c1\u5206\u7c7b\uff1a\u7535\u5b50\u7535\u6c14&hellip;<\/p>","protected":false},"featured_media":14889,"comment_status":"open","ping_status":"closed","template":"","meta":[],"product_brand":[],"product_cat":[317],"product_tag":[408,404,412,411,410,336],"class_list":{"0":"post-14888","1":"product","2":"type-product","3":"status-publish","4":"has-post-thumbnail","6":"product_cat-diangonggongyishixunshi","7":"product_tag-dianzidianqiyuanpeixunshebei","8":"product_tag-diangonggongyishixunshi","9":"product_tag-wangxian","10":"product_tag-wangxianceshiyi","11":"product_tag-wangxianqian","12":"product_tag-chuanyuanpeixunshebei","13":"description-off","15":"first","16":"instock","17":"taxable","18":"shipping-taxable","19":"purchasable","20":"product-type-simple"},"_links":{"self":[{"href":"http:\/\/www.erun-tech.com\/es\/wp-json\/wp\/v2\/product\/14888","targetHints":{"allow":["GET"]}}],"collection":[{"href":"http:\/\/www.erun-tech.com\/es\/wp-json\/wp\/v2\/product"}],"about":[{"href":"http:\/\/www.erun-tech.com\/es\/wp-json\/wp\/v2\/types\/product"}],"replies":[{"embeddable":true,"href":"http:\/\/www.erun-tech.com\/es\/wp-json\/wp\/v2\/comments?post=14888"}],"wp:featuredmedia":[{"embeddable":true,"href":"http:\/\/www.erun-tech.com\/es\/wp-json\/wp\/v2\/media\/14889"}],"wp:attachment":[{"href":"http:\/\/www.erun-tech.com\/es\/wp-json\/wp\/v2\/media?parent=14888"}],"wp:term":[{"taxonomy":"product_brand","embeddable":true,"href":"http:\/\/www.erun-tech.com\/es\/wp-json\/wp\/v2\/product_brand?post=14888"},{"taxonomy":"product_cat","embeddable":true,"href":"http:\/\/www.erun-tech.com\/es\/wp-json\/wp\/v2\/product_cat?post=14888"},{"taxonomy":"product_tag","embeddable":true,"href":"http:\/\/www.erun-tech.com\/es\/wp-json\/wp\/v2\/product_tag?post=14888"}],"curies":[{"name":"wp","href":"https:\/\/api.w.org\/{rel}","templated":true}]}}