{"id":14890,"date":"2024-03-26T08:38:24","date_gmt":"2024-03-26T00:38:24","guid":{"rendered":"http:\/\/www.erun-tech.com\/?post_type=product&#038;p=14890"},"modified":"2024-03-27T20:58:18","modified_gmt":"2024-03-27T12:58:18","slug":"luyouqi","status":"publish","type":"product","link":"http:\/\/www.erun-tech.com\/es\/product\/luyouqi","title":{"rendered":"enrutador"},"content":{"rendered":"<h2><\/h2>\n<h2 style=\"text-align: center;\">enrutador<\/h2>\n<div><strong>Base jur\u00eddica: Normativa sobre la administraci\u00f3n de la formaci\u00f3n de la gente de mar de la Rep\u00fablica Popular China (Orden n.\u00ba 5 del Ministerio de Transporte, 2019).<\/strong><\/div>\n<div><strong>Categor\u00eda de producto: Equipos de formaci\u00f3n para t\u00e9cnicos electr\u00f3nicos y el\u00e9ctricos<br \/>\n<\/strong><\/div>\n<div><strong>\u4ea7\u54c1\u540d\u79f0\uff1a\u8def\u7531\u5668<\/strong><\/div>\n<div><strong>Requisitos funcionales: Cumplir con los requisitos del programa de formaci\u00f3n.<\/strong><\/div>\n<div><strong>Cantidad especificada: 2 unidades<\/strong><\/div>\n<div><\/div>\n<div>\n<p>\u5546\u54c1\u6bdb\u91cd\uff1a0.75kg<\/p>\n<p>\u5efa\u8bae\u5bbd\u5e26\uff1a801-1000M<\/p>\n<p>\u9632\u706b\u5899\uff1a\u652f\u6301\u9632\u706b\u5899<\/p>\n<p>LAN\u8f93\u51fa\u53e3\uff1a\u5343\u5146\u7f51\u53e3<\/p>\n<p>\u72ec\u7acbFEM\u6570\u91cf\uff1a2\u4e2a<\/p>\n<\/div>","protected":false},"excerpt":{"rendered":"<p>\u8def\u7531\u5668 \u6cd5\u5f8b\u4f9d\u636e\uff1a\u300a\u4e2d\u534e\u4eba\u6c11\u5171\u548c\u56fd\u8239\u5458\u57f9\u8bad\u7ba1\u7406\u89c4\u5219\u300b\uff08\u4ea4\u901a\u8fd0\u8f93\u90e8\u4ee4 2019 \u5e74\u7b2c 5 \u53f7\uff09 \u4ea7\u54c1\u5206\u7c7b\uff1a\u7535\u5b50\u7535&hellip;<\/p>","protected":false},"featured_media":14891,"comment_status":"open","ping_status":"closed","template":"","meta":[],"product_brand":[],"product_cat":[317],"product_tag":[408,404,336,413],"class_list":{"0":"post-14890","1":"product","2":"type-product","3":"status-publish","4":"has-post-thumbnail","6":"product_cat-diangonggongyishixunshi","7":"product_tag-dianzidianqiyuanpeixunshebei","8":"product_tag-diangonggongyishixunshi","9":"product_tag-chuanyuanpeixunshebei","10":"product_tag-luyouqi","11":"description-off","13":"first","14":"instock","15":"taxable","16":"shipping-taxable","17":"purchasable","18":"product-type-simple"},"_links":{"self":[{"href":"http:\/\/www.erun-tech.com\/es\/wp-json\/wp\/v2\/product\/14890","targetHints":{"allow":["GET"]}}],"collection":[{"href":"http:\/\/www.erun-tech.com\/es\/wp-json\/wp\/v2\/product"}],"about":[{"href":"http:\/\/www.erun-tech.com\/es\/wp-json\/wp\/v2\/types\/product"}],"replies":[{"embeddable":true,"href":"http:\/\/www.erun-tech.com\/es\/wp-json\/wp\/v2\/comments?post=14890"}],"wp:featuredmedia":[{"embeddable":true,"href":"http:\/\/www.erun-tech.com\/es\/wp-json\/wp\/v2\/media\/14891"}],"wp:attachment":[{"href":"http:\/\/www.erun-tech.com\/es\/wp-json\/wp\/v2\/media?parent=14890"}],"wp:term":[{"taxonomy":"product_brand","embeddable":true,"href":"http:\/\/www.erun-tech.com\/es\/wp-json\/wp\/v2\/product_brand?post=14890"},{"taxonomy":"product_cat","embeddable":true,"href":"http:\/\/www.erun-tech.com\/es\/wp-json\/wp\/v2\/product_cat?post=14890"},{"taxonomy":"product_tag","embeddable":true,"href":"http:\/\/www.erun-tech.com\/es\/wp-json\/wp\/v2\/product_tag?post=14890"}],"curies":[{"name":"wp","href":"https:\/\/api.w.org\/{rel}","templated":true}]}}