{"id":14898,"date":"2024-03-26T08:51:27","date_gmt":"2024-03-26T00:51:27","guid":{"rendered":"http:\/\/www.erun-tech.com\/?post_type=product&#038;p=14898"},"modified":"2024-03-27T20:59:50","modified_gmt":"2024-03-27T12:59:50","slug":"dianyabiao","status":"publish","type":"product","link":"http:\/\/www.erun-tech.com\/es\/product\/dianyabiao","title":{"rendered":"volt\u00edmetro"},"content":{"rendered":"<h2><\/h2>\n<h2 style=\"text-align: center;\">volt\u00edmetro<\/h2>\n<div><strong>Base jur\u00eddica: Normativa sobre la administraci\u00f3n de la formaci\u00f3n de la gente de mar de la Rep\u00fablica Popular China (Orden n.\u00ba 5 del Ministerio de Transporte, 2019).<\/strong><\/div>\n<div><strong>Categor\u00eda de producto: Equipos de formaci\u00f3n para t\u00e9cnicos electr\u00f3nicos y el\u00e9ctricos<br \/>\n<\/strong><\/div>\n<div><strong>Nombre del producto: Volt\u00edmetro<\/strong><\/div>\n<div><strong>Requisitos funcionales: Cumplir con los requisitos del programa de formaci\u00f3n.<\/strong><\/div>\n<div><strong>Cantidad especificada: 10 unidades<\/strong><\/div>\n<div><\/div>\n<div>\n<p>Volt\u00edmetros, disponibles en tipos port\u00e1tiles y empotrados.<\/p>\n<\/div>","protected":false},"excerpt":{"rendered":"<p>\u7535\u538b\u8868 \u6cd5\u5f8b\u4f9d\u636e\uff1a\u300a\u4e2d\u534e\u4eba\u6c11\u5171\u548c\u56fd\u8239\u5458\u57f9\u8bad\u7ba1\u7406\u89c4\u5219\u300b\uff08\u4ea4\u901a\u8fd0\u8f93\u90e8\u4ee4 2019 \u5e74\u7b2c 5 \u53f7\uff09 \u4ea7\u54c1\u5206\u7c7b\uff1a\u7535\u5b50\u7535&hellip;<\/p>","protected":false},"featured_media":14899,"comment_status":"open","ping_status":"closed","template":"","meta":[],"product_brand":[],"product_cat":[317],"product_tag":[417,408,404,336],"class_list":{"0":"post-14898","1":"product","2":"type-product","3":"status-publish","4":"has-post-thumbnail","6":"product_cat-diangonggongyishixunshi","7":"product_tag-dianyabiao","8":"product_tag-dianzidianqiyuanpeixunshebei","9":"product_tag-diangonggongyishixunshi","10":"product_tag-chuanyuanpeixunshebei","11":"description-off","13":"first","14":"instock","15":"taxable","16":"shipping-taxable","17":"purchasable","18":"product-type-simple"},"_links":{"self":[{"href":"http:\/\/www.erun-tech.com\/es\/wp-json\/wp\/v2\/product\/14898","targetHints":{"allow":["GET"]}}],"collection":[{"href":"http:\/\/www.erun-tech.com\/es\/wp-json\/wp\/v2\/product"}],"about":[{"href":"http:\/\/www.erun-tech.com\/es\/wp-json\/wp\/v2\/types\/product"}],"replies":[{"embeddable":true,"href":"http:\/\/www.erun-tech.com\/es\/wp-json\/wp\/v2\/comments?post=14898"}],"wp:featuredmedia":[{"embeddable":true,"href":"http:\/\/www.erun-tech.com\/es\/wp-json\/wp\/v2\/media\/14899"}],"wp:attachment":[{"href":"http:\/\/www.erun-tech.com\/es\/wp-json\/wp\/v2\/media?parent=14898"}],"wp:term":[{"taxonomy":"product_brand","embeddable":true,"href":"http:\/\/www.erun-tech.com\/es\/wp-json\/wp\/v2\/product_brand?post=14898"},{"taxonomy":"product_cat","embeddable":true,"href":"http:\/\/www.erun-tech.com\/es\/wp-json\/wp\/v2\/product_cat?post=14898"},{"taxonomy":"product_tag","embeddable":true,"href":"http:\/\/www.erun-tech.com\/es\/wp-json\/wp\/v2\/product_tag?post=14898"}],"curies":[{"name":"wp","href":"https:\/\/api.w.org\/{rel}","templated":true}]}}