{"id":14918,"date":"2024-03-26T09:28:42","date_gmt":"2024-03-26T01:28:42","guid":{"rendered":"http:\/\/www.erun-tech.com\/?post_type=product&#038;p=14918"},"modified":"2024-03-27T21:01:20","modified_gmt":"2024-03-27T13:01:20","slug":"zhiliuxianxingwenyadianyuanchengtaoqijianjigongju","status":"publish","type":"product","link":"http:\/\/www.erun-tech.com\/es\/product\/zhiliuxianxingwenyadianyuanchengtaoqijianjigongju","title":{"rendered":"Conjunto completo de componentes y herramientas para fuentes de alimentaci\u00f3n reguladas lineales de CC."},"content":{"rendered":"<h2><\/h2>\n<h2 style=\"text-align: center;\">Conjunto completo de componentes y herramientas para fuentes de alimentaci\u00f3n reguladas lineales de CC.<\/h2>\n<div><strong>Base jur\u00eddica: Normativa sobre la administraci\u00f3n de la formaci\u00f3n de la gente de mar de la Rep\u00fablica Popular China (Orden n.\u00ba 5 del Ministerio de Transporte, 2019).<\/strong><\/div>\n<div><strong>Categor\u00eda de producto: Equipos de formaci\u00f3n para t\u00e9cnicos electr\u00f3nicos y el\u00e9ctricos<br \/>\n<\/strong><\/div>\n<div><strong>Nombre del producto: Juego completo de componentes y herramientas para fuentes de alimentaci\u00f3n reguladas lineales de CC<\/strong><\/div>\n<div><strong>Requisitos funcionales: Cumplir con los requisitos del programa de formaci\u00f3n.<\/strong><\/div>\n<div><strong>Cantidad especificada: 4 juegos<\/strong><\/div>\n<div><\/div>\n<div>\n<p>Tensi\u00f3n de salida fija 0-30 V (CH1\/CH2)<\/p>\n<p>Corriente de salida nominal 0\u20133 A (CH1\/CH2)<\/p>\n<p>Potencia de salida: 195 W<\/p>\n<p>Efecto de carga Voltaje: &lt;0,011 TP3T + 3 mV<\/p>\n<p>Actual: &lt;0,11 TP3T + 5 mA<\/p>\n<p>Efecto de la fuente de alimentaci\u00f3n Voltaje: &lt;0,011 TP3T + 3 mV<\/p>\n<p>Actual: &lt;0,11 TP3T + 3 mA<\/p>\n<p>Voltaje de resoluci\u00f3n establecido: 10 mV<\/p>\n<p>Corriente: 1 mA<\/p>\n<p>Punto de consigna (25 \u00b0C \u00b1 5 \u00b0C) Tensi\u00f3n: &lt;0,51 TP3T + 20 mV<\/p>\n<p>Corriente: &lt;0,51 A TP3T + 5 mA<\/p>\n<p>Ondulaci\u00f3n (20 Hz a 20 MHz) Voltaje: \u22641 mVrms<\/p>\n<p>Actual: \u22643 mArms<\/p>\n<p>Coeficiente de temperatura de salida Voltaje: \u2264150 ppm<\/p>\n<p>Actual: \u2264150 partes por mill\u00f3n<\/p>\n<p>Resoluci\u00f3n: Voltaje: 10 mV<\/p>\n<p>Corriente: 1 mA<\/p>\n<p>Retardo de subida\/ca\u00edda de tensi\u00f3n \u2264100 ms (carga nominal 10%)<\/p>\n<p>Efecto de carga paralela Tensi\u00f3n: \u22640,1% + 0,1 V<\/p>\n<p>Efecto de carga en serie Tensi\u00f3n: \u22640,1% + 0,1 V<\/p>\n<p>Especificaciones de salida CH3 Voltaje: 5 V<\/p>\n<p>Corriente: 3 A<\/p>\n<p>Precisi\u00f3n de voltaje: \u00b150 mV<\/p>\n<p>Efecto de carga: \u00b150 mV<\/p>\n<p>Interfaz: dispositivo USB, RS-232<\/p>\n<p>Pantalla<\/p>\n<p>Tipo de pantalla: 4 ventanas, pantalla num\u00e9rica LED<\/p>\n<\/div>\n<p>&nbsp;<\/p>\n<p>&nbsp;<\/p>","protected":false},"excerpt":{"rendered":"<p>\u76f4\u6d41\u7ebf\u6027\u7a33\u538b\u7535\u6e90\u6210\u5957\u5668\u4ef6\u53ca\u5de5\u5177 \u6cd5\u5f8b\u4f9d\u636e\uff1a\u300a\u4e2d\u534e\u4eba\u6c11\u5171\u548c\u56fd\u8239\u5458\u57f9\u8bad\u7ba1\u7406\u89c4\u5219\u300b\uff08\u4ea4\u901a\u8fd0\u8f93\u90e8\u4ee4 2019 \u5e74\u7b2c 5&hellip;<\/p>","protected":false},"featured_media":14505,"comment_status":"open","ping_status":"closed","template":"","meta":[],"product_brand":[],"product_cat":[317],"product_tag":[427,408,404,426,336],"class_list":{"0":"post-14918","1":"product","2":"type-product","3":"status-publish","4":"has-post-thumbnail","6":"product_cat-diangonggongyishixunshi","7":"product_tag-tezhongdianji","8":"product_tag-dianzidianqiyuanpeixunshebei","9":"product_tag-diangonggongyishixunshi","10":"product_tag-zhiliudianji","11":"product_tag-chuanyuanpeixunshebei","12":"description-off","14":"first","15":"instock","16":"taxable","17":"shipping-taxable","18":"purchasable","19":"product-type-simple"},"_links":{"self":[{"href":"http:\/\/www.erun-tech.com\/es\/wp-json\/wp\/v2\/product\/14918","targetHints":{"allow":["GET"]}}],"collection":[{"href":"http:\/\/www.erun-tech.com\/es\/wp-json\/wp\/v2\/product"}],"about":[{"href":"http:\/\/www.erun-tech.com\/es\/wp-json\/wp\/v2\/types\/product"}],"replies":[{"embeddable":true,"href":"http:\/\/www.erun-tech.com\/es\/wp-json\/wp\/v2\/comments?post=14918"}],"wp:featuredmedia":[{"embeddable":true,"href":"http:\/\/www.erun-tech.com\/es\/wp-json\/wp\/v2\/media\/14505"}],"wp:attachment":[{"href":"http:\/\/www.erun-tech.com\/es\/wp-json\/wp\/v2\/media?parent=14918"}],"wp:term":[{"taxonomy":"product_brand","embeddable":true,"href":"http:\/\/www.erun-tech.com\/es\/wp-json\/wp\/v2\/product_brand?post=14918"},{"taxonomy":"product_cat","embeddable":true,"href":"http:\/\/www.erun-tech.com\/es\/wp-json\/wp\/v2\/product_cat?post=14918"},{"taxonomy":"product_tag","embeddable":true,"href":"http:\/\/www.erun-tech.com\/es\/wp-json\/wp\/v2\/product_tag?post=14918"}],"curies":[{"name":"wp","href":"https:\/\/api.w.org\/{rel}","templated":true}]}}