{"id":14927,"date":"2024-03-26T09:59:25","date_gmt":"2024-03-26T01:59:25","guid":{"rendered":"http:\/\/www.erun-tech.com\/?post_type=product&#038;p=14927"},"modified":"2024-03-27T21:11:59","modified_gmt":"2024-03-27T13:11:59","slug":"biaozhunhuakaoshijifang","status":"publish","type":"product","link":"http:\/\/www.erun-tech.com\/es\/product\/biaozhunhuakaoshijifang","title":{"rendered":"Sala de ordenadores para ex\u00e1menes estandarizados"},"content":{"rendered":"<h2><\/h2>\n<h2 style=\"text-align: center;\">Sala de ordenadores para ex\u00e1menes estandarizados<\/h2>\n<div><strong>Base jur\u00eddica: Normativa sobre la administraci\u00f3n de la formaci\u00f3n de la gente de mar de la Rep\u00fablica Popular China (Orden n.\u00ba 5 del Ministerio de Transporte, 2019).<\/strong><\/div>\n<div><strong>\u4ea7\u54c1\u5206\u7c7b\uff1a\u8239\u5458\u8003\u8bd5\u673a\u623f<br \/>\n<\/strong><\/div>\n<div><strong>\u4ea7\u54c1\u540d\u79f0\uff1a\u6807\u51c6\u5316\u8003\u8bd5\u673a\u623f<\/strong><\/div>\n<div><strong>Requisitos funcionales: Cumplir con los requisitos del programa de formaci\u00f3n.<\/strong><\/div>\n<div><strong>Cantidad especificada: 1 juego<\/strong><\/div>\n<div><\/div>\n<div>\n<p>&nbsp;<\/p>\n<\/div>\n<p>\uff0889\u4e2a\u7ec8\u7aef\u5305\u62ec\u6559\u5e08\u673a\uff09\u3001\u7535\u8111\u3001\u684c\u6905\u3001\u7f51\u7edc\u3001\u4ea4\u6362\u673a\u3001\u76d1\u63a7\u3001\u7535\u6e90<\/p>\n<p>&nbsp;<\/p>\n<h3 style=\"text-align: center;\">\u8239\u5458\u8ba1\u7b97\u673a\u7ec8\u7aef\u8003\u8bd5\u8003\u573a\u914d\u7f6e\u6807\u51c6<\/h3>\n<p>\u4e3a\u4e86\u786e\u4fdd\u8239\u5458\u8ba1\u7b97\u673a\u7ec8\u7aef\u8003\u8bd5\u7684\u5b89\u5168\u6027\u3001\u7a33\u5b9a\u6027\u548c\u4fdd\u5bc6\u6027\uff0c\u6839\u636e\u300a\u7535\u5b50\u8ba1\u7b97\u673a\u673a\u623f\u8bbe\u8ba1\u89c4\u8303\u300bGB 50174\uff0d93\u7b49\u6587\u4ef6\u89c4\u8303\uff0c\u7279\u5236\u5b9a\u672c\u6807\u51c6\u3002<\/p>\n<p>\uff08\u4e00\uff09\u8ba1\u7b97\u673a\u8003\u573a\u573a\u5730\u6807\u51c6<\/p>\n<p>\u8ba1\u7b97\u673a\u8003\u573a\u9009\u62e9\u5e94\u907f\u5f00\u5927\u529f\u7387\u53d1\u7535\u673a\u3001\u5927\u529f\u7387\u9a6c\u8fbe\u3001\u65e0\u7ebf\u7535\u53f0\u3001\u96f7\u8fbe\u3001\u9ad8\u9891\u5e72\u6270\u3001\u5f3a\u7535\u573a\u3001\u5f3a\u78c1\u573a\u7b49\u8bbe\u5907\uff1b\u5e94\u8fdc\u79bb\u9ad8\u7535\u538b\u3001\u5927\u7535\u6d41\u53ca\u8150\u8680\u6027\u6c14\u4f53\u3001\u6613\u71c3\u6613\u7206\u7269\u54c1\u7b49\u50a8\u653e\u5730\u70b9\u6216\u5de5\u4f5c\u573a\u6240\uff1b\u5e94\u8fdc\u79bb\u9ad8\u5206\u8d1d\u566a\u58f0\u533a\uff0c\u786e\u4fdd\u8ba1\u7b97\u673a\u8003\u573a\u5b89\u9759\u3002\u8ba1\u7b97\u673a\u8003\u573a\u9762\u79ef\u4ee5\u4e00\u4e2a\u8003\u573a\u5185\u81f3\u5c11\u80fd\u591f\u5bb9\u7eb340\u4eba\u540c\u65f6\u4f7f\u7528\u8ba1\u7b97\u673a\u7ec8\u7aef\u8fdb\u884c\u8003\u8bd5\u4e3a\u6807\u51c6\u3002<\/p>\n<p>\u8003\u573a\u7684\u88c5\u4fee\u5e94\u9009\u62e9\u9632\u706b\u6750\u6599\uff0c\u5e76\u5e94\u6709\u9632\u5c18\u63aa\u65bd\u3002\u7a97\u6237\u9700\u52a0\u88c5\u7a97\u5e18\uff0c\u4e0d\u53ef\u8ba9\u9633\u5149\u76f4\u63a5\u7167\u5c04\u5728\u673a\u5668\u8bbe\u5907\u4e0a\uff0c\u4ee5\u514d\u5f71\u54cd\u673a\u623f\u7684\u6e29\u5ea6\u63a7\u5236\u3002\u8003\u573a\u5185\u9700\u8bbe\u7f6e\u4e00\u53f0\u6216\u591a\u53f0\u67dc\u5f0f\u7a7a\u8c03\uff0c\u673a\u623f\u6e29\u5ea6\u5e94\u572818\uff5e25\u5ea6\uff0c\u76f8\u5bf9\u6e7f\u5ea6\u4e3a40\uff05\uff5e70\uff05\u4e3a\u5b9c\u3002<\/p>\n<p>\u8ba1\u7b97\u673a\u8003\u573a\u5e94\u5728\u9632\u9759\u7535\u6d3b\u52a8\u5730\u677f\u4e0b\u6577\u8bbe\u7b49\u7535\u4f4d\u5747\u538b\u73af\u5e76\u4e0e\u5927\u697c\u63a5\u5730\u7cfb\u7edf\u8fde\u63a5\u3002<\/p>\n<p>\uff08\u4e8c\uff09\u8ba1\u7b97\u673a\u8003\u573a\u684c\u6905\u6807\u51c6<\/p>\n<p>\u6bcf\u5f20\u8003\u8bd5\u684c\u6700\u591a\u4e24\u4e2a\u8003\u4f4d\uff0c\u957f160\u5398\u7c73\uff0c\u5bbd70\u5398\u7c73\uff0c\u684c\u4e0e\u684c\u4e4b\u95f4\u7684\u7eb5\u5411\u95f4\u8ddd\u81f3\u5c1170\u5398\u7c73\uff0c\u6a2a\u5411\u95f4\u8ddd\u81f3\u5c1170\u5398\u7c73\uff0c\u4fdd\u8bc1\u8003\u751f\u76f8\u4e92\u95f4\u7684\u8ddd\u79bb\u3002\u7ec8\u7aef\u3001\u663e\u793a\u5668\u3001\u952e\u76d8\u3001\u6307\u7eb9\u8bc6\u522b\u4eea\u90fd\u7f6e\u4e8e\u8003\u8bd5\u684c\u9762\u4e0b\uff0c\u4fdd\u8bc1\u8003\u573a\u7684\u6574\u6d01\u3002\u684c\u9762\u4f7f\u7528\u900f\u660e\u73bb\u7483\u3002<\/p>\n<p>\uff08\u4e09\uff09\u8ba1\u7b97\u673a\u8003\u573a\u8bbe\u5907\u914d\u7f6e\u6807\u51c6<\/p>\n<p>1\uff0e\u8ba1\u7b97\u673a\u8003\u8bd5\u7cfb\u7edf\u670d\u52a1\u5668<\/p>\n<p>\u8ba1\u7b97\u673a\u8003\u8bd5\u7cfb\u7edf\u670d\u52a1\u5668\u4e3b\u8981\u662f\u5b89\u88c5\u8ba1\u7b97\u673a\u7ec8\u7aef\u8003\u8bd5\u7cfb\u7edf\u548c\u5b58\u653e\u8003\u8bd5\u6570\u636e\u5e93\uff0c\u56e0\u6b64\u8ba1\u7b97\u673a\u8003\u8bd5\u7cfb\u7edf\u670d\u52a1\u5668\u8981\u4e13\u673a\u4e13\u7528\u3002<\/p>\n<p>\uff081\uff09\u6570\u636e\u5e93\u670d\u52a1\u5668<\/p>\n<table cellspacing=\"0\" cellpadding=\"0\">\n<tbody>\n<tr class=\"firstRow\">\n<td colspan=\"2\" valign=\"top\" width=\"569\">\u63a8\u8350\u786c\u4ef6\u914d\u7f6e<\/td>\n<\/tr>\n<tr>\n<td valign=\"top\" width=\"100\">CPU<\/td>\n<td valign=\"top\" width=\"417\">Intel i7,1\u98972.4G * 4\u6838\u4ee5\u4e0a\u5904\u7406\u5668<\/td>\n<\/tr>\n<tr>\n<td valign=\"top\" width=\"100\">\u5185\u5b58<\/td>\n<td valign=\"top\" width=\"417\">4G\u4ee5\u4e0a\uff0c\u63a8\u8350\u91c7\u75288G\u3002<\/td>\n<\/tr>\n<tr>\n<td valign=\"top\" width=\"100\">\u786c\u76d8<\/td>\n<td valign=\"top\" width=\"417\">100G\u4ee5\u4e0a\uff0c\u63a8\u8350\u91c7\u7528RAID5\u3002<\/td>\n<\/tr>\n<tr>\n<td valign=\"top\" width=\"100\">\u7f51\u5361<\/td>\n<td valign=\"top\" width=\"417\">100\/1000M\u517c\u5bb9\u7f51\u5361<\/td>\n<\/tr>\n<tr>\n<td colspan=\"2\" valign=\"top\" width=\"569\">\u4f9d\u6258\u7684\u8f6f\u4ef6\u73af\u5883<\/td>\n<\/tr>\n<tr>\n<td valign=\"top\" width=\"100\">\u64cd\u4f5c\u7cfb\u7edf<\/td>\n<td valign=\"top\" width=\"417\">Windows 2003 Server\u53ca\u4ee5\u4e0a\uff0c\u63a8\u8350Windows2008 Server\u6216Windows2012 Server<\/td>\n<\/tr>\n<tr>\n<td valign=\"top\" width=\"100\">\u6570\u636e\u5e93\u8f6f\u4ef6<\/td>\n<td valign=\"top\" width=\"417\">Mysql5.5<\/td>\n<\/tr>\n<tr>\n<td colspan=\"2\" valign=\"top\" width=\"569\"><strong>\u7cfb\u7edf\u8d1f\u8f7d\u8bf4\u660e<\/strong><\/td>\n<\/tr>\n<tr>\n<td colspan=\"2\" valign=\"top\" width=\"569\">\u4e00\u53f0\u6570\u636e\u5e93\u670d\u52a1\u5668\u53ef\u4ee5\u6700\u591a\u627f\u62c5500\u4e2a\u540c\u65f6\u8fde\u63a5\uff0c\u5373\u5f53\u8003\u751f\u7684\u6570\u91cf\u8fdc\u5927\u4e8e500\u65f6\uff0c\u9700\u8981\u589e\u52a0\u670d\u52a1\u5668\u6216\u91c7\u7528\u6570\u636e\u5e93\u96c6\u7fa4\u670d\u52a1\u65b9\u5f0f\u89e3\u51b3\u538b\u529b\u95ee\u9898\u3002<\/td>\n<\/tr>\n<\/tbody>\n<\/table>\n<p>\uff082\uff09\u5e94\u7528\u670d\u52a1\u5668\uff08\u7ec8\u7aef\u8003\u8bd5\u670d\u52a1\u5668\uff09<\/p>\n<table cellspacing=\"0\" cellpadding=\"0\">\n<tbody>\n<tr class=\"firstRow\">\n<td colspan=\"2\" valign=\"top\" width=\"568\">\u63a8\u8350\u786c\u4ef6\u914d\u7f6e<\/td>\n<\/tr>\n<tr>\n<td valign=\"top\" width=\"151\">CPU<\/td>\n<td valign=\"top\" width=\"417\">Intel i7,1\u98972.4G * 4\u6838\u4ee5\u4e0a\u5904\u7406\u5668<\/td>\n<\/tr>\n<tr>\n<td valign=\"top\" width=\"151\">\u5185\u5b58<\/td>\n<td valign=\"top\" width=\"417\">4G\u4ee5\u4e0a\uff0c\u63a8\u8350\u91c7\u75288G\u3002<\/td>\n<\/tr>\n<tr>\n<td valign=\"top\" width=\"151\">\u786c\u76d8<\/td>\n<td valign=\"top\" width=\"417\">100G\u4ee5\u4e0a\uff0c\u63a8\u8350\u91c7\u7528RAID5\u6216\u8005RAID1\uff0c\u81f3\u5c113\u5757\u786c\u76d8\u3002<\/td>\n<\/tr>\n<tr>\n<td valign=\"top\" width=\"151\">\u7f51\u5361<\/td>\n<td valign=\"top\" width=\"417\">100\/1000M\u517c\u5bb9\u7f51\u5361<\/td>\n<\/tr>\n<tr>\n<td colspan=\"2\" valign=\"top\" width=\"568\">\u4f9d\u6258\u7684\u8f6f\u4ef6\u73af\u5883<\/td>\n<\/tr>\n<tr>\n<td valign=\"top\" width=\"151\">\u64cd\u4f5c\u7cfb\u7edf<\/td>\n<td valign=\"top\" width=\"417\">Windows 2003 Server\u53ca\u4ee5\u4e0a\u5747\u53ef\uff0c\u63a8\u8350Windows2008 Server\u6216Windows2012 Server\uff08\u5982\u679c\u7cfb\u7edf\u4e2d\u5b89\u88c5\u4e86IIS\uff0c\u8bf7\u505c\u6389IIS\u6216\u66f4\u6539\u7aef\u53e3\uff0c\u56e0\u4e3a\u8003\u8bd5\u7cfb\u7edf\u8981\u5360\u752880\u7aef\u53e3\uff09<\/td>\n<\/tr>\n<tr>\n<td valign=\"top\" width=\"151\">\u8f6f\u4ef6<\/td>\n<td valign=\"top\" width=\"417\"><\/td>\n<\/tr>\n<tr>\n<td colspan=\"2\" valign=\"top\" width=\"568\"><strong>\u7cfb\u7edf\u5b89\u5168\u8bf4\u660e\uff1a<\/strong><\/td>\n<\/tr>\n<tr>\n<td colspan=\"2\" valign=\"top\" width=\"568\" height=\"26\"><strong>\u9002\u4efb\u8003\u8bd5\u7ec8\u7aef\u8003\u8bd5\u670d\u52a1\u5668\u91c7\u7528\u53cc\u673a\uff08\u53cc\u673a\u70ed\u5907\u63a5\u7ba1\u670d\u52a1\uff09\u7b56\u7565\uff0c\u4fdd\u8bc1\u7cfb\u7edf\u670d\u52a1\u4e0d\u95f4\u65ad\u3002<\/strong><\/td>\n<\/tr>\n<\/tbody>\n<\/table>\n<p>2\uff0e\u8ba1\u7b97\u673a\u8003\u8bd5\u7cfb\u7edf\u7ec8\u7aef<\/p>\n<table width=\"569\" cellspacing=\"0\" cellpadding=\"0\">\n<tbody>\n<tr class=\"firstRow\">\n<td colspan=\"2\" valign=\"top\" width=\"569\">\u63a8\u8350\u786c\u4ef6\u914d\u7f6e<\/td>\n<\/tr>\n<tr>\n<td valign=\"top\" width=\"140\">CPU<\/td>\n<td valign=\"top\" width=\"429\">Intel i5,\u56db\u68382.0G Hz\u53ca\u4ee5\u4e0a<\/td>\n<\/tr>\n<tr>\n<td valign=\"top\" width=\"140\">\u5185\u5b58<\/td>\n<td valign=\"top\" width=\"429\">4G\u4ee5\u4e0a<\/td>\n<\/tr>\n<tr>\n<td valign=\"top\" width=\"140\">\u786c\u76d8<\/td>\n<td valign=\"top\" width=\"429\">\u9884\u7559\u7a7a\u95f464G\u4ee5\u4e0a<\/td>\n<\/tr>\n<tr>\n<td valign=\"top\" width=\"140\">\u663e\u5361<\/td>\n<td valign=\"top\" width=\"429\">\u72ec\u7acb\u663e\u5361\uff0c\u6838\u5fc3\u9891\u7387667MHz\u6216\u4ee5\u4e0a\uff0c\u663e\u5b581G\u4f4d\u5bbd128\u4f4d\u53ca\u4ee5\u4e0a<\/td>\n<\/tr>\n<tr>\n<td valign=\"top\" width=\"140\">\u7f51\u5361<\/td>\n<td valign=\"top\" width=\"429\">100M\u517c\u5bb9\u7f51\u5361<\/td>\n<\/tr>\n<tr>\n<td valign=\"top\" width=\"140\">\u786c\u76d8\u8fd8\u539f\u5361<\/td>\n<td valign=\"top\" width=\"429\">\u5b89\u88c5\u5728\u8003\u8bd5\u7ec8\u7aef\uff0c\u80fd\u5bf9\u8ba1\u7b97\u673a\u7cfb\u7edf\u8fdb\u884c\u8fd8\u539f\u4fdd\u62a4<\/td>\n<\/tr>\n<tr>\n<td valign=\"top\" width=\"140\">\u6307\u7eb9\u8bc6\u522b\u4eea<\/td>\n<td valign=\"top\" width=\"429\">\u901a\u8baf\u63a5\u53e3\uff1aUSB<\/p>\n<p>\u50cf\u7d20\u6e05\u6670\u5ea6:512dpi<\/p>\n<p>8-bit\u00a0\u7070\u5ea6<\/td>\n<\/tr>\n<tr>\n<td valign=\"top\" width=\"140\">\u8033\u9ea6\uff08\u5e26MIC\uff09<\/td>\n<td valign=\"top\" width=\"429\"><\/td>\n<\/tr>\n<tr>\n<td valign=\"top\" width=\"140\">\u624b\u5199\u677f<\/td>\n<td valign=\"top\" width=\"429\">\uff08\uff08\u9009\u914d\uff09\u901a\u8baf\u63a5\u53e3\uff1aUSB<\/p>\n<p>\u5168\u5c4f\u5e55\u8fde\u7eed\u4e66\u5199<\/p>\n<p>\u8bc6\u522b\u901f\u5ea6\u5728\u6bcf\u79d210\u5b57\u4ee5\u4e0a<\/p>\n<p>\u5fc5\u987b\u6709\u76f8\u5bf9\u5e94\u7684\u8f93\u5165\u6cd5<\/td>\n<\/tr>\n<tr>\n<td colspan=\"2\" valign=\"top\" width=\"569\">\u4f9d\u6258\u7684\u8f6f\u4ef6\u73af\u5883<\/td>\n<\/tr>\n<tr>\n<td valign=\"top\" width=\"140\">\u64cd\u4f5c\u7cfb\u7edf<\/td>\n<td valign=\"top\" width=\"429\">WindowsXp\u00a0\u548cwindows7\u4ee5\u4e0a\uff0c\u5ba2\u6237\u7aef\u4e0d\u8981\u8bbe\u7f6e\u4ee3\u7406\u670d\u52a1\u5668<\/td>\n<\/tr>\n<tr>\n<td valign=\"top\" width=\"140\">\u6d4f\u89c8\u5668<\/td>\n<td valign=\"top\" width=\"429\">IE7.0\u53ca\u4ee5\u4e0a\uff0c\u63a8\u8350\u4f7f\u7528IE9\uff0c\u4e0d\u5efa\u8bae\u7528IE8\uff0c\u4e0d\u8981\u5b89\u88c5\u4efb\u4f55\u4e0a\u7f51\u52a9\u624b\uff0c\u540c\u65f6\u6253\u5f00IE\u7684\u5f39\u51fa\u7a97\u53e3\u62e6\u622a\uff08\u8ba1\u7b97\u673a\u8003\u573a\u9700\u914d\u5907\u4e00\u53f0\u76d1\u8003\u7528\u673a\uff09<\/td>\n<\/tr>\n<tr>\n<td colspan=\"2\" valign=\"top\" width=\"569\"><strong>\u7cfb\u7edf\u8d1f\u8f7d\u8bf4\u660e\uff1a<\/strong><\/td>\n<\/tr>\n<tr>\n<td colspan=\"2\" valign=\"top\" width=\"569\" height=\"85\"><strong>\u4e00\u53f0\u7ec8\u7aef\u8003\u8bd5\u670d\u52a1\u5668\u53ef\u627f\u62c5\u5c11\u4e8e200\u4e2a\u8003\u8bd5\u7ec8\u7aef\uff0c\u8d85\u8fc7200\u4e2a\u7ec8\u7aef\u7684\u8003\u573a\u5e94\u589e\u52a0\u7ec8\u7aef\u8003\u8bd5\u670d\u52a1\u5668\u7684\u65b9\u5f0f\u89e3\u51b3\u3002\u5982\u4e0b\uff1a<\/strong><\/p>\n<p>\u8003\u8bd5\u7ec8\u7aef\u4e2a\u6570\u7ec8\u7aef\u8003\u8bd5\u670d\u52a1\u56681\uff5e2001\u53f0201\uff5e4002\u53f0401\uff5e6003\u53f0.\u3002\u3002\u3002\u3002\u3002&nbsp;<\/td>\n<\/tr>\n<\/tbody>\n<\/table>\n<p>3\uff0e\u76f8\u5173\u914d\u5957\u8bbe\u5907<\/p>\n<p>\u8ba1\u7b97\u673a\u8003\u573a\u8981\u6c42\u914d\u7f6e\u6295\u5f71\u4eea\u4e00\u53f0\uff0c\u6295\u5f71\u5899\u4e00\u5757\uff1b\u6bcf\u4e2a\u8003\u573a\u8bbe\u7f6e\u76d1\u63a7\u6444\u50cf\u5934\u82e5\u5e72\u4e2a\uff08\u81f3\u5c111\u4e2a\u5e26\u4e91\u53f0\uff0c\u76d1\u63a7\u7cfb\u7edf\u53ef\u4ee5\u8fdc\u7a0bWEB\u65b9\u5f0f\u8bbf\u95ee\uff0c\u6444\u50cf\u5934\u6570\u91cf\u6839\u636e\u8003\u573a\u9762\u79ef\u5927\u5c0f\u914c\u60c5\u5b89\u88c5\uff0c\u4ee5\u8986\u76d6\u6240\u6709\u533a\u57df\u6e05\u6670\u76d1\u63a7\u4e3a\u57fa\u672c\u76ee\u6807\uff09\uff1b\u8003\u573a\u8981\u6c42\u914d\u5907\u97f3\u54cd\u8bbe\u5907\uff1b\u8003\u573a\u8981\u6c42\u914d\u5907\u6253\u5370\u673a\u3001\u590d\u5370\u673a\u3001\u4f20\u771f\u673a\u548c\u56fa\u5b9a\u7535\u8bdd\uff1b\u540c\u65f6\u8ba1\u7b97\u673a\u8003\u573a\u8fd8\u9700\u914d\u5907UPS\u7535\u6e90\u4fdd\u8bc1\u7ec8\u7aef\u670d\u52a1\u5668\u5de5\u4f5c\uff1b\u6bcf\u4e2a\u8003\u70b9\u9700\u5728\u8ba1\u7b97\u673a\u8003\u573a\u6709\u4e00\u53f0\u53ef\u4ee5\u4e0a\u4e07\u7ef4\u7f51\u7684\u8ba1\u7b97\u673a\u3002<\/p>\n<p>\uff08\u56db\uff09\u8ba1\u7b97\u673a\u8003\u573a\u7f51\u7edc\u73af\u5883\u8981\u6c42<\/p>\n<p>\u8ba1\u7b97\u673a\u8003\u573a\u8981\u6c42\u6bcf\u4e2a\u8003\u8bd5\u7ec8\u7aef\u548c\u8ba1\u7b97\u673a\u8003\u8bd5\u7cfb\u7edf\u670d\u52a1\u5668\u4e4b\u95f4\u7684\u7f51\u7edc\u4e92\u8054\u8fbe\u5230100M\u4ee5\u4e0a\uff0c\u7f51\u7edc\u73af\u5883\u5185\u4ea4\u6362\u673a\u8fbe\u52301000M\u4ee5\u4e0a\uff0c\u5e76\u4e14\u8ba1\u7b97\u673a\u8003\u573a\u5728\u8003\u8bd5\u671f\u95f4\u987b\u4e0e\u5176\u4ed6\u7f51\u7edc\u7269\u7406\u65ad\u5f00\u3002\u8ba1\u7b97\u673a\u8003\u573a\u8981\u6c42\u5b89\u88c5\u9632\u706b\u5899\u8bbe\u5907\u548c\u6740\u6bd2\u8f6f\u4ef6\uff0c\u786e\u4fdd\u8ba1\u7b97\u673a\u8003\u8bd5\u7cfb\u7edf\u7684\u7a33\u5b9a\u8fd0\u884c\u3002<\/p>\n<p>\uff08\u4e94\uff09\u4eba\u5458\u8981\u6c42<\/p>\n<p>\u8ba1\u7b97\u673a\u8003\u573a\u987b\u6307\u5b9a\u4e00\u540d\u5de5\u4f5c\u7a33\u5b9a\u4e14\u8d23\u4efb\u5fc3\u5f3a\u7684\u7cfb\u7edf\u7ba1\u7406\u5458\uff08\u7f51\u7edc\u7ba1\u7406\u5458\uff09\uff0c\u7eb3\u5165\u6d77\u4e8b\u673a\u6784\u7684\u8d28\u91cf\u4f53\u7cfb\u7ba1\u7406\u548c\u8239\u5458\u6559\u80b2\u57f9\u8bad\u8d28\u91cf\u7ba1\u7406\u4f53\u7cfb\uff0c\u9075\u5b88\u6d77\u4e8b\u673a\u6784\u7684\u76f8\u5173\u7ba1\u7406\u89c4\u5b9a\uff0c\u5bf9\u8ba1\u7b97\u673a\u8003\u573a\u7684\u8bbe\u5907\u8fdb\u884c\u65e5\u5e38\u7ef4\u62a4\uff0c\u719f\u6089\u5e76\u80fd\u57fa\u672c\u7ef4\u62a4\u8ba1\u7b97\u673a\u8003\u8bd5\u7cfb\u7edf\uff08\u5b9a\u671f\u5907\u4efd\u8003\u8bd5\u6570\u636e\u3001\u6839\u636e\u8981\u6c42\u5347\u7ea7\u8ba1\u7b97\u673a\u8003\u8bd5\u7cfb\u7edf\u7b49\uff09\uff0c\u786e\u4fdd\u8ba1\u7b97\u673a\u8003\u573a\u8bbe\u5907\u5904\u4e8e\u968f\u65f6\u53ef\u7528\u72b6\u6001\u3002<\/p>\n<p>\u516d\u3001\u8003\u573a\u8d44\u6e90\u4f7f\u7528\u8981\u6c42<\/p>\n<p>\u5728\u8239\u5458\u8ba1\u7b97\u673a\u7ec8\u7aef\u8003\u8bd5\u671f\u95f4\u8981\u786e\u4fdd\u8003\u573a\u7684\u4f7f\u7528\u4e0d\u5f97\u4e0e\u5176\u4ed6\u5b89\u6392\u51b2\u7a81\u3002<\/p>","protected":false},"excerpt":{"rendered":"<p>\u6807\u51c6\u5316\u8003\u8bd5\u673a\u623f \u6cd5\u5f8b\u4f9d\u636e\uff1a\u300a\u4e2d\u534e\u4eba\u6c11\u5171\u548c\u56fd\u8239\u5458\u57f9\u8bad\u7ba1\u7406\u89c4\u5219\u300b\uff08\u4ea4\u901a\u8fd0\u8f93\u90e8\u4ee4 2019 \u5e74\u7b2c 5 \u53f7\uff09 \u4ea7\u54c1\u5206\u7c7b&hellip;<\/p>","protected":false},"featured_media":14928,"comment_status":"open","ping_status":"closed","template":"","meta":[],"product_brand":[],"product_cat":[47],"product_tag":[431,336,430],"class_list":{"0":"post-14927","1":"product","2":"type-product","3":"status-publish","4":"has-post-thumbnail","6":"product_cat-biaozhunhuakaoshijifang","7":"product_tag-biaozhunhuakaoshijifang","8":"product_tag-chuanyuanpeixunshebei","9":"product_tag-lunjizhangdaguanlunsanguanlunpeixunshebei","10":"description-off","12":"first","13":"instock","14":"taxable","15":"shipping-taxable","16":"purchasable","17":"product-type-simple"},"_links":{"self":[{"href":"http:\/\/www.erun-tech.com\/es\/wp-json\/wp\/v2\/product\/14927","targetHints":{"allow":["GET"]}}],"collection":[{"href":"http:\/\/www.erun-tech.com\/es\/wp-json\/wp\/v2\/product"}],"about":[{"href":"http:\/\/www.erun-tech.com\/es\/wp-json\/wp\/v2\/types\/product"}],"replies":[{"embeddable":true,"href":"http:\/\/www.erun-tech.com\/es\/wp-json\/wp\/v2\/comments?post=14927"}],"wp:featuredmedia":[{"embeddable":true,"href":"http:\/\/www.erun-tech.com\/es\/wp-json\/wp\/v2\/media\/14928"}],"wp:attachment":[{"href":"http:\/\/www.erun-tech.com\/es\/wp-json\/wp\/v2\/media?parent=14927"}],"wp:term":[{"taxonomy":"product_brand","embeddable":true,"href":"http:\/\/www.erun-tech.com\/es\/wp-json\/wp\/v2\/product_brand?post=14927"},{"taxonomy":"product_cat","embeddable":true,"href":"http:\/\/www.erun-tech.com\/es\/wp-json\/wp\/v2\/product_cat?post=14927"},{"taxonomy":"product_tag","embeddable":true,"href":"http:\/\/www.erun-tech.com\/es\/wp-json\/wp\/v2\/product_tag?post=14927"}],"curies":[{"name":"wp","href":"https:\/\/api.w.org\/{rel}","templated":true}]}}