{"id":14929,"date":"2024-03-26T10:10:45","date_gmt":"2024-03-26T02:10:45","guid":{"rendered":"http:\/\/www.erun-tech.com\/?post_type=product&#038;p=14929"},"modified":"2024-04-08T08:56:37","modified_gmt":"2024-04-08T00:56:37","slug":"jisuanjifang","status":"publish","type":"product","link":"http:\/\/www.erun-tech.com\/es\/product\/jisuanjifang","title":{"rendered":"Sala de ordenadores"},"content":{"rendered":"<h2><\/h2>\n<h2 style=\"text-align: center;\">Sala de ordenadores<\/h2>\n<div><strong>Base jur\u00eddica: Normativa sobre la administraci\u00f3n de la formaci\u00f3n de la gente de mar de la Rep\u00fablica Popular China (Orden n.\u00ba 5 del Ministerio de Transporte, 2019).<\/strong><\/div>\n<div><strong>\u4ea7\u54c1\u5206\u7c7b\uff1a\u8239\u5458\u57f9\u8bad\u8bbe\u5907<br \/>\n<\/strong><\/div>\n<div><strong>\u4ea7\u54c1\u540d\u79f0\uff1a\u8ba1\u7b97\u673a\u623f<\/strong><\/div>\n<div><strong>Requisitos funcionales: Cumplir con los requisitos del programa de formaci\u00f3n.<\/strong><\/div>\n<div><strong>Cantidad especificada: 1 juego<\/strong><\/div>\n<div><\/div>\n<div>\n<p>&nbsp;<\/p>\n<\/div>\n<p>89\u5957\u7535\u8111\u3001\u684c\u6905\u3001\u7f51\u7edc\u3001\u4ea4\u6362\u673a\u3001\u76d1\u63a7\u3001\u7535\u6e90<\/p>\n<p>\u96c6\u6210\u8d27\u7269\u914d\u79ef\u8f7d\u5b9e\u8bad\u3001GMDSS\u6a21\u62df\u5668\u3001\u82f1\u8bed\u542c\u8bf4\u8bad\u7ec3<\/p>","protected":false},"excerpt":{"rendered":"<p>\u8ba1\u7b97\u673a\u623f \u6cd5\u5f8b\u4f9d\u636e\uff1a\u300a\u4e2d\u534e\u4eba\u6c11\u5171\u548c\u56fd\u8239\u5458\u57f9\u8bad\u7ba1\u7406\u89c4\u5219\u300b\uff08\u4ea4\u901a\u8fd0\u8f93\u90e8\u4ee4 2019 \u5e74\u7b2c 5 \u53f7\uff09 \u4ea7\u54c1\u5206\u7c7b\uff1a\u8239\u5458&hellip;<\/p>","protected":false},"featured_media":14930,"comment_status":"open","ping_status":"closed","template":"","meta":[],"product_brand":[],"product_cat":[492,321],"product_tag":[355,336,434,432,433],"class_list":{"0":"post-14929","1":"product","2":"type-product","3":"status-publish","4":"has-post-thumbnail","6":"product_cat-shuishoujigongpeixun","7":"product_cat-jisuanjifangyingyutinglihuihua","8":"product_tag-gmdssmoniqi","9":"product_tag-chuanyuanpeixunshebei","10":"product_tag-yingyutingshuoxunlian","11":"product_tag-jisuanjifang","12":"product_tag-huowupeijizaishixun","13":"description-off","15":"first","16":"instock","17":"taxable","18":"shipping-taxable","19":"purchasable","20":"product-type-simple"},"_links":{"self":[{"href":"http:\/\/www.erun-tech.com\/es\/wp-json\/wp\/v2\/product\/14929","targetHints":{"allow":["GET"]}}],"collection":[{"href":"http:\/\/www.erun-tech.com\/es\/wp-json\/wp\/v2\/product"}],"about":[{"href":"http:\/\/www.erun-tech.com\/es\/wp-json\/wp\/v2\/types\/product"}],"replies":[{"embeddable":true,"href":"http:\/\/www.erun-tech.com\/es\/wp-json\/wp\/v2\/comments?post=14929"}],"wp:featuredmedia":[{"embeddable":true,"href":"http:\/\/www.erun-tech.com\/es\/wp-json\/wp\/v2\/media\/14930"}],"wp:attachment":[{"href":"http:\/\/www.erun-tech.com\/es\/wp-json\/wp\/v2\/media?parent=14929"}],"wp:term":[{"taxonomy":"product_brand","embeddable":true,"href":"http:\/\/www.erun-tech.com\/es\/wp-json\/wp\/v2\/product_brand?post=14929"},{"taxonomy":"product_cat","embeddable":true,"href":"http:\/\/www.erun-tech.com\/es\/wp-json\/wp\/v2\/product_cat?post=14929"},{"taxonomy":"product_tag","embeddable":true,"href":"http:\/\/www.erun-tech.com\/es\/wp-json\/wp\/v2\/product_tag?post=14929"}],"curies":[{"name":"wp","href":"https:\/\/api.w.org\/{rel}","templated":true}]}}