{"id":14932,"date":"2024-03-26T10:24:04","date_gmt":"2024-03-26T02:24:04","guid":{"rendered":"http:\/\/www.erun-tech.com\/?post_type=product&#038;p=14932"},"modified":"2024-03-27T20:10:12","modified_gmt":"2024-03-27T12:10:12","slug":"chuanbochaiyouzhujixitong","status":"publish","type":"product","link":"http:\/\/www.erun-tech.com\/es\/product\/chuanbochaiyouzhujixitong","title":{"rendered":"Sistema de motor principal di\u00e9sel marino"},"content":{"rendered":"<h2><\/h2>\n<h2 style=\"text-align: center;\">Sistema de motor principal di\u00e9sel marino<\/h2>\n<div><strong>Base jur\u00eddica: Normativa sobre la administraci\u00f3n de la formaci\u00f3n de la gente de mar de la Rep\u00fablica Popular China (Orden n.\u00ba 5 del Ministerio de Transporte, 2019).<\/strong><\/div>\n<div><strong>Categor\u00eda de producto: Zona de formaci\u00f3n integral<br \/>\n<\/strong><\/div>\n<div><strong>\u4ea7\u54c1\u540d\u79f0\uff1a\u8239\u8236\u67f4\u6cb9\u4e3b\u673a\u7cfb\u7edf<\/strong><\/div>\n<div><strong>Requisitos funcionales: Cumplir con los requisitos del programa de formaci\u00f3n.<\/strong><\/div>\n<div><strong>Cantidad especificada: 1 juego<\/strong><\/div>\n<div><\/div>\n<div>\n<p>&nbsp;<\/p>\n<\/div>\n<p>\u7f38\u5f84200\u6beb\u7c73\u6216\u4ee5\u4e0a\uff0c\u80fd\u8fdb\u884c\u67f4\u6cb9\u673a\u5907\u8f66\u3001\u76d8\u8f66\u3001\u51b2\u8f66\u3001\u8bd5\u8f66\u3001\u542f\u52a8\u4e0e\u5b8c\u8f66\u64cd\u4f5c\uff1b\u53ef\u52a0\u51cf\u8d1f\u8f7d\uff0c\u6700\u5927\u8d1f\u8f7d\u8981\u6c42\u9ad8\u4e8e160\u5343\u74e6\uff0c\u6301\u7eed\u8fd0\u8f6c\u65f6\u95f4\u8981\u6c42\u5927\u4e8e30\u5206\u949f\uff1b\u80fd\u8fdb\u884c\u67f4\u6cb9\u673a\u51b7\u5374\u6c34\u3001\u71c3\u6cb9\u3001\u6ed1\u6cb9\u53ca\u6392\u6c14\u6e29\u5ea6\u3001\u538b\u529b\u68c0\u6d4b\uff1b\u80fd\u8fdb\u884c\u67f4\u6cb9\u673a\u589e\u538b\u5668\u6e29\u5ea6\u68c0\u67e5\u3002\u80fd\u8fdb\u884c\u67f4\u6cb9\u673a\u8f6c\u901f\u9ad8\u3001\u51b7\u5374\u6c34\u51fa\u673a\u6e29\u5ea6\u9ad8\u3001\u6ed1\u6cb9\u51fa\u673a\u6e29\u5ea6\u9ad8\u3001\u6ed1\u6cb9\u8fdb\u673a\u538b\u529b\u4f4e\u3001\u71c3\u6cb9\u6cc4\u6f0f\u7b49\u68c0\u6d4b\u62a5\u8b66\uff0c\u5e76\u53ef\u5b9e\u73b0\u8d85\u901f\uff0c\u6ed1\u6cb9\u538b\u529b\u8fc7\u4f4e\u7b49\u5b89\u5168\u4fdd\u62a4\u529f\u80fd\u3002\u914d\u7206\u538b\u88684\u53ea\u3002\u914d\u673a\u68b0\u793a\u529f\u56682\u53ea\uff0c\u7535\u5b50\u793a\u529f\u56682\u53ea\u3002<\/p>","protected":false},"excerpt":{"rendered":"<p>\u8239\u8236\u67f4\u6cb9\u4e3b\u673a\u7cfb\u7edf \u6cd5\u5f8b\u4f9d\u636e\uff1a\u300a\u4e2d\u534e\u4eba\u6c11\u5171\u548c\u56fd\u8239\u5458\u57f9\u8bad\u7ba1\u7406\u89c4\u5219\u300b\uff08\u4ea4\u901a\u8fd0\u8f93\u90e8\u4ee4 2019 \u5e74\u7b2c 5 \u53f7\uff09 \u4ea7\u54c1\u5206&hellip;<\/p>","protected":false},"featured_media":14505,"comment_status":"open","ping_status":"closed","template":"","meta":[],"product_brand":[],"product_cat":[43],"product_tag":[336,435,430],"class_list":{"0":"post-14932","1":"product","2":"type-product","3":"status-publish","4":"has-post-thumbnail","6":"product_cat-zonghejicang","7":"product_tag-chuanyuanpeixunshebei","8":"product_tag-chuanbochaiyouzhujixitong","9":"product_tag-lunjizhangdaguanlunsanguanlunpeixunshebei","10":"description-off","12":"first","13":"instock","14":"taxable","15":"shipping-taxable","16":"purchasable","17":"product-type-simple"},"_links":{"self":[{"href":"http:\/\/www.erun-tech.com\/es\/wp-json\/wp\/v2\/product\/14932","targetHints":{"allow":["GET"]}}],"collection":[{"href":"http:\/\/www.erun-tech.com\/es\/wp-json\/wp\/v2\/product"}],"about":[{"href":"http:\/\/www.erun-tech.com\/es\/wp-json\/wp\/v2\/types\/product"}],"replies":[{"embeddable":true,"href":"http:\/\/www.erun-tech.com\/es\/wp-json\/wp\/v2\/comments?post=14932"}],"wp:featuredmedia":[{"embeddable":true,"href":"http:\/\/www.erun-tech.com\/es\/wp-json\/wp\/v2\/media\/14505"}],"wp:attachment":[{"href":"http:\/\/www.erun-tech.com\/es\/wp-json\/wp\/v2\/media?parent=14932"}],"wp:term":[{"taxonomy":"product_brand","embeddable":true,"href":"http:\/\/www.erun-tech.com\/es\/wp-json\/wp\/v2\/product_brand?post=14932"},{"taxonomy":"product_cat","embeddable":true,"href":"http:\/\/www.erun-tech.com\/es\/wp-json\/wp\/v2\/product_cat?post=14932"},{"taxonomy":"product_tag","embeddable":true,"href":"http:\/\/www.erun-tech.com\/es\/wp-json\/wp\/v2\/product_tag?post=14932"}],"curies":[{"name":"wp","href":"https:\/\/api.w.org\/{rel}","templated":true}]}}