{"id":14938,"date":"2024-03-26T10:32:39","date_gmt":"2024-03-26T02:32:39","guid":{"rendered":"http:\/\/www.erun-tech.com\/?post_type=product&#038;p=14938"},"modified":"2024-03-27T20:11:11","modified_gmt":"2024-03-27T12:11:11","slug":"chuanbodianzhan","status":"publish","type":"product","link":"http:\/\/www.erun-tech.com\/es\/product\/chuanbodianzhan","title":{"rendered":"Central el\u00e9ctrica del barco"},"content":{"rendered":"<h2><\/h2>\n<h2 style=\"text-align: center;\">Central el\u00e9ctrica del barco<\/h2>\n<div><strong>Base jur\u00eddica: Normativa sobre la administraci\u00f3n de la formaci\u00f3n de la gente de mar de la Rep\u00fablica Popular China (Orden n.\u00ba 5 del Ministerio de Transporte, 2019).<\/strong><\/div>\n<div><strong>Categor\u00eda de producto: Zona de formaci\u00f3n integral<br \/>\n<\/strong><\/div>\n<div>\n<p><strong><strong>Nombre del producto: Estaci\u00f3n el\u00e9ctrica marina<\/strong><\/strong><\/p>\n<p><strong>Requisitos funcionales: Cumplir con los requisitos del programa de formaci\u00f3n.<\/strong><\/p>\n<\/div>\n<div><strong>Cantidad especificada: 1 juego<\/strong><\/div>\n<div><\/div>\n<div>\n<p>&nbsp;<\/p>\n<\/div>\n<p>Incluye dos o m\u00e1s grupos electr\u00f3genos principales, un grupo electr\u00f3geno de emergencia, un cuadro de distribuci\u00f3n principal, un cuadro de distribuci\u00f3n de emergencia, una caja de alimentaci\u00f3n de tierra y un sistema de carga\/descarga de bater\u00edas. Los generadores pueden ser de motor di\u00e9sel o de motor de frecuencia variable. Capaz de realizar la sincronizaci\u00f3n manual del generador, la sincronizaci\u00f3n cuasisincr\u00f3nica y la sincronizaci\u00f3n autom\u00e1tica; capaz de transferir y distribuir cargas de forma manual y autom\u00e1tica entre grupos electr\u00f3genos que funcionan en paralelo, as\u00ed como de desincronizar grupos electr\u00f3genos; capaz de cumplir las funciones de una central el\u00e9ctrica automatizada. Capaz de gestionar emergencias en caso de disparo del interruptor principal del generador (que se produce durante las operaciones de sincronizaci\u00f3n de la central el\u00e9ctrica convencional cuando se pierde la energ\u00eda de la red; puede simular la p\u00e9rdida de energ\u00eda de la red debido al disparo por fallo mec\u00e1nico de las unidades operativas; disparo de una sola unidad que provoca la p\u00e9rdida de energ\u00eda de la red); equipado con funciones de monitorizaci\u00f3n del aislamiento y alarma.<\/p>\n<p>Sistema de carga y descarga de bater\u00edas.<\/p>\n<p>La caja de alimentaci\u00f3n en tierra deber\u00e1 incorporar una funci\u00f3n de bloqueo de secuencia de fases y podr\u00e1 integrarse en el cuadro de distribuci\u00f3n.<\/p>","protected":false},"excerpt":{"rendered":"<p>\u8239\u8236\u7535\u7ad9 \u6cd5\u5f8b\u4f9d\u636e\uff1a\u300a\u4e2d\u534e\u4eba\u6c11\u5171\u548c\u56fd\u8239\u5458\u57f9\u8bad\u7ba1\u7406\u89c4\u5219\u300b\uff08\u4ea4\u901a\u8fd0\u8f93\u90e8\u4ee4 2019 \u5e74\u7b2c 5 \u53f7\uff09 \u4ea7\u54c1\u5206\u7c7b\uff1a\u7efc\u5408&hellip;<\/p>","protected":false},"featured_media":14505,"comment_status":"open","ping_status":"closed","template":"","meta":[],"product_brand":[],"product_cat":[43],"product_tag":[440,442,439,336,441,430],"class_list":{"0":"post-14938","1":"product","2":"type-product","3":"status-publish","4":"has-post-thumbnail","6":"product_cat-zonghejicang","7":"product_tag-haishuidanhuachulizhuangzhi","8":"product_tag-dianzidianqiyuanpeixun","9":"product_tag-cangdishuichulixitong","10":"product_tag-chuanyuanpeixunshebei","11":"product_tag-chuanbodianzhan","12":"product_tag-lunjizhangdaguanlunsanguanlunpeixunshebei","13":"description-off","15":"first","16":"instock","17":"taxable","18":"shipping-taxable","19":"purchasable","20":"product-type-simple"},"_links":{"self":[{"href":"http:\/\/www.erun-tech.com\/es\/wp-json\/wp\/v2\/product\/14938","targetHints":{"allow":["GET"]}}],"collection":[{"href":"http:\/\/www.erun-tech.com\/es\/wp-json\/wp\/v2\/product"}],"about":[{"href":"http:\/\/www.erun-tech.com\/es\/wp-json\/wp\/v2\/types\/product"}],"replies":[{"embeddable":true,"href":"http:\/\/www.erun-tech.com\/es\/wp-json\/wp\/v2\/comments?post=14938"}],"wp:featuredmedia":[{"embeddable":true,"href":"http:\/\/www.erun-tech.com\/es\/wp-json\/wp\/v2\/media\/14505"}],"wp:attachment":[{"href":"http:\/\/www.erun-tech.com\/es\/wp-json\/wp\/v2\/media?parent=14938"}],"wp:term":[{"taxonomy":"product_brand","embeddable":true,"href":"http:\/\/www.erun-tech.com\/es\/wp-json\/wp\/v2\/product_brand?post=14938"},{"taxonomy":"product_cat","embeddable":true,"href":"http:\/\/www.erun-tech.com\/es\/wp-json\/wp\/v2\/product_cat?post=14938"},{"taxonomy":"product_tag","embeddable":true,"href":"http:\/\/www.erun-tech.com\/es\/wp-json\/wp\/v2\/product_tag?post=14938"}],"curies":[{"name":"wp","href":"https:\/\/api.w.org\/{rel}","templated":true}]}}