{"id":14943,"date":"2024-03-26T10:40:31","date_gmt":"2024-03-26T02:40:31","guid":{"rendered":"http:\/\/www.erun-tech.com\/?post_type=product&#038;p=14943"},"modified":"2024-03-27T20:12:00","modified_gmt":"2024-03-27T12:12:00","slug":"lengqueshuiwenduzidongkongzhixitong","status":"publish","type":"product","link":"http:\/\/www.erun-tech.com\/es\/product\/lengqueshuiwenduzidongkongzhixitong","title":{"rendered":"Sistema autom\u00e1tico de control de la temperatura del agua de refrigeraci\u00f3n"},"content":{"rendered":"<h2><\/h2>\n<h2 style=\"text-align: center;\">Sistema autom\u00e1tico de control de la temperatura del agua de refrigeraci\u00f3n<\/h2>\n<div><strong>Base jur\u00eddica: Normativa sobre la administraci\u00f3n de la formaci\u00f3n de la gente de mar de la Rep\u00fablica Popular China (Orden n.\u00ba 5 del Ministerio de Transporte, 2019).<\/strong><\/div>\n<div><strong>Categor\u00eda de producto: Zona de formaci\u00f3n integral<br \/>\n<\/strong><\/div>\n<div>\n<p><strong><strong>Nombre del producto: Sistema autom\u00e1tico de control de la temperatura del agua de refrigeraci\u00f3n<\/strong><\/strong><\/p>\n<p><strong>Requisitos funcionales: Cumplir con los requisitos del programa de formaci\u00f3n.<\/strong><\/p>\n<\/div>\n<div><strong>Cantidad especificada: 2 juegos<\/strong><\/div>\n<div><\/div>\n<div>\n<p>&nbsp;<\/p>\n<\/div>\n<p>Equipado con una v\u00e1lvula reguladora de tres v\u00edas y un sensor de temperatura, permite ajustar los par\u00e1metros de control y facilita los estudios experimentales sobre los procesos de control de la temperatura del agua de refrigeraci\u00f3n.<\/p>","protected":false},"excerpt":{"rendered":"<p>\u51b7\u5374\u6c34\u6e29\u5ea6\u81ea\u52a8\u63a7\u5236\u7cfb\u7edf \u6cd5\u5f8b\u4f9d\u636e\uff1a\u300a\u4e2d\u534e\u4eba\u6c11\u5171\u548c\u56fd\u8239\u5458\u57f9\u8bad\u7ba1\u7406\u89c4\u5219\u300b\uff08\u4ea4\u901a\u8fd0\u8f93\u90e8\u4ee4 2019 \u5e74\u7b2c 5 \u53f7\uff09 &hellip;<\/p>","protected":false},"featured_media":14505,"comment_status":"open","ping_status":"closed","template":"","meta":[],"product_brand":[],"product_cat":[43],"product_tag":[448,444,336,430],"class_list":{"0":"post-14943","1":"product","2":"type-product","3":"status-publish","4":"has-post-thumbnail","6":"product_cat-zonghejicang","7":"product_tag-lengqueshuiwenduzidongkongzhixitong","8":"product_tag-zonghejicang","9":"product_tag-chuanyuanpeixunshebei","10":"product_tag-lunjizhangdaguanlunsanguanlunpeixunshebei","11":"description-off","13":"first","14":"instock","15":"taxable","16":"shipping-taxable","17":"purchasable","18":"product-type-simple"},"_links":{"self":[{"href":"http:\/\/www.erun-tech.com\/es\/wp-json\/wp\/v2\/product\/14943","targetHints":{"allow":["GET"]}}],"collection":[{"href":"http:\/\/www.erun-tech.com\/es\/wp-json\/wp\/v2\/product"}],"about":[{"href":"http:\/\/www.erun-tech.com\/es\/wp-json\/wp\/v2\/types\/product"}],"replies":[{"embeddable":true,"href":"http:\/\/www.erun-tech.com\/es\/wp-json\/wp\/v2\/comments?post=14943"}],"wp:featuredmedia":[{"embeddable":true,"href":"http:\/\/www.erun-tech.com\/es\/wp-json\/wp\/v2\/media\/14505"}],"wp:attachment":[{"href":"http:\/\/www.erun-tech.com\/es\/wp-json\/wp\/v2\/media?parent=14943"}],"wp:term":[{"taxonomy":"product_brand","embeddable":true,"href":"http:\/\/www.erun-tech.com\/es\/wp-json\/wp\/v2\/product_brand?post=14943"},{"taxonomy":"product_cat","embeddable":true,"href":"http:\/\/www.erun-tech.com\/es\/wp-json\/wp\/v2\/product_cat?post=14943"},{"taxonomy":"product_tag","embeddable":true,"href":"http:\/\/www.erun-tech.com\/es\/wp-json\/wp\/v2\/product_tag?post=14943"}],"curies":[{"name":"wp","href":"https:\/\/api.w.org\/{rel}","templated":true}]}}