{"id":14948,"date":"2024-03-26T10:47:27","date_gmt":"2024-03-26T02:47:27","guid":{"rendered":"http:\/\/www.erun-tech.com\/?post_type=product&#038;p=14948"},"modified":"2024-03-27T20:12:40","modified_gmt":"2024-03-27T12:12:40","slug":"yeyaqihuoji","status":"publish","type":"product","link":"http:\/\/www.erun-tech.com\/es\/product\/yeyaqihuoji","title":{"rendered":"Elevador hidr\u00e1ulico"},"content":{"rendered":"<h2><\/h2>\n<h2 style=\"text-align: center;\">Elevador hidr\u00e1ulico<\/h2>\n<div><strong>Base jur\u00eddica: Normativa sobre la administraci\u00f3n de la formaci\u00f3n de la gente de mar de la Rep\u00fablica Popular China (Orden n.\u00ba 5 del Ministerio de Transporte, 2019).<\/strong><\/div>\n<div><strong>Categor\u00eda de producto: Zona de formaci\u00f3n integral<br \/>\n<\/strong><\/div>\n<div>\n<p><strong><strong>\u4ea7\u54c1\u540d\u79f0\uff1a\u6db2\u538b\u8d77\u8d27\u673a<\/strong><\/strong><\/p>\n<p><strong>Requisitos funcionales: Cumplir con los requisitos del programa de formaci\u00f3n.<\/strong><\/p>\n<\/div>\n<div><strong>Cantidad especificada: 1 juego<\/strong><\/div>\n<div><\/div>\n<div>\n<p>&nbsp;<\/p>\n<\/div>\n<p>Operativo, con un sistema hidr\u00e1ulico y un sistema de control completos, capaz de realizar procedimientos de arranque, gesti\u00f3n operativa y apagado.<\/p>","protected":false},"excerpt":{"rendered":"<p>\u6db2\u538b\u8d77\u8d27\u673a \u6cd5\u5f8b\u4f9d\u636e\uff1a\u300a\u4e2d\u534e\u4eba\u6c11\u5171\u548c\u56fd\u8239\u5458\u57f9\u8bad\u7ba1\u7406\u89c4\u5219\u300b\uff08\u4ea4\u901a\u8fd0\u8f93\u90e8\u4ee4 2019 \u5e74\u7b2c 5 \u53f7\uff09 \u4ea7\u54c1\u5206\u7c7b\uff1a\u7efc&hellip;<\/p>","protected":false},"featured_media":14505,"comment_status":"open","ping_status":"closed","template":"","meta":[],"product_brand":[],"product_cat":[43],"product_tag":[444,336,430],"class_list":{"0":"post-14948","1":"product","2":"type-product","3":"status-publish","4":"has-post-thumbnail","6":"product_cat-zonghejicang","7":"product_tag-zonghejicang","8":"product_tag-chuanyuanpeixunshebei","9":"product_tag-lunjizhangdaguanlunsanguanlunpeixunshebei","10":"description-off","12":"first","13":"instock","14":"taxable","15":"shipping-taxable","16":"purchasable","17":"product-type-simple"},"_links":{"self":[{"href":"http:\/\/www.erun-tech.com\/es\/wp-json\/wp\/v2\/product\/14948","targetHints":{"allow":["GET"]}}],"collection":[{"href":"http:\/\/www.erun-tech.com\/es\/wp-json\/wp\/v2\/product"}],"about":[{"href":"http:\/\/www.erun-tech.com\/es\/wp-json\/wp\/v2\/types\/product"}],"replies":[{"embeddable":true,"href":"http:\/\/www.erun-tech.com\/es\/wp-json\/wp\/v2\/comments?post=14948"}],"wp:featuredmedia":[{"embeddable":true,"href":"http:\/\/www.erun-tech.com\/es\/wp-json\/wp\/v2\/media\/14505"}],"wp:attachment":[{"href":"http:\/\/www.erun-tech.com\/es\/wp-json\/wp\/v2\/media?parent=14948"}],"wp:term":[{"taxonomy":"product_brand","embeddable":true,"href":"http:\/\/www.erun-tech.com\/es\/wp-json\/wp\/v2\/product_brand?post=14948"},{"taxonomy":"product_cat","embeddable":true,"href":"http:\/\/www.erun-tech.com\/es\/wp-json\/wp\/v2\/product_cat?post=14948"},{"taxonomy":"product_tag","embeddable":true,"href":"http:\/\/www.erun-tech.com\/es\/wp-json\/wp\/v2\/product_tag?post=14948"}],"curies":[{"name":"wp","href":"https:\/\/api.w.org\/{rel}","templated":true}]}}