{"id":14954,"date":"2024-03-26T10:58:56","date_gmt":"2024-03-26T02:58:56","guid":{"rendered":"http:\/\/www.erun-tech.com\/?post_type=product&#038;p=14954"},"modified":"2024-03-27T20:13:38","modified_gmt":"2024-03-27T12:13:38","slug":"jicangjiancebaojingxitong","status":"publish","type":"product","link":"http:\/\/www.erun-tech.com\/es\/product\/jicangjiancebaojingxitong","title":{"rendered":"Sistema de monitorizaci\u00f3n y alarma de cabina"},"content":{"rendered":"<h2><\/h2>\n<h2 style=\"text-align: center;\">Sistema de monitorizaci\u00f3n y alarma de cabina<\/h2>\n<p>&nbsp;<\/p>\n<p><strong>Base jur\u00eddica: Normativa sobre la administraci\u00f3n de la formaci\u00f3n de la gente de mar de la Rep\u00fablica Popular China (Orden n.\u00ba 5 del Ministerio de Transporte, 2019).<\/strong><\/p>\n<p><strong>Categor\u00eda de producto: Zona de formaci\u00f3n integral<\/strong><\/p>\n<p><strong><strong>\u4ea7\u54c1\u540d\u79f0\uff1a\u673a\u8231\u76d1\u6d4b\u62a5\u8b66\u7cfb\u7edf<\/strong><\/strong><\/p>\n<p><strong>Requisitos funcionales: Cumplir con los requisitos del programa de formaci\u00f3n.<\/strong><\/p>\n<p><strong>Cantidad especificada: 1 juego<\/strong><\/p>\n<p>&nbsp;<\/p>\n<p>&nbsp;<\/p>\n<p>1.\u5b9e\u7269\uff0c\u542b\u63a7\u5236\u53f0\uff1b<\/p>\n<p>2.\u7cfb\u7edf\u4e3a\u5178\u578b\u8239\u7528\u673a\u8231\u76d1\u6d4b\u62a5\u8b66\u7cfb\u7edf\uff1b<\/p>\n<p>3.\u53ef\u4e0e\u4e3b\u673a\u9065\u63a7\u7cfb\u7edf\u5171\u7528\u5b9e\u9a8c\u5ba4\u573a\u5730\uff1b<\/p>\n<p>4.\u914d\u76f8\u5173\u6280\u672f\u8d44\u6599\u6216\u8bf4\u660e\u4e66\u3002<\/p>","protected":false},"excerpt":{"rendered":"<p>\u673a\u8231\u76d1\u6d4b\u62a5\u8b66\u7cfb\u7edf &nbsp; \u6cd5\u5f8b\u4f9d\u636e\uff1a\u300a\u4e2d\u534e\u4eba\u6c11\u5171\u548c\u56fd\u8239\u5458\u57f9\u8bad\u7ba1\u7406\u89c4\u5219\u300b\uff08\u4ea4\u901a\u8fd0\u8f93\u90e8\u4ee4 2019 \u5e74\u7b2c 5&hellip;<\/p>","protected":false},"featured_media":14505,"comment_status":"open","ping_status":"closed","template":"","meta":[],"product_brand":[],"product_cat":[43],"product_tag":[450,444,336,430],"class_list":{"0":"post-14954","1":"product","2":"type-product","3":"status-publish","4":"has-post-thumbnail","6":"product_cat-zonghejicang","7":"product_tag-keyunxingchaiyouji","8":"product_tag-zonghejicang","9":"product_tag-chuanyuanpeixunshebei","10":"product_tag-lunjizhangdaguanlunsanguanlunpeixunshebei","11":"description-off","13":"first","14":"instock","15":"taxable","16":"shipping-taxable","17":"purchasable","18":"product-type-simple"},"_links":{"self":[{"href":"http:\/\/www.erun-tech.com\/es\/wp-json\/wp\/v2\/product\/14954","targetHints":{"allow":["GET"]}}],"collection":[{"href":"http:\/\/www.erun-tech.com\/es\/wp-json\/wp\/v2\/product"}],"about":[{"href":"http:\/\/www.erun-tech.com\/es\/wp-json\/wp\/v2\/types\/product"}],"replies":[{"embeddable":true,"href":"http:\/\/www.erun-tech.com\/es\/wp-json\/wp\/v2\/comments?post=14954"}],"wp:featuredmedia":[{"embeddable":true,"href":"http:\/\/www.erun-tech.com\/es\/wp-json\/wp\/v2\/media\/14505"}],"wp:attachment":[{"href":"http:\/\/www.erun-tech.com\/es\/wp-json\/wp\/v2\/media?parent=14954"}],"wp:term":[{"taxonomy":"product_brand","embeddable":true,"href":"http:\/\/www.erun-tech.com\/es\/wp-json\/wp\/v2\/product_brand?post=14954"},{"taxonomy":"product_cat","embeddable":true,"href":"http:\/\/www.erun-tech.com\/es\/wp-json\/wp\/v2\/product_cat?post=14954"},{"taxonomy":"product_tag","embeddable":true,"href":"http:\/\/www.erun-tech.com\/es\/wp-json\/wp\/v2\/product_tag?post=14954"}],"curies":[{"name":"wp","href":"https:\/\/api.w.org\/{rel}","templated":true}]}}