{"id":14959,"date":"2024-03-26T11:22:29","date_gmt":"2024-03-26T03:22:29","guid":{"rendered":"http:\/\/www.erun-tech.com\/?post_type=product&#038;p=14959"},"modified":"2024-03-27T21:07:59","modified_gmt":"2024-03-27T13:07:59","slug":"erchongchengchaiyoujiguanjianzujian","status":"publish","type":"product","link":"http:\/\/www.erun-tech.com\/es\/product\/erchongchengchaiyoujiguanjianzujian","title":{"rendered":"Componentes clave de los motores di\u00e9sel de dos tiempos"},"content":{"rendered":"<h2><\/h2>\n<h2 style=\"text-align: center;\">Componentes clave de los motores di\u00e9sel de dos tiempos<\/h2>\n<p>&nbsp;<\/p>\n<p><strong>Base jur\u00eddica: Normativa sobre la administraci\u00f3n de la formaci\u00f3n de la gente de mar de la Rep\u00fablica Popular China (Orden n.\u00ba 5 del Ministerio de Transporte, 2019).<\/strong><\/p>\n<p><strong>Categor\u00eda de producto: \u00c1rea de formaci\u00f3n en desmontaje y montaje<\/strong><\/p>\n<p><strong><strong>\u4ea7\u54c1\u540d\u79f0\uff1a\u4e8c\u51b2\u7a0b\u67f4\u6cb9\u673a\u5173\u952e\u7ec4\u4ef6<\/strong><\/strong><\/p>\n<p><strong>Requisitos funcionales: Cumplir con los requisitos del programa de formaci\u00f3n.<\/strong><\/p>\n<p><strong>Cantidad especificada: 2 juegos<\/strong><\/p>\n<p>&nbsp;<\/p>\n<p>&nbsp;<\/p>\n<p>\u7f38\u5f84250\u6beb\u7c73\u6216\u4ee5\u4e0a\u4e8c\u51b2\u7a0b\u67f4\u6cb9\u673a\u76f8\u5173\u90e8\u4ef6\uff08\u542b\u6d3b\u585e\u3001\u7f38\u5957\u3001\u8fde\u6746\u3001\u5341\u5b57\u5934\u3001\u6ed1\u5757\uff09\uff0c\u5e76\u914d\u7f6e\u5185\u3001\u5916\u5f84\u5343\u5206\u5c3a\u3001\u91cf\u7f38\u8868\u3001\u585e\u5c3a\u3001\u626d\u77e9\u6273\u624b\u7b49\u62c6\u88c5\u5de5\u5177\u548c\u91cf\u5177\u3002\u6240\u6709\u8bbe\u5907\u7684\u5b89\u653e\u5e94\u80fd\u6ee1\u8db3\u57f9\u8bad\u6559\u5b66\u8981\u6c42\u3002<\/p>\n<p>\u5907\u6ce8\uff1a\u4e8c\u624b\u8bbe\u5907<\/p>","protected":false},"excerpt":{"rendered":"<p>\u4e8c\u51b2\u7a0b\u67f4\u6cb9\u673a\u5173\u952e\u7ec4\u4ef6 &nbsp; \u6cd5\u5f8b\u4f9d\u636e\uff1a\u300a\u4e2d\u534e\u4eba\u6c11\u5171\u548c\u56fd\u8239\u5458\u57f9\u8bad\u7ba1\u7406\u89c4\u5219\u300b\uff08\u4ea4\u901a\u8fd0\u8f93\u90e8\u4ee4 2019 \u5e74\u7b2c&hellip;<\/p>","protected":false},"featured_media":14505,"comment_status":"open","ping_status":"closed","template":"","meta":[],"product_brand":[],"product_cat":[316],"product_tag":[454,453,336,430],"class_list":{"0":"post-14959","1":"product","2":"type-product","3":"status-publish","4":"has-post-thumbnail","6":"product_cat-chaizhuangshixunshi","7":"product_tag-erchongchengchaiyoujiguanjianzujian","8":"product_tag-zhibanjigong","9":"product_tag-chuanyuanpeixunshebei","10":"product_tag-lunjizhangdaguanlunsanguanlunpeixunshebei","11":"description-off","13":"first","14":"instock","15":"taxable","16":"shipping-taxable","17":"purchasable","18":"product-type-simple"},"_links":{"self":[{"href":"http:\/\/www.erun-tech.com\/es\/wp-json\/wp\/v2\/product\/14959","targetHints":{"allow":["GET"]}}],"collection":[{"href":"http:\/\/www.erun-tech.com\/es\/wp-json\/wp\/v2\/product"}],"about":[{"href":"http:\/\/www.erun-tech.com\/es\/wp-json\/wp\/v2\/types\/product"}],"replies":[{"embeddable":true,"href":"http:\/\/www.erun-tech.com\/es\/wp-json\/wp\/v2\/comments?post=14959"}],"wp:featuredmedia":[{"embeddable":true,"href":"http:\/\/www.erun-tech.com\/es\/wp-json\/wp\/v2\/media\/14505"}],"wp:attachment":[{"href":"http:\/\/www.erun-tech.com\/es\/wp-json\/wp\/v2\/media?parent=14959"}],"wp:term":[{"taxonomy":"product_brand","embeddable":true,"href":"http:\/\/www.erun-tech.com\/es\/wp-json\/wp\/v2\/product_brand?post=14959"},{"taxonomy":"product_cat","embeddable":true,"href":"http:\/\/www.erun-tech.com\/es\/wp-json\/wp\/v2\/product_cat?post=14959"},{"taxonomy":"product_tag","embeddable":true,"href":"http:\/\/www.erun-tech.com\/es\/wp-json\/wp\/v2\/product_tag?post=14959"}],"curies":[{"name":"wp","href":"https:\/\/api.w.org\/{rel}","templated":true}]}}