{"id":14967,"date":"2024-03-26T15:37:31","date_gmt":"2024-03-26T07:37:31","guid":{"rendered":"http:\/\/www.erun-tech.com\/?post_type=product&#038;p=14967"},"modified":"2024-03-27T21:09:09","modified_gmt":"2024-03-27T13:09:09","slug":"guolugeishuifashuiweijianquanfaxiefangfa","status":"publish","type":"product","link":"http:\/\/www.erun-tech.com\/es\/product\/guolugeishuifashuiweijianquanfaxiefangfa","title":{"rendered":"V\u00e1lvulas de alimentaci\u00f3n de calderas, indicadores de nivel de agua, v\u00e1lvulas de seguridad, v\u00e1lvulas de alivio."},"content":{"rendered":"<h2><\/h2>\n<h2 style=\"text-align: center;\">V\u00e1lvulas de alimentaci\u00f3n de calderas, indicadores de nivel de agua, v\u00e1lvulas de seguridad, v\u00e1lvulas de alivio.<\/h2>\n<p>&nbsp;<\/p>\n<p><strong>Base jur\u00eddica: Normativa sobre la administraci\u00f3n de la formaci\u00f3n de la gente de mar de la Rep\u00fablica Popular China (Orden n.\u00ba 5 del Ministerio de Transporte, 2019).<\/strong><\/p>\n<p><strong>Categor\u00eda de producto: \u00c1rea de formaci\u00f3n en desmontaje y montaje<\/strong><\/p>\n<p><strong><strong>\u4ea7\u54c1\u540d\u79f0\uff1a\u9505\u7089\u7ed9\u6c34\u9600\u3001\u6c34\u4f4d\u8ba1\u3001\u5b89\u5168\u9600\u3001\u6cc4\u653e\u9600<\/strong><\/strong><\/p>\n<p><strong>Requisitos funcionales: Cumplir con los requisitos del programa de formaci\u00f3n.<\/strong><\/p>\n<p><strong>\u89c4\u5b9a\u6570\u91cf\uff1a\u54042\u5957<\/strong><\/p>\n<p>&nbsp;<\/p>\n<p>&nbsp;<\/p>\n<p>\u9505\u7089\u7ed9\u6c34\u9600\u5e94\u662f\u622a\u6b62\u6b62\u56de\u9600\uff0c\u5177\u6709\u5b8c\u6574\u7684\u7ed3\u6784\uff1b\u6c34\u4f4d\u8ba1\u5e94\u4e3a\u73bb\u7483\u7ba1\u6c34\u4f4d\u8ba1\u6216\u73bb\u7483\u677f\u5f0f\u6c34\u4f4d\u8ba1\uff0c\u5177\u6709\u5b8c\u6574\u7684\u7ed3\u6784\uff1b\u5b89\u5168\u9600\u5e94\u662f\u4e24\u9600\u5171\u4e00\u4f53\u7684\u7ed3\u6784\u6216\u662f\u88c5\u6709\u63d0\u5347\u76d8\u7684\u76f4\u63a5\u4f5c\u7528\u5f0f\u5b89\u5168\u9600\uff1b\u6cc4\u653e\u9600\u5e94\u5177\u6709\u5b8c\u6574\u7684\u7ed3\u6784<\/p>\n<p>&nbsp;<\/p>","protected":false},"excerpt":{"rendered":"<p>\u9505\u7089\u7ed9\u6c34\u9600\u3001\u6c34\u4f4d\u8ba1\u3001\u5b89\u5168\u9600\u3001\u6cc4\u653e\u9600 &nbsp; \u6cd5\u5f8b\u4f9d\u636e\uff1a\u300a\u4e2d\u534e\u4eba\u6c11\u5171\u548c\u56fd\u8239\u5458\u57f9\u8bad\u7ba1\u7406\u89c4\u5219\u300b\uff08\u4ea4\u901a\u8fd0\u8f93\u90e8\u4ee4 &hellip;<\/p>","protected":false},"featured_media":14505,"comment_status":"open","ping_status":"closed","template":"","meta":[],"product_brand":[],"product_cat":[316],"product_tag":[453,465,464,466,336,430,463],"class_list":{"0":"post-14967","1":"product","2":"type-product","3":"status-publish","4":"has-post-thumbnail","6":"product_cat-chaizhuangshixunshi","7":"product_tag-zhibanjigong","8":"product_tag-anquanfa","9":"product_tag-shuiweiji","10":"product_tag-xiefangfa","11":"product_tag-chuanyuanpeixunshebei","12":"product_tag-lunjizhangdaguanlunsanguanlunpeixunshebei","13":"product_tag-guolugeishuifa","14":"description-off","16":"first","17":"instock","18":"taxable","19":"shipping-taxable","20":"purchasable","21":"product-type-simple"},"_links":{"self":[{"href":"http:\/\/www.erun-tech.com\/es\/wp-json\/wp\/v2\/product\/14967","targetHints":{"allow":["GET"]}}],"collection":[{"href":"http:\/\/www.erun-tech.com\/es\/wp-json\/wp\/v2\/product"}],"about":[{"href":"http:\/\/www.erun-tech.com\/es\/wp-json\/wp\/v2\/types\/product"}],"replies":[{"embeddable":true,"href":"http:\/\/www.erun-tech.com\/es\/wp-json\/wp\/v2\/comments?post=14967"}],"wp:featuredmedia":[{"embeddable":true,"href":"http:\/\/www.erun-tech.com\/es\/wp-json\/wp\/v2\/media\/14505"}],"wp:attachment":[{"href":"http:\/\/www.erun-tech.com\/es\/wp-json\/wp\/v2\/media?parent=14967"}],"wp:term":[{"taxonomy":"product_brand","embeddable":true,"href":"http:\/\/www.erun-tech.com\/es\/wp-json\/wp\/v2\/product_brand?post=14967"},{"taxonomy":"product_cat","embeddable":true,"href":"http:\/\/www.erun-tech.com\/es\/wp-json\/wp\/v2\/product_cat?post=14967"},{"taxonomy":"product_tag","embeddable":true,"href":"http:\/\/www.erun-tech.com\/es\/wp-json\/wp\/v2\/product_tag?post=14967"}],"curies":[{"name":"wp","href":"https:\/\/api.w.org\/{rel}","templated":true}]}}