{"id":14978,"date":"2024-03-26T15:51:02","date_gmt":"2024-03-26T07:51:02","guid":{"rendered":"http:\/\/www.erun-tech.com\/?post_type=product&#038;p=14978"},"modified":"2024-03-27T21:10:29","modified_gmt":"2024-03-27T13:10:29","slug":"changyongmifengjimifengdianpianhemifengtianliao","status":"publish","type":"product","link":"http:\/\/www.erun-tech.com\/es\/product\/changyongmifengjimifengdianpianhemifengtianliao","title":{"rendered":"Selladores, juntas y materiales de embalaje de uso com\u00fan."},"content":{"rendered":"<h2><\/h2>\n<h2 style=\"text-align: center;\">Selladores, juntas y materiales de embalaje de uso com\u00fan.<\/h2>\n<p>&nbsp;<\/p>\n<p><strong>Base jur\u00eddica: Normativa sobre la administraci\u00f3n de la formaci\u00f3n de la gente de mar de la Rep\u00fablica Popular China (Orden n.\u00ba 5 del Ministerio de Transporte, 2019).<\/strong><\/p>\n<p><strong>Categor\u00eda de producto: \u00c1rea de formaci\u00f3n en desmontaje y montaje<\/strong><\/p>\n<p><strong><strong>Nombre del producto: Selladores, juntas y materiales de empaquetadura de uso com\u00fan<\/strong><\/strong><\/p>\n<p><strong>Requisitos funcionales: Cumplir con los requisitos del programa de formaci\u00f3n.<\/strong><\/p>\n<p><strong>Cantidad especificada: 5 juegos<\/strong><\/p>\n<p>&nbsp;<\/p>\n<p>Tipos comunes de selladores, juntas hidr\u00e1ulicas y cintas sellantes; tipos comunes de juntas no met\u00e1licas, juntas de metales no ferrosos, juntas met\u00e1licas y juntas semimet\u00e1licas; tipos comunes de juntas t\u00f3ricas, empaquetaduras, sellos mec\u00e1nicos, sellos de aceite y sellos laber\u00ednticos.<\/p>\n<p>&nbsp;<\/p>\n<p>&nbsp;<\/p>\n<p>&nbsp;<\/p>\n<p>&nbsp;<\/p>","protected":false},"excerpt":{"rendered":"<p>\u5e38\u7528\u5bc6\u5c01\u5242\u3001\u5bc6\u5c01\u57ab\u7247\u548c\u5bc6\u5c01\u586b\u6599 &nbsp; \u6cd5\u5f8b\u4f9d\u636e\uff1a\u300a\u4e2d\u534e\u4eba\u6c11\u5171\u548c\u56fd\u8239\u5458\u57f9\u8bad\u7ba1\u7406\u89c4\u5219\u300b\uff08\u4ea4\u901a\u8fd0\u8f93\u90e8\u4ee4 20&hellip;<\/p>","protected":false},"featured_media":14505,"comment_status":"open","ping_status":"closed","template":"","meta":[],"product_brand":[],"product_cat":[316],"product_tag":[453,336,477,430],"class_list":{"0":"post-14978","1":"product","2":"type-product","3":"status-publish","4":"has-post-thumbnail","6":"product_cat-chaizhuangshixunshi","7":"product_tag-zhibanjigong","8":"product_tag-chuanyuanpeixunshebei","9":"product_tag-lunjiguanxifajian","10":"product_tag-lunjizhangdaguanlunsanguanlunpeixunshebei","11":"description-off","13":"first","14":"instock","15":"taxable","16":"shipping-taxable","17":"purchasable","18":"product-type-simple"},"_links":{"self":[{"href":"http:\/\/www.erun-tech.com\/es\/wp-json\/wp\/v2\/product\/14978","targetHints":{"allow":["GET"]}}],"collection":[{"href":"http:\/\/www.erun-tech.com\/es\/wp-json\/wp\/v2\/product"}],"about":[{"href":"http:\/\/www.erun-tech.com\/es\/wp-json\/wp\/v2\/types\/product"}],"replies":[{"embeddable":true,"href":"http:\/\/www.erun-tech.com\/es\/wp-json\/wp\/v2\/comments?post=14978"}],"wp:featuredmedia":[{"embeddable":true,"href":"http:\/\/www.erun-tech.com\/es\/wp-json\/wp\/v2\/media\/14505"}],"wp:attachment":[{"href":"http:\/\/www.erun-tech.com\/es\/wp-json\/wp\/v2\/media?parent=14978"}],"wp:term":[{"taxonomy":"product_brand","embeddable":true,"href":"http:\/\/www.erun-tech.com\/es\/wp-json\/wp\/v2\/product_brand?post=14978"},{"taxonomy":"product_cat","embeddable":true,"href":"http:\/\/www.erun-tech.com\/es\/wp-json\/wp\/v2\/product_cat?post=14978"},{"taxonomy":"product_tag","embeddable":true,"href":"http:\/\/www.erun-tech.com\/es\/wp-json\/wp\/v2\/product_tag?post=14978"}],"curies":[{"name":"wp","href":"https:\/\/api.w.org\/{rel}","templated":true}]}}