{"id":14987,"date":"2024-03-26T16:09:00","date_gmt":"2024-03-26T08:09:00","guid":{"rendered":"http:\/\/www.erun-tech.com\/?post_type=product&#038;p=14987"},"modified":"2024-03-27T20:53:19","modified_gmt":"2024-03-27T12:53:19","slug":"fangdandunpai-2","status":"publish","type":"product","link":"http:\/\/www.erun-tech.com\/es\/product\/fangdandunpai-2","title":{"rendered":"Escudo antibalas"},"content":{"rendered":"<h2><\/h2>\n<h2 style=\"text-align: center;\">Escudo antibalas<\/h2>\n<p>&nbsp;<\/p>\n<p><strong>Base jur\u00eddica: Medidas administrativas para la formaci\u00f3n en materia de seguridad del tr\u00e1fico mar\u00edtimo del personal de las instalaciones mar\u00edtimas de la Rep\u00fablica Popular China.<\/strong><\/p>\n<p><strong>Categor\u00eda de producto: Formaci\u00f3n en habilidades de seguridad mar\u00edtima<\/strong><\/p>\n<p><strong><strong>Nombre del producto: Escudo antibalas<\/strong><\/strong><\/p>\n<p><strong>Requisitos funcionales: Cumplir con los requisitos del programa de formaci\u00f3n.<\/strong><\/p>\n<p><strong>Cantidad especificada: 2<\/strong><\/p>\n<p>&nbsp;<\/p>\n<p>\u6750\u8d28\uff1a2.5mm\u539a\u5408\u91d1\u94a2<\/p>\n<p>\u900f\u660e\u89c2\u5bdf\u7a97\u53ef\u89c6\u5c3a\u5bf8\uff1a\u5bbd160mm\u00d7\u9ad850mm\uff1b<\/p>\n<p>\u91cd\u91cf\uff1a7.09kg<\/p>\n<p>\u9632\u62a4\u9762\u79ef\u4e3a\uff1a0.32m\u00b2\u3002<\/p>\n<p>&nbsp;<\/p>\n<p>&nbsp;<\/p>\n<p>&nbsp;<\/p>","protected":false},"excerpt":{"rendered":"<p>\u9632\u5f39\u76fe\u724c &nbsp; \u6cd5\u5f8b\u4f9d\u636e\uff1a\u300a\u4e2d\u534e\u4eba\u6c11\u5171\u548c\u56fd\u6d77\u4e0a\u8bbe\u65bd\u5de5\u4f5c\u4eba\u5458\u6d77\u4e0a\u4ea4\u901a\u5b89\u5168\u6280\u80fd\u57f9\u8bad\u7ba1\u7406\u529e\u6cd5\u300b \u4ea7\u54c1\u5206\u7c7b\uff1a\u6d77&hellip;<\/p>","protected":false},"featured_media":14988,"comment_status":"open","ping_status":"closed","template":"","meta":[],"product_brand":[],"product_cat":[322],"product_tag":[482],"class_list":{"0":"post-14987","1":"product","2":"type-product","3":"status-publish","4":"has-post-thumbnail","6":"product_cat-haishangjiaotonganquanjinengpeixun","7":"product_tag-haishangjiaotonganquanjinengpeixun","8":"description-off","10":"first","11":"instock","12":"taxable","13":"shipping-taxable","14":"purchasable","15":"product-type-simple"},"_links":{"self":[{"href":"http:\/\/www.erun-tech.com\/es\/wp-json\/wp\/v2\/product\/14987","targetHints":{"allow":["GET"]}}],"collection":[{"href":"http:\/\/www.erun-tech.com\/es\/wp-json\/wp\/v2\/product"}],"about":[{"href":"http:\/\/www.erun-tech.com\/es\/wp-json\/wp\/v2\/types\/product"}],"replies":[{"embeddable":true,"href":"http:\/\/www.erun-tech.com\/es\/wp-json\/wp\/v2\/comments?post=14987"}],"wp:featuredmedia":[{"embeddable":true,"href":"http:\/\/www.erun-tech.com\/es\/wp-json\/wp\/v2\/media\/14988"}],"wp:attachment":[{"href":"http:\/\/www.erun-tech.com\/es\/wp-json\/wp\/v2\/media?parent=14987"}],"wp:term":[{"taxonomy":"product_brand","embeddable":true,"href":"http:\/\/www.erun-tech.com\/es\/wp-json\/wp\/v2\/product_brand?post=14987"},{"taxonomy":"product_cat","embeddable":true,"href":"http:\/\/www.erun-tech.com\/es\/wp-json\/wp\/v2\/product_cat?post=14987"},{"taxonomy":"product_tag","embeddable":true,"href":"http:\/\/www.erun-tech.com\/es\/wp-json\/wp\/v2\/product_tag?post=14987"}],"curies":[{"name":"wp","href":"https:\/\/api.w.org\/{rel}","templated":true}]}}