{"id":14995,"date":"2024-03-26T16:18:53","date_gmt":"2024-03-26T08:18:53","guid":{"rendered":"http:\/\/www.erun-tech.com\/?post_type=product&#038;p=14995"},"modified":"2024-03-27T20:53:54","modified_gmt":"2024-03-27T12:53:54","slug":"qianshuiyongju","status":"publish","type":"product","link":"http:\/\/www.erun-tech.com\/es\/product\/qianshuiyongju","title":{"rendered":"equipo de buceo"},"content":{"rendered":"<h2><\/h2>\n<h2 style=\"text-align: center;\">equipo de buceo<\/h2>\n<p>&nbsp;<\/p>\n<p><strong>Base jur\u00eddica: Medidas administrativas para la formaci\u00f3n en materia de seguridad del tr\u00e1fico mar\u00edtimo del personal de las instalaciones mar\u00edtimas de la Rep\u00fablica Popular China.<\/strong><\/p>\n<p><strong>Categor\u00eda de producto: Formaci\u00f3n en habilidades de seguridad mar\u00edtima<\/strong><\/p>\n<p><strong><strong>\u4ea7\u54c1\u540d\u79f0\uff1a\u6f5c\u6c34\u7528\u5177<\/strong><\/strong><\/p>\n<p><strong>Requisitos funcionales: Cumplir con los requisitos del programa de formaci\u00f3n.<\/strong><\/p>\n<p><strong>Cantidad especificada: 4 juegos<\/strong><\/p>\n<p>&nbsp;<\/p>\n<p>\u5305\u542b\u8f6f\u7ba1\u3001\u8fc7\u6ee4\u88c5\u7f6e\u3001\u547c\u5438\u5668\u3001\u9762\u955c\u3001\u6f5c\u6c34\u8863\u3001\u94c5\u5757\u3001\u811a\u8e7c \u3001CBD\u6d6e\u529b\u80cc\u5fc3\uff0c\u6c14\u74f6\uff0c\u4e09\u8fde\u8868\uff0c\u7ef4\u4fee\u5de5\u5177\u7b49\u9f50\u5168\u3002<\/p>\n<p>&nbsp;<\/p>\n<p>&nbsp;<\/p>\n<p>&nbsp;<\/p>","protected":false},"excerpt":{"rendered":"<p>\u6f5c\u6c34\u7528\u5177 &nbsp; \u6cd5\u5f8b\u4f9d\u636e\uff1a\u300a\u4e2d\u534e\u4eba\u6c11\u5171\u548c\u56fd\u6d77\u4e0a\u8bbe\u65bd\u5de5\u4f5c\u4eba\u5458\u6d77\u4e0a\u4ea4\u901a\u5b89\u5168\u6280\u80fd\u57f9\u8bad\u7ba1\u7406\u529e\u6cd5\u300b \u4ea7\u54c1\u5206\u7c7b\uff1a\u6d77&hellip;<\/p>","protected":false},"featured_media":14996,"comment_status":"open","ping_status":"closed","template":"","meta":[],"product_brand":[],"product_cat":[322],"product_tag":[482],"class_list":{"0":"post-14995","1":"product","2":"type-product","3":"status-publish","4":"has-post-thumbnail","6":"product_cat-haishangjiaotonganquanjinengpeixun","7":"product_tag-haishangjiaotonganquanjinengpeixun","8":"description-off","10":"first","11":"instock","12":"taxable","13":"shipping-taxable","14":"purchasable","15":"product-type-simple"},"_links":{"self":[{"href":"http:\/\/www.erun-tech.com\/es\/wp-json\/wp\/v2\/product\/14995","targetHints":{"allow":["GET"]}}],"collection":[{"href":"http:\/\/www.erun-tech.com\/es\/wp-json\/wp\/v2\/product"}],"about":[{"href":"http:\/\/www.erun-tech.com\/es\/wp-json\/wp\/v2\/types\/product"}],"replies":[{"embeddable":true,"href":"http:\/\/www.erun-tech.com\/es\/wp-json\/wp\/v2\/comments?post=14995"}],"wp:featuredmedia":[{"embeddable":true,"href":"http:\/\/www.erun-tech.com\/es\/wp-json\/wp\/v2\/media\/14996"}],"wp:attachment":[{"href":"http:\/\/www.erun-tech.com\/es\/wp-json\/wp\/v2\/media?parent=14995"}],"wp:term":[{"taxonomy":"product_brand","embeddable":true,"href":"http:\/\/www.erun-tech.com\/es\/wp-json\/wp\/v2\/product_brand?post=14995"},{"taxonomy":"product_cat","embeddable":true,"href":"http:\/\/www.erun-tech.com\/es\/wp-json\/wp\/v2\/product_cat?post=14995"},{"taxonomy":"product_tag","embeddable":true,"href":"http:\/\/www.erun-tech.com\/es\/wp-json\/wp\/v2\/product_tag?post=14995"}],"curies":[{"name":"wp","href":"https:\/\/api.w.org\/{rel}","templated":true}]}}