{"id":14997,"date":"2024-03-26T16:20:19","date_gmt":"2024-03-26T08:20:19","guid":{"rendered":"http:\/\/www.erun-tech.com\/?post_type=product&#038;p=14997"},"modified":"2024-03-27T22:47:16","modified_gmt":"2024-03-27T14:47:16","slug":"yiyongyangqiping","status":"publish","type":"product","link":"http:\/\/www.erun-tech.com\/es\/product\/yiyongyangqiping","title":{"rendered":"Botella de ox\u00edgeno m\u00e9dico"},"content":{"rendered":"<h2><\/h2>\n<h2 style=\"text-align: center;\">Botella de ox\u00edgeno m\u00e9dico<\/h2>\n<p>&nbsp;<\/p>\n<p><strong>Base jur\u00eddica: Medidas administrativas para la formaci\u00f3n en materia de seguridad del tr\u00e1fico mar\u00edtimo del personal de las instalaciones mar\u00edtimas de la Rep\u00fablica Popular China.<\/strong><\/p>\n<p><strong>Categor\u00eda de producto: Formaci\u00f3n en habilidades de seguridad mar\u00edtima<\/strong><\/p>\n<p><strong><strong>\u4ea7\u54c1\u540d\u79f0\uff1a\u533b\u7528\u6c27\u6c14\u74f6<\/strong><\/strong><\/p>\n<p><strong>Requisitos funcionales: Cumplir con los requisitos del programa de formaci\u00f3n.<\/strong><\/p>\n<p><strong>Cantidad especificada: 1 juego<\/strong><\/p>\n<p>&nbsp;<\/p>\n<p>\u4ea7\u54c1\u540d\u79f010\u5347\u94a2\u8d28\u65e0\u7f1d\u6c14\u74f6<\/p>\n<p>\u5916\u5f84\uff1a152MM<\/p>\n<p>\u9ad8\u5ea6(\u4e0d\u542b\u9600\u95e8) 710MM<\/p>\n<p>\u9ad8\u5ea6(\u542b\u9600\u95e8) 820MM<\/p>\n<p>\u91cd\u91cf13.5KG<\/p>\n<p>\u4f7f\u7528\u73af\u5883\u6e29\u5ea6-20\u81f360\u00b0C<\/p>\n<p>\u516c\u79f0\u5de5\u4f5c\u538b\u529b15MPA<\/p>\n<p>\u6c34\u538b\u8bd5\u9a8c\u538b\u529b22 .5MPA<\/p>\n<p>\u6c14\u5bc6\u8bd5\u9a8c\u538b\u529b15MPA<\/p>\n<p>\u5145\u88c5\u4ecb\u8d28\uff1a\u6c38\u4e45\u6c14\u4f53\u3001\u9ad8\u538b\u6db2\u5316\u6c14\u4f53<\/p>\n<p>\u516c\u79f0\u5bb9\u79ef10L<\/p>\n<p>\u4e3b\u4f53\u6750\u659937MN (\u9530\u94a2)<\/p>\n<p>&nbsp;<\/p>\n<p>&nbsp;<\/p>\n<p>&nbsp;<\/p>","protected":false},"excerpt":{"rendered":"<p>\u533b\u7528\u6c27\u6c14\u74f6 &nbsp; \u6cd5\u5f8b\u4f9d\u636e\uff1a\u300a\u4e2d\u534e\u4eba\u6c11\u5171\u548c\u56fd\u6d77\u4e0a\u8bbe\u65bd\u5de5\u4f5c\u4eba\u5458\u6d77\u4e0a\u4ea4\u901a\u5b89\u5168\u6280\u80fd\u57f9\u8bad\u7ba1\u7406\u529e\u6cd5\u300b \u4ea7\u54c1\u5206\u7c7b\uff1a&hellip;<\/p>","protected":false},"featured_media":15027,"comment_status":"open","ping_status":"closed","template":"","meta":[],"product_brand":[],"product_cat":[322],"product_tag":[482],"class_list":{"0":"post-14997","1":"product","2":"type-product","3":"status-publish","4":"has-post-thumbnail","6":"product_cat-haishangjiaotonganquanjinengpeixun","7":"product_tag-haishangjiaotonganquanjinengpeixun","8":"description-off","10":"first","11":"instock","12":"taxable","13":"shipping-taxable","14":"purchasable","15":"product-type-simple"},"_links":{"self":[{"href":"http:\/\/www.erun-tech.com\/es\/wp-json\/wp\/v2\/product\/14997","targetHints":{"allow":["GET"]}}],"collection":[{"href":"http:\/\/www.erun-tech.com\/es\/wp-json\/wp\/v2\/product"}],"about":[{"href":"http:\/\/www.erun-tech.com\/es\/wp-json\/wp\/v2\/types\/product"}],"replies":[{"embeddable":true,"href":"http:\/\/www.erun-tech.com\/es\/wp-json\/wp\/v2\/comments?post=14997"}],"wp:featuredmedia":[{"embeddable":true,"href":"http:\/\/www.erun-tech.com\/es\/wp-json\/wp\/v2\/media\/15027"}],"wp:attachment":[{"href":"http:\/\/www.erun-tech.com\/es\/wp-json\/wp\/v2\/media?parent=14997"}],"wp:term":[{"taxonomy":"product_brand","embeddable":true,"href":"http:\/\/www.erun-tech.com\/es\/wp-json\/wp\/v2\/product_brand?post=14997"},{"taxonomy":"product_cat","embeddable":true,"href":"http:\/\/www.erun-tech.com\/es\/wp-json\/wp\/v2\/product_cat?post=14997"},{"taxonomy":"product_tag","embeddable":true,"href":"http:\/\/www.erun-tech.com\/es\/wp-json\/wp\/v2\/product_tag?post=14997"}],"curies":[{"name":"wp","href":"https:\/\/api.w.org\/{rel}","templated":true}]}}