{"id":15005,"date":"2024-03-26T16:27:21","date_gmt":"2024-03-26T08:27:21","guid":{"rendered":"http:\/\/www.erun-tech.com\/?post_type=product&#038;p=15005"},"modified":"2024-03-27T23:01:46","modified_gmt":"2024-03-27T15:01:46","slug":"zairendiaolong","status":"publish","type":"product","link":"http:\/\/www.erun-tech.com\/es\/product\/zairendiaolong","title":{"rendered":"Jaula para transportar personas"},"content":{"rendered":"<h2><\/h2>\n<h2 style=\"text-align: center;\">Jaula para transportar personas<\/h2>\n<p>&nbsp;<\/p>\n<p><strong>Base jur\u00eddica: Medidas administrativas para la formaci\u00f3n en materia de seguridad del tr\u00e1fico mar\u00edtimo del personal de las instalaciones mar\u00edtimas de la Rep\u00fablica Popular China.<\/strong><\/p>\n<p><strong>Categor\u00eda de producto: Formaci\u00f3n en habilidades de seguridad mar\u00edtima<\/strong><\/p>\n<p><strong><strong>Nombre del producto: Jaula tripulada<\/strong><\/strong><\/p>\n<p><strong>Requisitos funcionales: Cumplir con los requisitos del programa de formaci\u00f3n.<\/strong><\/p>\n<p><strong>Cantidad especificada: 1 juego<\/strong><\/p>\n<p>&nbsp;<\/p>\n<table border=\"1\" width=\"100%\" cellspacing=\"0\" cellpadding=\"0\">\n<tbody>\n<tr bgcolor=\"#b3e3e3\">\n<td align=\"center\">marca<\/td>\n<td colspan=\"2\" align=\"center\">Jaula tripulada en plataforma petrol\u00edfera en alta mar<\/td>\n<\/tr>\n<tr>\n<td align=\"center\">Modelo<\/td>\n<td colspan=\"2\" align=\"center\">TD-\u2160(sin elevador) TD-\u2161(con elevador)<\/td>\n<\/tr>\n<tr>\n<td rowspan=\"7\" align=\"center\" valign=\"middle\">Par\u00e1metros principales<\/td>\n<td align=\"center\" bgcolor=\"#b3e3e3\">anillas colgantes (gimnasia)<\/td>\n<td align=\"center\" bgcolor=\"#b3e3e3\">\u03a624mm acero redondo Di\u00e1metro interior 140mm<\/td>\n<\/tr>\n<tr>\n<td align=\"center\">Cable de acero para eslingas<\/td>\n<td align=\"center\">6\u00d737 Fuerza de rotura\u2265129,4kN<\/td>\n<\/tr>\n<tr>\n<td align=\"center\" bgcolor=\"#b3e3e3\">una cuerda y una red<\/td>\n<td align=\"center\" bgcolor=\"#b3e3e3\">\u03a620mm cuerda de polipropileno (polipropileno) de tres hebras Resistencia a la rotura \u226546,4kN<\/td>\n<\/tr>\n<tr>\n<td align=\"center\">Capacidad nominal<\/td>\n<td align=\"center\">10 personas (825 kg)<\/td>\n<\/tr>\n<tr>\n<td align=\"center\" bgcolor=\"#b3e3e3\">Capacidad de carga adicional<\/td>\n<td align=\"center\" bgcolor=\"#b3e3e3\">100 kg<\/td>\n<\/tr>\n<tr>\n<td align=\"center\">flotabilidad<\/td>\n<td align=\"center\">Suficiente para hacer flotar a cinco personas.<\/td>\n<\/tr>\n<tr>\n<td align=\"center\" bgcolor=\"#b3e3e3\">factor de seguridad<\/td>\n<td align=\"center\" bgcolor=\"#b3e3e3\">5.2<\/td>\n<\/tr>\n<\/tbody>\n<\/table>\n<table border=\"0\" width=\"100%\" cellspacing=\"0\" cellpadding=\"0\">\n<tbody>\n<tr>\n<td><img decoding=\"async\" class=\"alignnone size-full wp-image-15007\" src=\"http:\/\/www.erun-tech.com\/wp-content\/uploads\/2024\/03\/pt.jpg\" alt=\"Jaula tripulada en plataforma petrol\u00edfera en alta mar\" width=\"220\" height=\"300\" title=\"\u8f7d\u4eba\u540a\u7b3c\u63d2\u56fe\" \/><\/td>\n<td>La jaula tripulada para plataforma petrol\u00edfera en alta mar ha sido desarrollada conjuntamente por nuestros investigadores y expertos del Instituto 708 de Shanghai. Se compone principalmente de cinco partes principales: eslinga, dispositivo estabilizador, anillo superior, red de cuerda y chasis (incluyendo tubo de acero redondo si hay tipo riser). El producto se utiliza principalmente para que los trabajadores petroleros suban y bajen de la plataforma. Se pueden personalizar especificaciones especiales seg\u00fan los requisitos del cliente.<\/td>\n<\/tr>\n<\/tbody>\n<\/table>\n<p>&nbsp;<\/p>\n<p>&nbsp;<\/p>\n<p>&nbsp;<\/p>","protected":false},"excerpt":{"rendered":"<p>\u8f7d\u4eba\u540a\u7b3c &nbsp; \u6cd5\u5f8b\u4f9d\u636e\uff1a\u300a\u4e2d\u534e\u4eba\u6c11\u5171\u548c\u56fd\u6d77\u4e0a\u8bbe\u65bd\u5de5\u4f5c\u4eba\u5458\u6d77\u4e0a\u4ea4\u901a\u5b89\u5168\u6280\u80fd\u57f9\u8bad\u7ba1\u7406\u529e\u6cd5\u300b \u4ea7\u54c1\u5206\u7c7b\uff1a\u6d77&hellip;<\/p>","protected":false},"featured_media":15031,"comment_status":"open","ping_status":"closed","template":"","meta":[],"product_brand":[],"product_cat":[322],"product_tag":[482],"class_list":{"0":"post-15005","1":"product","2":"type-product","3":"status-publish","4":"has-post-thumbnail","6":"product_cat-haishangjiaotonganquanjinengpeixun","7":"product_tag-haishangjiaotonganquanjinengpeixun","8":"description-off","10":"first","11":"instock","12":"taxable","13":"shipping-taxable","14":"purchasable","15":"product-type-simple"},"_links":{"self":[{"href":"http:\/\/www.erun-tech.com\/es\/wp-json\/wp\/v2\/product\/15005","targetHints":{"allow":["GET"]}}],"collection":[{"href":"http:\/\/www.erun-tech.com\/es\/wp-json\/wp\/v2\/product"}],"about":[{"href":"http:\/\/www.erun-tech.com\/es\/wp-json\/wp\/v2\/types\/product"}],"replies":[{"embeddable":true,"href":"http:\/\/www.erun-tech.com\/es\/wp-json\/wp\/v2\/comments?post=15005"}],"wp:featuredmedia":[{"embeddable":true,"href":"http:\/\/www.erun-tech.com\/es\/wp-json\/wp\/v2\/media\/15031"}],"wp:attachment":[{"href":"http:\/\/www.erun-tech.com\/es\/wp-json\/wp\/v2\/media?parent=15005"}],"wp:term":[{"taxonomy":"product_brand","embeddable":true,"href":"http:\/\/www.erun-tech.com\/es\/wp-json\/wp\/v2\/product_brand?post=15005"},{"taxonomy":"product_cat","embeddable":true,"href":"http:\/\/www.erun-tech.com\/es\/wp-json\/wp\/v2\/product_cat?post=15005"},{"taxonomy":"product_tag","embeddable":true,"href":"http:\/\/www.erun-tech.com\/es\/wp-json\/wp\/v2\/product_tag?post=15005"}],"curies":[{"name":"wp","href":"https:\/\/api.w.org\/{rel}","templated":true}]}}