{"id":15025,"date":"2024-03-27T22:42:19","date_gmt":"2024-03-27T14:42:19","guid":{"rendered":"http:\/\/www.erun-tech.com\/?post_type=product&#038;p=15025"},"modified":"2024-03-27T22:44:02","modified_gmt":"2024-03-27T14:44:02","slug":"shiyongyuchuanshanganquandebaohuzhuangzhi-2","status":"publish","type":"product","link":"http:\/\/www.erun-tech.com\/es\/product\/shiyongyuchuanshanganquandebaohuzhuangzhi-2","title":{"rendered":"Dispositivos de protecci\u00f3n para la seguridad a bordo de buques"},"content":{"rendered":"<h2><\/h2>\n<h2 style=\"text-align: center;\">Dispositivos de protecci\u00f3n para la seguridad a bordo de buques<\/h2>\n<p>&nbsp;<\/p>\n<p><strong>Base jur\u00eddica: Medidas administrativas para la formaci\u00f3n en materia de seguridad del tr\u00e1fico mar\u00edtimo del personal de las instalaciones mar\u00edtimas de la Rep\u00fablica Popular China.<\/strong><\/p>\n<p><strong>Categor\u00eda de producto: Formaci\u00f3n en habilidades de seguridad mar\u00edtima<\/strong><\/p>\n<p><strong><strong>Nombre del producto: Dispositivo de protecci\u00f3n para la seguridad a bordo de buques<\/strong><\/strong><\/p>\n<p><strong>Requisitos funcionales: Cumplir con los requisitos del programa de formaci\u00f3n.<\/strong><\/p>\n<p><strong>Cantidad especificada: 10 juegos<\/strong><\/p>\n<p>&nbsp;<\/p>\n<p>Equipo de protecci\u00f3n para la seguridad de los buques, incluyendo botas protectoras de ca\u00f1a alta, guantes protectores, mascarillas antipolvo, gafas herm\u00e9ticas, tapones para los o\u00eddos, arneses de seguridad y carteles murales que detallan los procedimientos operativos y las precauciones de seguridad para el equipo mencionado.<\/p>","protected":false},"excerpt":{"rendered":"<p>\u9002\u7528\u4e8e\u8239\u4e0a\u5b89\u5168\u7684\u4fdd\u62a4\u88c5\u7f6e &nbsp; \u6cd5\u5f8b\u4f9d\u636e\uff1a\u300a\u4e2d\u534e\u4eba\u6c11\u5171\u548c\u56fd\u6d77\u4e0a\u8bbe\u65bd\u5de5\u4f5c\u4eba\u5458\u6d77\u4e0a\u4ea4\u901a\u5b89\u5168\u6280\u80fd\u57f9\u8bad\u7ba1\u7406\u529e\u6cd5&hellip;<\/p>","protected":false},"featured_media":14505,"comment_status":"open","ping_status":"closed","template":"","meta":[],"product_brand":[],"product_cat":[322],"product_tag":[482,485],"class_list":{"0":"post-15025","1":"product","2":"type-product","3":"status-publish","4":"has-post-thumbnail","6":"product_cat-haishangjiaotonganquanjinengpeixun","7":"product_tag-haishangjiaotonganquanjinengpeixun","8":"product_tag-haishangsheshizhibanliaowangmoniqi","9":"description-off","11":"first","12":"instock","13":"taxable","14":"shipping-taxable","15":"purchasable","16":"product-type-simple"},"_links":{"self":[{"href":"http:\/\/www.erun-tech.com\/es\/wp-json\/wp\/v2\/product\/15025","targetHints":{"allow":["GET"]}}],"collection":[{"href":"http:\/\/www.erun-tech.com\/es\/wp-json\/wp\/v2\/product"}],"about":[{"href":"http:\/\/www.erun-tech.com\/es\/wp-json\/wp\/v2\/types\/product"}],"replies":[{"embeddable":true,"href":"http:\/\/www.erun-tech.com\/es\/wp-json\/wp\/v2\/comments?post=15025"}],"wp:featuredmedia":[{"embeddable":true,"href":"http:\/\/www.erun-tech.com\/es\/wp-json\/wp\/v2\/media\/14505"}],"wp:attachment":[{"href":"http:\/\/www.erun-tech.com\/es\/wp-json\/wp\/v2\/media?parent=15025"}],"wp:term":[{"taxonomy":"product_brand","embeddable":true,"href":"http:\/\/www.erun-tech.com\/es\/wp-json\/wp\/v2\/product_brand?post=15025"},{"taxonomy":"product_cat","embeddable":true,"href":"http:\/\/www.erun-tech.com\/es\/wp-json\/wp\/v2\/product_cat?post=15025"},{"taxonomy":"product_tag","embeddable":true,"href":"http:\/\/www.erun-tech.com\/es\/wp-json\/wp\/v2\/product_tag?post=15025"}],"curies":[{"name":"wp","href":"https:\/\/api.w.org\/{rel}","templated":true}]}}