{"id":2423,"date":"2019-07-09T16:41:29","date_gmt":"2019-07-09T08:41:29","guid":{"rendered":"http:\/\/www.eruntec.com\/?post_type=product&#038;p=2423"},"modified":"2024-03-27T22:04:19","modified_gmt":"2024-03-27T14:04:19","slug":"jiushengyi","status":"publish","type":"product","link":"http:\/\/www.erun-tech.com\/es\/product\/jiushengyi","title":{"rendered":"Material del chaleco salvavidas"},"content":{"rendered":"<h2 style=\"text-align: center;\">chaleco salvavidas<\/h2>\n<p>&nbsp;<\/p>\n<div><strong>Base jur\u00eddica: Normativa sobre la administraci\u00f3n de la formaci\u00f3n de la gente de mar de la Rep\u00fablica Popular China (Orden n.\u00ba 5 del Ministerio de Transporte, 2019).<\/strong><\/div>\n<div><strong>Categor\u00eda de producto: Sala de formaci\u00f3n b\u00e1sica en seguridad (Z01)<\/strong><\/div>\n<div><strong>\u4ea7\u54c1\u540d\u79f0\uff1a\u6551\u751f\u8863<\/strong><\/div>\n<div><strong>\u529f\u80fd\u8981\u6c42\uff1a\u7b26\u5408\u6d77\u8239\u8239\u7528\u6807\u51c6\u3002<\/strong><\/div>\n<div><strong>\u89c4\u5b9a\u6570\u91cf\uff1a40\u4ef6<\/strong><\/div>\n<div><\/div>\n<div><\/div>\n<div>\n<div>\n<p><strong><span style=\"color: #404040; font-size: xx-large;\"><img decoding=\"async\" class=\"alignnone size-full wp-image-14229\" src=\"http:\/\/www.erun-tech.com\/wp-content\/uploads\/2022\/03\/TB2ghi4ljuhSKJjSspmXXcQDpXa_153516265.jpg\" width=\"750\" height=\"35\" srcset=\"http:\/\/www.erun-tech.com\/wp-content\/uploads\/2022\/03\/TB2ghi4ljuhSKJjSspmXXcQDpXa_153516265.jpg 750w, http:\/\/www.erun-tech.com\/wp-content\/uploads\/2022\/03\/TB2ghi4ljuhSKJjSspmXXcQDpXa_153516265-600x28.jpg 600w, http:\/\/www.erun-tech.com\/wp-content\/uploads\/2022\/03\/TB2ghi4ljuhSKJjSspmXXcQDpXa_153516265-300x14.jpg 300w\" sizes=\"(max-width: 750px) 100vw, 750px\" title=\"\u6551\u751f\u8863\u6750\u8d28\u63d2\u56fe\" alt=\"\u6551\u751f\u8863\u6750\u8d28\u63d2\u56fe\" \/><img decoding=\"async\" class=\"alignnone size-full wp-image-14230\" src=\"http:\/\/www.erun-tech.com\/wp-content\/uploads\/2022\/03\/T2y3VKXIVaXXXXXXXX-153516265.gif\" width=\"750\" height=\"562\" title=\"\u6551\u751f\u8863\u6750\u8d28\u63d2\u56fe1\" alt=\"\u6551\u751f\u8863\u6750\u8d28\u63d2\u56fe1\" \/><img decoding=\"async\" class=\"alignnone size-full wp-image-14231\" src=\"http:\/\/www.erun-tech.com\/wp-content\/uploads\/2022\/03\/O1CN01U6albv1w9PrGLAFPD_153516265.jpg\" width=\"750\" height=\"568\" srcset=\"http:\/\/www.erun-tech.com\/wp-content\/uploads\/2022\/03\/O1CN01U6albv1w9PrGLAFPD_153516265.jpg 750w, http:\/\/www.erun-tech.com\/wp-content\/uploads\/2022\/03\/O1CN01U6albv1w9PrGLAFPD_153516265-600x454.jpg 600w, http:\/\/www.erun-tech.com\/wp-content\/uploads\/2022\/03\/O1CN01U6albv1w9PrGLAFPD_153516265-300x227.jpg 300w\" sizes=\"(max-width: 750px) 100vw, 750px\" title=\"\u6551\u751f\u8863\u6750\u8d28\u63d2\u56fe2\" alt=\"\u6551\u751f\u8863\u6750\u8d28\u63d2\u56fe2\" \/><\/span><\/strong><strong><span style=\"color: #404040; font-size: xx-large;\"><img decoding=\"async\" class=\"alignnone size-full wp-image-14232\" src=\"http:\/\/www.erun-tech.com\/wp-content\/uploads\/2022\/03\/TB2C5hRasz85uJjSZFoXXXjcpXa_153516265.jpg\" width=\"750\" height=\"34\" srcset=\"http:\/\/www.erun-tech.com\/wp-content\/uploads\/2022\/03\/TB2C5hRasz85uJjSZFoXXXjcpXa_153516265.jpg 750w, http:\/\/www.erun-tech.com\/wp-content\/uploads\/2022\/03\/TB2C5hRasz85uJjSZFoXXXjcpXa_153516265-600x27.jpg 600w, http:\/\/www.erun-tech.com\/wp-content\/uploads\/2022\/03\/TB2C5hRasz85uJjSZFoXXXjcpXa_153516265-300x14.jpg 300w\" sizes=\"(max-width: 750px) 100vw, 750px\" title=\"\u6551\u751f\u8863\u6750\u8d28\u63d2\u56fe3\" alt=\"\u6551\u751f\u8863\u6750\u8d28\u63d2\u56fe3\" \/><\/span><\/strong><br \/>\n+\u6551\u751f\u8863\u4e70\u7684\u662f\u4e2a\u653e\u5fc3\uff0c\u8d28\u91cf\u8bf4\u660e\u4e00\u5207\uff01\uff01\uff01<br \/>\n<strong><span style=\"color: #404040; font-size: xx-large;\"><img decoding=\"async\" class=\"alignnone size-full wp-image-14233\" src=\"http:\/\/www.erun-tech.com\/wp-content\/uploads\/2022\/03\/TB2S0Zndf6TBKNjSZJiXXbKVFXa_153516265.jpg\" width=\"800\" height=\"716\" srcset=\"http:\/\/www.erun-tech.com\/wp-content\/uploads\/2022\/03\/TB2S0Zndf6TBKNjSZJiXXbKVFXa_153516265.jpg 800w, http:\/\/www.erun-tech.com\/wp-content\/uploads\/2022\/03\/TB2S0Zndf6TBKNjSZJiXXbKVFXa_153516265-600x537.jpg 600w, http:\/\/www.erun-tech.com\/wp-content\/uploads\/2022\/03\/TB2S0Zndf6TBKNjSZJiXXbKVFXa_153516265-300x269.jpg 300w, http:\/\/www.erun-tech.com\/wp-content\/uploads\/2022\/03\/TB2S0Zndf6TBKNjSZJiXXbKVFXa_153516265-768x687.jpg 768w\" sizes=\"(max-width: 800px) 100vw, 800px\" title=\"\u6551\u751f\u8863\u6750\u8d28\u63d2\u56fe4\" alt=\"\u6551\u751f\u8863\u6750\u8d28\u63d2\u56fe4\" \/><img decoding=\"async\" class=\"alignnone size-full wp-image-14234\" src=\"http:\/\/www.erun-tech.com\/wp-content\/uploads\/2022\/03\/T2QpsnXpXaXXXXXXXX-153516265.jpg\" width=\"750\" height=\"87\" srcset=\"http:\/\/www.erun-tech.com\/wp-content\/uploads\/2022\/03\/T2QpsnXpXaXXXXXXXX-153516265.jpg 750w, http:\/\/www.erun-tech.com\/wp-content\/uploads\/2022\/03\/T2QpsnXpXaXXXXXXXX-153516265-600x70.jpg 600w, http:\/\/www.erun-tech.com\/wp-content\/uploads\/2022\/03\/T2QpsnXpXaXXXXXXXX-153516265-300x35.jpg 300w\" sizes=\"(max-width: 750px) 100vw, 750px\" title=\"\u6551\u751f\u8863\u6750\u8d28\u63d2\u56fe5\" alt=\"\u6551\u751f\u8863\u6750\u8d28\u63d2\u56fe5\" \/><img decoding=\"async\" class=\"alignnone size-full wp-image-14235\" src=\"http:\/\/www.erun-tech.com\/wp-content\/uploads\/2022\/03\/TB2k5OqmbSYBuNjSspiXXXNzpXa_153516265.jpg\" width=\"800\" height=\"798\" srcset=\"http:\/\/www.erun-tech.com\/wp-content\/uploads\/2022\/03\/TB2k5OqmbSYBuNjSspiXXXNzpXa_153516265.jpg 800w, http:\/\/www.erun-tech.com\/wp-content\/uploads\/2022\/03\/TB2k5OqmbSYBuNjSspiXXXNzpXa_153516265-300x300.jpg 300w, http:\/\/www.erun-tech.com\/wp-content\/uploads\/2022\/03\/TB2k5OqmbSYBuNjSspiXXXNzpXa_153516265-200x200.jpg 200w, http:\/\/www.erun-tech.com\/wp-content\/uploads\/2022\/03\/TB2k5OqmbSYBuNjSspiXXXNzpXa_153516265-600x599.jpg 600w, http:\/\/www.erun-tech.com\/wp-content\/uploads\/2022\/03\/TB2k5OqmbSYBuNjSspiXXXNzpXa_153516265-150x150.jpg 150w, http:\/\/www.erun-tech.com\/wp-content\/uploads\/2022\/03\/TB2k5OqmbSYBuNjSspiXXXNzpXa_153516265-768x766.jpg 768w\" sizes=\"(max-width: 800px) 100vw, 800px\" title=\"\u6551\u751f\u8863\u6750\u8d28\u63d2\u56fe6\" alt=\"\u6551\u751f\u8863\u6750\u8d28\u63d2\u56fe6\" \/><img decoding=\"async\" class=\"alignnone size-full wp-image-14236\" src=\"http:\/\/www.erun-tech.com\/wp-content\/uploads\/2022\/03\/T2R..pXpJXXXXXXXXX-153516265.jpg\" width=\"750\" height=\"199\" srcset=\"http:\/\/www.erun-tech.com\/wp-content\/uploads\/2022\/03\/T2R..pXpJXXXXXXXXX-153516265.jpg 750w, http:\/\/www.erun-tech.com\/wp-content\/uploads\/2022\/03\/T2R..pXpJXXXXXXXXX-153516265-600x159.jpg 600w, http:\/\/www.erun-tech.com\/wp-content\/uploads\/2022\/03\/T2R..pXpJXXXXXXXXX-153516265-300x80.jpg 300w\" sizes=\"(max-width: 750px) 100vw, 750px\" title=\"\u6551\u751f\u8863\u6750\u8d28\u63d2\u56fe7\" alt=\"\u6551\u751f\u8863\u6750\u8d28\u63d2\u56fe7\" \/><\/span><\/strong><\/p>\n<p><strong><span style=\"color: #404040; font-size: xx-large;\"><img decoding=\"async\" class=\"alignnone size-full wp-image-14237\" src=\"http:\/\/www.erun-tech.com\/wp-content\/uploads\/2022\/03\/TB29A50maSWBuNjSsrbXXa0mVXa_153516265.jpg\" width=\"800\" height=\"533\" srcset=\"http:\/\/www.erun-tech.com\/wp-content\/uploads\/2022\/03\/TB29A50maSWBuNjSsrbXXa0mVXa_153516265.jpg 800w, http:\/\/www.erun-tech.com\/wp-content\/uploads\/2022\/03\/TB29A50maSWBuNjSsrbXXa0mVXa_153516265-600x400.jpg 600w, http:\/\/www.erun-tech.com\/wp-content\/uploads\/2022\/03\/TB29A50maSWBuNjSsrbXXa0mVXa_153516265-300x200.jpg 300w, http:\/\/www.erun-tech.com\/wp-content\/uploads\/2022\/03\/TB29A50maSWBuNjSsrbXXa0mVXa_153516265-768x512.jpg 768w\" sizes=\"(max-width: 800px) 100vw, 800px\" title=\"\u6551\u751f\u8863\u6750\u8d28\u63d2\u56fe8\" alt=\"\u6551\u751f\u8863\u6750\u8d28\u63d2\u56fe8\" \/><img decoding=\"async\" class=\"alignnone size-full wp-image-14238\" src=\"http:\/\/www.erun-tech.com\/wp-content\/uploads\/2022\/03\/TB2.DUjdkZmBKNjSZPiXXXFNVXa_153516265.jpg\" width=\"750\" height=\"485\" srcset=\"http:\/\/www.erun-tech.com\/wp-content\/uploads\/2022\/03\/TB2.DUjdkZmBKNjSZPiXXXFNVXa_153516265.jpg 750w, http:\/\/www.erun-tech.com\/wp-content\/uploads\/2022\/03\/TB2.DUjdkZmBKNjSZPiXXXFNVXa_153516265-600x388.jpg 600w, http:\/\/www.erun-tech.com\/wp-content\/uploads\/2022\/03\/TB2.DUjdkZmBKNjSZPiXXXFNVXa_153516265-300x194.jpg 300w\" sizes=\"(max-width: 750px) 100vw, 750px\" title=\"\u6551\u751f\u8863\u6750\u8d28\u63d2\u56fe9\" alt=\"\u6551\u751f\u8863\u6750\u8d28\u63d2\u56fe9\" \/><\/span><\/strong><strong><span style=\"color: #404040; font-size: xx-large;\"><img decoding=\"async\" class=\"alignnone size-full wp-image-14239\" src=\"http:\/\/www.erun-tech.com\/wp-content\/uploads\/2022\/03\/TB2k64Ud4uTBuNkHFNRXXc9qpXa_153516265.jpg\" width=\"750\" height=\"319\" srcset=\"http:\/\/www.erun-tech.com\/wp-content\/uploads\/2022\/03\/TB2k64Ud4uTBuNkHFNRXXc9qpXa_153516265.jpg 750w, http:\/\/www.erun-tech.com\/wp-content\/uploads\/2022\/03\/TB2k64Ud4uTBuNkHFNRXXc9qpXa_153516265-600x255.jpg 600w, http:\/\/www.erun-tech.com\/wp-content\/uploads\/2022\/03\/TB2k64Ud4uTBuNkHFNRXXc9qpXa_153516265-300x128.jpg 300w\" sizes=\"(max-width: 750px) 100vw, 750px\" title=\"\u6551\u751f\u8863\u6750\u8d28\u63d2\u56fe10\" alt=\"\u6551\u751f\u8863\u6750\u8d28\u63d2\u56fe10\" \/><img decoding=\"async\" class=\"alignnone size-full wp-image-14240\" src=\"http:\/\/www.erun-tech.com\/wp-content\/uploads\/2022\/03\/TB2hYjMmb9YBuNjy0FgXXcxcXXa_153516265.jpg\" width=\"800\" height=\"610\" srcset=\"http:\/\/www.erun-tech.com\/wp-content\/uploads\/2022\/03\/TB2hYjMmb9YBuNjy0FgXXcxcXXa_153516265.jpg 800w, http:\/\/www.erun-tech.com\/wp-content\/uploads\/2022\/03\/TB2hYjMmb9YBuNjy0FgXXcxcXXa_153516265-600x458.jpg 600w, http:\/\/www.erun-tech.com\/wp-content\/uploads\/2022\/03\/TB2hYjMmb9YBuNjy0FgXXcxcXXa_153516265-300x229.jpg 300w, http:\/\/www.erun-tech.com\/wp-content\/uploads\/2022\/03\/TB2hYjMmb9YBuNjy0FgXXcxcXXa_153516265-768x586.jpg 768w\" sizes=\"(max-width: 800px) 100vw, 800px\" title=\"\u6551\u751f\u8863\u6750\u8d28\u63d2\u56fe11\" alt=\"\u6551\u751f\u8863\u6750\u8d28\u63d2\u56fe11\" \/><img decoding=\"async\" class=\"alignnone size-full wp-image-14241\" src=\"http:\/\/www.erun-tech.com\/wp-content\/uploads\/2022\/03\/T2HaIkXvlaXXXXXXXX-153516265.jpg\" width=\"750\" height=\"307\" srcset=\"http:\/\/www.erun-tech.com\/wp-content\/uploads\/2022\/03\/T2HaIkXvlaXXXXXXXX-153516265.jpg 750w, http:\/\/www.erun-tech.com\/wp-content\/uploads\/2022\/03\/T2HaIkXvlaXXXXXXXX-153516265-600x246.jpg 600w, http:\/\/www.erun-tech.com\/wp-content\/uploads\/2022\/03\/T2HaIkXvlaXXXXXXXX-153516265-300x123.jpg 300w\" sizes=\"(max-width: 750px) 100vw, 750px\" title=\"\u6551\u751f\u8863\u6750\u8d28\u63d2\u56fe12\" alt=\"\u6551\u751f\u8863\u6750\u8d28\u63d2\u56fe12\" \/><img decoding=\"async\" class=\"alignnone size-full wp-image-14242\" src=\"http:\/\/www.erun-tech.com\/wp-content\/uploads\/2022\/03\/T2E7.jXwpaXXXXXXXX-153516265.jpg\" width=\"750\" height=\"329\" srcset=\"http:\/\/www.erun-tech.com\/wp-content\/uploads\/2022\/03\/T2E7.jXwpaXXXXXXXX-153516265.jpg 750w, http:\/\/www.erun-tech.com\/wp-content\/uploads\/2022\/03\/T2E7.jXwpaXXXXXXXX-153516265-600x263.jpg 600w, http:\/\/www.erun-tech.com\/wp-content\/uploads\/2022\/03\/T2E7.jXwpaXXXXXXXX-153516265-300x132.jpg 300w\" sizes=\"(max-width: 750px) 100vw, 750px\" title=\"\u6551\u751f\u8863\u6750\u8d28\u63d2\u56fe13\" alt=\"\u6551\u751f\u8863\u6750\u8d28\u63d2\u56fe13\" \/><\/span><\/strong><\/p>\n<\/div>\n<\/div>","protected":false},"excerpt":{"rendered":"<p>\u6309\u7167\u6d77\u4e8b\u5c40\u7684\u6700\u65b0\u89c4\u5b9a\uff0c\u9700\u6c42\u6570\u91cf\u4e3a40\u4ef6\uff0c\u7b26\u5408\u6d77\u8239\u8239\u5458\u914d\u5907\u6807\u51c6\u3002<\/p>","protected":false},"featured_media":14227,"comment_status":"open","ping_status":"closed","template":"","meta":[],"product_brand":[],"product_cat":[33,322],"product_tag":[141],"class_list":{"0":"post-2423","1":"product","2":"type-product","3":"status-publish","4":"has-post-thumbnail","6":"product_cat-jibenanquanshixunshiz01","7":"product_cat-haishangjiaotonganquanjinengpeixun","8":"product_tag-jiushengyi","9":"description-off","11":"first","12":"instock","13":"sale","14":"taxable","15":"shipping-taxable","16":"purchasable","17":"product-type-simple"},"_links":{"self":[{"href":"http:\/\/www.erun-tech.com\/es\/wp-json\/wp\/v2\/product\/2423","targetHints":{"allow":["GET"]}}],"collection":[{"href":"http:\/\/www.erun-tech.com\/es\/wp-json\/wp\/v2\/product"}],"about":[{"href":"http:\/\/www.erun-tech.com\/es\/wp-json\/wp\/v2\/types\/product"}],"replies":[{"embeddable":true,"href":"http:\/\/www.erun-tech.com\/es\/wp-json\/wp\/v2\/comments?post=2423"}],"wp:featuredmedia":[{"embeddable":true,"href":"http:\/\/www.erun-tech.com\/es\/wp-json\/wp\/v2\/media\/14227"}],"wp:attachment":[{"href":"http:\/\/www.erun-tech.com\/es\/wp-json\/wp\/v2\/media?parent=2423"}],"wp:term":[{"taxonomy":"product_brand","embeddable":true,"href":"http:\/\/www.erun-tech.com\/es\/wp-json\/wp\/v2\/product_brand?post=2423"},{"taxonomy":"product_cat","embeddable":true,"href":"http:\/\/www.erun-tech.com\/es\/wp-json\/wp\/v2\/product_cat?post=2423"},{"taxonomy":"product_tag","embeddable":true,"href":"http:\/\/www.erun-tech.com\/es\/wp-json\/wp\/v2\/product_tag?post=2423"}],"curies":[{"name":"wp","href":"https:\/\/api.w.org\/{rel}","templated":true}]}}