{"id":2434,"date":"2019-07-09T17:37:53","date_gmt":"2019-07-09T09:37:53","guid":{"rendered":"http:\/\/www.eruntec.com\/?post_type=product&#038;p=2434"},"modified":"2024-03-27T22:04:41","modified_gmt":"2024-03-27T14:04:41","slug":"jiushengfubaowenjinshuifu","status":"publish","type":"product","link":"http:\/\/www.erun-tech.com\/es\/product\/jiushengfubaowenjinshuifu","title":{"rendered":"Traje de inmersi\u00f3n t\u00e9rmico"},"content":{"rendered":"<h2 style=\"text-align: center;\">Traje de inmersi\u00f3n t\u00e9rmico<\/h2>\n<div><strong>Base jur\u00eddica: Normativa sobre la administraci\u00f3n de la formaci\u00f3n de la gente de mar de la Rep\u00fablica Popular China (Orden n.\u00ba 5 del Ministerio de Transporte, 2019).<\/strong><\/div>\n<div><strong>Categor\u00eda de producto: Sala de formaci\u00f3n b\u00e1sica en seguridad (Z01)<\/strong><\/div>\n<div><strong>\u4ea7\u54c1\u540d\u79f0\uff1a\u4fdd\u6e29\u6d78\u6c34\u670d<\/strong><\/div>\n<div><strong>\u529f\u80fd\u8981\u6c42\uff1a\u7b26\u5408\u6d77\u8239\u8239\u7528\u6807\u51c6\u3002<\/strong><\/div>\n<div><strong>Cantidad especificada: 10 juegos<\/strong><\/div>\n<div><\/div>\n<p><img decoding=\"async\" class=\"alignnone size-full wp-image-14223\" src=\"http:\/\/www.erun-tech.com\/wp-content\/uploads\/2022\/03\/9575432036_1751818816.jpg\" width=\"800\" height=\"550\" alt=\"indefinido\" srcset=\"http:\/\/www.erun-tech.com\/wp-content\/uploads\/2022\/03\/9575432036_1751818816.jpg 800w, http:\/\/www.erun-tech.com\/wp-content\/uploads\/2022\/03\/9575432036_1751818816-600x413.jpg 600w, http:\/\/www.erun-tech.com\/wp-content\/uploads\/2022\/03\/9575432036_1751818816-300x206.jpg 300w, http:\/\/www.erun-tech.com\/wp-content\/uploads\/2022\/03\/9575432036_1751818816-768x528.jpg 768w\" sizes=\"(max-width: 800px) 100vw, 800px\" title=\"\u4fdd\u6e29\u6d78\u6c34\u670d\u63d2\u56fe\" \/><\/p>\n<p><img decoding=\"async\" class=\"alignnone size-full wp-image-14224\" src=\"http:\/\/www.erun-tech.com\/wp-content\/uploads\/2022\/03\/9575423241_1751818816.jpg\" width=\"800\" height=\"658\" alt=\"indefinido\" srcset=\"http:\/\/www.erun-tech.com\/wp-content\/uploads\/2022\/03\/9575423241_1751818816.jpg 800w, http:\/\/www.erun-tech.com\/wp-content\/uploads\/2022\/03\/9575423241_1751818816-600x494.jpg 600w, http:\/\/www.erun-tech.com\/wp-content\/uploads\/2022\/03\/9575423241_1751818816-300x247.jpg 300w, http:\/\/www.erun-tech.com\/wp-content\/uploads\/2022\/03\/9575423241_1751818816-768x632.jpg 768w\" sizes=\"(max-width: 800px) 100vw, 800px\" title=\"\u4fdd\u6e29\u6d78\u6c34\u670d\u63d2\u56fe1\" \/><\/p>\n<p><img decoding=\"async\" class=\"alignnone size-full wp-image-14225\" src=\"http:\/\/www.erun-tech.com\/wp-content\/uploads\/2022\/03\/9575429113_1751818816.jpg\" width=\"800\" height=\"488\" alt=\"indefinido\" srcset=\"http:\/\/www.erun-tech.com\/wp-content\/uploads\/2022\/03\/9575429113_1751818816.jpg 800w, http:\/\/www.erun-tech.com\/wp-content\/uploads\/2022\/03\/9575429113_1751818816-600x366.jpg 600w, http:\/\/www.erun-tech.com\/wp-content\/uploads\/2022\/03\/9575429113_1751818816-300x183.jpg 300w, http:\/\/www.erun-tech.com\/wp-content\/uploads\/2022\/03\/9575429113_1751818816-768x468.jpg 768w\" sizes=\"(max-width: 800px) 100vw, 800px\" title=\"\u4fdd\u6e29\u6d78\u6c34\u670d\u63d2\u56fe2\" \/><\/p>\n<p><img decoding=\"async\" class=\"alignnone size-full wp-image-14226\" src=\"http:\/\/www.erun-tech.com\/wp-content\/uploads\/2022\/03\/9553426649_1751818816.jpg\" width=\"800\" height=\"524\" alt=\"indefinido\" srcset=\"http:\/\/www.erun-tech.com\/wp-content\/uploads\/2022\/03\/9553426649_1751818816.jpg 800w, http:\/\/www.erun-tech.com\/wp-content\/uploads\/2022\/03\/9553426649_1751818816-600x393.jpg 600w, http:\/\/www.erun-tech.com\/wp-content\/uploads\/2022\/03\/9553426649_1751818816-300x197.jpg 300w, http:\/\/www.erun-tech.com\/wp-content\/uploads\/2022\/03\/9553426649_1751818816-768x503.jpg 768w\" sizes=\"(max-width: 800px) 100vw, 800px\" title=\"\u4fdd\u6e29\u6d78\u6c34\u670d\u63d2\u56fe3\" \/><\/p>\n<p>\u7edd\u70ed\u6d78\u6c34\u4fdd\u6e29\u670d\uff1a<\/p>\n<p>\u672c\u7cfb\u5217\u4ea7\u54c1\u7b26\u5408\uff1a1974\u5e74SOLAS\u516c\u7ea61996\u5e74\u4fee\u6b63\u6848\u548c\u6551\u751f\u8bbe\u5907\u89c4\u5219\u53ca\u6d77\u5b89\u4f1a\u51b3\u8baeMSC.8170 \u6551\u751f\u8bbe\u5907\u8bd5\u9a8c\u7684\u8981\u6c42\u3002<br \/>\n<strong>\u4fdd\u6e29\u6551\u751f\u670d<\/strong>\u53c2\u6570\uff1a<\/p>\n<p>&nbsp;<\/p>\n<table border=\"1\" cellspacing=\"0\" cellpadding=\"0\">\n<tbody>\n<tr>\n<td><strong>\u7a7f\u7740\u65f6\u95f4<\/strong><\/p>\n<p><strong>Wearing time<\/strong><\/td>\n<td><strong>&lt;2mins<\/strong><\/td>\n<\/tr>\n<tr>\n<td><strong>\u5b58\u653e\u6e29\u5ea6<\/strong><\/p>\n<p><strong>Storage<\/strong><strong>\u00a0temperature<\/strong><\/td>\n<td>-30\u2103\uff5e 65\u2103<\/td>\n<\/tr>\n<tr>\n<td><strong>\u89c4\u683c\u5c3a\u5bf8<\/strong><\/p>\n<p><strong>Specification<\/strong><\/td>\n<td>L\u578b\uff1a\u9002\u5408\u4e8e\u8eab\u9ad81.75m\u4ee5\u4e0a\u8005\uff1bS\u578b\uff1a\u9002\u5408\u4e8e\u8eab\u9ad8\u4e0d\u8db31.75m\u8005\u3002<\/p>\n<p>Type L\uff1aIt is suitable for the person who is higher over 1.75m;<\/p>\n<p>Type S\uff1aIt is suitable for the person who is lower than 1.75m;;<\/td>\n<\/tr>\n<tr>\n<td><strong>\u8fdb\u6c34\u6027\u80fd<\/strong><\/p>\n<p><strong>Waterproof<\/strong><\/p>\n<p><strong>performance<\/strong><\/td>\n<td>\u7a7f\u7740\u8005\u5728\u6c34\u4e2d\u6f02\u6d6e1\u5c0f\u65f6\uff0c\u8863\u670d\u5185\u7684\u8fdb\u6c34\u91cf\u4e0d\u5927\u4e8e200g\u3002<\/p>\n<p>The water-permeability amount is less than 200g after the wearer has floated on water for one hour.<\/td>\n<\/tr>\n<tr>\n<td><strong>\u4fdd\u6e29\u7279\u6027<\/strong><\/p>\n<p><strong>Thermo-insulation<\/strong><\/p>\n<p><strong>performance<\/strong><\/td>\n<td>\u7a7f\u7740\u8005\u57280-2\u2103\u7684\u9759\u6c34\u6d41\u4e2d\u6d78\u6ce16\u5c0f\u65f6\uff0c\u4f53\u6e29\u964d\u4f4e\u4e0d\u8d85\u8fc72\u2103\u3002<\/p>\n<p>After the wearer soaks in stationary water of 0-2\u2103 for 6 hours, the of the body-temperature is less than 2\u2103.<\/td>\n<\/tr>\n<tr>\n<td><strong>\u6d6e\u529b\u6027\u80fd<\/strong><\/p>\n<p><strong>Floating force<\/strong><\/p>\n<p><strong>performance<\/strong><\/td>\n<td>\u7a7f\u7740\u8005\u80fd\u57285\u79d2\u5185\u7ffb\u81f3\u9762\u90e8\u5411\u4e0a\u7684\u4f4d\u7f6e\uff0c\u53e3\u9f3b\u90e8\u9732\u51fa\u6c34\u9762120mm\uff0c\u5728\u6c34\u4e2d\u6d78\u6ce124\u5c0f\u65f6\uff0c\u5176\u6d6e\u529b\u635f\u5931\u5c0f\u4e8e5\uff05\u3002<\/p>\n<p>The wearer can turn over within 5S,so that his face is toward upthe nosemouth portion is 120mm above the water level ,after the wearer soaks in water for 24hours,the floating force loss of the suit is less than<\/td>\n<\/tr>\n<\/tbody>\n<\/table>","protected":false},"excerpt":{"rendered":"<p>El requisito es de diez juegos, que cumplan con las normas mar\u00edtimas para embarcaciones.<\/p>","protected":false},"featured_media":14223,"comment_status":"open","ping_status":"closed","template":"","meta":[],"product_brand":[],"product_cat":[33,322],"product_tag":[140],"class_list":{"0":"post-2434","1":"product","2":"type-product","3":"status-publish","4":"has-post-thumbnail","6":"product_cat-jibenanquanshixunshiz01","7":"product_cat-haishangjiaotonganquanjinengpeixun","8":"product_tag-baowenjinshuifu","9":"description-off","11":"first","12":"instock","13":"sale","14":"taxable","15":"shipping-taxable","16":"purchasable","17":"product-type-simple"},"_links":{"self":[{"href":"http:\/\/www.erun-tech.com\/es\/wp-json\/wp\/v2\/product\/2434","targetHints":{"allow":["GET"]}}],"collection":[{"href":"http:\/\/www.erun-tech.com\/es\/wp-json\/wp\/v2\/product"}],"about":[{"href":"http:\/\/www.erun-tech.com\/es\/wp-json\/wp\/v2\/types\/product"}],"replies":[{"embeddable":true,"href":"http:\/\/www.erun-tech.com\/es\/wp-json\/wp\/v2\/comments?post=2434"}],"wp:featuredmedia":[{"embeddable":true,"href":"http:\/\/www.erun-tech.com\/es\/wp-json\/wp\/v2\/media\/14223"}],"wp:attachment":[{"href":"http:\/\/www.erun-tech.com\/es\/wp-json\/wp\/v2\/media?parent=2434"}],"wp:term":[{"taxonomy":"product_brand","embeddable":true,"href":"http:\/\/www.erun-tech.com\/es\/wp-json\/wp\/v2\/product_brand?post=2434"},{"taxonomy":"product_cat","embeddable":true,"href":"http:\/\/www.erun-tech.com\/es\/wp-json\/wp\/v2\/product_cat?post=2434"},{"taxonomy":"product_tag","embeddable":true,"href":"http:\/\/www.erun-tech.com\/es\/wp-json\/wp\/v2\/product_tag?post=2434"}],"curies":[{"name":"wp","href":"https:\/\/api.w.org\/{rel}","templated":true}]}}