{"id":2437,"date":"2019-07-09T17:42:39","date_gmt":"2019-07-09T09:42:39","guid":{"rendered":"http:\/\/www.eruntec.com\/?post_type=product&#038;p=2437"},"modified":"2024-03-27T22:05:23","modified_gmt":"2024-03-27T14:05:23","slug":"qizhangshijiushengfa","status":"publish","type":"product","link":"http:\/\/www.erun-tech.com\/es\/product\/qizhangshijiushengfa","title":{"rendered":"Balsa salvavidas inflable"},"content":{"rendered":"<h2 style=\"text-align: center;\">Balsa salvavidas inflable<\/h2>\n<div><strong>Base jur\u00eddica: Normativa sobre la administraci\u00f3n de la formaci\u00f3n de la gente de mar de la Rep\u00fablica Popular China (Orden n.\u00ba 5 del Ministerio de Transporte, 2019).<\/strong><\/div>\n<div><strong>\u4ea7\u54c1\u5206\u7c7b\uff1a\u57fa\u672c\u5b89\u5168\u5b9e\u8bad\u5ba4\uff08Z01\uff09\u3001\u8247\u7b4f\u5b9e\u8bad\u5ba4\uff08Z02 Z03\uff09<\/strong><\/div>\n<div><strong>\u4ea7\u54c1\u540d\u79f0\uff1a\u6c14\u80c0\u5f0f\u6551\u751f\u7b4f<\/strong><\/div>\n<div><strong>\u529f\u80fd\u8981\u6c42\uff1a\u5c5e\u5177\u548c\u5907\u54c1\u9f50\u5168\u3002<\/strong><\/div>\n<div><strong>\u89c4\u5b9a\u6570\u91cf\uff1a2\u53ea<\/strong><\/div>\n<div><\/div>\n<div>\n<p>1\u3001\u6551\u751f\u7b4f\u9876\u90e8\u5efa\u7b51\u7269\u5f71\u54cd\u9759\u6c34\u538b\u529b\u91ca\u653e<\/p>\n<p>\u9664SOLAS Ch\/Reg31.1.4\u914d\u5907\u7684\u989d\u5916\u6551\u751f\u7b4f\u5916\uff0c\u6551\u751f\u7b4f\u5b58\u653e\u65f6\u5e94\u4f7f\u7528\u9759\u6c34\u538b\u529b\u91ca\u653e\u5668\u8fde\u63a5\u4ee5\u5b9e\u73b0\u81ea\u7531\u6f02\u6d6e\u529f\u80fd\uff0c\u56fe1\u662f\u67d0\u6c7d\u8f66\u6e21\u8239\u6551\u751f\u7b4f\u5e03\u7f6e\uff0c\u6551\u751f\u7b4f\u5b58\u653e\u4e8e\u4e24\u5c42\u7532\u677f\u4e4b\u95f4\uff0c\u59a8\u788d\u81ea\u7531\u6f02\u6d6e\u3002\u6574\u6539\u7684\u65b9\u5f0f\u6709\u4e24\u79cd\uff1a\u6539\u53d8\u6551\u751f\u7b4f\u7684\u5b58\u653e\u4f4d\u7f6e\uff0c\u6216\u8bc4\u4f30\u6551\u751f\u7b4f\u4e0a\u4e0b\u4e24\u5c42\u7532\u677f\u95f4\u8ddd\u589e\u8bbe\u6ed1\u52a8\u5bfc\u5411\u6746\uff0c\u8bb8\u591a\u5ba2\u8239\u3001\u96c6\u88c5\u7bb1\u8239\u56e0\u8239\u8236\u7ed3\u6784\u95ee\u9898\uff0c\u5f53\u6551\u751f\u7b4f\u4e0d\u80fd\u907f\u5f00\u4e0a\u5c42\u7532\u677f\u65f6\uff0c\u9009\u62e9\u5bfc\u5411\u6746\u6ee1\u8db3\u81ea\u7531\u6f02\u6d6e\uff0c\u662f\u4e00\u79cd\u5e38\u89c1\u65b9\u5f0f\u3002<\/p>\n<p><img decoding=\"async\" class=\"alignnone size-full wp-image-14216\" src=\"http:\/\/www.erun-tech.com\/wp-content\/uploads\/2022\/03\/051daae177cd43eb82a05babcaced72b.png\" width=\"632\" height=\"474\" srcset=\"http:\/\/www.erun-tech.com\/wp-content\/uploads\/2022\/03\/051daae177cd43eb82a05babcaced72b.png 632w, http:\/\/www.erun-tech.com\/wp-content\/uploads\/2022\/03\/051daae177cd43eb82a05babcaced72b-600x450.png 600w, http:\/\/www.erun-tech.com\/wp-content\/uploads\/2022\/03\/051daae177cd43eb82a05babcaced72b-300x225.png 300w\" sizes=\"(max-width: 632px) 100vw, 632px\" title=\"\u6c14\u80c0\u5f0f\u6551\u751f\u7b4f\u63d2\u56fe\" alt=\"\u6c14\u80c0\u5f0f\u6551\u751f\u7b4f\u63d2\u56fe\" \/><\/p>\n<p>\u56fe1 \u67d0\u6c7d\u8f66\u6e21\u8239\u6551\u751f\u7b4f\u5e03\u7f6e<\/p>\n<p>2\u3001\u6551\u751f\u7b4f\u7684\u5b58\u653e\u9ad8\u5ea6\u9650\u5236<\/p>\n<p>LSA\u89c4\u52194.1.1.2\u89c4\u5b9a\u6551\u751f\u7b4f\u7684\u6784\u9020\u5e94\u4e3a\u4ece18m\u9ad8\u5ea6\u5904\u6295\u843d\u4e0b\u6c34\u540e,\u6551\u751f\u7b4f\u53ca\u5176\u5c5e\u5177\u80fd\u7b26\u5408\u4f7f\u7528\u8981\u6c42\u3002\u5982\u6551\u751f\u7b4f\u5fc5\u987b\u5b58\u653e\u5728\u6700\u8f7b\u8f7d\u822a\u884c\u6c34\u7ebf\u4ee5\u4e0a\u8d85\u8fc718m\u9ad8\u5ea6\u5904,\u5219\u8be5\u6551\u751f\u7b4f\u5e94\u8fdb\u884c\u4ece\u81f3\u5c11\u4e3a\u6b64\u9ad8\u5ea6\u5904\u7684\u6ee1\u610f\u6295\u843d\u8bd5\u9a8c\u3002\u901a\u5e38\uff0c\u6551\u751f\u7b4f\u5b58\u653e\u9ad8\u5ea6\u81f3\u5c11\u662f18m\uff0c\u7136\u800c\uff0c\u5bf9\u6709\u4e9b\u5927\u578b\u8239\u8236\u5982Capesize\u6563\u8d27\u8239\uff0c\u6551\u751f\u7b4f\u901a\u5e38\u5e03\u7f6e\u5728\u6bd4\u4e3b\u7532\u677f\u9ad8\u4e00\u5c42\u7684\u6551\u751f\u7532\u677f(\u4e00\u822c\u7528\u4e8e\u5b58\u653e\u6551\u52a9\u8247\u548c\u6551\u751f\u7b4f\uff0c\u6551\u751f\u8247\u4e3a\u5b89\u88c5\u5728\u8239\u5c3e\u7684\u81ea\u7531\u964d\u843d\u5f0f)\uff0c\u4ece\u6b64\u5904\u91cf\u5230\u6700\u8f7b\u8f7d\u822a\u884c\u6c34\u7ebf\u7ea620m\uff0c\u9ad8\u5ea6\u8d85\u8fc7\u666e\u901a\u6551\u751f\u7b4f\u6700\u5927\u5b58\u653e\u9ad8\u5ea6\uff0c\u6b64\u65f6\u5e94\u6ce8\u610f\u6551\u751f\u7b4f\u7684\u578b\u5f0f\u8ba4\u53ef\u8bc1\u4e66\u89c4\u5b9a\u7684\u6700\u5927\u5b58\u653e\u9ad8\u5ea6\uff0c\u56fe2\u4e3a\u67d0\u5382\u5bb6\u4e0d\u540c\u578b\u53f7\u7684\u6551\u751f\u7b4f\u5b58\u653e\u9ad8\u5ea6\u3002<\/p>\n<p>\u56fe2 \u578b\u5f0f\u8ba4\u53ef\u8bc1\u4e66\u6700\u5927\u5b58\u653e\u9ad8\u5ea6<\/p>\n<p>\u6839\u636eSOLAS Ch\/Reg31.1.4\u4ece\u8239\u9996\u6700\u524d\u7aef\u6216\u8239\u5c3e\u6700\u672b\u7aef\u81f3\u6700\u9760\u8fd1\u7684\u6551\u751f\u8247\u7b4f\u6700\u8fd1\u4e00\u7aef\u7684\u6c34\u5e73\u8ddd\u79bb\u8d85\u8fc7100m\u7684\u8d27\u8239\uff0c\u8fd8\u5e94\u5728\u5408\u7406\u53ef\u884c\u7684\u8303\u56f4\u5185\u914d\u59071\u53ea\u6551\u751f\u7b4f\uff0c\u5c3d\u91cf\u9760\u524d\u6216\u9760\u540e\u5b58\u653e\u3002\u8239\u8236\u4e00\u822c\u4f7f\u7528\u989d\u5b9a\u5bb9\u91cf\u4e3a6\u4eba\u7684\u6551\u751f\u7b4f\uff0c\u8239\u8236\u5e94\u907f\u514d\u4f7f\u7528\u6309\u7167\u6e14\u4e1a\u8239\u8236\u89c4\u5b9a\u8ba4\u53ef\u76846\u4eba\u62168\u4eba\u6551\u751f\u7b4f\uff0c\u8fd9\u7c7b\u6551\u751f\u7b4f\u8ba4\u53ef\u7684\u6700\u5927\u5b58\u653e\u9ad8\u5ea6\u4e00\u822c\u53ea\u67098m\u3002<\/p>\n<p>3\u3001\u9009\u62e9\u5408\u9002\u7684\u6551\u751f\u7b4f\u7b4f\u67b6<\/p>\n<p>\u5e38\u89c1\u7b4f\u67b6\u6709\u4e8c\u79cd\uff0c\u5e73\u7b4f\u67b6\u548c\u659c\u7b4f\u67b6\u3002\u5e73\u7b4f\u67b6\u4e00\u822c\u9700\u8981\u5c06\u6551\u751f\u7b4f\u62ac\u8d77\u6765\u63a8\u51fa\u7b4f\u67b6\uff0c\u5176\u7279\u70b9\u662f\u5b89\u88c5\u65b9\u4fbf\uff0c\u7b4f\u67b6\u4e0e\u5b58\u653e\u7b52\u7684\u63a5\u89e6\u9762\u5927\uff0c\u5b58\u653e\u7b52\u4e0d\u5bb9\u6613\u53d8\u5f62\uff0c\u7f3a\u70b9\u662f\u629b\u6295\u4e0d\u65b9\u4fbf\u3002\u659c\u7b4f\u67b6\u7684\u578b\u5f0f\u8f83\u591a\uff0c\u5e38\u7528\u6709\u629b\u6295\u5f0f\u3001\u5c42\u53e0\u5f0f\u548c\u6392\u629b\u5f0f\u7b49\uff0c\u7279\u70b9\u662f\u4f7f\u7528\u65f6\u53ea\u8981\u677e\u8131\u6551\u751f\u7b4f\u6346\u7ed1\u7ef3\uff0c\u6551\u751f\u7b4f\u80fd\u6cbf\u7740\u7b4f\u67b6\u659c\u5761\u81ea\u52a8\u6ed1\u843d\u6d77\u4e2d\uff0c\u7f3a\u70b9\u662f\u5b89\u88c5\u4e0d\u4fbf\u3002<\/p>\n<p>\u901a\u5e38\u53ef\u5c06\u91cd\u91cf\u2264185Kg\u7684\u6551\u751f\u7b4f\u5b89\u88c5\u5728\u5e73\u7b4f\u67b6\u4e0a\uff0c\u4f7f\u7528\u65f6\u987b\u7528\u62ac\u8d77\u6216\u63a8\u51fa\u65b9\u6cd5\u5c06\u6551\u751f\u7b4f\u629b\u5165\u6d77\u4e2d\uff0c\u2265185Kg\u91cd\u6551\u751f\u7b4f\u539f\u5219\u4e0a\u5e94\u5b89\u88c5\u5728\u503e\u659c\u5f0f\u7b4f\u67b6\u4e0a\u3002\u76ee\u524d\u7b4f\u67b6\u8bbe\u8ba1\u5236\u9020\u4e3b\u8981\u4f9d\u636e\u4e2d\u534e\u4eba\u6c11\u5171\u548c\u56fd\u8239\u8236\u884c\u4e1a\u6807\u51c6CB3068-91\u300a\u6c14\u80c0\u6551\u751f\u7b4f\u67b6\u300b\u89c4\u5b9a\u8981\u6c42\u3002\u6ce8\u610f\u7b4f\u67b6\u7684\u9009\u62e9\u4e0d\u4ec5\u662f\u4f7f\u7528\u65b9\u4fbf\u6216\u884c\u4e1a\u63a8\u8350\u6807\u51c6\uff0c\u4e5f\u662f\u514d\u914d\u6551\u751f\u7b4f\u964d\u843d\u88c5\u7f6e\u7684\u6761\u4ef6\u4e4b\u4e00\u3002<\/p>\n<p>4\u3001\u6551\u751f\u7b4f\u9759\u6c34\u538b\u529b\u91ca\u653e\u5668\u7684\u8fde\u63a5<\/p>\n<p>\u5f53\u6551\u751f\u7b4f\u6765\u4e0d\u53ca\u4eba\u5de5\u91ca\u653e\u65f6\uff0c\u6551\u751f\u7b4f\u7b52\u968f\u6c89\u8239\u4e00\u8d77\u4e0b\u6c89\u3002\u5f53\u4e0b\u6c89\u5230\u8ddd\u6c34\u97622\uff5e4m\u65f6,\u9759\u6c34\u538b\u529b\u91ca\u653e\u5668\u56e0\u53d7\u6c34\u538b\u529b\u4f5c\u7528\u800c\u5c06\u5b58\u653e\u7b52\u7ed1\u7d22\u81ea\u52a8\u677e\u8131\uff0c\u6551\u751f\u7b4f\u7b52\u4fbf\u81ea\u7531\u6f02\u6d6e\u51fa\u6c34\u9762\u3002\u7136\u540e\uff0c\u968f\u7740\u8239\u8236\u7ee7\u7eed\u4e0b\u6c89\u65f6\uff0c\u501f\u52a9\u4e8e\u5b58\u653e\u7b52\u81ea\u8eab\u6d6e\u529b\uff0c\u9996\u7f06\u4e0d\u65ad\u4ece\u5b58\u653e\u7b52\u5185\u62c9\u51fa\uff0c\u76f4\u81f3\u6253\u5f00\u6c14\u74f6\u9600\uff0c\u4f7f\u6551\u751f\u7b4f\u5145\u80c0\u6210\u578b\uff0c\u5f53\u8239\u8236\u7ee7\u7eed\u4e0b\u6c89\u65f6\uff0c\u6613\u65ad\u7ef3\u88ab\u62c9\u65ad\uff0c\u6551\u751f\u7b4f\u4fbf\u4e0e\u6c89\u8239\u76f8\u8131\u79bb\u81ea\u7531\u6f02\u6d6e\u51fa\u6c34\u9762\u3002<\/p>\n<p>\u65e5\u5e38\u5de5\u4f5c\u7ecf\u5e38\u53d1\u73b0\u8239\u4e0a\u6551\u751f\u7b4f\u7684\u9759\u6c34\u538b\u529b\u91ca\u653e\u5668\u3001\u824f\u7f06\u53ca\u8584\u5f31\u73af\u7684\u8fde\u63a5\u65b9\u5f0f\u4e0d\u6b63\u786e\u3002\u9759\u6c34\u538b\u529b\u91ca\u653e\u5668\u7684\u5f62\u5f0f\u6709\u4e24\u79cd\u538b\u529b\u819c\u7247\u6216\u5f39\u7c27\u5207\u5272\u4e24\u79cd\u5f62\u5f0f\uff0c\u524d\u8005\u4e0e\u6551\u751f\u7b4f\u4e00\u9053\u6bcf\u5e74\u68c0\u9a8c\u4e00\u6b21\uff0c\u540e\u8005\u4ee5\u6709\u6548\u671f\u6807\u6ce8\uff0c\u4e00\u822c\u4e3a2\u5e74\u3002\u6551\u751f\u7b4f\u7684\u9996\u7f06\u5e94\u786e\u4fdd\u8fde\u63a5\u5230\u8584\u5f31\u73af\u4e0a\uff0c\u4e00\u822c\u9996\u7f06\u4f1a\u6709\u8fde\u63a5\u6253\u5f00\u6c14\u74f6\u7684\u62c9\u7d22\uff0c\u4e5f\u6709\u90e8\u5206\u5382\u5bb6\u8bbe\u7f6e\u72ec\u7acb\u6c14\u74f6\u9600\u62c9\u7d22\uff0c\u72ec\u7acb\u7684\u62c9\u7d22\u4e0d\u9700\u8981\u4e0e\u9996\u7f06\u4e00\u8d77\u7cfb\u5230\u8584\u5f31\u73af\u4e0a\u3002\u8981\u786e\u4fdd\u6bcf\u53ea\u6551\u751f\u7b4f\u6216\u6551\u751f\u7b4f\u7ec4\u4f7f\u7528\u4e00\u4e2a\u9759\u6c34\u538b\u529b\u91ca\u653e\u5668\u3002<\/p>\n<\/div>\n<p><img decoding=\"async\" class=\"alignnone size-full wp-image-14217\" src=\"http:\/\/www.erun-tech.com\/wp-content\/uploads\/2022\/03\/10392131981_705497602.jpg\" alt=\"indefinido\" width=\"750\" height=\"581\" srcset=\"http:\/\/www.erun-tech.com\/wp-content\/uploads\/2022\/03\/10392131981_705497602.jpg 750w, http:\/\/www.erun-tech.com\/wp-content\/uploads\/2022\/03\/10392131981_705497602-600x465.jpg 600w, http:\/\/www.erun-tech.com\/wp-content\/uploads\/2022\/03\/10392131981_705497602-300x232.jpg 300w\" sizes=\"(max-width: 750px) 100vw, 750px\" title=\"\u6c14\u80c0\u5f0f\u6551\u751f\u7b4f\u63d2\u56fe1\" \/><\/p>\n<p><img decoding=\"async\" class=\"alignnone size-full wp-image-14218\" src=\"http:\/\/www.erun-tech.com\/wp-content\/uploads\/2022\/03\/10365703528_705497602.jpg\" alt=\"indefinido\" width=\"750\" height=\"867\" srcset=\"http:\/\/www.erun-tech.com\/wp-content\/uploads\/2022\/03\/10365703528_705497602.jpg 750w, http:\/\/www.erun-tech.com\/wp-content\/uploads\/2022\/03\/10365703528_705497602-600x694.jpg 600w, http:\/\/www.erun-tech.com\/wp-content\/uploads\/2022\/03\/10365703528_705497602-260x300.jpg 260w\" sizes=\"(max-width: 750px) 100vw, 750px\" title=\"\u6c14\u80c0\u5f0f\u6551\u751f\u7b4f\u63d2\u56fe2\" \/><\/p>\n<p><img decoding=\"async\" class=\"alignnone size-full wp-image-14219\" src=\"http:\/\/www.erun-tech.com\/wp-content\/uploads\/2022\/03\/10339260026_705497602.jpg\" alt=\"indefinido\" width=\"750\" height=\"770\" srcset=\"http:\/\/www.erun-tech.com\/wp-content\/uploads\/2022\/03\/10339260026_705497602.jpg 750w, http:\/\/www.erun-tech.com\/wp-content\/uploads\/2022\/03\/10339260026_705497602-600x616.jpg 600w, http:\/\/www.erun-tech.com\/wp-content\/uploads\/2022\/03\/10339260026_705497602-292x300.jpg 292w\" sizes=\"(max-width: 750px) 100vw, 750px\" title=\"\u6c14\u80c0\u5f0f\u6551\u751f\u7b4f\u63d2\u56fe3\" \/><\/p>\n<p><img decoding=\"async\" class=\"alignnone size-full wp-image-14220\" src=\"http:\/\/www.erun-tech.com\/wp-content\/uploads\/2022\/03\/10365688652_705497602.jpg\" alt=\"indefinido\" width=\"750\" height=\"1256\" srcset=\"http:\/\/www.erun-tech.com\/wp-content\/uploads\/2022\/03\/10365688652_705497602.jpg 750w, http:\/\/www.erun-tech.com\/wp-content\/uploads\/2022\/03\/10365688652_705497602-600x1005.jpg 600w, http:\/\/www.erun-tech.com\/wp-content\/uploads\/2022\/03\/10365688652_705497602-179x300.jpg 179w, http:\/\/www.erun-tech.com\/wp-content\/uploads\/2022\/03\/10365688652_705497602-611x1024.jpg 611w\" sizes=\"(max-width: 750px) 100vw, 750px\" title=\"\u6c14\u80c0\u5f0f\u6551\u751f\u7b4f\u63d2\u56fe4\" \/><\/p>","protected":false},"excerpt":{"rendered":"<p>\u6c14\u80c0\u5f0f\u6551\u751f\u7b4f \u6cd5\u5f8b\u4f9d\u636e\uff1a\u300a\u4e2d\u534e\u4eba\u6c11\u5171\u548c\u56fd\u8239\u5458\u57f9\u8bad\u7ba1\u7406\u89c4\u5219\u300b\uff08\u4ea4\u901a\u8fd0\u8f93\u90e8\u4ee4 2019 \u5e74\u7b2c 5 \u53f7\uff09 \u4ea7\u54c1\u5206\u7c7b\uff1a&hellip;<\/p>","protected":false},"featured_media":14457,"comment_status":"open","ping_status":"closed","template":"","meta":[],"product_brand":[],"product_cat":[33,322,36,34],"product_tag":[100,138,139],"class_list":{"0":"post-2437","1":"product","2":"type-product","3":"status-publish","4":"has-post-thumbnail","6":"product_cat-jibenanquanshixunshiz01","7":"product_cat-haishangjiaotonganquanjinengpeixun","8":"product_cat-jingtongjijiushixunshiz05","9":"product_cat-tingfashixunshiz02","10":"product_tag-qizhangshijiushengfa","11":"product_tag-qizhangshijiushengfabiaozhun","12":"product_tag-qizhangshijiushengfashifangbuzhou","13":"description-off","15":"first","16":"instock","17":"taxable","18":"shipping-taxable","19":"purchasable","20":"product-type-simple"},"_links":{"self":[{"href":"http:\/\/www.erun-tech.com\/es\/wp-json\/wp\/v2\/product\/2437","targetHints":{"allow":["GET"]}}],"collection":[{"href":"http:\/\/www.erun-tech.com\/es\/wp-json\/wp\/v2\/product"}],"about":[{"href":"http:\/\/www.erun-tech.com\/es\/wp-json\/wp\/v2\/types\/product"}],"replies":[{"embeddable":true,"href":"http:\/\/www.erun-tech.com\/es\/wp-json\/wp\/v2\/comments?post=2437"}],"wp:featuredmedia":[{"embeddable":true,"href":"http:\/\/www.erun-tech.com\/es\/wp-json\/wp\/v2\/media\/14457"}],"wp:attachment":[{"href":"http:\/\/www.erun-tech.com\/es\/wp-json\/wp\/v2\/media?parent=2437"}],"wp:term":[{"taxonomy":"product_brand","embeddable":true,"href":"http:\/\/www.erun-tech.com\/es\/wp-json\/wp\/v2\/product_brand?post=2437"},{"taxonomy":"product_cat","embeddable":true,"href":"http:\/\/www.erun-tech.com\/es\/wp-json\/wp\/v2\/product_cat?post=2437"},{"taxonomy":"product_tag","embeddable":true,"href":"http:\/\/www.erun-tech.com\/es\/wp-json\/wp\/v2\/product_tag?post=2437"}],"curies":[{"name":"wp","href":"https:\/\/api.w.org\/{rel}","templated":true}]}}