{"id":2464,"date":"2019-07-09T23:07:35","date_gmt":"2019-07-09T15:07:35","guid":{"rendered":"http:\/\/www.eruntec.com\/?post_type=product&#038;p=2464"},"modified":"2024-03-27T21:13:32","modified_gmt":"2024-03-27T13:13:32","slug":"leidayingdaqi","status":"publish","type":"product","link":"http:\/\/www.erun-tech.com\/es\/product\/leidayingdaqi","title":{"rendered":"transpondedor de radar"},"content":{"rendered":"<h2 style=\"text-align: center;\">transpondedor de radar<\/h2>\n<p><strong>Base jur\u00eddica: Normativa sobre la administraci\u00f3n de la formaci\u00f3n de la gente de mar de la Rep\u00fablica Popular China (Orden n.\u00ba 5 del Ministerio de Transporte, 2019).<\/strong><br \/>\n<strong>Categor\u00edas de productos: Sala de formaci\u00f3n b\u00e1sica en seguridad (Z01), Sala de formaci\u00f3n avanzada en primeros auxilios (Z05)<\/strong><br \/>\n<strong>\u4ea7\u54c1\u540d\u79f0\uff1a\u96f7\u8fbe\u5e94\u7b54\u5668<\/strong><br \/>\n<strong>Requisitos funcionales: Se proporcionar\u00e1n muestras f\u00edsicas y materiales audiovisuales pertinentes para su uso operativo.<\/strong><br \/>\n<strong>Cantidad especificada: Sala de formaci\u00f3n b\u00e1sica en seguridad (Z01): 1 unidad Sala de formaci\u00f3n avanzada en primeros auxilios (Z05): 1 unidad<\/strong><\/p>\n<p><span data-spm-anchor-id=\"a261y.7663282.descBanner.i0.e515559dZ0QBsl\">\u96f7\u8fbe\u5e94\u7b54\u5668,\u8239\u8236\u96f7\u8fbe\u5e94\u7b54\u5668\uff0c\u82f1\u6587\u7f29\u5199SART<\/span><br \/>\n\u4e3b\u8981\u4e3a\u8239\u8236\u670d\u52a1\uff0c\u5b83\u901a\u8fc7\u63a5\u6536\u8239\u8236\u96f7\u8fbe\u53d1\u51fa\u7684\u4fe1\u53f7\uff0c\u96f7\u8fbe\u5e94\u7b54\u5668\u6536\u5230\u6b64\u4fe1\u53f7\u540e\u7acb\u5373\u5e94\u7b54\u5e76\u5411\u8239\u8236\u56de\u53d1\u5e94\u7b54\u4fe1\u53f7\uff0c\u6b63\u786e\u5f15\u5bfc\u8239\u8236\u8fdb\u6e2f\uff0c\u6574\u673a\u5305\u62ec\u516d\u5927\u90e8\u5206\uff1a1)\u5fae\u6ce2\u5929\u7ebf\uff0c2)\u5fae\u6ce2\u53d1\u5c04\u4e0e\u63a5\u6536\u7ec4\u4ef6\uff0c3)\u5bf9\u6570\u68c0\u6ce2\u5668\u53ca\u9274\u9891\u7ec4\u4ef6\uff0c4)\u9891\u7387\u6821\u6b63\u53ca\u7f16\u7801\u8c03\u5236\u7ec4\u4ef6\uff0c5)\u8ba1\u7b97\u673a\u7ec4\u4ef6\uff0c6)\u7535\u6e90\u53d8\u538b\u5668<br \/>\n\u7f16\u8f91\u672c\u6bb5\u7279\u5f81<br \/>\n\u5b83\u5305\u62ec\u5fae\u6ce2\u5929\u7ebf\u3001\u5fae\u6ce2\u53d1\u5c04\u4e0e\u63a5\u6536\u7ec4\u4ef6\u3001\u5bf9\u6570\u68c0\u6ce2\u5668\u53ca\u9274\u9891\u7ec4\u4ef6\u3001\u9891\u7387\u6821\u6b63\u53ca\u7f16\u7801\u8c03\u5236\u7ec4\u4ef6\u3001\u8ba1\u7b97\u673a\u7ec4\u4ef6\u548c\u7535\u6e90\u53d8\u538b\u5668\u3002<br \/>\n\u7f16\u8f91\u672c\u6bb5\u8fde\u63a5\u5173\u7cfb\u548c\u4f5c\u7528<br \/>\n1)\u3001\u5fae\u6ce2\u5929\u7ebf\u7528\u4e8e\u901a\u8fc7\u5b83\u63a5\u6536\u96f7\u8fbe\u4fe1\u53f7\u5e76\u5411\u96f7\u8fbe\u53d1\u5c04\u4fe1\u53f7\uff1b\u8fde\u63a5\u73af\u884c\u5668\uff0c\u4fe1\u53f7\u53cc\u5411\u4f20\u9012\uff1b2)\u3001\u5fae\u6ce2\u53d1\u5c04\u4e0e\u63a5\u6536\u7ec4\u4ef6\u5305\u62ec\u73af\u884c\u5668\u3001\u5e73\u8861\u6df7\u9891\u5668\u3001\u4f4e\u566a\u58f0\u524d\u7f6e\u4e2d\u9891\u653e\u5927\u5668\u4f9d\u6b21\u76f8\u8fde\u7ec4\u6210\u7684\u63a5\u6536\u673a\u524d\u7aef\uff0c\u4ee5\u53ca\u7531\u538b\u63a7\u9707\u8361\u5668\u4e0e\u591a\u7ea7\u529f\u7387\u653e\u5927\u5668\u8fde\u63a5\u7ec4\u6210\u7684\u53d1\u5c04\u673a\uff0c\u7528\u4e8e\u5f53\u96f7\u8fbe\u5e94\u7b54\u5668\u901a\u8fc7\u5fae\u6ce2\u5929\u7ebf\u6536\u5230\u4e00\u4e2a\u9891\u7387\u4fe1\u53f7\u65f6\uff0c\u7ecf\u53d1\u5c04\u63a5\u53e3\u76f4\u81f3\u5fae\u6ce2\u7ec4\u4ef6\u7684\u73af\u884c\u5668\u7ecf\u6df7\u9891\u53d8\u4e3a\u4e2d\u9891\u4fe1\u53f7\u8f93\u81f3\u5bf9\u6570\u68c0\u6ce2\u5668\u53ca\u9274\u9891\u7ec4\u4ef6\uff1b3)\u3001\u5bf9\u6570\u68c0\u6ce2\u5668\u53ca\u9274\u9891\u7ec4\u4ef6\u7531\u9ad8\u7a33\u5b9a\u7684\u96c6\u6210\u7535\u8def\u7ec4\u6210\u7684\u5bf9\u6570\u68c0\u6ce2\u5668\uff0c\u5c06\u9891\u7387\u8f6c\u6362\u6210\u7535\u538b\u7684\u9274\u9891\u5668\u7531\u5bbd\u9891\u5e26\u76f8\u4f4d\u68c0\u6ce2\u5668\u548c\u5ef6\u8fdf\u7535\u7f06\u6784\u6210\uff0c\u8f93\u5165\u63a5\u524d\u4e2d\u9891\u653e\u5927\u5668\uff0c\u8f93\u51fa\u63a5\u5355\u7247\u673a\u548cA\/D\u8f6c\u6362\u5668\uff0c\u7531\u5fae\u6ce2\u63a5\u6536\u7ec4\u4ef6\u6765\u7684\u4e2d\u9891\u4fe1\u53f7\u7ecf\u5bf9\u6570\u653e\u5927\u53ca\u9274\u9891\u3001\u68c0\u6ce2\u7535\u8def\u53d6\u51fa\u9891\u7387\u4fe1\u53f7\u3001\u5e45\u5ea6\u4fe1\u53f7\u548c\u8109\u5bbd\u4fe1\u53f7\u8f93\u81f3CPU\u5355\u7247\u673a\uff1b4)\u3001\u9891\u7387\u6821\u6b63\u53ca\u7f16\u7801\u8c03\u5236\u7ec4\u4ef6\u7ec4\u4ef6\u5305\u62ec\u5bf9\u4fe1\u53f7\u9891\u7387\u8fdb\u884c\u8ddf\u8e2a\u4e0e\u622a\u83b7\u7684\u7535\u8def\u3001\u5bf9\u5e94\u7b54\u4fe1\u53f7\u8fdb\u884c\u5b9e\u65f6\u6821\u6b63\u7684\u7535\u8def\uff0c\u4fe1\u53f7\u5bbd\u5ea6\u9274\u522b\u7535\u8def\u548c\u7f16\u7801\u53d1\u751f\u4e0e\u8c03\u5236\u7535\u8def\uff0c\u8f93\u5165\u7aef\u63a5\u5355\u7247\u673a\uff0c\u8f93\u51fa\u7aef\u63a5\u591a\u529f\u7387\u653e\u5927\u5668\uff0c\u5c06\u4fe1\u53f7\u7684\u9891\u7387\u3001\u8109\u5bbd\u3001\u5e45\u5ea6\u4fe1\u606f\u901a\u8fc7\u7ec4\u4ef6\u5206\u522b\u7528\u4e8e\u540c\u9891\u7387\u56de\u53d1\u5e94\u7b54\u4fe1\u53f7\uff0c\u5bf9\u96f7\u8fbe\u5929\u7ebf\u4ed8\u74e3\u4fe1\u53f7\u7684\u6291\u5236\u548c\u56de\u53d1\u4fe1\u53f7\u7684\u7801\u957f(\u6469\u5c14\u65af\u7801)\u7684\u63a7\u5236\uff1b5)\u3001\u8ba1\u7b97\u673a\u7ec4\u4ef6\u5355\u7247\u673a\u8f93\u5165\u8fde\u63a5\u8109\u5bbd\u4fe1\u53f7\u3001\u7ecfA\/D\u8f6c\u6362\u7684\u5e45\u5ea6\u4fe1\u53f7\u548c\u9891\u7387\u4fe1\u53f7\u3001\u8f93\u51fa\u63a5\u538b\u63a7\u632f\u8361\u5668\u3001\u7f16\u7801\u53d1\u751f\u5668\u3001\u4e0e\u9065\u63a7\u9065\u4fa7\u63a5\u53e3\u4fe1\u53f7\u53cc\u5411\u4f20\u9012\uff0c\u5e76\u4e0e\u7535\u6e90\u90e8\u548c\u590d\u4f4d\u6a21\u5757\u8fde\u63a5\uff1b6)\u3001\u7535\u6e90\u53d8\u538b\u5668\u63d0\u4f9b\u7535\u6e90\u7535\u538b9\uff5e36VDC\uff0c\u7535\u6e90\u8f93\u51fa\u7aef\u8fde\u63a5\u5355\u7247\u673a\u53ca\u5176\u5b83\u5404\u7ec4\u4ef6\u3002<\/p>\n<p>&nbsp;<\/p>","protected":false},"excerpt":{"rendered":"<p>De conformidad con los requisitos reglamentarios, se proporcionar\u00e1 un transpondedor de radar de b\u00fasqueda y rescate y una baliza de localizaci\u00f3n de emergencia por sat\u00e9lite, junto con el material audiovisual correspondiente para su funcionamiento y uso.<\/p>","protected":false},"featured_media":14213,"comment_status":"open","ping_status":"closed","template":"","meta":[],"product_brand":[],"product_cat":[33,36],"product_tag":[136,135,137],"class_list":{"0":"post-2464","1":"product","2":"type-product","3":"status-publish","4":"has-post-thumbnail","6":"product_cat-jibenanquanshixunshiz01","7":"product_cat-jingtongjijiushixunshiz05","8":"product_tag-sart","9":"product_tag-chuanboleidayingdaqi","10":"product_tag-leidayingdaqi","11":"description-off","13":"first","14":"instock","15":"taxable","16":"shipping-taxable","17":"purchasable","18":"product-type-simple"},"_links":{"self":[{"href":"http:\/\/www.erun-tech.com\/es\/wp-json\/wp\/v2\/product\/2464","targetHints":{"allow":["GET"]}}],"collection":[{"href":"http:\/\/www.erun-tech.com\/es\/wp-json\/wp\/v2\/product"}],"about":[{"href":"http:\/\/www.erun-tech.com\/es\/wp-json\/wp\/v2\/types\/product"}],"replies":[{"embeddable":true,"href":"http:\/\/www.erun-tech.com\/es\/wp-json\/wp\/v2\/comments?post=2464"}],"wp:featuredmedia":[{"embeddable":true,"href":"http:\/\/www.erun-tech.com\/es\/wp-json\/wp\/v2\/media\/14213"}],"wp:attachment":[{"href":"http:\/\/www.erun-tech.com\/es\/wp-json\/wp\/v2\/media?parent=2464"}],"wp:term":[{"taxonomy":"product_brand","embeddable":true,"href":"http:\/\/www.erun-tech.com\/es\/wp-json\/wp\/v2\/product_brand?post=2464"},{"taxonomy":"product_cat","embeddable":true,"href":"http:\/\/www.erun-tech.com\/es\/wp-json\/wp\/v2\/product_cat?post=2464"},{"taxonomy":"product_tag","embeddable":true,"href":"http:\/\/www.erun-tech.com\/es\/wp-json\/wp\/v2\/product_tag?post=2464"}],"curies":[{"name":"wp","href":"https:\/\/api.w.org\/{rel}","templated":true}]}}