{"id":2478,"date":"2019-07-09T23:34:20","date_gmt":"2019-07-09T15:34:20","guid":{"rendered":"http:\/\/www.eruntec.com\/?post_type=product&#038;p=2478"},"modified":"2024-03-27T21:14:16","modified_gmt":"2024-03-27T13:14:16","slug":"shoutishimiehuoqi","status":"publish","type":"product","link":"http:\/\/www.erun-tech.com\/es\/product\/shoutishimiehuoqi","title":{"rendered":"Extintor port\u00e1til"},"content":{"rendered":"<h2 style=\"text-align: center;\">Extintor port\u00e1til<\/h2>\n<div><strong>Base jur\u00eddica: Normativa sobre la administraci\u00f3n de la formaci\u00f3n de la gente de mar de la Rep\u00fablica Popular China (Orden n.\u00ba 5 del Ministerio de Transporte, 2019).<\/strong><\/div>\n<div><strong>Clasificaci\u00f3n de productos: Salas de formaci\u00f3n b\u00e1sica en seguridad (Z01): 15 unidades; Salas de formaci\u00f3n avanzada en extinci\u00f3n de incendios (Z04): al menos 5 unidades de cada tipo: CO\u2082, espuma y polvo seco.<\/strong><\/div>\n<div><strong>Nombre del producto: Extintor port\u00e1til<\/strong><\/div>\n<div><strong>Requisitos funcionales: Sala de formaci\u00f3n b\u00e1sica en seguridad (Z01), extintores de polvo seco, extintores de di\u00f3xido de carbono y extintores de espuma, con un m\u00ednimo de cinco unidades de cada tipo.<\/strong><\/div>\n<div>\u00a0 \u00a0 \u00a0 \u00a0 \u00a0 \u00a0 \u00a0 \u00a0 \u00a0 <strong>Sala de entrenamiento avanzado contra incendios (Z04) Al menos cinco unidades de cada uno de los siguientes tipos: di\u00f3xido de carbono, espuma y polvo seco.<\/strong><\/div>\n<div><strong>Cantidad especificada: 15 unidades para esta sala de formaci\u00f3n en seguridad (Z01), 15 unidades para la sala de formaci\u00f3n avanzada en extinci\u00f3n de incendios (Z04).<\/strong><\/div>\n<div><\/div>\n<p>Extintores port\u00e1tiles de polvo seco, extintores de di\u00f3xido de carbono y extintores de espuma: al menos cinco de cada tipo.<\/p>\n<p>&nbsp;<\/p>\n<p>Los extintores son herramientas port\u00e1tiles para la extinci\u00f3n de incendios. Contienen agentes qu\u00edmicos dise\u00f1ados para extinguir incendios. Como equipo com\u00fan de prevenci\u00f3n de incendios, se almacenan en \u00e1reas p\u00fablicas o lugares propensos a riesgos de incendio. Los diferentes tipos de extintores contienen composiciones qu\u00edmicas distintas, cada una formulada espec\u00edficamente para diversas causas de incendio. Se debe prestar mucha atenci\u00f3n durante su uso para evitar efectos contraproducentes o crear peligros. A continuaci\u00f3n, el equipo editorial de State Grid Electronic Technology comparte informaci\u00f3n sobre los extintores port\u00e1tiles.<\/p>\n<p><img decoding=\"async\" class=\"alignnone size-full wp-image-14200\" src=\"http:\/\/www.erun-tech.com\/wp-content\/uploads\/2022\/03\/329.png\" width=\"640\" height=\"478\" alt=\"Extintor port\u00e1til\" title=\"Extintor port\u00e1til\" srcset=\"http:\/\/www.erun-tech.com\/wp-content\/uploads\/2022\/03\/329.png 640w, http:\/\/www.erun-tech.com\/wp-content\/uploads\/2022\/03\/329-600x448.png 600w, http:\/\/www.erun-tech.com\/wp-content\/uploads\/2022\/03\/329-300x224.png 300w\" sizes=\"(max-width: 640px) 100vw, 640px\" \/><\/p>\n<p>Extintor port\u00e1til<\/p>\n<p>I. Tipos de extintores port\u00e1tiles<\/p>\n<p>Existen numerosos tipos de extintores, que pueden clasificarse seg\u00fan el agente extintor que contienen: espuma, polvo seco, di\u00f3xido de carbono y agua, entre otros.<\/p>\n<p>1. Extintor de polvo seco<\/p>\n<p>2. Extintor de di\u00f3xido de carbono<\/p>\n<p>3. Extintor de espuma<\/p>\n<p>4. Extintor de agua<\/p>\n<p>II. M\u00e9todo de uso de extintores port\u00e1tiles<\/p>\n<p>C\u00f3mo utilizar un extintor port\u00e1til de polvo seco<\/p>\n<p>Los pasos operativos espec\u00edficos son los siguientes:<\/p>\n<p>1. Cuando utilice un extintor port\u00e1til de polvo seco, sujete firmemente el mango y dir\u00edjase r\u00e1pidamente al lugar del incendio.<\/p>\n<p>2. Coloque el extintor a unos 5 metros del foco del incendio. Si lo utiliza en exteriores, aseg\u00farese de situarse a barlovento.<\/p>\n<p>3. Antes de utilizarlo, invierta el extintor varias veces para aflojar el polvo seco dentro del cilindro.<\/p>\n<p>4. Cuando utilice un extintor de polvo seco de carga interna o presi\u00f3n almacenada, retire primero el pasador de seguridad. Sujete firmemente la boquilla con una mano mientras presiona la palanca con la otra. El polvo seco se descargar\u00e1 a trav\u00e9s de la boquilla.<\/p>\n<p>5. Cuando utilice un extintor de polvo seco para combatir un incendio en el que haya l\u00edquidos derramados, ac\u00e9rquese por el lado de las llamas. Dirija el chorro hacia la base de las llamas, movi\u00e9ndose de cerca a lejos mientras barre de izquierda a derecha. Avance r\u00e1pidamente hasta que las llamas se extingan por completo.<\/p>\n<p>6. Cuando utilice un extintor de polvo seco para combatir un incendio que involucre l\u00edquidos inflamables en un recipiente, apunte la boquilla hacia la base de las llamas desde el lado del fuego y mueva el extintor de izquierda a derecha. Cuando las llamas salgan del recipiente, avance r\u00e1pidamente para extinguir todos los restos de fuego. Durante la extinci\u00f3n, tenga cuidado de no dirigir la boquilla directamente hacia la superficie del l\u00edquido, ya que la fuerza del impacto del chorro de polvo seco puede provocar salpicaduras de aceite, lo que podr\u00eda propagar el fuego y complicar la extinci\u00f3n.<\/p>\n<p>7. Cuando utilice un extintor de polvo seco para combatir incendios que involucren materiales s\u00f3lidos, dirija la boquilla hacia la zona m\u00e1s intensa de combusti\u00f3n y mu\u00e9vala de lado a lado. Intente distribuir el agente extintor de polvo seco de manera uniforme sobre la superficie del material en llamas hasta que el fuego se haya extinguido por completo.<\/p>\n<p>8. Cuando utilice un extintor de polvo seco, aseg\u00farese de que permanezca en posici\u00f3n vertical durante todo el proceso de extinci\u00f3n; nunca lo coloque en posici\u00f3n horizontal ni lo invierta, ya que esto impedir\u00e1 la descarga del polvo. Adem\u00e1s, tenga cuidado de evitar que se vuelva a encender despu\u00e9s de la extinci\u00f3n, ya que los extintores de polvo seco proporcionan un efecto de enfriamiento m\u00ednimo. Si quedan brasas incandescentes en el punto de ignici\u00f3n, es probable que se vuelva a encender despu\u00e9s de la extinci\u00f3n.<\/p>\n<p>&nbsp;<\/p>\n<p><img decoding=\"async\" class=\"alignnone size-full wp-image-14201\" src=\"http:\/\/www.erun-tech.com\/wp-content\/uploads\/2022\/03\/4088220132_179717326.jpg\" width=\"646\" height=\"1280\" alt=\"indefinido\" srcset=\"http:\/\/www.erun-tech.com\/wp-content\/uploads\/2022\/03\/4088220132_179717326.jpg 646w, http:\/\/www.erun-tech.com\/wp-content\/uploads\/2022\/03\/4088220132_179717326-600x1189.jpg 600w, http:\/\/www.erun-tech.com\/wp-content\/uploads\/2022\/03\/4088220132_179717326-151x300.jpg 151w, http:\/\/www.erun-tech.com\/wp-content\/uploads\/2022\/03\/4088220132_179717326-517x1024.jpg 517w\" sizes=\"(max-width: 646px) 100vw, 646px\" title=\"\u624b\u63d0\u5f0f\u706d\u706b\u5668\u63d2\u56fe1\" \/><\/p>\n<p><img decoding=\"async\" class=\"alignnone size-full wp-image-14202\" src=\"http:\/\/www.erun-tech.com\/wp-content\/uploads\/2022\/03\/4088211812_179717326.jpg\" width=\"790\" height=\"858\" alt=\"indefinido\" srcset=\"http:\/\/www.erun-tech.com\/wp-content\/uploads\/2022\/03\/4088211812_179717326.jpg 790w, http:\/\/www.erun-tech.com\/wp-content\/uploads\/2022\/03\/4088211812_179717326-600x652.jpg 600w, http:\/\/www.erun-tech.com\/wp-content\/uploads\/2022\/03\/4088211812_179717326-276x300.jpg 276w, http:\/\/www.erun-tech.com\/wp-content\/uploads\/2022\/03\/4088211812_179717326-768x834.jpg 768w\" sizes=\"(max-width: 790px) 100vw, 790px\" title=\"\u624b\u63d0\u5f0f\u706d\u706b\u5668\u63d2\u56fe2\" \/><\/p>","protected":false},"excerpt":{"rendered":"<p>Extintores de polvo seco, extintores de di\u00f3xido de carbono y extintores de espuma: al menos cinco de cada tipo.<\/p>\n<p>&nbsp;<\/p>","protected":false},"featured_media":14200,"comment_status":"open","ping_status":"closed","template":"","meta":[],"product_brand":[],"product_cat":[33,35],"product_tag":[127,124,125,126],"class_list":{"0":"post-2478","1":"product","2":"type-product","3":"status-publish","4":"has-post-thumbnail","6":"product_cat-jibenanquanshixunshiz01","7":"product_cat-gaojixiaofangshixunshiz04","8":"product_tag-ganfenmiehuoqi","9":"product_tag-shoutishimiehuoqi","10":"product_tag-shoutishimiehuoqipinpai","11":"product_tag-shoutishimiehuoqidezhengqueshiyongfangfa","12":"description-off","14":"first","15":"instock","16":"taxable","17":"shipping-taxable","18":"purchasable","19":"product-type-simple"},"_links":{"self":[{"href":"http:\/\/www.erun-tech.com\/es\/wp-json\/wp\/v2\/product\/2478","targetHints":{"allow":["GET"]}}],"collection":[{"href":"http:\/\/www.erun-tech.com\/es\/wp-json\/wp\/v2\/product"}],"about":[{"href":"http:\/\/www.erun-tech.com\/es\/wp-json\/wp\/v2\/types\/product"}],"replies":[{"embeddable":true,"href":"http:\/\/www.erun-tech.com\/es\/wp-json\/wp\/v2\/comments?post=2478"}],"wp:featuredmedia":[{"embeddable":true,"href":"http:\/\/www.erun-tech.com\/es\/wp-json\/wp\/v2\/media\/14200"}],"wp:attachment":[{"href":"http:\/\/www.erun-tech.com\/es\/wp-json\/wp\/v2\/media?parent=2478"}],"wp:term":[{"taxonomy":"product_brand","embeddable":true,"href":"http:\/\/www.erun-tech.com\/es\/wp-json\/wp\/v2\/product_brand?post=2478"},{"taxonomy":"product_cat","embeddable":true,"href":"http:\/\/www.erun-tech.com\/es\/wp-json\/wp\/v2\/product_cat?post=2478"},{"taxonomy":"product_tag","embeddable":true,"href":"http:\/\/www.erun-tech.com\/es\/wp-json\/wp\/v2\/product_tag?post=2478"}],"curies":[{"name":"wp","href":"https:\/\/api.w.org\/{rel}","templated":true}]}}