{"id":2484,"date":"2019-07-09T23:42:51","date_gmt":"2019-07-09T15:42:51","guid":{"rendered":"http:\/\/www.eruntec.com\/?post_type=product&#038;p=2484"},"modified":"2024-03-27T22:17:20","modified_gmt":"2024-03-27T14:17:20","slug":"yingjixiaofangbeng","status":"publish","type":"product","link":"http:\/\/www.erun-tech.com\/es\/product\/yingjixiaofangbeng","title":{"rendered":"Bomba contra incendios de emergencia para buques"},"content":{"rendered":"<h2 style=\"text-align: center;\">Bomba contra incendios de emergencia para buques<\/h2>\n<div><\/div>\n<div>Base jur\u00eddica: Normativa sobre la administraci\u00f3n de la formaci\u00f3n de la gente de mar de la Rep\u00fablica Popular China (Orden n.\u00ba 5 del Ministerio de Transporte, 2019).<\/div>\n<div>Categor\u00edas de productos: Sala de formaci\u00f3n b\u00e1sica en seguridad (Z01), Sala de formaci\u00f3n avanzada en seguridad contra incendios (Z04)<\/div>\n<div>\u4ea7\u54c1\u540d\u79f0\uff1a\u5e94\u6025\u6d88\u9632\u6cf5<\/div>\n<div>\u529f\u80fd\u8981\u6c42\uff1a\u7b26\u5408\u56fd\u9645\u6d88\u9632\u5b89\u5168\u7cfb\u7edf\u89c4\u5219\u8981\u6c42\uff0c\u5e76\u4e14\u5177\u6709\u914d\u5957\u6c34\u6e90\uff08\u5305\u62ec\u6c34\u4e95\u3001\u6c34\u6c60\u6216\u5176\u4ed6\u7684\u80fd\u591f\u4f9b\u6c34\u7684\u8bbe\u65bd\uff09\u3002<\/div>\n<div>\u89c4\u5b9a\u6570\u91cf\uff1a\u672c\u5b89\u5168\u5b9e\u8bad\u5ba4\uff08Z01\uff09\u3001\u9ad8\u7ea7\u6d88\u9632\u5b9e\u8bad\u5ba4\uff08Z04\uff09\u54041\u4e2a<\/div>\n<div><\/div>\n<div>\n<p>CWY\u578b\u8239\u7528\u67f4\u6cb9\u673a\u5e94\u6025\u6d88\u9632\u6cf5\uff0c\u662f\u6839\u636e\u4e2d\u56fd\u8239\u7ea7\u793e\u300a\u94a2\u8d28\u6d77\u8239\u5165\u7ea7\u4e0e\u5efa\u9020\u89c4\u8303-2001\u300b\u4ee5\u53ca\u300a\u56fd\u9645\u6d77\u4e0a\u4eba\u547d\u5b89\u5168\u6761\u7ea6\u300b\u7b49\u6709\u5173\u6761\u6587\u7684\u89c4\u5b9a\u7814\u5236\u7684\u3002\u4e3b\u8981\u7528\u4e8e\u8239\u8236\u5e94\u6025\u6d88\u9632\uff0c\u540c\u65f6\u4e5f\u9002\u7528\u4e8e\u5de5\u77ff\u4f01\u4e1a\u3001\u6e2f\u53e3\u7801\u5934\u3001\u4ed3\u5e93\u8d27\u573a\u7b49\u573a\u6240\u3002<\/p>\n<p>\u8be5\u6cf5\u7ec4\u5177\u6709\u91cd\u91cf\u8f7b\u3001\u4f53\u79ef\u5c0f\u3001\u79fb\u52a8\u7075\u6d3b\u3001\u8d77\u52a8\u8fc5\u901f\u3001\u51fa\u6c34\u65f6\u95f4\u5feb\u3001\u71c3\u6cb9\u7bb1\u5bb9\u91cf\u5927\u3001\u8010\u8150\u8680\u3001\u4f7f\u7528\u53ef\u9760\u3001\u7ef4\u62a4\u65b9\u4fbf\u7b49\u4f18\u70b9\u3002\u672c\u6cf5\u6709\u624b\u52a8\u548c\u7535\u8d77\u52a8\u4e24\u79cd\u5f62\u5f0f\uff0c\u7528\u6237\u5728\u8ba2\u8d27\u65f6\u8bf4\u660e\u3002<\/p>\n<p><img decoding=\"async\" class=\"alignnone size-full wp-image-14194\" title=\"\u6d88\u9632\u6cf5,\u67f4\u6cb9\u673a\u5e94\u6025\u6d88\u9632\u6cf5,\u8239\u7528\u67f4\u6cb9\u673a\u5e94\u6025\u6d88\u9632\u6cf5,CWY\u578b\u8239\u7528\u67f4\u6cb9\u673a\u5e94\u6025\u6d88\u9632\u6cf5\" src=\"http:\/\/www.erun-tech.com\/wp-content\/uploads\/2022\/03\/14416154058769087.png\" width=\"727\" height=\"195\" srcset=\"http:\/\/www.erun-tech.com\/wp-content\/uploads\/2022\/03\/14416154058769087.png 727w, http:\/\/www.erun-tech.com\/wp-content\/uploads\/2022\/03\/14416154058769087-600x161.png 600w, http:\/\/www.erun-tech.com\/wp-content\/uploads\/2022\/03\/14416154058769087-300x80.png 300w\" sizes=\"(max-width: 727px) 100vw, 727px\" alt=\"\u8239\u8236\u5e94\u6025\u6d88\u9632\u6cf5\u63d2\u56fe\" \/><\/p>\n<p><img decoding=\"async\" class=\"alignnone size-full wp-image-14195\" title=\"\u6d88\u9632\u6cf5,\u67f4\u6cb9\u673a\u5e94\u6025\u6d88\u9632\u6cf5,\u8239\u7528\u67f4\u6cb9\u673a\u5e94\u6025\u6d88\u9632\u6cf5,CWY\u578b\u8239\u7528\u67f4\u6cb9\u673a\u5e94\u6025\u6d88\u9632\u6cf5\" src=\"http:\/\/www.erun-tech.com\/wp-content\/uploads\/2022\/03\/14416154054658238.png\" width=\"727\" height=\"219\" srcset=\"http:\/\/www.erun-tech.com\/wp-content\/uploads\/2022\/03\/14416154054658238.png 727w, http:\/\/www.erun-tech.com\/wp-content\/uploads\/2022\/03\/14416154054658238-600x181.png 600w, http:\/\/www.erun-tech.com\/wp-content\/uploads\/2022\/03\/14416154054658238-300x90.png 300w\" sizes=\"(max-width: 727px) 100vw, 727px\" alt=\"\u8239\u8236\u5e94\u6025\u6d88\u9632\u6cf5\u63d2\u56fe1\" \/><\/p>\n<p><img decoding=\"async\" class=\"alignnone size-full wp-image-14196\" title=\"\u6d88\u9632\u6cf5,\u67f4\u6cb9\u673a\u5e94\u6025\u6d88\u9632\u6cf5,\u8239\u7528\u67f4\u6cb9\u673a\u5e94\u6025\u6d88\u9632\u6cf5,CWY\u578b\u8239\u7528\u67f4\u6cb9\u673a\u5e94\u6025\u6d88\u9632\u6cf5\" src=\"http:\/\/www.erun-tech.com\/wp-content\/uploads\/2022\/03\/14416154055574203.png\" width=\"727\" height=\"225\" srcset=\"http:\/\/www.erun-tech.com\/wp-content\/uploads\/2022\/03\/14416154055574203.png 727w, http:\/\/www.erun-tech.com\/wp-content\/uploads\/2022\/03\/14416154055574203-600x186.png 600w, http:\/\/www.erun-tech.com\/wp-content\/uploads\/2022\/03\/14416154055574203-300x93.png 300w\" sizes=\"(max-width: 727px) 100vw, 727px\" alt=\"\u8239\u8236\u5e94\u6025\u6d88\u9632\u6cf5\u63d2\u56fe2\" \/><\/p>\n<p><img decoding=\"async\" class=\"alignnone size-full wp-image-14197\" title=\"\u6d88\u9632\u6cf5,\u67f4\u6cb9\u673a\u5e94\u6025\u6d88\u9632\u6cf5,\u8239\u7528\u67f4\u6cb9\u673a\u5e94\u6025\u6d88\u9632\u6cf5,CWY\u578b\u8239\u7528\u67f4\u6cb9\u673a\u5e94\u6025\u6d88\u9632\u6cf5\" src=\"http:\/\/www.erun-tech.com\/wp-content\/uploads\/2022\/03\/14416154053375761.png\" width=\"727\" height=\"237\" srcset=\"http:\/\/www.erun-tech.com\/wp-content\/uploads\/2022\/03\/14416154053375761.png 727w, http:\/\/www.erun-tech.com\/wp-content\/uploads\/2022\/03\/14416154053375761-600x196.png 600w, http:\/\/www.erun-tech.com\/wp-content\/uploads\/2022\/03\/14416154053375761-300x98.png 300w\" sizes=\"(max-width: 727px) 100vw, 727px\" alt=\"\u8239\u8236\u5e94\u6025\u6d88\u9632\u6cf5\u63d2\u56fe3\" \/><\/p>\n<\/div>","protected":false},"excerpt":{"rendered":"<p>Cumple con los requisitos establecidos en el cap\u00edtulo XII del FSS y dispone de una fuente de agua adecuada (incluidos pozos, embalses u otras instalaciones capaces de suministrar agua).<\/p>","protected":false},"featured_media":14193,"comment_status":"open","ping_status":"closed","template":"","meta":[],"product_brand":[],"product_cat":[33,322,35],"product_tag":[121,123,122],"class_list":{"0":"post-2484","1":"product","2":"type-product","3":"status-publish","4":"has-post-thumbnail","6":"product_cat-jibenanquanshixunshiz01","7":"product_cat-haishangjiaotonganquanjinengpeixun","8":"product_cat-gaojixiaofangshixunshiz04","9":"product_tag-yingjixiaofangbeng","10":"product_tag-chaiyoujiyingjixiaofangbeng","11":"product_tag-chuanboyingjixiaofangbeng","12":"description-off","14":"first","15":"instock","16":"taxable","17":"shipping-taxable","18":"purchasable","19":"product-type-simple"},"_links":{"self":[{"href":"http:\/\/www.erun-tech.com\/es\/wp-json\/wp\/v2\/product\/2484","targetHints":{"allow":["GET"]}}],"collection":[{"href":"http:\/\/www.erun-tech.com\/es\/wp-json\/wp\/v2\/product"}],"about":[{"href":"http:\/\/www.erun-tech.com\/es\/wp-json\/wp\/v2\/types\/product"}],"replies":[{"embeddable":true,"href":"http:\/\/www.erun-tech.com\/es\/wp-json\/wp\/v2\/comments?post=2484"}],"wp:featuredmedia":[{"embeddable":true,"href":"http:\/\/www.erun-tech.com\/es\/wp-json\/wp\/v2\/media\/14193"}],"wp:attachment":[{"href":"http:\/\/www.erun-tech.com\/es\/wp-json\/wp\/v2\/media?parent=2484"}],"wp:term":[{"taxonomy":"product_brand","embeddable":true,"href":"http:\/\/www.erun-tech.com\/es\/wp-json\/wp\/v2\/product_brand?post=2484"},{"taxonomy":"product_cat","embeddable":true,"href":"http:\/\/www.erun-tech.com\/es\/wp-json\/wp\/v2\/product_cat?post=2484"},{"taxonomy":"product_tag","embeddable":true,"href":"http:\/\/www.erun-tech.com\/es\/wp-json\/wp\/v2\/product_tag?post=2484"}],"curies":[{"name":"wp","href":"https:\/\/api.w.org\/{rel}","templated":true}]}}