{"id":2533,"date":"2019-07-12T22:10:46","date_gmt":"2019-07-12T14:10:46","guid":{"rendered":"http:\/\/www.eruntec.com\/?post_type=product&#038;p=2533"},"modified":"2024-03-27T22:17:37","modified_gmt":"2024-03-27T14:17:37","slug":"shuilongdai","status":"publish","type":"product","link":"http:\/\/www.erun-tech.com\/es\/product\/shuilongdai","title":{"rendered":"manguera contra incendios"},"content":{"rendered":"<p><img decoding=\"async\" class=\"alignnone size-full wp-image-14186\" src=\"http:\/\/www.erun-tech.com\/wp-content\/uploads\/2022\/03\/O1CN011zLGvLQ5Lrpi2hI_4243276697.jpg\" width=\"750\" height=\"770\" srcset=\"http:\/\/www.erun-tech.com\/wp-content\/uploads\/2022\/03\/O1CN011zLGvLQ5Lrpi2hI_4243276697.jpg 750w, http:\/\/www.erun-tech.com\/wp-content\/uploads\/2022\/03\/O1CN011zLGvLQ5Lrpi2hI_4243276697-600x616.jpg 600w, http:\/\/www.erun-tech.com\/wp-content\/uploads\/2022\/03\/O1CN011zLGvLQ5Lrpi2hI_4243276697-292x300.jpg 292w\" sizes=\"(max-width: 750px) 100vw, 750px\" title=\"\u6c34\u9f99\u5e26\u63d2\u56fe\" alt=\"\u6c34\u9f99\u5e26\u63d2\u56fe\" \/><img decoding=\"async\" class=\"alignnone size-full wp-image-14187\" src=\"http:\/\/www.erun-tech.com\/wp-content\/uploads\/2022\/03\/O1CN011zLGvM3BvOhDxO6_4243276697.jpg\" width=\"750\" height=\"770\" srcset=\"http:\/\/www.erun-tech.com\/wp-content\/uploads\/2022\/03\/O1CN011zLGvM3BvOhDxO6_4243276697.jpg 750w, http:\/\/www.erun-tech.com\/wp-content\/uploads\/2022\/03\/O1CN011zLGvM3BvOhDxO6_4243276697-600x616.jpg 600w, http:\/\/www.erun-tech.com\/wp-content\/uploads\/2022\/03\/O1CN011zLGvM3BvOhDxO6_4243276697-292x300.jpg 292w\" sizes=\"(max-width: 750px) 100vw, 750px\" title=\"\u6c34\u9f99\u5e26\u63d2\u56fe1\" alt=\"\u6c34\u9f99\u5e26\u63d2\u56fe1\" \/><img decoding=\"async\" class=\"alignnone size-full wp-image-14188\" src=\"http:\/\/www.erun-tech.com\/wp-content\/uploads\/2022\/03\/O1CN011zLGvLQ59QjjbC7_4243276697.jpg\" width=\"750\" height=\"770\" srcset=\"http:\/\/www.erun-tech.com\/wp-content\/uploads\/2022\/03\/O1CN011zLGvLQ59QjjbC7_4243276697.jpg 750w, http:\/\/www.erun-tech.com\/wp-content\/uploads\/2022\/03\/O1CN011zLGvLQ59QjjbC7_4243276697-600x616.jpg 600w, http:\/\/www.erun-tech.com\/wp-content\/uploads\/2022\/03\/O1CN011zLGvLQ59QjjbC7_4243276697-292x300.jpg 292w\" sizes=\"(max-width: 750px) 100vw, 750px\" title=\"\u6c34\u9f99\u5e26\u63d2\u56fe2\" alt=\"\u6c34\u9f99\u5e26\u63d2\u56fe2\" \/><\/p>\n<p><img decoding=\"async\" id=\"desc-module-3\" class=\"desc_anchor img-ks-lazyload\" src=\"https:\/\/assets.alicdn.com\/kissy\/1.0.0\/build\/imglazyload\/spaceball.gif\" title=\"\u6c34\u9f99\u5e26\u63d2\u56fe3\" alt=\"\u6c34\u9f99\u5e26\u63d2\u56fe3\" \/><\/p>\n<p><img decoding=\"async\" class=\"alignnone size-full wp-image-14189\" src=\"http:\/\/www.erun-tech.com\/wp-content\/uploads\/2022\/03\/O1CN011zLGvNLYivTVfbv_4243276697.jpg\" width=\"750\" height=\"769\" srcset=\"http:\/\/www.erun-tech.com\/wp-content\/uploads\/2022\/03\/O1CN011zLGvNLYivTVfbv_4243276697.jpg 750w, http:\/\/www.erun-tech.com\/wp-content\/uploads\/2022\/03\/O1CN011zLGvNLYivTVfbv_4243276697-600x615.jpg 600w, http:\/\/www.erun-tech.com\/wp-content\/uploads\/2022\/03\/O1CN011zLGvNLYivTVfbv_4243276697-293x300.jpg 293w\" sizes=\"(max-width: 750px) 100vw, 750px\" title=\"\u6c34\u9f99\u5e26\u63d2\u56fe4\" alt=\"\u6c34\u9f99\u5e26\u63d2\u56fe4\" \/><img decoding=\"async\" class=\"alignnone size-full wp-image-14190\" src=\"http:\/\/www.erun-tech.com\/wp-content\/uploads\/2022\/03\/O1CN011zLGvMH3d8X0JIX_4243276697.jpg\" width=\"750\" height=\"770\" srcset=\"http:\/\/www.erun-tech.com\/wp-content\/uploads\/2022\/03\/O1CN011zLGvMH3d8X0JIX_4243276697.jpg 750w, http:\/\/www.erun-tech.com\/wp-content\/uploads\/2022\/03\/O1CN011zLGvMH3d8X0JIX_4243276697-600x616.jpg 600w, http:\/\/www.erun-tech.com\/wp-content\/uploads\/2022\/03\/O1CN011zLGvMH3d8X0JIX_4243276697-292x300.jpg 292w\" sizes=\"(max-width: 750px) 100vw, 750px\" title=\"\u6c34\u9f99\u5e26\u63d2\u56fe5\" alt=\"\u6c34\u9f99\u5e26\u63d2\u56fe5\" \/><\/p>\n<p><img decoding=\"async\" id=\"desc-module-4\" class=\"desc_anchor img-ks-lazyload\" src=\"https:\/\/assets.alicdn.com\/kissy\/1.0.0\/build\/imglazyload\/spaceball.gif\" title=\"\u6c34\u9f99\u5e26\u63d2\u56fe6\" alt=\"\u6c34\u9f99\u5e26\u63d2\u56fe6\" \/><\/p>\n<p><img decoding=\"async\" class=\"alignnone size-full wp-image-14191\" src=\"http:\/\/www.erun-tech.com\/wp-content\/uploads\/2022\/03\/O1CN01Z82TDv1zLGvJvWp4h_4243276697.jpg\" width=\"750\" height=\"770\" srcset=\"http:\/\/www.erun-tech.com\/wp-content\/uploads\/2022\/03\/O1CN01Z82TDv1zLGvJvWp4h_4243276697.jpg 750w, http:\/\/www.erun-tech.com\/wp-content\/uploads\/2022\/03\/O1CN01Z82TDv1zLGvJvWp4h_4243276697-600x616.jpg 600w, http:\/\/www.erun-tech.com\/wp-content\/uploads\/2022\/03\/O1CN01Z82TDv1zLGvJvWp4h_4243276697-292x300.jpg 292w\" sizes=\"(max-width: 750px) 100vw, 750px\" title=\"\u6c34\u9f99\u5e26\u63d2\u56fe7\" alt=\"\u6c34\u9f99\u5e26\u63d2\u56fe7\" \/><\/p>","protected":false},"excerpt":{"rendered":"<p>Con un di\u00e1metro de 50 mil\u00edmetros o 65 mil\u00edmetros.<\/p>","protected":false},"featured_media":14186,"comment_status":"open","ping_status":"closed","template":"","meta":[],"product_brand":[],"product_cat":[33,322],"product_tag":[120],"class_list":{"0":"post-2533","1":"product","2":"type-product","3":"status-publish","4":"has-post-thumbnail","6":"product_cat-jibenanquanshixunshiz01","7":"product_cat-haishangjiaotonganquanjinengpeixun","8":"product_tag-shuilongdai","9":"description-off","11":"first","12":"instock","13":"downloadable","14":"taxable","15":"shipping-taxable","16":"purchasable","17":"product-type-simple"},"_links":{"self":[{"href":"http:\/\/www.erun-tech.com\/es\/wp-json\/wp\/v2\/product\/2533","targetHints":{"allow":["GET"]}}],"collection":[{"href":"http:\/\/www.erun-tech.com\/es\/wp-json\/wp\/v2\/product"}],"about":[{"href":"http:\/\/www.erun-tech.com\/es\/wp-json\/wp\/v2\/types\/product"}],"replies":[{"embeddable":true,"href":"http:\/\/www.erun-tech.com\/es\/wp-json\/wp\/v2\/comments?post=2533"}],"wp:featuredmedia":[{"embeddable":true,"href":"http:\/\/www.erun-tech.com\/es\/wp-json\/wp\/v2\/media\/14186"}],"wp:attachment":[{"href":"http:\/\/www.erun-tech.com\/es\/wp-json\/wp\/v2\/media?parent=2533"}],"wp:term":[{"taxonomy":"product_brand","embeddable":true,"href":"http:\/\/www.erun-tech.com\/es\/wp-json\/wp\/v2\/product_brand?post=2533"},{"taxonomy":"product_cat","embeddable":true,"href":"http:\/\/www.erun-tech.com\/es\/wp-json\/wp\/v2\/product_cat?post=2533"},{"taxonomy":"product_tag","embeddable":true,"href":"http:\/\/www.erun-tech.com\/es\/wp-json\/wp\/v2\/product_tag?post=2533"}],"curies":[{"name":"wp","href":"https:\/\/api.w.org\/{rel}","templated":true}]}}