{"id":2553,"date":"2019-07-12T22:48:30","date_gmt":"2019-07-12T14:48:30","guid":{"rendered":"http:\/\/www.eruntec.com\/?post_type=product&#038;p=2553"},"modified":"2024-03-27T22:19:30","modified_gmt":"2024-03-27T14:19:30","slug":"xiaofangyuanzhuangbei","status":"publish","type":"product","link":"http:\/\/www.erun-tech.com\/es\/product\/xiaofangyuanzhuangbei","title":{"rendered":"Equipo de bombero"},"content":{"rendered":"<h2 style=\"text-align: center;\" align=\"left\">Equipo de bombero<\/h2>\n<p><strong>Base jur\u00eddica: Normativa sobre la administraci\u00f3n de la formaci\u00f3n de la gente de mar de la Rep\u00fablica Popular China (Orden n.\u00ba 5 del Ministerio de Transporte, 2019).<\/strong><br \/>\n<strong>Categor\u00edas de productos: Sala de formaci\u00f3n b\u00e1sica en seguridad (Z01), Sala de formaci\u00f3n avanzada en seguridad contra incendios (Z04)<\/strong><br \/>\n<strong>\u4ea7\u54c1\u540d\u79f0\uff1a\u6d88\u9632\u5458\u88c5\u5907<\/strong><br \/>\n<strong>\u529f\u80fd\u8981\u6c42\uff1a\u7b26\u5408\u56fd\u9645\u6d88\u9632\u5b89\u5168\u7cfb\u7edf\u89c4\u5219\u7b2c\u4e09\u7ae0\u7684\u8981\u6c42\uff0c\u81f3\u5c11\u5305\u62ec\uff1a\u4e2a\u4eba\u914d\u5907\uff08\u9632\u62a4\u670d\u3001\u957f\u7b52\u9774\u3001\u786c\u5934\u76d4\u3001\u5b89\u5168\u706f\u3001\u6d88\u9632\u65a7\uff09\uff0c\u81ea\u7ed9\u5f0f\u538b\u7f29\u7a7a\u6c14\u547c\u5438\u5668\uff08\u914d\u7a7a\u6c14\u74f6 20\u4e2a\u6216\u5145\u6c14\u88c5\u7f6e 1 \u5957\uff09\u548c\u8010\u706b\u6551\u751f\u7ef3\u3002<\/strong><br \/>\n<strong>\u89c4\u5b9a\u6570\u91cf\uff1a10 \u5957<\/strong><\/p>\n<p align=\"left\">\u4ea7\u54c1\u8bf4\u660e\uff1a<\/p>\n<p>\u672c\u516c\u53f8\u751f\u4ea7\u7684DFX-1\u578b\u6d88\u9632\u5458\u88c5\u5907\u662f\u6839\u636e\u300a1974\u5e74\u56fd\u9645\u6d77\u4e0a\u4eba\u547d\u5b89\u5168\u516c\u7ea61981\u5e74\u4fee\u6b63\u6848\u300b\u548c\u300a\u94a2\u8d28\u6d77\u8239\u5165\u7ea7\u4e0e\u5efa\u9020\u89c4\u8303\u300b\u7684\u8981\u6c42\u5236\u9020\u7684\uff0c\u5b83\u914d\u5907\u4e86\u89c4\u8303\u8981\u6c42\u7684\u4e2a\u4eba\u88c5\u5907\u548c\u6b63\u538b\u5f0f\u7a7a\u6c14\u547c\u5438\u5668\uff0c\u662f\u8239\u8236\u5fc5\u914d\u7684\u88c5\u5907\u4e4b\u4e00\u3002\u4ea7\u54c1\u7ecf\u4e2d\u56fd\u8239\u7ea7\u793e\u68c0\u9a8c,\u6709CCS\u8239\u68c0\u8bc1\u4e66\u3002<\/p>\n<p>&nbsp;<\/p>\n<table border=\"0\" cellspacing=\"1\" cellpadding=\"0\">\n<tbody>\n<tr valign=\"middle\" bgcolor=\"#ffffff\">\n<td width=\"24\">\n<p align=\"center\">N\u00famero de serie<\/p>\n<\/td>\n<td width=\"134\">\n<p align=\"center\">\u540d\u3000\u79f0<\/p>\n<\/td>\n<td width=\"175\">\n<p align=\"center\">\u6280 \u672f \u53c2 \u6570<\/p>\n<\/td>\n<td width=\"48\">\n<p align=\"center\">cantidad<\/p>\n<\/td>\n<td width=\"218\">\n<p align=\"center\">Nota<\/p>\n<\/td>\n<\/tr>\n<tr valign=\"middle\" bgcolor=\"#ffffff\">\n<td width=\"24\">\n<p align=\"center\">1<\/p>\n<\/td>\n<td width=\"134\">\n<p align=\"center\">\u9632\u62a4\u670d<\/p>\n<\/td>\n<td width=\"175\">\n<p align=\"center\">\u94dd\u7b94\u590d\u5408\u963b\u70ef\u6750\u6599\uff0c 10KW\/m2 \u8f90\u5c04\u70ed\u6e90\u7167\u5c04 30S \u540e\uff0c\u5176\u5185\u8868\u9762\u6e29\u5347\u4e0d\u5927\u4e8e 25\u2103<\/p>\n<\/td>\n<td width=\"48\">\n<p align=\"center\">1 \u5957<\/p>\n<\/td>\n<td width=\"218\">\n<p align=\"center\">\u5305\u62ec\u4e0a\u8863\u3001\u88e4\u5b50\u3001\u811a\u5957\u3001\u624b\u5957\u3001 CCS \u8bc1\u4e66<\/p>\n<\/td>\n<\/tr>\n<tr valign=\"middle\" bgcolor=\"#ffffff\">\n<td width=\"24\">\n<p align=\"center\">2<\/p>\n<\/td>\n<td width=\"134\">\n<p align=\"center\">\u6b63\u538b\u5f0f\u7a7a\u6c14\u547c\u5438\u5668<\/p>\n<\/td>\n<td width=\"175\">\n<p align=\"center\">\u6c14\u74f6\u5de5\u4f5c\u538b\u529b 30Mpa<\/p>\n<\/td>\n<td width=\"48\">\n<p align=\"center\">1 \u5957<\/p>\n<\/td>\n<td width=\"218\">\n<p align=\"center\">CCS \u8bc1\u4e66\u53ca\u5408\u683c\u8bc1\u4e66<\/p>\n<\/td>\n<\/tr>\n<tr valign=\"middle\" bgcolor=\"#ffffff\">\n<td width=\"24\">\n<p align=\"center\">3<\/p>\n<\/td>\n<td width=\"134\">\n<p align=\"center\">\u8010\u706b\u6551\u751f\u7ef3<\/p>\n<\/td>\n<td width=\"175\">\n<p align=\"center\">40 \u7c73<\/p>\n<\/td>\n<td width=\"48\">\n<p align=\"center\">1 \u5957<\/p>\n<\/td>\n<td width=\"218\">\n<p align=\"center\">CCS \u8bc1\u4e66\u53ca\u5408\u683c\u8bc1\u4e66<\/p>\n<\/td>\n<\/tr>\n<tr valign=\"middle\" bgcolor=\"#ffffff\">\n<td width=\"24\">\n<p align=\"center\">4<\/p>\n<\/td>\n<td width=\"134\">\n<p align=\"center\">\u9632\u7206\u706f<\/p>\n<\/td>\n<td width=\"175\">\n<p align=\"center\">\u7167\u660e\u65f6\u95f4\u5927\u4e8e 3 \u5c0f\u65f6<\/p>\n<\/td>\n<td width=\"48\">\n<p align=\"center\">1 \u76cf<\/p>\n<\/td>\n<td width=\"218\">\n<p align=\"center\">CCS \u8bc1\u4e66\u53ca\u5408\u683c\u8bc1\u4e66<\/p>\n<\/td>\n<\/tr>\n<tr valign=\"middle\" bgcolor=\"#ffffff\">\n<td width=\"24\">\n<p align=\"center\">5<\/p>\n<\/td>\n<td width=\"134\">\n<p align=\"center\">\u592a\u5e73\u65a7<\/p>\n<\/td>\n<td width=\"175\">\n<p align=\"center\">\u7edd\u7f18\u8010\u538b<\/p>\n<\/td>\n<td width=\"48\">\n<p align=\"center\">1 \u628a<\/p>\n<\/td>\n<td width=\"218\">\n<p align=\"center\">\u5408\u683c\u8bc1<\/p>\n<\/td>\n<\/tr>\n<tr valign=\"middle\" bgcolor=\"#ffffff\">\n<td width=\"24\">\n<p align=\"center\">6<\/p>\n<\/td>\n<td width=\"134\">\n<p align=\"center\">\u5b89\u5168\u5934\u76d4<\/p>\n<\/td>\n<td width=\"175\">\n<p align=\"center\">\u8010\u7a7f\u523a<\/p>\n<\/td>\n<td width=\"48\">\n<p align=\"center\">1 \u9876<\/p>\n<\/td>\n<td width=\"218\">\n<p align=\"center\">\u5408\u683c\u8bc1<\/p>\n<\/td>\n<\/tr>\n<tr valign=\"middle\" bgcolor=\"#ffffff\">\n<td width=\"24\">\n<p align=\"center\">7<\/p>\n<\/td>\n<td width=\"134\">\n<p align=\"center\">\u6d88\u9632\u80f6\u9774<\/p>\n<\/td>\n<td width=\"175\">\n<p align=\"center\">\u9632\u6ed1\u3001\u6297\u7a7f\u523a\u3001\u8010\u9178\u78b1<\/p>\n<\/td>\n<td width=\"48\">\n<p align=\"center\">1 \u53cc<\/p>\n<\/td>\n<td width=\"218\">\n<p align=\"center\">\u5408\u683c\u8bc1<\/p>\n<\/td>\n<\/tr>\n<\/tbody>\n<\/table>\n<p>&nbsp;<\/p>\n<p><img decoding=\"async\" class=\"alignnone size-full wp-image-14168\" src=\"http:\/\/www.erun-tech.com\/wp-content\/uploads\/2022\/03\/29170351.jpg\" width=\"430\" height=\"325\" alt=\"Equipo de seguridad 1\" title=\"\u6d88\u9632\u5458\u88c5\u5907 1\" srcset=\"http:\/\/www.erun-tech.com\/wp-content\/uploads\/2022\/03\/29170351.jpg 430w, http:\/\/www.erun-tech.com\/wp-content\/uploads\/2022\/03\/29170351-300x227.jpg 300w\" sizes=\"(max-width: 430px) 100vw, 430px\" \/><\/p>\n<p>DXZ \u578b\u6d88\u9632\u5458\u88c5\u5907\u662f\u6839\u636e IMO \u300a\u56fd\u9645\u6d88\u9632\u5b89\u5168\u7cfb\u7edf\u89c4\u5219\u300b\u7684\u8981\u6c42\u5236\u9020\u7684\uff0c\u5b83\u914d\u5907\u4e86\u89c4\u8303\u8981\u6c42\u7684\u4e2a\u4eba\u88c5\u5907\u548c\u6b63\u538b\u5f0f\u7a7a\u6c14\u547c\u5438\u5668\uff0c\u662f\u8239\u8236\u5fc5\u5907\u7684\u88c5\u5907\u4e4b\u4e00\uff0c\u4ea7\u54c1\u7ecf\u4e2d\u56fd\u8239\u7ea7\u793e\u68c0\u9a8c\u3002<\/p>\n<p>&nbsp;<\/p>\n<table border=\"0\" width=\"606\" cellspacing=\"0\" cellpadding=\"0\">\n<colgroup>\n<col width=\"68\" \/>\n<col width=\"63\" \/>\n<col width=\"68\" \/>\n<col width=\"128\" \/>\n<col width=\"69\" \/>\n<col width=\"68\" \/>\n<col width=\"65\" \/>\n<col width=\"64\" \/>\n<col width=\"57\" \/>\n<col width=\"55\" \/>\n<col width=\"63\" \/>\n<col width=\"48\" \/><\/colgroup>\n<tbody>\n<tr>\n<td class=\"xl25\" width=\"68\" height=\"30\">\u56fd\u9645\u7f16\u7801<\/td>\n<td class=\"xl25\" width=\"63\">\u5de5\u5382\u4ee3\u7801<\/td>\n<td class=\"xl25\" width=\"68\">\u4ea7\u54c1\u540d\u79f0<\/td>\n<td class=\"xl25\" width=\"128\">\u9632\u62a4\u670d<\/td>\n<td class=\"xl25\" width=\"69\">\u00a0\u7a7a\u6c14\u547c\u5438\u5668<\/td>\n<td class=\"xl25\" width=\"68\">\u8010\u706b\u6551\u751f\u7ef3<\/td>\n<td class=\"xl25\" width=\"65\">\u9632\u7206\u706f<\/td>\n<td class=\"xl25\" width=\"64\">\u00a0 \u592a\u5e73\u65a7<\/td>\n<td class=\"xl25\" width=\"57\">\u5b89\u5168\u5934\u76d4<\/td>\n<td class=\"xl25\" width=\"55\">\u6d88\u9632\u80f6\u9774<\/td>\n<td class=\"xl25\" width=\"63\">\u5b89\u5168\u8170\u5e26<\/td>\n<td class=\"xl25\" width=\"48\">\u62a4\u76ee\u955c<\/td>\n<\/tr>\n<tr>\n<td class=\"xl25\" width=\"68\" height=\"31\">330901<\/td>\n<td class=\"xl25\" width=\"63\">JH05-1<br \/>\nJH05-2<\/td>\n<td class=\"xl25\" width=\"68\">Equipo de bombero<\/td>\n<td class=\"xl25\" width=\"128\">1 juego<\/td>\n<td class=\"xl25\" width=\"69\">1 juego<\/td>\n<td class=\"xl25\" width=\"68\">1\u6839<\/td>\n<td class=\"xl25\" width=\"65\">1\u53ea<\/td>\n<td class=\"xl25\" width=\"64\">1\u628a<\/td>\n<td class=\"xl25\" width=\"57\">1\u9876<\/td>\n<td class=\"xl25\" width=\"55\">1\u53cc<\/td>\n<td class=\"xl25\" width=\"63\">1\u6839<\/td>\n<td class=\"xl25\" width=\"48\">1\u53ea<\/td>\n<\/tr>\n<tr>\n<td class=\"xl26\" width=\"68\" height=\"15\"><\/td>\n<td class=\"xl26\" width=\"63\"><\/td>\n<td class=\"xl25\" width=\"68\">\u56fd\u9645\u7f16\u7801<\/td>\n<td class=\"xl25\" width=\"128\">330903<\/td>\n<td class=\"xl25\" width=\"69\">330425<\/td>\n<td class=\"xl25\" width=\"68\">330974<\/td>\n<td class=\"xl25\" width=\"65\">330607<\/td>\n<td class=\"xl25\" width=\"64\">330962<\/td>\n<td class=\"xl25\" width=\"57\">330902<\/td>\n<td class=\"xl25\" width=\"55\">220904<\/td>\n<td class=\"xl25\" width=\"63\">331101<\/td>\n<td class=\"xl25\" width=\"48\">311101<\/td>\n<\/tr>\n<tr>\n<td class=\"xl26\" width=\"68\" height=\"16\"><\/td>\n<td class=\"xl26\" width=\"63\"><\/td>\n<td class=\"xl25\" width=\"68\">\u5de5\u5382\u4ee3\u7801<\/td>\n<td class=\"xl25\" width=\"128\">JH10-1<\/td>\n<td class=\"xl25\" width=\"69\">JH01-1<br \/>\nJH01-2<\/td>\n<td class=\"xl25\" width=\"68\">JH05-1-1<\/td>\n<td class=\"xl25\" width=\"65\">JH05-1-2<\/td>\n<td class=\"xl25\" width=\"64\">JH05-1-3<\/td>\n<td class=\"xl25\" width=\"57\">JH05-1-4<\/td>\n<td class=\"xl25\" width=\"55\">JH05-1-5<\/td>\n<td class=\"xl25\" width=\"63\">JH05-1-6<\/td>\n<td class=\"xl25\" width=\"48\">JH06-1<\/td>\n<\/tr>\n<tr>\n<td class=\"xl26\" width=\"68\" height=\"61\"><\/td>\n<td class=\"xl26\" width=\"63\"><\/td>\n<td class=\"xl25\" width=\"68\">Especificaciones t\u00e9cnicas<\/td>\n<td class=\"xl25\" width=\"128\">\u94dd\u7b94\u590d\u5408\u963b\u71c3\u6750\u6599\uff0c 10KV\/ m 2 \u8f90\u5c04\u70ed\u6e90\u7167\u5c04 30S \u540e\uff0c\u5176\u5185\u8868\u9762\u6e29\u5347\u4e0d\u5927\u4e8e 25 \u2103\u3002<\/td>\n<td class=\"xl24\" width=\"69\">\u6c14\u74f6\u5de5\u4f5c\u538b\u529b 30Mpa<\/td>\n<td class=\"xl24\" width=\"68\">40 \u7c73<\/td>\n<td class=\"xl24\" width=\"65\">\u7167\u660e\u65f6\u95f4\u5927\u4e8e 3 \u5c0f\u65f6<\/td>\n<td class=\"xl24\" width=\"64\">\u7edd\u7f18\u8010\u538b<\/td>\n<td class=\"xl24\" width=\"57\">\u8010\u7a7f\u523a<\/td>\n<td class=\"xl24\" width=\"55\">\u9632\u6ed1\u3001\u6297\u7a7f\u523a\u3001\u8010\u9178\u78b1<\/td>\n<td class=\"xl25\" width=\"63\">\u8010\u78e8\u3001\u963b\u71c3<\/td>\n<td class=\"xl25\" width=\"48\">\u91ce\u5bbd\u5927<br \/>\n\u9632\u70ed<\/td>\n<\/tr>\n<tr>\n<td class=\"xl26\" width=\"68\" height=\"30\"><\/td>\n<td class=\"xl26\" width=\"63\"><\/td>\n<td class=\"xl25\" width=\"68\">Nota<\/td>\n<td class=\"xl25\" width=\"128\">\u5305\u62ec\u4e0a\u8863\u3001\u88e4\u5b50\u3001\u811a\u5957\u3001\u624b\u5957\u3001 CCS \u8bc1\u4e66<\/td>\n<td class=\"xl24\" width=\"69\">CCS \u8bc1\u4e66\u53ca\u5408\u683c\u8bc1<\/td>\n<td class=\"xl24\" width=\"68\">CCS \u8bc1\u4e66\u53ca\u5408\u683c\u8bc1<\/td>\n<td class=\"xl24\" width=\"65\">CCS \u8bc1\u4e66\u53ca\u5408\u683c\u8bc1<\/td>\n<td class=\"xl27\" width=\"64\">\u5408\u683c\u8bc1<\/td>\n<td class=\"xl27\" width=\"57\">\u5408\u683c\u8bc1<\/td>\n<td class=\"xl27\" width=\"55\">\u5408\u683c\u8bc1<\/td>\n<td class=\"xl27\" width=\"63\">\u5408\u683c\u8bc1<\/td>\n<td class=\"xl24\" width=\"48\"><\/td>\n<\/tr>\n<\/tbody>\n<\/table>\n<p>\u6807\u51c6\u914d\u7f6e\u00a0\u00a0\u00a0 \u7684\u6d88\u9632\u5458\u88c5\u5907\u914d\u6709\u65b0\u578b\u5934\u76d4\u3001\u65b0\u578b\u80f6\u9774\u3001\u65b0\u578b\u8170\u5e26\u3001\u65b0\u578b\u6d88\u9632\u65a7\uff0c\u968f\u4ea7\u54c1CCS\u8bc1\u4e66\u4e3a\u526f\u672c\u539f\u4ef6\u3002\u914d\u6709\u4e13\u7528\u53cc\u9762\u5149<strong>\u73bb\u7483\u94a2\u7bb1<\/strong>\u3002\u5982\u6709\u4e0d\u540c\uff0c\u656c\u8bf7\u7559\u610f\u8bc6\u522b\u3002<\/p>\n<p><img decoding=\"async\" class=\"alignnone size-full wp-image-14169\" src=\"http:\/\/www.erun-tech.com\/wp-content\/uploads\/2022\/03\/15093510.jpg\" width=\"712\" height=\"709\" alt=\"\u6d88\u9632\u5458\u88c5\u5907 2\" title=\"\u6d88\u9632\u5458\u88c5\u5907 2\" srcset=\"http:\/\/www.erun-tech.com\/wp-content\/uploads\/2022\/03\/15093510.jpg 712w, http:\/\/www.erun-tech.com\/wp-content\/uploads\/2022\/03\/15093510-300x300.jpg 300w, http:\/\/www.erun-tech.com\/wp-content\/uploads\/2022\/03\/15093510-200x200.jpg 200w, http:\/\/www.erun-tech.com\/wp-content\/uploads\/2022\/03\/15093510-600x597.jpg 600w, http:\/\/www.erun-tech.com\/wp-content\/uploads\/2022\/03\/15093510-150x150.jpg 150w\" sizes=\"(max-width: 712px) 100vw, 712px\" \/><\/p>\n<p><strong>\u53cc\u9762\u5149\u6ed1\u73bb\u7483\u94a2\u5b58\u653e\u7bb1\uff1a<\/strong><\/p>\n<p><strong>\u00a0<img decoding=\"async\" class=\"alignnone size-full wp-image-14170\" src=\"http:\/\/www.erun-tech.com\/wp-content\/uploads\/2022\/03\/15112312.jpg\" width=\"877\" height=\"620\" alt=\" \u53cc\u9762\u5149\u6ed1\u73bb\u7483\u94a2\u5b58\u653e\u7bb1\uff1a 3\" title=\"\u6d88\u9632\u5458\u88c5\u5907 3\" srcset=\"http:\/\/www.erun-tech.com\/wp-content\/uploads\/2022\/03\/15112312.jpg 877w, http:\/\/www.erun-tech.com\/wp-content\/uploads\/2022\/03\/15112312-600x424.jpg 600w, http:\/\/www.erun-tech.com\/wp-content\/uploads\/2022\/03\/15112312-300x212.jpg 300w, http:\/\/www.erun-tech.com\/wp-content\/uploads\/2022\/03\/15112312-768x543.jpg 768w\" sizes=\"(max-width: 877px) 100vw, 877px\" \/><img decoding=\"async\" class=\"alignnone size-full wp-image-14171\" src=\"http:\/\/www.erun-tech.com\/wp-content\/uploads\/2022\/03\/untitled.png\" width=\"561\" height=\"620\" alt=\" \u53cc\u9762\u5149\u6ed1\u73bb\u7483\u94a2\u5b58\u653e\u7bb1\uff1a 4\" title=\"\u6d88\u9632\u5458\u88c5\u5907 4\" srcset=\"http:\/\/www.erun-tech.com\/wp-content\/uploads\/2022\/03\/untitled.png 561w, http:\/\/www.erun-tech.com\/wp-content\/uploads\/2022\/03\/untitled-271x300.png 271w\" sizes=\"(max-width: 561px) 100vw, 561px\" \/><\/strong><\/p>\n<p>\u53c2\u8003\u578b<\/p>\n<p><img decoding=\"async\" class=\"alignnone size-full wp-image-14172\" src=\"http:\/\/www.erun-tech.com\/wp-content\/uploads\/2022\/03\/19154142.jpg\" width=\"709\" height=\"472\" alt=\"\u5b89\u5168\u8bbe\u5907 7\" title=\"\u6d88\u9632\u5458\u88c5\u5907 7\" srcset=\"http:\/\/www.erun-tech.com\/wp-content\/uploads\/2022\/03\/19154142.jpg 709w, http:\/\/www.erun-tech.com\/wp-content\/uploads\/2022\/03\/19154142-600x399.jpg 600w, http:\/\/www.erun-tech.com\/wp-content\/uploads\/2022\/03\/19154142-300x200.jpg 300w\" sizes=\"(max-width: 709px) 100vw, 709px\" \/><\/p>","protected":false},"excerpt":{"rendered":"<p>El equipo de bombero DFX-1 producido por nuestra empresa se fabrica de acuerdo con los requisitos de la Enmienda de 1981 al Convenio Internacional para la Seguridad de la Vida Humana en el Mar, 1974, y el C\u00f3digo de Clasificaci\u00f3n y Construcci\u00f3n de Buques de Acero de Navegaci\u00f3n Mar\u00edtima, que est\u00e1 equipado con el equipo personal y el respirador de aire a presi\u00f3n positiva requeridos por el C\u00f3digo, y es uno de los equipos obligatorios para los buques. El producto ha sido inspeccionado por la Sociedad de Clasificaci\u00f3n de China (CCS) y cuenta con el certificado de inspecci\u00f3n de buques de la CCS. Cumple los requisitos del cap\u00edtulo 3 2.1 del C\u00f3digo SFS, que incluyen como m\u00ednimo: equipo personal (ropa de protecci\u00f3n, botas, casco duro, luz de seguridad, piolet), aparato respiratorio aut\u00f3nomo de aire comprimido (con 12 botellas de aire o 1 juego de dispositivo inflable) y l\u00ednea de vida resistente al fuego. La Autoridad Mar\u00edtima exige 6 juegos.<\/p>","protected":false},"featured_media":14168,"comment_status":"open","ping_status":"closed","template":"","meta":[],"product_brand":[],"product_cat":[33,322,35],"product_tag":[108,110,109],"class_list":{"0":"post-2553","1":"product","2":"type-product","3":"status-publish","4":"has-post-thumbnail","6":"product_cat-jibenanquanshixunshiz01","7":"product_cat-haishangjiaotonganquanjinengpeixun","8":"product_cat-gaojixiaofangshixunshiz04","9":"product_tag-xiaofangyuanzhuangbei","10":"product_tag-xiaofangyuanzhuangbeijieshao","11":"product_tag-xiaofangyuanzhuangbeipeibeibiaozhun","12":"description-off","14":"first","15":"instock","16":"taxable","17":"shipping-taxable","18":"purchasable","19":"product-type-simple"},"_links":{"self":[{"href":"http:\/\/www.erun-tech.com\/es\/wp-json\/wp\/v2\/product\/2553","targetHints":{"allow":["GET"]}}],"collection":[{"href":"http:\/\/www.erun-tech.com\/es\/wp-json\/wp\/v2\/product"}],"about":[{"href":"http:\/\/www.erun-tech.com\/es\/wp-json\/wp\/v2\/types\/product"}],"replies":[{"embeddable":true,"href":"http:\/\/www.erun-tech.com\/es\/wp-json\/wp\/v2\/comments?post=2553"}],"wp:featuredmedia":[{"embeddable":true,"href":"http:\/\/www.erun-tech.com\/es\/wp-json\/wp\/v2\/media\/14168"}],"wp:attachment":[{"href":"http:\/\/www.erun-tech.com\/es\/wp-json\/wp\/v2\/media?parent=2553"}],"wp:term":[{"taxonomy":"product_brand","embeddable":true,"href":"http:\/\/www.erun-tech.com\/es\/wp-json\/wp\/v2\/product_brand?post=2553"},{"taxonomy":"product_cat","embeddable":true,"href":"http:\/\/www.erun-tech.com\/es\/wp-json\/wp\/v2\/product_cat?post=2553"},{"taxonomy":"product_tag","embeddable":true,"href":"http:\/\/www.erun-tech.com\/es\/wp-json\/wp\/v2\/product_tag?post=2553"}],"curies":[{"name":"wp","href":"https:\/\/api.w.org\/{rel}","templated":true}]}}