{"id":2562,"date":"2019-07-12T23:05:17","date_gmt":"2019-07-12T15:05:17","guid":{"rendered":"http:\/\/www.eruntec.com\/?post_type=product&#038;p=2562"},"modified":"2024-03-27T21:16:09","modified_gmt":"2024-03-27T13:16:09","slug":"chuanbogaobeipaomomiehuoxitong","status":"publish","type":"product","link":"http:\/\/www.erun-tech.com\/es\/product\/chuanbogaobeipaomomiehuoxitong","title":{"rendered":"Sistema de extinci\u00f3n de incendios con espuma de alta expansi\u00f3n para buques"},"content":{"rendered":"<h2 style=\"text-align: center;\">Sistema de extinci\u00f3n de incendios con espuma de alta expansi\u00f3n para buques<\/h2>\n<p>&nbsp;<\/p>\n<p><strong>Base jur\u00eddica: Normativa sobre la administraci\u00f3n de la formaci\u00f3n de la gente de mar de la Rep\u00fablica Popular China (Orden n.\u00ba 5 del Ministerio de Transporte, 2019).<\/strong><br \/>\n<strong>Categor\u00eda de producto: Sala de formaci\u00f3n b\u00e1sica en seguridad (Z01)<\/strong><br \/>\n<strong>Nombre del producto: Sistema de extinci\u00f3n de incendios con espuma de alta expansi\u00f3n para embarcaciones<\/strong><br \/>\n<strong>Requisitos funcionales: Capaz de facilitar el entrenamiento operativo para entrar y atravesar compartimentos llenos de espuma sin el uso de aparatos respiratorios.<\/strong><br \/>\n<strong>Cantidad especificada: 1 juego<\/strong><\/p>\n<p>&nbsp;<\/p>\n<p>1.1 Objeto<\/p>\n<p>El presente acuerdo estipula el rendimiento t\u00e9cnico, las disposiciones de garant\u00eda de calidad y el estado de entrega t\u00e9cnica de los equipos marinos de extinci\u00f3n de incendios: dispositivos dosificadores de espuma a presi\u00f3n, monitores de espuma de aire ajustables para extinci\u00f3n de incendios y ca\u00f1ones de espuma.<\/p>\n<p>1.2 El presente acuerdo constituye la base t\u00e9cnica del contrato de compraventa y servir\u00e1 como anexo al mismo.<\/p>\n<ol start=\"2\">\n<li>Especificaciones t\u00e9cnicas<\/li>\n<\/ol>\n<p>Este aparato deber\u00e1 cumplir con las Normas de Clasificaci\u00f3n y Construcci\u00f3n de Buques de Acero para Navegaci\u00f3n Mar\u00edtima de la edici\u00f3n de 2009 del CCS, y deber\u00e1 satisfacer los requisitos del Convenio SOLAS de 2010 y sus enmiendas de 2003, as\u00ed como el C\u00f3digo Internacional de Sistemas de Seguridad contra Incendios.<\/p>\n<ul>\n<li>Indicadores clave de rendimiento<\/li>\n<\/ul>\n<p>2.1.1 Dispositivo dosificador de espuma accionado por presi\u00f3n<\/p>\n<p>Modelo: PHYML32<\/p>\n<p>Capacidad del tanque de almacenamiento: 2000 litros<\/p>\n<p>Rango de presi\u00f3n de trabajo: 0,6 MPa a 1,2 MPa<\/p>\n<p>Proporci\u00f3n de mezcla: 3%<\/p>\n<p>Di\u00e1metro nominal de entrada y salida: DN100<\/p>\n<p>Rango de caudal del mezclador proporcional: 16 L\/s a 64 L\/s<\/p>\n<p>Presi\u00f3n de entrada del mezclador proporcional: 1,0 MPa<\/p>\n<p>2.1.2 Nombre: Ca\u00f1\u00f3n de espuma<\/p>\n<p>Modelo: PL24<\/p>\n<p>Presi\u00f3n nominal: 0,5 MPa<\/p>\n<p>Caudal: 24 litros por segundo = 1140 litros por minuto<\/p>\n<p>Material: Acero inoxidable<\/p>\n<p>Alcance: \u226540 metros<\/p>\n<p>Especificaci\u00f3n de interfaz: DN80<\/p>\n<p>M\u00e9todo de funcionamiento: Funcionamiento manual<\/p>\n<p>Rotaci\u00f3n horizontal: 360\u00b0,<\/p>\n<p>Elevaci\u00f3n y desplazamiento transversal: \u2264-30\u00b0 a \u2265+60\u00b0;<\/p>\n<p>Brida de acoplamiento<\/p>\n<p>2.1.3 Nombre: Pistola de espuma de aire<\/p>\n<p>Modelo: PQ8.C<\/p>\n<p>Rango de presi\u00f3n de trabajo: 0,2-0,5 MPa<\/p>\n<p>Caudal: 8 litros por segundo a 0,5 megapascales.<\/p>\n<p>Alcance: \u226520 metros<\/p>\n<p>M\u00e9todo de conexi\u00f3n: interfaz roscada para tuber\u00eda DN65<\/p>\n<ol start=\"3\">\n<li>Alcance del suministro:<\/li>\n<\/ol>\n<table>\n<tbody>\n<tr>\n<td width=\"41\">N\u00famero de serie<\/td>\n<td width=\"139\">Nombre<\/td>\n<td width=\"96\">Especificaciones y n\u00fameros de modelo<\/td>\n<td width=\"48\">Unidad<\/td>\n<td width=\"48\">cantidad<\/td>\n<td width=\"255\">Nota<\/td>\n<\/tr>\n<tr>\n<td width=\"41\">1<\/td>\n<td width=\"139\">Dispositivo dosificador accionado por presi\u00f3n<\/td>\n<td width=\"96\">PHYML32<\/td>\n<td width=\"48\">\u5957<\/td>\n<td width=\"48\">1<\/td>\n<td width=\"255\">El conjunto completo comprende: tanque de almacenamiento horizontal, mezclador dosificador, c\u00e1psulas, v\u00e1lvulas y accesorios de tuber\u00eda, incluidas las bridas de acoplamiento. Capacidad del tanque de almacenamiento horizontal de concentrado de espuma: 2000 l. Mezclador dosificador:Relaci\u00f3n de mezcla 3%, rango de caudal de 16 l\/s a 64 l\/s, di\u00e1metro de entrada\/salida: DN100. Material: aleaci\u00f3n de cobre.Rango de presi\u00f3n de trabajo: 0,6 MPa a 1,2 MPa, presi\u00f3n de entrada para extinci\u00f3n de incendios: 1,0 MPa. Material del tanque: 16MnR, superficie del tanque recubierta con pintura anticorrosiva roja. Se suministra con certificado de inspecci\u00f3n naval CCS.<\/td>\n<\/tr>\n<tr>\n<td width=\"41\">2<\/td>\n<td width=\"139\">Ca\u00f1\u00f3n de espuma<\/td>\n<td width=\"96\">PL24<\/td>\n<td width=\"48\">\u5957<\/td>\n<td width=\"48\">5<\/td>\n<td width=\"255\">Presi\u00f3n nominal: 0,5 MPa Caudal: 24 L\/s Alcance: \u226540 m Di\u00e1metro de entrada: DN80<\/td>\n<\/tr>\n<tr>\n<td width=\"41\">3<\/td>\n<td width=\"139\">Pistola de espuma<\/td>\n<td width=\"96\">PQ8.C<\/td>\n<td width=\"48\">\u53ea<\/td>\n<td width=\"48\">4<\/td>\n<td width=\"255\">Caudal nominal: 8 litros por segundo Presi\u00f3n nominal de trabajo: 0,5 megapascales Alcance: \u226520 metros<\/td>\n<\/tr>\n<\/tbody>\n<\/table>\n<ol start=\"4\">\n<li>Preparaci\u00f3n para el parto<\/li>\n<\/ol>\n<p>4.1 Embalaje:<\/p>\n<p>Una vez completadas las pruebas de f\u00e1brica, la unidad se retirar\u00e1 del banco de pruebas, se limpiar\u00e1 y se secar\u00e1. A continuaci\u00f3n, se sellar\u00e1n todas las interfaces y se proteger\u00e1n las superficies met\u00e1licas sin pintar con un sellador de aceite (v\u00e1lido durante 12 meses).<\/p>\n<p>El embalaje de este equipo deber\u00e1 cumplir con las especificaciones de embalaje pertinentes.<\/p>\n<p>4.2  Transporte: El transporte de este aparato debe realizarse estrictamente de acuerdo con los requisitos especificados.<\/p>\n<ol start=\"5\">\n<li>Normativa de garant\u00eda de calidad<\/li>\n<\/ol>\n<p>5.1 Pruebas y aceptaci\u00f3n<\/p>\n<p>a  Las pruebas y la aceptaci\u00f3n del producto se realizar\u00e1n de conformidad con la norma CB\/T3571-93, y se emitir\u00e1 un informe de pruebas.<\/p>\n<p>b  Documentaci\u00f3n suministrada con el producto en el momento del env\u00edo:<\/p>\n<p>Plano general de disposici\u00f3n<\/p>\n<p>Manual de usuario del dispositivo<\/p>\n<p>Documentaci\u00f3n t\u00e9cnica del aparato<\/p>\n<p>Certificado de conformidad del equipo<\/p>\n<p>Placa identificativa: Acero inoxidable chino<\/p>\n<p>c  Documentaci\u00f3n<\/p>\n<p>d  El archivo aleatorio es:<\/p>\n<p>Certificado de inspecci\u00f3n naval de CCS (un original y tres copias, cuatro copias en total) para el dispositivo de dosificaci\u00f3n a presi\u00f3n; copias de los certificados de CCS para el monitor de espuma y la boquilla de espuma; certificados de conformidad del producto (cuatro copias); manuales de funcionamiento (seis copias); planos de finalizaci\u00f3n (seis juegos).<\/p>\n<p>5.2  Periodo de garant\u00eda para este conjunto de equipos: un a\u00f1o a partir de la fecha de entrega.<\/p>\n<p>5.3 Durante el per\u00edodo de puesta en servicio del equipo del astillero, la Parte A proporcionar\u00e1 personal durante una semana de servicio gratuito para completar la puesta en servicio y ayudar con la entrega del buque por parte del astillero.<\/p>\n<p>5.4 Cualquier otro asunto no contemplado en el presente documento se determinar\u00e1 mediante consulta mutua entre las partes.<\/p>\n<p>5.5. El presente Acuerdo se formalizar\u00e1 por triplicado, y cada parte conservar\u00e1 una copia.<\/p>\n<p>&nbsp;<\/p>\n<div class=\"e_box d_DescriptionBigbox p_DescriptionBigbox borderT_default\" data-ename=\"\u9875\u7b7e\u5185\u5bb9\u533a\">\n<div id=\"contentDiv\" class=\"e_box d_DescribeContent p_DescribeContent\" data-ename=\"\u63cf\u8ff0\u5185\u5bb9\u533a\">\n<div class=\"e_HtmlEditor d_description\">\n<p>Adecuado para la extinci\u00f3n de incendios en cubierta en todas las plataformas de helic\u00f3pteros, buques cisterna qu\u00edmicos, petroleros y buques transportadores de bet\u00fan.<\/p>\n<p><img decoding=\"async\" class=\"alignnone size-full wp-image-14146\" src=\"http:\/\/www.erun-tech.com\/wp-content\/uploads\/2022\/03\/c7efb729-4eae-4153-ab7f-d6816b2d5461.jpg\" width=\"458\" height=\"369\" srcset=\"http:\/\/www.erun-tech.com\/wp-content\/uploads\/2022\/03\/c7efb729-4eae-4153-ab7f-d6816b2d5461.jpg 458w, http:\/\/www.erun-tech.com\/wp-content\/uploads\/2022\/03\/c7efb729-4eae-4153-ab7f-d6816b2d5461-300x242.jpg 300w\" sizes=\"(max-width: 458px) 100vw, 458px\" title=\"\u8239\u8236\u9ad8\u500d\u6ce1\u6cab\u706d\u706b\u7cfb\u7edf\u63d2\u56fe\" alt=\"\u8239\u8236\u9ad8\u500d\u6ce1\u6cab\u706d\u706b\u7cfb\u7edf\u63d2\u56fe\" \/><\/p>\n<p><strong>\u30001. Sistema de extinci\u00f3n de incendios con espuma a presi\u00f3n almacenada serie PHYM<br \/>\nPrincipio de funcionamiento del cilindro de espuma a presi\u00f3n:<\/strong><br \/>\nActive la bomba contra incendios para introducir agua a presi\u00f3n en el dep\u00f3sito. Cuando la presi\u00f3n del dep\u00f3sito se equilibra con la presi\u00f3n de la tuber\u00eda principal, el agua a presi\u00f3n empuja el concentrado de espuma que se encuentra dentro de la vejiga hacia la l\u00ednea de mezcla. All\u00ed, se combina con el agua a presi\u00f3n en una proporci\u00f3n predeterminada para formar una mezcla de espuma. A continuaci\u00f3n, esta mezcla fluye hacia el punto terminal de la tuber\u00eda, donde se descarga a trav\u00e9s de un monitor contra incendios o una boquilla de espuma para rociar la soluci\u00f3n de espuma sobre el \u00e1rea protegida.<br \/>\nLos sistemas de extinci\u00f3n de incendios con espuma comprenden instalaciones fijas, tales como extintores de tipo bomba de anillo, extintores de espuma a presi\u00f3n almacenada y extintores de espuma equilibrada. Los primeros mezclan agua y concentrado de espuma directamente dentro del tanque de espuma, aunque esta configuraci\u00f3n se utiliza ahora con menos frecuencia. Los dos \u00faltimos tipos mezclan agua y concentrado de espuma dentro de dispositivos dosificadores y son actualmente los sistemas m\u00e1s habituales a bordo de los buques.<\/p>\n<p><img decoding=\"async\" class=\"alignnone size-full wp-image-14147\" src=\"http:\/\/www.erun-tech.com\/wp-content\/uploads\/2022\/03\/b9d25006-a0fa-4c9a-bf27-4a5889704356.jpg\" width=\"432\" height=\"323\" srcset=\"http:\/\/www.erun-tech.com\/wp-content\/uploads\/2022\/03\/b9d25006-a0fa-4c9a-bf27-4a5889704356.jpg 432w, http:\/\/www.erun-tech.com\/wp-content\/uploads\/2022\/03\/b9d25006-a0fa-4c9a-bf27-4a5889704356-300x224.jpg 300w\" sizes=\"(max-width: 432px) 100vw, 432px\" title=\"\u8239\u8236\u9ad8\u500d\u6ce1\u6cab\u706d\u706b\u7cfb\u7edf\u63d2\u56fe1\" alt=\"\u8239\u8236\u9ad8\u500d\u6ce1\u6cab\u706d\u706b\u7cfb\u7edf\u63d2\u56fe1\" \/><\/p>\n<p><strong>Principio de funcionamiento interno de los tanques de espuma<\/strong><br \/>\nLas comprobaciones de mantenimiento abarcan principalmente los siguientes puntos:<br \/>\n1) Las pruebas de conformidad del concentrado espumante ser\u00e1n realizadas por un fabricante especializado o un tercero independiente.<br \/>\nSi la soluci\u00f3n de espuma resulta ineficaz, se rellenar\u00e1. La inspecci\u00f3n inicial de la soluci\u00f3n de espuma se realizar\u00e1 tres a\u00f1os despu\u00e9s de la fecha de llenado original, y a partir de entonces se realizar\u00e1n inspecciones anuales de muestreo.<br \/>\nNota: Limpie la vejiga antes de reemplazar la soluci\u00f3n de espuma.<br \/>\n2) La vida \u00fatil de la vejiga es generalmente de cinco a\u00f1os. Al alcanzar este per\u00edodo, se debe realizar una prueba de fugas para determinar si es necesario reemplazar la vejiga.<br \/>\n3) Compruebe que las v\u00e1lvulas de control principales funcionan libremente y sin problemas.<br \/>\n4) Una vez completada la inspecci\u00f3n, restablezca el sistema a su estado original.<\/p>\n<p><img decoding=\"async\" class=\"alignnone size-full wp-image-14148\" src=\"http:\/\/www.erun-tech.com\/wp-content\/uploads\/2022\/03\/92c0e0be-9fd9-4c00-8081-d2cb5318288b.jpg\" width=\"493\" height=\"490\" srcset=\"http:\/\/www.erun-tech.com\/wp-content\/uploads\/2022\/03\/92c0e0be-9fd9-4c00-8081-d2cb5318288b.jpg 493w, http:\/\/www.erun-tech.com\/wp-content\/uploads\/2022\/03\/92c0e0be-9fd9-4c00-8081-d2cb5318288b-200x200.jpg 200w, http:\/\/www.erun-tech.com\/wp-content\/uploads\/2022\/03\/92c0e0be-9fd9-4c00-8081-d2cb5318288b-300x298.jpg 300w, http:\/\/www.erun-tech.com\/wp-content\/uploads\/2022\/03\/92c0e0be-9fd9-4c00-8081-d2cb5318288b-150x150.jpg 150w\" sizes=\"(max-width: 493px) 100vw, 493px\" title=\"\u8239\u8236\u9ad8\u500d\u6ce1\u6cab\u706d\u706b\u7cfb\u7edf\u63d2\u56fe2\" alt=\"\u8239\u8236\u9ad8\u500d\u6ce1\u6cab\u706d\u706b\u7cfb\u7edf\u63d2\u56fe2\" \/><\/p>\n<p><strong>\u30002. Sistema de extinci\u00f3n de incendios con espuma equilibrada serie PHP<\/strong><br \/>\n<strong>Principio de funcionamiento de los sistemas de espuma equilibrada:<\/strong><br \/>\nActive la bomba contra incendios y, a continuaci\u00f3n, active la bomba de espuma. El agua contra incendios entra en la tuber\u00eda. A continuaci\u00f3n, active la bomba de espuma, que extrae la soluci\u00f3n de espuma del tanque de espuma a presi\u00f3n atmosf\u00e9rica. A continuaci\u00f3n, esta soluci\u00f3n se mezcla con el agua contra incendios en una proporci\u00f3n de 31:3 o en la proporci\u00f3n preestablecida mediante un mezclador de proporci\u00f3n equilibrada antes de entrar en la secci\u00f3n terminal de la tuber\u00eda. Posteriormente, la mezcla se descarga a trav\u00e9s de monitores de espuma o pistolas de espuma para rociar la soluci\u00f3n sobre la zona protegida.<br \/>\nEl sistema mantiene una proporci\u00f3n de mezcla estable, lo que lo convierte en la opci\u00f3n preferida entre los clientes de gama alta tanto a nivel nacional como internacional.<\/p>\n<p><img decoding=\"async\" class=\"alignnone size-full wp-image-14149\" src=\"http:\/\/www.erun-tech.com\/wp-content\/uploads\/2022\/03\/dbed2a33-345d-45f0-8dd4-3479536a5306.jpg\" width=\"294\" height=\"261\" title=\"\u8239\u8236\u9ad8\u500d\u6ce1\u6cab\u706d\u706b\u7cfb\u7edf\u63d2\u56fe3\" alt=\"\u8239\u8236\u9ad8\u500d\u6ce1\u6cab\u706d\u706b\u7cfb\u7edf\u63d2\u56fe3\" \/><\/p>\n<p><strong>Las comprobaciones de mantenimiento abarcan principalmente los siguientes puntos:<\/strong><br \/>\n1) La idoneidad del concentrado espumante deber\u00e1 ser verificada por un fabricante especializado o un tercero independiente. En caso de que se demuestre que no es adecuado, se deber\u00e1 reponer el concentrado espumante.<br \/>\nLa inspecci\u00f3n inicial del concentrado espumante se llevar\u00e1 a cabo tres a\u00f1os despu\u00e9s de la fecha de llenado original, y a partir de entonces se realizar\u00e1n inspecciones aleatorias anuales.<br \/>\nNota: Limpie todos los aparatos y sistemas de tuber\u00edas antes de reemplazar el concentrado de espuma.<br \/>\n2) Compruebe si la bomba de espuma funciona correctamente.<br \/>\nCierre la v\u00e1lvula de descarga del tanque de espuma y accione la bomba de espuma de forma intermitente.<br \/>\n3) Compruebe que las v\u00e1lvulas de control principales del sistema de espuma funcionan libremente y sin problemas.<br \/>\n4) Una vez completada la inspecci\u00f3n, restaure el sistema a su estado original.<\/p>\n<\/div>\n<\/div>\n<\/div>\n<div class=\"e_box d_nextBox p_nextBox\" data-ename=\"\u7ffb\u9875\u5bb9\u5668\">\n<div class=\"e_box d_nextpage p_nextpage\" data-ename=\"\u4e0a\u4e00\u7bc7\u5bb9\u5668\">\n<div class=\"e_title d_nextName p_nextName\" data-ename=\"\u5f15\u5bfc\u6807\u9898\"><\/div>\n<\/div>\n<\/div>","protected":false},"excerpt":{"rendered":"<p>Capaz de adaptarse al entrenamiento operativo para entrar y atravesar compartimentos llenos de espuma sin aparatos respiratorios. La Autoridad Mar\u00edtima exige la provisi\u00f3n de un juego. Las tendencias de desarrollo futuras requieren la instalaci\u00f3n de sistemas de recuperaci\u00f3n de espuma para cumplir con los requisitos de protecci\u00f3n medioambiental. Nuestra empresa puede fabricar sistemas de recuperaci\u00f3n a medida para cumplir con estas normas medioambientales.<\/p>","protected":false},"featured_media":14146,"comment_status":"open","ping_status":"closed","template":"","meta":[],"product_brand":[],"product_cat":[33],"product_tag":[104,102,103],"class_list":{"0":"post-2562","1":"product","2":"type-product","3":"status-publish","4":"has-post-thumbnail","6":"product_cat-jibenanquanshixunshiz01","7":"product_tag-paomomiehuoxitong","8":"product_tag-chuanbogaobeipaomomiehuoxitong","9":"product_tag-gaobeipaomomiehuoxitong","10":"description-off","12":"first","13":"instock","14":"taxable","15":"shipping-taxable","16":"purchasable","17":"product-type-simple"},"_links":{"self":[{"href":"http:\/\/www.erun-tech.com\/es\/wp-json\/wp\/v2\/product\/2562","targetHints":{"allow":["GET"]}}],"collection":[{"href":"http:\/\/www.erun-tech.com\/es\/wp-json\/wp\/v2\/product"}],"about":[{"href":"http:\/\/www.erun-tech.com\/es\/wp-json\/wp\/v2\/types\/product"}],"replies":[{"embeddable":true,"href":"http:\/\/www.erun-tech.com\/es\/wp-json\/wp\/v2\/comments?post=2562"}],"wp:featuredmedia":[{"embeddable":true,"href":"http:\/\/www.erun-tech.com\/es\/wp-json\/wp\/v2\/media\/14146"}],"wp:attachment":[{"href":"http:\/\/www.erun-tech.com\/es\/wp-json\/wp\/v2\/media?parent=2562"}],"wp:term":[{"taxonomy":"product_brand","embeddable":true,"href":"http:\/\/www.erun-tech.com\/es\/wp-json\/wp\/v2\/product_brand?post=2562"},{"taxonomy":"product_cat","embeddable":true,"href":"http:\/\/www.erun-tech.com\/es\/wp-json\/wp\/v2\/product_cat?post=2562"},{"taxonomy":"product_tag","embeddable":true,"href":"http:\/\/www.erun-tech.com\/es\/wp-json\/wp\/v2\/product_tag?post=2562"}],"curies":[{"name":"wp","href":"https:\/\/api.w.org\/{rel}","templated":true}]}}