{"id":15353,"date":"2026-01-03T20:26:04","date_gmt":"2026-01-03T12:26:04","guid":{"rendered":"http:\/\/www.erun-tech.com\/?page_id=15353"},"modified":"2026-01-06T11:34:01","modified_gmt":"2026-01-06T03:34:01","slug":"kaoshipinggu","status":"publish","type":"page","link":"http:\/\/www.erun-tech.com\/vi\/kaoshipinggu","title":{"rendered":"\u0110\u00e1nh gi\u00e1 thi"},"content":{"rendered":"","protected":false},"excerpt":{"rendered":"","protected":false},"author":1,"featured_media":0,"parent":0,"menu_order":0,"comment_status":"closed","ping_status":"closed","template":"template-portfolio-list.php","meta":{"footnotes":""},"class_list":["post-15353","page","type-page","status-publish","hentry","description-off"],"amp_enabled":false,"_links":{"self":[{"href":"http:\/\/www.erun-tech.com\/vi\/wp-json\/wp\/v2\/pages\/15353","targetHints":{"allow":["GET"]}}],"collection":[{"href":"http:\/\/www.erun-tech.com\/vi\/wp-json\/wp\/v2\/pages"}],"about":[{"href":"http:\/\/www.erun-tech.com\/vi\/wp-json\/wp\/v2\/types\/page"}],"author":[{"embeddable":true,"href":"http:\/\/www.erun-tech.com\/vi\/wp-json\/wp\/v2\/users\/1"}],"replies":[{"embeddable":true,"href":"http:\/\/www.erun-tech.com\/vi\/wp-json\/wp\/v2\/comments?post=15353"}],"version-history":[{"count":1,"href":"http:\/\/www.erun-tech.com\/vi\/wp-json\/wp\/v2\/pages\/15353\/revisions"}],"predecessor-version":[{"id":15431,"href":"http:\/\/www.erun-tech.com\/vi\/wp-json\/wp\/v2\/pages\/15353\/revisions\/15431"}],"wp:attachment":[{"href":"http:\/\/www.erun-tech.com\/vi\/wp-json\/wp\/v2\/media?parent=15353"}],"curies":[{"name":"wp","href":"https:\/\/api.w.org\/{rel}","templated":true}]}}