{"id":1924,"date":"2019-07-07T10:15:21","date_gmt":"2019-07-07T02:15:21","guid":{"rendered":"http:\/\/www.eruntec.com\/?page_id=1924"},"modified":"2019-07-07T10:15:40","modified_gmt":"2019-07-07T02:15:40","slug":"chuanyuanzhuanyejinengshixunshi","status":"publish","type":"page","link":"http:\/\/www.erun-tech.com\/vi\/services\/chuanyuanzhuanyejinengshixunshi","title":{"rendered":"Ph\u00f2ng th\u1ef1c h\u00e0nh k\u1ef9 n\u0103ng chuy\u00ean m\u00f4n cho thuy\u1ec1n vi\u00ean"},"content":{"rendered":"<div class=\"vc_row wpb_row vc_row-fluid\"><div class=\"wpb_column vc_column_container vc_col-sm-12\"><div class=\"vc_column-inner vc_custom_1498229431694\"><div class=\"wpb_wrapper\"><div id=\"ultimate-heading-723369d7dc73cba72\" class=\"uvc-heading ult-adjust-bottom-margin ultimate-heading-723369d7dc73cba72 uvc-1243\" data-hspacer=\"no_spacer\"  data-halign=\"left\" style=\"text-align:left\"><div class=\"uvc-heading-spacer no_spacer\" style=\"top\"><\/div><div class=\"uvc-main-heading ult-responsive\"  data-ultimate-target='.uvc-heading.ultimate-heading-723369d7dc73cba72 h2'  data-responsive-json-new='{\"font-size\":\"desktop:26px;\",\"line-height\":\"desktop:32px;\"}' ><h2 style=\"font-weight:bold;margin-bottom:20px;\">Ph\u00f2ng th\u1ef1c h\u00e0nh k\u1ef9 n\u0103ng chuy\u00ean m\u00f4n cho thuy\u1ec1n vi\u00ean<\/h2><\/div><\/div>\n\t<div class=\"wpb_text_column wpb_content_element\" >\n\t\t<div class=\"wpb_wrapper\">\n\t\t\t<p>Bao g\u1ed3m nh\u01b0ng kh\u00f4ng gi\u1edbi h\u1ea1n \u1edf vi\u1ec7c x\u00e2y d\u1ef1ng ph\u00f2ng th\u1ef1c h\u00e0nh sau \u0111\u00e2y;<\/p>\n<p>3.1 Th\u00e0nh th\u1ea1o vi\u1ec7c s\u1eed d\u1ee5ng thuy\u1ec1n c\u1ee9u sinh v\u00e0 thuy\u1ec1n c\u1ee9u h\u1ed9<br \/>\n3.2 Th\u00e0nh th\u1ea1o thuy\u1ec1n c\u1ee9u h\u1ed9 nhanh<br \/>\n3.3 C\u1ea5p cao ph\u00f2ng ch\u00e1y ch\u1eefa ch\u00e1y<br \/>\n3.4 Th\u00e0nh th\u1ea1o s\u01a1 c\u1ee9u<br \/>\n3.5 Y t\u1ebf tr\u00ean t\u00e0u<br \/>\n3.6 \u00dd th\u1ee9c an ninh<br \/>\n3.7 Thuy\u1ec1n vi\u00ean c\u00f3 tr\u00e1ch nhi\u1ec7m an ninh \u0111\u01b0\u1ee3c ch\u1ec9 \u0111\u1ecbnh<br \/>\n3.8 Nh\u00e2n vi\u00ean an ninh t\u00e0u bi\u1ec3n<\/p>\n\n\t\t<\/div>\n\t<\/div>\n<style type=\"text\/css\" data-type=\"the7_shortcodes-inline-css\">.photos-carousel-shortcode-id-a05744013584b1819cb12af9aef8f178.owl-carousel .owl-nav a {\n  width: 36px;\n  height: 36px;\n  border-radius: 500px;\n}\n.photos-carousel-shortcode-id-a05744013584b1819cb12af9aef8f178.owl-carousel .owl-nav a:before,\n.photos-carousel-shortcode-id-a05744013584b1819cb12af9aef8f178.owl-carousel .owl-nav a:after {\n  border-width: 0px;\n}\n.photos-carousel-shortcode-id-a05744013584b1819cb12af9aef8f178.owl-carousel .owl-nav a.owl-prev {\n  top: 50%;\n  transform: translateY(calc(-50% + 0px));\n  left: -43px;\n}\n@media all and (-ms-high-contrast: none) {\n  .photos-carousel-shortcode-id-a05744013584b1819cb12af9aef8f178.owl-carousel .owl-nav a.owl-prev {\n    transform: translateY(-50%);\n    margin-top: 0px;\n  }\n}\n.photos-carousel-shortcode-id-a05744013584b1819cb12af9aef8f178.owl-carousel .owl-nav a.owl-prev i {\n  padding: 0px 0px 0px 0px;\n}\n.photos-carousel-shortcode-id-a05744013584b1819cb12af9aef8f178.owl-carousel .owl-nav a.owl-next {\n  top: 50%;\n  transform: translateY(calc(-50% + 0px));\n  right: -43px;\n}\n@media all and (-ms-high-contrast: none) {\n  .photos-carousel-shortcode-id-a05744013584b1819cb12af9aef8f178.owl-carousel .owl-nav a.owl-next {\n    transform: translateY(-50%);\n    margin-top: 0px;\n  }\n}\n.photos-carousel-shortcode-id-a05744013584b1819cb12af9aef8f178.owl-carousel .owl-nav a.owl-next i {\n  padding: 0px 0px 0px 0px;\n}\n.photos-carousel-shortcode-id-a05744013584b1819cb12af9aef8f178.owl-carousel .owl-nav i {\n  font-size: 18px;\n}\n.photos-carousel-shortcode-id-a05744013584b1819cb12af9aef8f178.owl-carousel .owl-nav a:not(:hover) i,\n.photos-carousel-shortcode-id-a05744013584b1819cb12af9aef8f178.owl-carousel .owl-nav a:not(:hover) i:before {\n  color: #ffffff;\n  background: none;\n}\n.photos-carousel-shortcode-id-a05744013584b1819cb12af9aef8f178.owl-carousel .owl-nav a:hover i,\n.photos-carousel-shortcode-id-a05744013584b1819cb12af9aef8f178.owl-carousel .owl-nav a:hover i:before {\n  color: rgba(255,255,255,0.75);\n  background: none;\n}\n.photos-carousel-shortcode-id-a05744013584b1819cb12af9aef8f178 .owl-dots {\n  top: calc(100% + 20px);\n  left: 50%;\n  transform: translateX(calc(-50% + 0px));\n}\n@media all and (-ms-high-contrast: none) {\n  .photos-carousel-shortcode-id-a05744013584b1819cb12af9aef8f178 .owl-dots {\n    transform: translateX(-50%);\n    margin-left: 0px;\n  }\n}\n.photos-carousel-shortcode-id-a05744013584b1819cb12af9aef8f178 .owl-dot {\n  width: 10px;\n  height: 10px;\n  margin: 0 8px;\n}\n@media screen and (max-width: 778px) {\n  .photos-carousel-shortcode-id-a05744013584b1819cb12af9aef8f178.hide-arrows.owl-carousel .owl-nav a {\n    display: none;\n  }\n}\n@media screen and (max-width: 778px) {\n  .photos-carousel-shortcode-id-a05744013584b1819cb12af9aef8f178.reposition-arrows.owl-carousel .owl-nav .owl-prev {\n    top: 50%;\n    transform: translateY(calc(-50% + 0px));\n    left: 10px;\n  }\n  .photos-carousel-shortcode-id-a05744013584b1819cb12af9aef8f178.reposition-arrows.owl-carousel .owl-nav .owl-next {\n    top: 50%;\n    transform: translateY(calc(-50% + 0px));\n    right: 10px;\n  }\n}\n@media screen and (max-width: 778px) and all and (-ms-high-contrast: none) {\n  .photos-carousel-shortcode-id-a05744013584b1819cb12af9aef8f178.reposition-arrows.owl-carousel .owl-nav .owl-prev {\n    transform: translateY(-50%);\n    margin-top: 0px;\n  }\n}\n@media screen and (max-width: 778px) and all and (-ms-high-contrast: none) {\n  .photos-carousel-shortcode-id-a05744013584b1819cb12af9aef8f178.reposition-arrows.owl-carousel .owl-nav .owl-next {\n    transform: translateY(-50%);\n    margin-top: 0px;\n  }\n}\n.photos-carousel-shortcode-id-a05744013584b1819cb12af9aef8f178 figure,\n.photos-carousel-shortcode-id-a05744013584b1819cb12af9aef8f178 .rollover,\n.photos-carousel-shortcode-id-a05744013584b1819cb12af9aef8f178 img,\n.photos-carousel-shortcode-id-a05744013584b1819cb12af9aef8f178 .gallery-rollover {\n  border-radius: 0px;\n}\n.photos-carousel-shortcode-id-a05744013584b1819cb12af9aef8f178.enable-bg-rollover .gallery-rollover {\n  background: -webkit-linear-gradient();\n  background: linear-gradient();\n}\n.photos-carousel-shortcode-id-a05744013584b1819cb12af9aef8f178.enable-bg-rollover.hover-scale .rollover:after {\n  background: -webkit-linear-gradient();\n  background: linear-gradient();\n}\n.photos-carousel-shortcode-id-a05744013584b1819cb12af9aef8f178.enable-img-shadow .owl-stage-outer {\n  padding: 14px 0;\n}\n.photos-carousel-shortcode-id-a05744013584b1819cb12af9aef8f178.gallery-shortcode .gallery-zoom-ico {\n  width: 44px;\n  height: 44px;\n  line-height: 44px;\n  border-radius: 100px;\n  margin: -22px 0 0 -22px;\n  border-width: 0px;\n}\n.dt-icon-bg-on.photos-carousel-shortcode-id-a05744013584b1819cb12af9aef8f178.gallery-shortcode .gallery-zoom-ico {\n  background: rgba(255,255,255,0.3);\n  -webkit-box-shadow: none;\n  box-shadow: none;\n}\n.photos-carousel-shortcode-id-a05744013584b1819cb12af9aef8f178.gallery-shortcode .gallery-zoom-ico:before,\n.photos-carousel-shortcode-id-a05744013584b1819cb12af9aef8f178.gallery-shortcode .gallery-zoom-ico span {\n  font-size: 32px;\n  line-height: 44px;\n  color: #ffffff;\n  background: none;\n}<\/style><div class=\"owl-carousel gallery-carousel-shortcode gallery-shortcode dt-gallery-container album-gallery-shortcode dt-owl-carousel-call photos-carousel-shortcode-id-a05744013584b1819cb12af9aef8f178 quick-scale-img enable-bg-rollover meta-info-off bullets-small-dot-stroke reposition-arrows dt-icon-bg-off arrows-bg-on dt-arrow-border-on dt-arrow-hover-border-on disable-arrows-hover-bg arrows-hover-bg-on  hover-fade\" data-scroll-mode=\"1\" data-col-num=\"6\" data-wide-col-num=\"6\" data-laptop-col=\"5\" data-h-tablet-columns-num=\"4\" data-v-tablet-columns-num=\"3\" data-phone-columns-num=\"1\" data-col-gap=\"10\" data-stage-padding=\"0\" data-speed=\"600\" data-autoplay=\"false\" data-autoplay_speed=\"6000\" data-arrows=\"true\" data-bullet=\"false\" data-next-icon=\"icon-ar-017-r\" data-prev-icon=\"icon-ar-017-l\" data-img-shadow-size=\"12px\" data-img-shadow-spread=\"3px\"><article class=\"post visible post-2095 attachment type-attachment status-inherit hentry\"><a href=\"http:\/\/www.erun-tech.com\/wp-content\/uploads\/2016\/01\/\u57fa\u672c\u5b89\u5168\u5b9e\u8bad\u5ba41-1.jpg\" class=\"rollover-click-target rollover dt-pswp-item layzr-bg\" title=\"Ph\u00f2ng th\u1ef1c h\u00e0nh an to\u00e0n c\u01a1 b\u1ea3n 1\" data-dt-img-description=\"\"  data-large_image_width=\"450\" data-large_image_height = \"300\" ><img fetchpriority=\"high\" decoding=\"async\" class=\"preload-me owl-lazy-load aspect\" src=\"data:image\/svg+xml,%3Csvg%20xmlns%3D&#39;http%3A%2F%2Fwww.w3.org%2F2000%2Fsvg&#39;%20viewBox%3D&#39;0%200%20300%20300&#39;%2F%3E\" data-src=\"http:\/\/www.erun-tech.com\/wp-content\/uploads\/2016\/01\/\u57fa\u672c\u5b89\u5168\u5b9e\u8bad\u5ba41-1-300x300.jpg\" data-srcset=\"http:\/\/www.erun-tech.com\/wp-content\/uploads\/2016\/01\/\u57fa\u672c\u5b89\u5168\u5b9e\u8bad\u5ba41-1-300x300.jpg 300w\" loading=\"eager\" style=\"--ratio: 300 \/ 300\" sizes=\"(max-width: 300px) 100vw, 300px\" alt=\"Ph\u00f2ng th\u1ef1c h\u00e0nh an to\u00e0n c\u01a1 b\u1ea3n\" width=\"300\" height=\"300\" title=\"\u8239\u5458\u4e13\u4e1a\u6280\u80fd\u5b9e\u8bad\u5ba4\u63d2\u56fe\" \/><span class=\"gallery-rollover\"><span class=\"gallery-zoom-ico icomoon-the7-font-the7-zoom-06\"><span><\/span><\/span><\/span><\/a><\/article><article class=\"post visible post-2096 attachment type-attachment status-inherit hentry\"><a href=\"http:\/\/www.erun-tech.com\/wp-content\/uploads\/2016\/01\/\u57fa\u672c\u5b89\u5168\u5b9e\u8bad\u5ba42-1.jpg\" class=\"rollover-click-target rollover dt-pswp-item layzr-bg\" title=\"Ph\u00f2ng th\u1ef1c h\u00e0nh an to\u00e0n c\u01a1 b\u1ea3n 2\" data-dt-img-description=\"\"  data-large_image_width=\"450\" data-large_image_height = \"300\" ><img decoding=\"async\" class=\"preload-me owl-lazy-load aspect\" src=\"data:image\/svg+xml,%3Csvg%20xmlns%3D&#39;http%3A%2F%2Fwww.w3.org%2F2000%2Fsvg&#39;%20viewBox%3D&#39;0%200%20300%20300&#39;%2F%3E\" data-src=\"http:\/\/www.erun-tech.com\/wp-content\/uploads\/2016\/01\/\u57fa\u672c\u5b89\u5168\u5b9e\u8bad\u5ba42-1-300x300.jpg\" data-srcset=\"http:\/\/www.erun-tech.com\/wp-content\/uploads\/2016\/01\/\u57fa\u672c\u5b89\u5168\u5b9e\u8bad\u5ba42-1-300x300.jpg 300w\" loading=\"eager\" style=\"--ratio: 300 \/ 300\" sizes=\"(max-width: 300px) 100vw, 300px\"  width=\"300\" height=\"300\" title=\"\u8239\u5458\u4e13\u4e1a\u6280\u80fd\u5b9e\u8bad\u5ba4\u63d2\u56fe1\" alt=\"\u8239\u5458\u4e13\u4e1a\u6280\u80fd\u5b9e\u8bad\u5ba4\u63d2\u56fe1\" \/><span class=\"gallery-rollover\"><span class=\"gallery-zoom-ico icomoon-the7-font-the7-zoom-06\"><span><\/span><\/span><\/span><\/a><\/article><article class=\"post visible post-2097 attachment type-attachment status-inherit hentry\"><a href=\"http:\/\/www.erun-tech.com\/wp-content\/uploads\/2016\/01\/\u57fa\u672c\u5b89\u5168\u5b9e\u8bad\u5ba43-1.jpg\" class=\"rollover-click-target rollover dt-pswp-item layzr-bg\" title=\"Ph\u00f2ng th\u1ef1c h\u00e0nh an to\u00e0n c\u01a1 b\u1ea3n 3\" data-dt-img-description=\"\"  data-large_image_width=\"450\" data-large_image_height = \"300\" ><img decoding=\"async\" class=\"preload-me owl-lazy-load aspect\" src=\"data:image\/svg+xml,%3Csvg%20xmlns%3D&#39;http%3A%2F%2Fwww.w3.org%2F2000%2Fsvg&#39;%20viewBox%3D&#39;0%200%20300%20300&#39;%2F%3E\" data-src=\"http:\/\/www.erun-tech.com\/wp-content\/uploads\/2016\/01\/\u57fa\u672c\u5b89\u5168\u5b9e\u8bad\u5ba43-1-300x300.jpg\" data-srcset=\"http:\/\/www.erun-tech.com\/wp-content\/uploads\/2016\/01\/\u57fa\u672c\u5b89\u5168\u5b9e\u8bad\u5ba43-1-300x300.jpg 300w\" loading=\"eager\" style=\"--ratio: 300 \/ 300\" sizes=\"(max-width: 300px) 100vw, 300px\"  width=\"300\" height=\"300\" title=\"\u8239\u5458\u4e13\u4e1a\u6280\u80fd\u5b9e\u8bad\u5ba4\u63d2\u56fe2\" alt=\"\u8239\u5458\u4e13\u4e1a\u6280\u80fd\u5b9e\u8bad\u5ba4\u63d2\u56fe2\" \/><span class=\"gallery-rollover\"><span class=\"gallery-zoom-ico icomoon-the7-font-the7-zoom-06\"><span><\/span><\/span><\/span><\/a><\/article><article class=\"post visible post-2098 attachment type-attachment status-inherit hentry\"><a href=\"http:\/\/www.erun-tech.com\/wp-content\/uploads\/2016\/01\/\u57fa\u672c\u5b89\u5168\u5b9e\u8bad\u5ba44-1.jpg\" class=\"rollover-click-target rollover dt-pswp-item layzr-bg\" title=\"Ph\u00f2ng th\u1ef1c h\u00e0nh an to\u00e0n c\u01a1 b\u1ea3n 4\" data-dt-img-description=\"\"  data-large_image_width=\"450\" data-large_image_height = \"300\" ><img decoding=\"async\" class=\"preload-me owl-lazy-load aspect\" src=\"data:image\/svg+xml,%3Csvg%20xmlns%3D&#39;http%3A%2F%2Fwww.w3.org%2F2000%2Fsvg&#39;%20viewBox%3D&#39;0%200%20300%20300&#39;%2F%3E\" data-src=\"http:\/\/www.erun-tech.com\/wp-content\/uploads\/2016\/01\/\u57fa\u672c\u5b89\u5168\u5b9e\u8bad\u5ba44-1-300x300.jpg\" data-srcset=\"http:\/\/www.erun-tech.com\/wp-content\/uploads\/2016\/01\/\u57fa\u672c\u5b89\u5168\u5b9e\u8bad\u5ba44-1-300x300.jpg 300w\" loading=\"eager\" style=\"--ratio: 300 \/ 300\" sizes=\"(max-width: 300px) 100vw, 300px\"  width=\"300\" height=\"300\" title=\"\u8239\u5458\u4e13\u4e1a\u6280\u80fd\u5b9e\u8bad\u5ba4\u63d2\u56fe3\" alt=\"\u8239\u5458\u4e13\u4e1a\u6280\u80fd\u5b9e\u8bad\u5ba4\u63d2\u56fe3\" \/><span class=\"gallery-rollover\"><span class=\"gallery-zoom-ico icomoon-the7-font-the7-zoom-06\"><span><\/span><\/span><\/span><\/a><\/article><article class=\"post visible post-2099 attachment type-attachment status-inherit hentry\"><a href=\"http:\/\/www.erun-tech.com\/wp-content\/uploads\/2016\/01\/\u57fa\u672c\u5b89\u5168\u5b9e\u8bad\u5ba45-1.jpg\" class=\"rollover-click-target rollover dt-pswp-item layzr-bg\" title=\"Ph\u00f2ng th\u1ef1c h\u00e0nh an to\u00e0n c\u01a1 b\u1ea3n 5\" data-dt-img-description=\"\"  data-large_image_width=\"450\" data-large_image_height = \"300\" ><img decoding=\"async\" class=\"preload-me owl-lazy-load aspect\" src=\"data:image\/svg+xml,%3Csvg%20xmlns%3D&#39;http%3A%2F%2Fwww.w3.org%2F2000%2Fsvg&#39;%20viewBox%3D&#39;0%200%20300%20300&#39;%2F%3E\" data-src=\"http:\/\/www.erun-tech.com\/wp-content\/uploads\/2016\/01\/\u57fa\u672c\u5b89\u5168\u5b9e\u8bad\u5ba45-1-300x300.jpg\" data-srcset=\"http:\/\/www.erun-tech.com\/wp-content\/uploads\/2016\/01\/\u57fa\u672c\u5b89\u5168\u5b9e\u8bad\u5ba45-1-300x300.jpg 300w\" loading=\"eager\" style=\"--ratio: 300 \/ 300\" sizes=\"(max-width: 300px) 100vw, 300px\" alt=\"Ph\u00f2ng th\u1ef1c h\u00e0nh an to\u00e0n c\u01a1 b\u1ea3n\" width=\"300\" height=\"300\" title=\"\u8239\u5458\u4e13\u4e1a\u6280\u80fd\u5b9e\u8bad\u5ba4\u63d2\u56fe4\" \/><span class=\"gallery-rollover\"><span class=\"gallery-zoom-ico icomoon-the7-font-the7-zoom-06\"><span><\/span><\/span><\/span><\/a><\/article><article class=\"post visible post-2100 attachment type-attachment status-inherit hentry\"><a href=\"http:\/\/www.erun-tech.com\/wp-content\/uploads\/2016\/01\/\u57fa\u672c\u5b89\u5168\u5b9e\u8bad\u5ba46-1.jpg\" class=\"rollover-click-target rollover dt-pswp-item layzr-bg\" title=\"Ph\u00f2ng th\u1ef1c h\u00e0nh an to\u00e0n c\u01a1 b\u1ea3n 6\" data-dt-img-description=\"\"  data-large_image_width=\"450\" data-large_image_height = \"253\" ><img decoding=\"async\" class=\"preload-me owl-lazy-load aspect\" src=\"data:image\/svg+xml,%3Csvg%20xmlns%3D&#39;http%3A%2F%2Fwww.w3.org%2F2000%2Fsvg&#39;%20viewBox%3D&#39;0%200%20253%20253&#39;%2F%3E\" data-src=\"http:\/\/www.erun-tech.com\/wp-content\/uploads\/2016\/01\/\u57fa\u672c\u5b89\u5168\u5b9e\u8bad\u5ba46-1-253x253.jpg\" data-srcset=\"http:\/\/www.erun-tech.com\/wp-content\/uploads\/2016\/01\/\u57fa\u672c\u5b89\u5168\u5b9e\u8bad\u5ba46-1-253x253.jpg 253w\" loading=\"eager\" style=\"--ratio: 253 \/ 253\" sizes=\"(max-width: 253px) 100vw, 253px\"  width=\"253\" height=\"253\" title=\"\u8239\u5458\u4e13\u4e1a\u6280\u80fd\u5b9e\u8bad\u5ba4\u63d2\u56fe5\" alt=\"\u8239\u5458\u4e13\u4e1a\u6280\u80fd\u5b9e\u8bad\u5ba4\u63d2\u56fe5\" \/><span class=\"gallery-rollover\"><span class=\"gallery-zoom-ico icomoon-the7-font-the7-zoom-06\"><span><\/span><\/span><\/span><\/a><\/article><\/div><\/div><\/div><\/div><div class=\"wpb_column vc_column_container vc_col-sm-12\"><div class=\"vc_column-inner vc_custom_1498229445232\"><div class=\"wpb_wrapper\"><div id=\"ultimate-heading-287969d7dc73d0207\" class=\"uvc-heading ult-adjust-bottom-margin ultimate-heading-287969d7dc73d0207 uvc-3386\" data-hspacer=\"no_spacer\"  data-halign=\"left\" style=\"text-align:left\"><div class=\"uvc-heading-spacer no_spacer\" style=\"top\"><\/div><div class=\"uvc-main-heading ult-responsive\"  data-ultimate-target='.uvc-heading.ultimate-heading-287969d7dc73d0207 h2'  data-responsive-json-new='{\"font-size\":\"desktop:26px;\",\"line-height\":\"desktop:32px;\"}' ><h2 style=\"font-weight:bold;margin-bottom:20px;\">Quy tr\u00ecnh l\u00e0m vi\u1ec7c<\/h2><\/div><\/div><div class=\"smile_icon_list_wrap ult_info_list_container ult-adjust-bottom-margin   vc_custom_1498230419199\"><ul class=\"smile_icon_list left hexagon\"><li class=\"icon_list_item\" style=\" font-size:60px;\"><div class=\"icon_list_icon\" data-animation=\"\" data-animation-delay=\"03\" style=\"font-size:20px;background:#ffb536;color:#ffffff;border-color:#ffb536;\"><i class=\"icomoon-icomoonfree-16x16-pen\" ><\/i><\/div><div class=\"icon_description\" id=\"Info-list-wrap-4278\" style=\"font-size:20px;\"><h3 class=\"ult-responsive info-list-heading\"  data-ultimate-target='#Info-list-wrap-4278 h3'  data-responsive-json-new='{\"font-size\":\"desktop:16px;\",\"line-height\":\"desktop:22px;\"}'  style=\"font-family:&#039;Open Sans Condensed&#039;;font-weight:700;\">1. Giao ti\u1ebfp ban \u0111\u1ea7u<\/h3><div class=\"icon_description_text ult-responsive\"  data-ultimate-target='#Info-list-wrap-4278 .icon_description_text'  data-responsive-json-new='{\"font-size\":\"desktop:12px;\",\"line-height\":\"desktop:20px;\"}'  style=\"\"><p>Tr\u01b0\u1edbc khi tri\u1ec3n khai d\u1ef1 \u00e1n t\u1ea1i tr\u01b0\u1eddng h\u1ecdc, c\u00f4ng ty ch\u00fang t\u00f4i c\u00f3 th\u1ec3 cung c\u1ea5p t\u01b0 v\u1ea5n k\u1ef9 thu\u1eadt mi\u1ec5n ph\u00ed, duy tr\u00ec s\u1ef1 giao ti\u1ebfp v\u00e0 trao \u0111\u1ed5i k\u1ef9 thu\u1eadt t\u1ed1t.<\/p>\n<\/div><\/div><div class=\"icon_list_connector\"  style=\"border-right-width: 1px;border-right-style: dashed;border-color: #ffb536;\"><\/div><\/li><li class=\"icon_list_item\" style=\" font-size:60px;\"><div class=\"icon_list_icon\" data-animation=\"\" data-animation-delay=\"03\" style=\"font-size:20px;background:#ffb536;color:#ffffff;border-color:#ffb536;\"><i class=\"icomoon-icomoonfree-16x16-bubbles4\" ><\/i><\/div><div class=\"icon_description\" id=\"Info-list-wrap-2734\" style=\"font-size:20px;\"><h3 class=\"ult-responsive info-list-heading\"  data-ultimate-target='#Info-list-wrap-2734 h3'  data-responsive-json-new='{\"font-size\":\"desktop:16px;\",\"line-height\":\"desktop:22px;\"}'  style=\"font-family:&#039;Open Sans Condensed&#039;;font-weight:700;\">2. Tham quan \u0111\u1ecba \u0111i\u1ec3m<\/h3><div class=\"icon_description_text ult-responsive\"  data-ultimate-target='#Info-list-wrap-2734 .icon_description_text'  data-responsive-json-new='{\"font-size\":\"desktop:12px;\",\"line-height\":\"desktop:20px;\"}'  style=\"\"><p>N\u1ebfu tr\u01b0\u1eddng h\u1ecdc quan t\u00e2m \u0111\u1ebfn ph\u01b0\u01a1ng \u00e1n m\u00e0 ch\u00fang t\u00f4i \u0111\u1ec1 xu\u1ea5t, c\u00f4ng ty ch\u00fang t\u00f4i s\u1ebd ti\u1ebfn h\u00e0nh kh\u1ea3o s\u00e1t th\u1ef1c \u0111\u1ecba v\u00e0 \u0111o \u0111\u1ea1c mi\u1ec5n ph\u00ed cho d\u1ef1 \u00e1n n\u00e0y, \u0111\u1ed3ng th\u1eddi cung c\u1ea5p h\u1ed7 tr\u1ee3 k\u1ef9 thu\u1eadt.<\/p>\n<\/div><\/div><div class=\"icon_list_connector\"  style=\"border-right-width: 1px;border-right-style: dashed;border-color: #ffb536;\"><\/div><\/li><li class=\"icon_list_item\" style=\" font-size:60px;\"><div class=\"icon_list_icon\" data-animation=\"\" data-animation-delay=\"03\" style=\"font-size:20px;background:#ffb536;color:#ffffff;border-color:#ffb536;\"><i class=\"icomoon-icomoonfree-16x16-stats-bars\" ><\/i><\/div><div class=\"icon_description\" id=\"Info-list-wrap-1494\" style=\"font-size:20px;\"><h3 class=\"ult-responsive info-list-heading\"  data-ultimate-target='#Info-list-wrap-1494 h3'  data-responsive-json-new='{\"font-size\":\"desktop:16px;\",\"line-height\":\"desktop:22px;\"}'  style=\"font-family:&#039;Open Sans Condensed&#039;;font-weight:700;\">3. K\u1ebf ho\u1ea1ch s\u01a1 b\u1ed9<\/h3><div class=\"icon_description_text ult-responsive\"  data-ultimate-target='#Info-list-wrap-1494 .icon_description_text'  data-responsive-json-new='{\"font-size\":\"desktop:12px;\",\"line-height\":\"desktop:20px;\"}'  style=\"\"><p>Sau khi ho\u00e0n th\u00e0nh kh\u1ea3o s\u00e1t th\u1ef1c \u0111\u1ecba, d\u1ef1a tr\u00ean nhu c\u1ea7u c\u1ee7a tr\u01b0\u1eddng, c\u00f4ng ty ch\u00fang t\u00f4i s\u1ebd thi\u1ebft k\u1ebf m\u1ed9t ph\u01b0\u01a1ng \u00e1n ph\u00f9 h\u1ee3p cho tr\u01b0\u1eddng, bao g\u1ed3m d\u1ef1 to\u00e1n s\u01a1 b\u1ed9 v\u00e0 c\u00e1c th\u00f4ng s\u1ed1 k\u1ef9 thu\u1eadt c\u01a1 b\u1ea3n.<\/p>\n<\/div><\/div><div class=\"icon_list_connector\"  style=\"border-right-width: 1px;border-right-style: dashed;border-color: #ffb536;\"><\/div><\/li><li class=\"icon_list_item\" style=\" font-size:60px;\"><div class=\"icon_list_icon\" data-animation=\"\" data-animation-delay=\"03\" style=\"font-size:20px;background:#ffb536;color:#ffffff;border-color:#ffb536;\"><i class=\"icomoon-icomoonfree-16x16-cogs\" ><\/i><\/div><div class=\"icon_description\" id=\"Info-list-wrap-6287\" style=\"font-size:20px;\"><h3 class=\"ult-responsive info-list-heading\"  data-ultimate-target='#Info-list-wrap-6287 h3'  data-responsive-json-new='{\"font-size\":\"desktop:16px;\",\"line-height\":\"desktop:22px;\"}'  style=\"font-family:&#039;Open Sans Condensed&#039;;font-weight:700;\">4. X\u00e1c \u0111\u1ecbnh ph\u01b0\u01a1ng \u00e1n<\/h3><div class=\"icon_description_text ult-responsive\"  data-ultimate-target='#Info-list-wrap-6287 .icon_description_text'  data-responsive-json-new='{\"font-size\":\"desktop:12px;\",\"line-height\":\"desktop:20px;\"}'  style=\"\"><p>Theo k\u1ebf ho\u1ea1ch d\u1ef1 ph\u00f2ng \u0111\u00e3 \u0111\u01b0\u1ee3c l\u1eadp tr\u01b0\u1edbc \u0111\u00f3, n\u1ebfu c\u1ea3 hai b\u00ean kh\u00f4ng c\u00f3 \u00fd ki\u1ebfn ph\u1ea3n \u0111\u1ed1i, c\u00f4ng ty ch\u00fang t\u00f4i s\u1ebd xem x\u00e9t \u0111\u1ea7y \u0111\u1ee7 c\u00e1c y\u00eau c\u1ea7u v\u00e0 t\u00ecnh h\u00ecnh c\u1ee7a tr\u01b0\u1eddng, \u0111\u1ec3 l\u1eadp k\u1ebf ho\u1ea1ch th\u1ef1c hi\u1ec7n, ng\u00e2n s\u00e1ch chi ti\u1ebft, th\u00f4ng s\u1ed1 k\u1ef9 thu\u1eadt chi ti\u1ebft, b\u1ea3o tr\u00ec, b\u1ea3o d\u01b0\u1ee1ng, d\u1ecbch v\u1ee5 h\u1eadu m\u00e3i, v.v. cho ph\u01b0\u01a1ng \u00e1n th\u1ef1c hi\u1ec7n cu\u1ed1i c\u00f9ng c\u1ee7a tr\u01b0\u1eddng.<\/p>\n<\/div><\/div><div class=\"icon_list_connector\"  style=\"border-right-width: 1px;border-right-style: dashed;border-color: #ffb536;\"><\/div><\/li><li class=\"icon_list_item\" style=\" font-size:60px;\"><div class=\"icon_list_icon\" data-animation=\"\" data-animation-delay=\"03\" style=\"font-size:20px;background:#ffb536;color:#ffffff;border-color:#ffb536;\"><i class=\"icomoon-icomoonfree-16x16-star-full\" ><\/i><\/div><div class=\"icon_description\" id=\"Info-list-wrap-4746\" style=\"font-size:20px;\"><h3 class=\"ult-responsive info-list-heading\"  data-ultimate-target='#Info-list-wrap-4746 h3'  data-responsive-json-new='{\"font-size\":\"desktop:16px;\",\"line-height\":\"desktop:22px;\"}'  style=\"font-family:&#039;Open Sans Condensed&#039;;font-weight:700;\">5. Thi c\u00f4ng d\u1ef1 \u00e1n<\/h3><div class=\"icon_description_text ult-responsive\"  data-ultimate-target='#Info-list-wrap-4746 .icon_description_text'  data-responsive-json-new='{\"font-size\":\"desktop:12px;\",\"line-height\":\"desktop:20px;\"}'  style=\"\"><p>Ch\u00fang t\u00f4i s\u1ebd ti\u1ebfn h\u00e0nh thi c\u00f4ng theo y\u00eau c\u1ea7u c\u1ee7a h\u1ee3p \u0111\u1ed3ng, trong th\u1eddi gian quy \u0111\u1ecbnh, \u0111\u1ea3m b\u1ea3o ch\u1ea5t l\u01b0\u1ee3ng v\u00e0 ti\u1ebfn \u0111\u1ed9 ho\u00e0n th\u00e0nh d\u1ef1 \u00e1n, \u0111\u1ea3m b\u1ea3o vi\u1ec7c nghi\u1ec7m thu cu\u1ed1i c\u00f9ng c\u1ee7a tr\u01b0\u1eddng h\u1ecdc v\u00e0 C\u1ee5c H\u00e0ng h\u1ea3i.<\/p>\n<\/div><\/div><div class=\"icon_list_connector\"  style=\"border-right-width: 1px;border-right-style: dashed;border-color: #ffb536;\"><\/div><\/li><\/ul><\/div><\/div><\/div><\/div><\/div>","protected":false},"excerpt":{"rendered":"<p>\u8239\u5458\u4e13\u4e1a\u6280\u80fd\u5b9e\u8bad\u5ba4 \u5305\u542b\u4f46\u4e0d\u9650\u4e8e\u4ee5\u4e0b\u5b9e\u8bad\u5ba4\u5efa\u8bbe\uff1b 3.1 \u7cbe\u901a\u6551\u751f\u8247\u7b4f\u548c\u6551\u52a9\u8247 3.2 \u7cbe\u901a\u5feb\u901f\u6551\u52a9\u8247 3.3&hellip;<\/p>","protected":false},"author":1,"featured_media":0,"parent":7,"menu_order":0,"comment_status":"closed","ping_status":"closed","template":"","meta":{"footnotes":""},"class_list":["post-1924","page","type-page","status-publish","hentry","description-off"],"amp_enabled":true,"_links":{"self":[{"href":"http:\/\/www.erun-tech.com\/vi\/wp-json\/wp\/v2\/pages\/1924","targetHints":{"allow":["GET"]}}],"collection":[{"href":"http:\/\/www.erun-tech.com\/vi\/wp-json\/wp\/v2\/pages"}],"about":[{"href":"http:\/\/www.erun-tech.com\/vi\/wp-json\/wp\/v2\/types\/page"}],"author":[{"embeddable":true,"href":"http:\/\/www.erun-tech.com\/vi\/wp-json\/wp\/v2\/users\/1"}],"replies":[{"embeddable":true,"href":"http:\/\/www.erun-tech.com\/vi\/wp-json\/wp\/v2\/comments?post=1924"}],"version-history":[{"count":0,"href":"http:\/\/www.erun-tech.com\/vi\/wp-json\/wp\/v2\/pages\/1924\/revisions"}],"up":[{"embeddable":true,"href":"http:\/\/www.erun-tech.com\/vi\/wp-json\/wp\/v2\/pages\/7"}],"wp:attachment":[{"href":"http:\/\/www.erun-tech.com\/vi\/wp-json\/wp\/v2\/media?parent=1924"}],"curies":[{"name":"wp","href":"https:\/\/api.w.org\/{rel}","templated":true}]}}