{"id":1945,"date":"2019-07-07T10:49:30","date_gmt":"2019-07-07T02:49:30","guid":{"rendered":"http:\/\/www.eruntec.com\/?page_id=1945"},"modified":"2019-07-07T10:49:30","modified_gmt":"2019-07-07T02:49:30","slug":"haitushixunshi","status":"publish","type":"page","link":"http:\/\/www.erun-tech.com\/vi\/services\/chuanyuangangweishirenshixunshi\/haitushixunshi","title":{"rendered":"Ph\u00f2ng th\u1ef1c h\u00e0nh b\u1ea3n \u0111\u1ed3 h\u00e0ng h\u1ea3i"},"content":{"rendered":"<div class=\"vc_row wpb_row vc_row-fluid\"><div class=\"wpb_column vc_column_container vc_col-sm-12\"><div class=\"vc_column-inner vc_custom_1498229431694\"><div class=\"wpb_wrapper\"><div id=\"ultimate-heading-581469d7dc6b2795d\" class=\"uvc-heading ult-adjust-bottom-margin ultimate-heading-581469d7dc6b2795d uvc-3542\" data-hspacer=\"no_spacer\"  data-halign=\"left\" style=\"text-align:left\"><div class=\"uvc-heading-spacer no_spacer\" style=\"top\"><\/div><div class=\"uvc-main-heading ult-responsive\"  data-ultimate-target='.uvc-heading.ultimate-heading-581469d7dc6b2795d h2'  data-responsive-json-new='{\"font-size\":\"desktop:26px;\",\"line-height\":\"desktop:32px;\"}' ><h2 style=\"font-weight:bold;margin-bottom:20px;\">Ph\u00f2ng th\u1ef1c h\u00e0nh b\u1ea3n \u0111\u1ed3 h\u00e0ng h\u1ea3i<\/h2><\/div><\/div>\n\t<div class=\"wpb_text_column wpb_content_element\" >\n\t\t<div class=\"wpb_wrapper\">\n\t\t\t<p>Tr\u01b0\u1eddng ch\u00fang t\u00f4i c\u00f3 t\u1ed5ng c\u1ed9ng ba ph\u00f2ng th\u1ef1c h\u00e0nh b\u1ea3n \u0111\u1ed3 h\u00e0ng h\u1ea3i, \u0111\u1ee7 kh\u1ea3 n\u0103ng ph\u1ee5c v\u1ee5 cho ba l\u1edbp h\u1ecdc c\u00f9ng l\u00fac. C\u00e1c ph\u00f2ng n\u00e0y ch\u1ee7 y\u1ebfu \u0111\u1ea3m nh\u1eadn nhi\u1ec7m v\u1ee5 hu\u1ea5n luy\u1ec7n v\u00e0 \u0111\u00e1nh gi\u00e1 k\u1ef9 n\u0103ng l\u00e0m vi\u1ec7c v\u1edbi b\u1ea3n \u0111\u1ed3 h\u00e0ng h\u1ea3i trong c\u00e1c ch\u01b0\u01a1ng tr\u00ecnh \u0111\u00e0o t\u1ea1o thuy\u1ec1n vi\u00ean nh\u01b0: Ch\u1ee9ng ch\u1ec9 Thuy\u1ec1n ph\u00f3 th\u1ee9 ba tr\u00ean t\u00e0u bi\u1ec3n, Ch\u1ee9ng ch\u1ec9 Th\u1ee7y th\u1ee7 tr\u1ef1c ca tr\u00ean t\u00e0u bi\u1ec3n, v\u00e0 Ch\u1ee9ng ch\u1ec9 Thuy\u1ec1n tr\u01b0\u1edfng t\u00e0u n\u1ed9i \u0111\u1ecba. Hi\u1ec7n t\u1ea1i, Khoa K\u1ef9 thu\u1eadt H\u00e0ng h\u1ea3i c\u1ee7a tr\u01b0\u1eddng \u0111ang t\u1ed5 ch\u1ee9c c\u00e1c kh\u00f3a th\u1ef1c h\u00e0nh ch\u00ednh bao g\u1ed3m: \u0110\u1ecdc v\u00e0 s\u1eed d\u1ee5ng b\u1ea3n \u0111\u1ed3 h\u00e0ng h\u1ea3i, S\u1eed d\u1ee5ng v\u00e0 b\u1ea3o qu\u1ea3n t\u00e0i li\u1ec7u h\u00e0ng h\u1ea3i, S\u1eeda ch\u1eefa b\u1ea3n \u0111\u1ed3 h\u00e0ng h\u1ea3i, Th\u1ef1c h\u00e0nh b\u1ea3n \u0111\u1ed3 h\u00e0ng h\u1ea3i, T\u00ednh to\u00e1n h\u00e0nh tr\u00ecnh, \u0110\u1ecbnh v\u1ecb b\u1eb1ng m\u1ed1c \u0111\u1ea5t li\u1ec1n, Thi\u1ebft k\u1ebf tuy\u1ebfn \u0111\u01b0\u1eddng, L\u1eadp k\u1ebf ho\u1ea1ch chuy\u1ebfn \u0111i, v.v., \u0111\u1ed3ng th\u1eddi \u0111\u01b0\u1ee3c trang b\u1ecb ph\u00f2ng t\u00e0i li\u1ec7u b\u1ea3n \u0111\u1ed3 h\u00e0ng h\u1ea3i ri\u00eang bi\u1ec7t. Hi\u1ec7n t\u1ea1i, trang thi\u1ebft b\u1ecb v\u00e0 t\u00e0i li\u1ec7u c\u1ee7a ph\u00f2ng b\u1ea3n \u0111\u1ed3 h\u00e0ng h\u1ea3i t\u1ea1i tr\u01b0\u1eddng ho\u00e0n to\u00e0n \u0111\u00e1p \u1ee9ng c\u00e1c y\u00eau c\u1ea7u v\u1ec1 thi v\u00e0 \u0111\u00e1nh gi\u00e1 c\u1ee7a C\u1ee5c H\u00e0ng h\u1ea3i.<\/p>\n\n\t\t<\/div>\n\t<\/div>\n\n\t<div  class=\"wpb_single_image wpb_content_element vc_align_left\">\n\t\t\n\t\t<figure class=\"wpb_wrapper vc_figure\">\n\t\t\t<div class=\"vc_single_image-wrapper   vc_box_border_grey\"><\/div>\n\t\t<\/figure>\n\t<\/div>\n<\/div><\/div><\/div><div class=\"wpb_column vc_column_container vc_col-sm-12\"><div class=\"vc_column-inner vc_custom_1498229445232\"><div class=\"wpb_wrapper\"><div id=\"ultimate-heading-403069d7dc6b284c5\" class=\"uvc-heading ult-adjust-bottom-margin ultimate-heading-403069d7dc6b284c5 uvc-4901\" data-hspacer=\"no_spacer\"  data-halign=\"left\" style=\"text-align:left\"><div class=\"uvc-heading-spacer no_spacer\" style=\"top\"><\/div><div class=\"uvc-main-heading ult-responsive\"  data-ultimate-target='.uvc-heading.ultimate-heading-403069d7dc6b284c5 h2'  data-responsive-json-new='{\"font-size\":\"desktop:26px;\",\"line-height\":\"desktop:32px;\"}' ><h2 style=\"font-weight:bold;margin-bottom:20px;\">Quy tr\u00ecnh l\u00e0m vi\u1ec7c<\/h2><\/div><\/div><div class=\"smile_icon_list_wrap ult_info_list_container ult-adjust-bottom-margin   vc_custom_1498230419199\"><ul class=\"smile_icon_list left hexagon\"><li class=\"icon_list_item\" style=\" font-size:60px;\"><div class=\"icon_list_icon\" data-animation=\"\" data-animation-delay=\"03\" style=\"font-size:20px;background:#ffb536;color:#ffffff;border-color:#ffb536;\"><i class=\"icomoon-icomoonfree-16x16-pen\" ><\/i><\/div><div class=\"icon_description\" id=\"Info-list-wrap-2102\" style=\"font-size:20px;\"><h3 class=\"ult-responsive info-list-heading\"  data-ultimate-target='#Info-list-wrap-2102 h3'  data-responsive-json-new='{\"font-size\":\"desktop:16px;\",\"line-height\":\"desktop:22px;\"}'  style=\"font-family:&#039;Open Sans Condensed&#039;;font-weight:700;\">1. Giao ti\u1ebfp ban \u0111\u1ea7u<\/h3><div class=\"icon_description_text ult-responsive\"  data-ultimate-target='#Info-list-wrap-2102 .icon_description_text'  data-responsive-json-new='{\"font-size\":\"desktop:12px;\",\"line-height\":\"desktop:20px;\"}'  style=\"\"><p>Tr\u01b0\u1edbc khi tri\u1ec3n khai d\u1ef1 \u00e1n t\u1ea1i tr\u01b0\u1eddng h\u1ecdc, c\u00f4ng ty ch\u00fang t\u00f4i c\u00f3 th\u1ec3 cung c\u1ea5p t\u01b0 v\u1ea5n k\u1ef9 thu\u1eadt mi\u1ec5n ph\u00ed, duy tr\u00ec s\u1ef1 giao ti\u1ebfp v\u00e0 trao \u0111\u1ed5i k\u1ef9 thu\u1eadt t\u1ed1t.<\/p>\n<\/div><\/div><div class=\"icon_list_connector\"  style=\"border-right-width: 1px;border-right-style: dashed;border-color: #ffb536;\"><\/div><\/li><li class=\"icon_list_item\" style=\" font-size:60px;\"><div class=\"icon_list_icon\" data-animation=\"\" data-animation-delay=\"03\" style=\"font-size:20px;background:#ffb536;color:#ffffff;border-color:#ffb536;\"><i class=\"icomoon-icomoonfree-16x16-bubbles4\" ><\/i><\/div><div class=\"icon_description\" id=\"Info-list-wrap-4519\" style=\"font-size:20px;\"><h3 class=\"ult-responsive info-list-heading\"  data-ultimate-target='#Info-list-wrap-4519 h3'  data-responsive-json-new='{\"font-size\":\"desktop:16px;\",\"line-height\":\"desktop:22px;\"}'  style=\"font-family:&#039;Open Sans Condensed&#039;;font-weight:700;\">2. Tham quan \u0111\u1ecba \u0111i\u1ec3m<\/h3><div class=\"icon_description_text ult-responsive\"  data-ultimate-target='#Info-list-wrap-4519 .icon_description_text'  data-responsive-json-new='{\"font-size\":\"desktop:12px;\",\"line-height\":\"desktop:20px;\"}'  style=\"\"><p>N\u1ebfu tr\u01b0\u1eddng h\u1ecdc quan t\u00e2m \u0111\u1ebfn ph\u01b0\u01a1ng \u00e1n m\u00e0 ch\u00fang t\u00f4i \u0111\u1ec1 xu\u1ea5t, c\u00f4ng ty ch\u00fang t\u00f4i s\u1ebd ti\u1ebfn h\u00e0nh kh\u1ea3o s\u00e1t th\u1ef1c \u0111\u1ecba v\u00e0 \u0111o \u0111\u1ea1c mi\u1ec5n ph\u00ed cho d\u1ef1 \u00e1n n\u00e0y, \u0111\u1ed3ng th\u1eddi cung c\u1ea5p h\u1ed7 tr\u1ee3 k\u1ef9 thu\u1eadt.<\/p>\n<\/div><\/div><div class=\"icon_list_connector\"  style=\"border-right-width: 1px;border-right-style: dashed;border-color: #ffb536;\"><\/div><\/li><li class=\"icon_list_item\" style=\" font-size:60px;\"><div class=\"icon_list_icon\" data-animation=\"\" data-animation-delay=\"03\" style=\"font-size:20px;background:#ffb536;color:#ffffff;border-color:#ffb536;\"><i class=\"icomoon-icomoonfree-16x16-stats-bars\" ><\/i><\/div><div class=\"icon_description\" id=\"Info-list-wrap-4147\" style=\"font-size:20px;\"><h3 class=\"ult-responsive info-list-heading\"  data-ultimate-target='#Info-list-wrap-4147 h3'  data-responsive-json-new='{\"font-size\":\"desktop:16px;\",\"line-height\":\"desktop:22px;\"}'  style=\"font-family:&#039;Open Sans Condensed&#039;;font-weight:700;\">3. K\u1ebf ho\u1ea1ch s\u01a1 b\u1ed9<\/h3><div class=\"icon_description_text ult-responsive\"  data-ultimate-target='#Info-list-wrap-4147 .icon_description_text'  data-responsive-json-new='{\"font-size\":\"desktop:12px;\",\"line-height\":\"desktop:20px;\"}'  style=\"\"><p>Sau khi ho\u00e0n th\u00e0nh kh\u1ea3o s\u00e1t th\u1ef1c \u0111\u1ecba, d\u1ef1a tr\u00ean nhu c\u1ea7u c\u1ee7a tr\u01b0\u1eddng, c\u00f4ng ty ch\u00fang t\u00f4i s\u1ebd thi\u1ebft k\u1ebf m\u1ed9t ph\u01b0\u01a1ng \u00e1n ph\u00f9 h\u1ee3p cho tr\u01b0\u1eddng, bao g\u1ed3m d\u1ef1 to\u00e1n s\u01a1 b\u1ed9 v\u00e0 c\u00e1c th\u00f4ng s\u1ed1 k\u1ef9 thu\u1eadt c\u01a1 b\u1ea3n.<\/p>\n<\/div><\/div><div class=\"icon_list_connector\"  style=\"border-right-width: 1px;border-right-style: dashed;border-color: #ffb536;\"><\/div><\/li><li class=\"icon_list_item\" style=\" font-size:60px;\"><div class=\"icon_list_icon\" data-animation=\"\" data-animation-delay=\"03\" style=\"font-size:20px;background:#ffb536;color:#ffffff;border-color:#ffb536;\"><i class=\"icomoon-icomoonfree-16x16-cogs\" ><\/i><\/div><div class=\"icon_description\" id=\"Info-list-wrap-1718\" style=\"font-size:20px;\"><h3 class=\"ult-responsive info-list-heading\"  data-ultimate-target='#Info-list-wrap-1718 h3'  data-responsive-json-new='{\"font-size\":\"desktop:16px;\",\"line-height\":\"desktop:22px;\"}'  style=\"font-family:&#039;Open Sans Condensed&#039;;font-weight:700;\">4. X\u00e1c \u0111\u1ecbnh ph\u01b0\u01a1ng \u00e1n<\/h3><div class=\"icon_description_text ult-responsive\"  data-ultimate-target='#Info-list-wrap-1718 .icon_description_text'  data-responsive-json-new='{\"font-size\":\"desktop:12px;\",\"line-height\":\"desktop:20px;\"}'  style=\"\"><p>Theo k\u1ebf ho\u1ea1ch d\u1ef1 ph\u00f2ng \u0111\u00e3 \u0111\u01b0\u1ee3c l\u1eadp tr\u01b0\u1edbc \u0111\u00f3, n\u1ebfu c\u1ea3 hai b\u00ean kh\u00f4ng c\u00f3 \u00fd ki\u1ebfn ph\u1ea3n \u0111\u1ed1i, c\u00f4ng ty ch\u00fang t\u00f4i s\u1ebd xem x\u00e9t \u0111\u1ea7y \u0111\u1ee7 c\u00e1c y\u00eau c\u1ea7u v\u00e0 t\u00ecnh h\u00ecnh c\u1ee7a tr\u01b0\u1eddng, \u0111\u1ec3 l\u1eadp k\u1ebf ho\u1ea1ch th\u1ef1c hi\u1ec7n, ng\u00e2n s\u00e1ch chi ti\u1ebft, th\u00f4ng s\u1ed1 k\u1ef9 thu\u1eadt chi ti\u1ebft, b\u1ea3o tr\u00ec, b\u1ea3o d\u01b0\u1ee1ng, d\u1ecbch v\u1ee5 h\u1eadu m\u00e3i, v.v. cho ph\u01b0\u01a1ng \u00e1n th\u1ef1c hi\u1ec7n cu\u1ed1i c\u00f9ng c\u1ee7a tr\u01b0\u1eddng.<\/p>\n<\/div><\/div><div class=\"icon_list_connector\"  style=\"border-right-width: 1px;border-right-style: dashed;border-color: #ffb536;\"><\/div><\/li><li class=\"icon_list_item\" style=\" font-size:60px;\"><div class=\"icon_list_icon\" data-animation=\"\" data-animation-delay=\"03\" style=\"font-size:20px;background:#ffb536;color:#ffffff;border-color:#ffb536;\"><i class=\"icomoon-icomoonfree-16x16-star-full\" ><\/i><\/div><div class=\"icon_description\" id=\"Info-list-wrap-7399\" style=\"font-size:20px;\"><h3 class=\"ult-responsive info-list-heading\"  data-ultimate-target='#Info-list-wrap-7399 h3'  data-responsive-json-new='{\"font-size\":\"desktop:16px;\",\"line-height\":\"desktop:22px;\"}'  style=\"font-family:&#039;Open Sans Condensed&#039;;font-weight:700;\">5. Thi c\u00f4ng d\u1ef1 \u00e1n<\/h3><div class=\"icon_description_text ult-responsive\"  data-ultimate-target='#Info-list-wrap-7399 .icon_description_text'  data-responsive-json-new='{\"font-size\":\"desktop:12px;\",\"line-height\":\"desktop:20px;\"}'  style=\"\"><p>Ch\u00fang t\u00f4i s\u1ebd ti\u1ebfn h\u00e0nh thi c\u00f4ng theo y\u00eau c\u1ea7u c\u1ee7a h\u1ee3p \u0111\u1ed3ng, trong th\u1eddi gian quy \u0111\u1ecbnh, \u0111\u1ea3m b\u1ea3o ch\u1ea5t l\u01b0\u1ee3ng v\u00e0 ti\u1ebfn \u0111\u1ed9 ho\u00e0n th\u00e0nh d\u1ef1 \u00e1n, \u0111\u1ea3m b\u1ea3o vi\u1ec7c nghi\u1ec7m thu cu\u1ed1i c\u00f9ng c\u1ee7a tr\u01b0\u1eddng h\u1ecdc v\u00e0 C\u1ee5c H\u00e0ng h\u1ea3i.<\/p>\n<\/div><\/div><div class=\"icon_list_connector\"  style=\"border-right-width: 1px;border-right-style: dashed;border-color: #ffb536;\"><\/div><\/li><\/ul><\/div><\/div><\/div><\/div><\/div>","protected":false},"excerpt":{"rendered":"<p>\u6d77\u56fe\u5b9e\u8bad\u5ba4 \u6211\u9662\u5171\u6709\u4e09\u95f4\u6d77\u56fe\u5b9e\u8bad\u5ba4\uff0c\u53ef\u6ee1\u8db3\u4e09\u4e2a\u73ed\u7ea7\u540c\u65f6\u4e0a\u8bfe\u3002\u4e3b\u8981\u627f\u62c5\u822a\u6d77\u6280\u672f\u4e13\u4e1a\u6d77\u8239\u8239\u5458\u4e09\u526f\u9002\u4efb\u3001\u6d77\u8239\u8239\u5458\u503c\u73ed&hellip;<\/p>","protected":false},"author":1,"featured_media":0,"parent":1918,"menu_order":0,"comment_status":"closed","ping_status":"closed","template":"","meta":{"footnotes":""},"class_list":["post-1945","page","type-page","status-publish","hentry","description-off"],"amp_enabled":true,"_links":{"self":[{"href":"http:\/\/www.erun-tech.com\/vi\/wp-json\/wp\/v2\/pages\/1945","targetHints":{"allow":["GET"]}}],"collection":[{"href":"http:\/\/www.erun-tech.com\/vi\/wp-json\/wp\/v2\/pages"}],"about":[{"href":"http:\/\/www.erun-tech.com\/vi\/wp-json\/wp\/v2\/types\/page"}],"author":[{"embeddable":true,"href":"http:\/\/www.erun-tech.com\/vi\/wp-json\/wp\/v2\/users\/1"}],"replies":[{"embeddable":true,"href":"http:\/\/www.erun-tech.com\/vi\/wp-json\/wp\/v2\/comments?post=1945"}],"version-history":[{"count":0,"href":"http:\/\/www.erun-tech.com\/vi\/wp-json\/wp\/v2\/pages\/1945\/revisions"}],"up":[{"embeddable":true,"href":"http:\/\/www.erun-tech.com\/vi\/wp-json\/wp\/v2\/pages\/1918"}],"wp:attachment":[{"href":"http:\/\/www.erun-tech.com\/vi\/wp-json\/wp\/v2\/media?parent=1945"}],"curies":[{"name":"wp","href":"https:\/\/api.w.org\/{rel}","templated":true}]}}