{"id":2188,"date":"2019-07-08T23:54:12","date_gmt":"2019-07-08T15:54:12","guid":{"rendered":"http:\/\/www.eruntec.com\/?page_id=2188"},"modified":"2019-07-08T23:54:12","modified_gmt":"2019-07-08T15:54:12","slug":"youtingmoniqi","status":"publish","type":"page","link":"http:\/\/www.erun-tech.com\/vi\/services\/chuanbomoniqivrdengzhinengshixunshi\/youtingmoniqi","title":{"rendered":"M\u00f4 ph\u1ecfng du thuy\u1ec1n"},"content":{"rendered":"<div class=\"vc_row wpb_row vc_row-fluid\"><div class=\"wpb_column vc_column_container vc_col-sm-12\"><div class=\"vc_column-inner vc_custom_1498229431694\"><div class=\"wpb_wrapper\"><div id=\"ultimate-heading-23469d7dc8b1832f\" class=\"uvc-heading ult-adjust-bottom-margin ultimate-heading-23469d7dc8b1832f uvc-319\" data-hspacer=\"no_spacer\"  data-halign=\"left\" style=\"text-align:left\"><div class=\"uvc-heading-spacer no_spacer\" style=\"top\"><\/div><div class=\"uvc-main-heading ult-responsive\"  data-ultimate-target='.uvc-heading.ultimate-heading-23469d7dc8b1832f h2'  data-responsive-json-new='{\"font-size\":\"desktop:26px;\",\"line-height\":\"desktop:32px;\"}' ><h2 style=\"font-weight:bold;margin-bottom:20px;\">M\u00f4 ph\u1ecfng du thuy\u1ec1n<\/h2><\/div><\/div>\n\t<div class=\"wpb_text_column wpb_content_element\" >\n\t\t<div class=\"wpb_wrapper\">\n\t\t\t<div class=\"div-row\" data-v-9e7ccb26=\"\">\n<p class=\"indentation font_16\" data-v-9e7ccb26=\"\">M\u00f4 ph\u1ecfng t\u00e0u du l\u1ecbch V.Dragon-Yacht 5000 c\u00f3 th\u1ec3 m\u00f4 ph\u1ecfng hai lo\u1ea1i \u0111\u1ed9ng c\u01a1 c\u1ee7a t\u00e0u du l\u1ecbch: \u0111\u1ed9ng c\u01a1 c\u01a1 kh\u00ed v\u00e0 \u0111\u1ed9ng c\u01a1 k\u1ebft h\u1ee3p c\u01a1 kh\u00ed v\u00e0 bu\u1ed3m. Thi\u1ebft b\u1ecb c\u00f3 th\u1ec3 \u0111\u01b0\u1ee3c c\u1ea5u h\u00ecnh v\u1edbi c\u00e1c thi\u1ebft b\u1ecb ph\u1ea7n c\u1ee9ng kh\u00e1c nhau theo y\u00eau c\u1ea7u. Thi\u1ebft b\u1ecb n\u00e0y \u0111\u00e1p \u1ee9ng c\u00e1c y\u00eau c\u1ea7u c\u1ee7a \"Quy \u0111\u1ecbnh v\u1ec1 \u0111\u00e0o t\u1ea1o, thi v\u00e0 c\u1ea5p ch\u1ee9ng ch\u1ec9 cho nh\u00e2n vi\u00ean v\u1eadn h\u00e0nh t\u00e0u du l\u1ecbch c\u1ee7a C\u1ed9ng h\u00f2a Nh\u00e2n d\u00e2n Trung Hoa\" v\u00e0 c\u00f3 th\u1ec3 \u0111\u01b0\u1ee3c s\u1eed d\u1ee5ng cho \u0111\u00e0o t\u1ea1o, thi v\u00e0 c\u1ea5p ch\u1ee9ng ch\u1ec9 cho nh\u00e2n vi\u00ean v\u1eadn h\u00e0nh t\u00e0u du l\u1ecbch.<\/p>\n<\/div>\n<div class=\"div-row\" data-v-9e7ccb26=\"\">\n<div class=\"div-left\" data-v-9e7ccb26=\"\">\n<ul data-v-9e7ccb26=\"\">\n<li data-v-9e7ccb26=\"\">\n<div class=\"div-li\" data-v-9e7ccb26=\"\">H\u00e0nh tr\u00ecnh (t\u0103ng t\u1ed1c, thay \u0111\u1ed5i h\u01b0\u1edbng, \u0111\u1ecbnh h\u01b0\u1edbng t\u1ed1c \u0111\u1ed9 cao), bao g\u1ed3m thi\u1ebft k\u1ebf l\u1ed9 tr\u00ecnh d\u1ef1 ki\u1ebfn, \u0111\u1ecbnh v\u1ecb t\u00e0u, tr\u00e1nh va ch\u1ea1m, h\u00e0nh tr\u00ecnh ban \u0111\u00eam v\u00e0 s\u1eed d\u1ee5ng thi\u1ebft b\u1ecb h\u1ed7 tr\u1ee3 h\u00e0ng h\u1ea3i.<\/div>\n<\/li>\n<li data-v-9e7ccb26=\"\">\n<div class=\"div-li\" data-v-9e7ccb26=\"\">Hu\u1ea5n luy\u1ec7n \u0111i\u1ec1u khi\u1ec3n trong v\u00f9ng n\u01b0\u1edbc h\u1ea1n ch\u1ebf, ch\u1eb3ng h\u1ea1n nh\u01b0 hu\u1ea5n luy\u1ec7n \u0111i\u1ec1u khi\u1ec3n trong \u0111i\u1ec1u ki\u1ec7n nguy hi\u1ec3m v\u00e0 ph\u1ee9c t\u1ea1p nh\u01b0 k\u00eanh h\u1eb9p, lu\u1ed3ng ra v\u00e0o c\u1ea3ng, v.v.<\/div>\n<\/li>\n<li data-v-9e7ccb26=\"\">\n<div class=\"div-li\" data-v-9e7ccb26=\"\">Ho\u1ea1t \u0111\u1ed9ng neo \u0111\u1eadu<\/div>\n<\/li>\n<li data-v-9e7ccb26=\"\">\n<div class=\"div-li\" data-v-9e7ccb26=\"\">T\u1eadp luy\u1ec7n \u0111i\u1ec1u khi\u1ec3n t\u00e0u g\u1ea7n b\u1ebfn c\u1ea3ng<\/div>\n<\/li>\n<li data-v-9e7ccb26=\"\">\n<div class=\"div-li\" data-v-9e7ccb26=\"\">Ti\u1ebfp c\u1eadn v\u00e0 th\u00e1o phao n\u1ed5i<\/div>\n<\/li>\n<li data-v-9e7ccb26=\"\">\n<div class=\"div-li\" data-v-9e7ccb26=\"\">Snake sailing around the mark<\/div>\n<\/li>\n<li data-v-9e7ccb26=\"\">\n<div class=\"div-li\" data-v-9e7ccb26=\"\">M\u00f4 ph\u1ecfng ng\u01b0\u1eddi r\u01a1i xu\u1ed1ng n\u01b0\u1edbc, t\u00ecm ki\u1ebfm v\u00e0 c\u1ee9u h\u1ed9 ng\u01b0\u1eddi r\u01a1i xu\u1ed1ng n\u01b0\u1edbc<\/div>\n<\/li>\n<\/ul>\n<\/div>\n<\/div>\n\n\t\t<\/div>\n\t<\/div>\n<div class=\"vc_row wpb_row vc_inner vc_row-fluid\"><div class=\"wpb_column vc_column_container vc_col-sm-6\"><div class=\"vc_column-inner\"><div class=\"wpb_wrapper\">\n\t<div  class=\"wpb_single_image wpb_content_element vc_align_center\">\n\t\t\n\t\t<figure class=\"wpb_wrapper vc_figure\">\n\t\t\t<div class=\"vc_single_image-wrapper   vc_box_border_grey\"><\/div><figcaption class=\"vc_figure-caption\"><\/figcaption>\n\t\t<\/figure>\n\t<\/div>\n<\/div><\/div><\/div><div class=\"wpb_column vc_column_container vc_col-sm-6\"><div class=\"vc_column-inner\"><div class=\"wpb_wrapper\">\n\t<div  class=\"wpb_single_image wpb_content_element vc_align_center\">\n\t\t\n\t\t<figure class=\"wpb_wrapper vc_figure\">\n\t\t\t<div class=\"vc_single_image-wrapper   vc_box_border_grey\"><\/div><figcaption class=\"vc_figure-caption\"><\/figcaption>\n\t\t<\/figure>\n\t<\/div>\n<\/div><\/div><\/div><\/div><div class=\"vc_row wpb_row vc_inner vc_row-fluid\"><div class=\"wpb_column vc_column_container vc_col-sm-12\"><div class=\"vc_column-inner\"><div class=\"wpb_wrapper\">\n\t<div  class=\"wpb_single_image wpb_content_element vc_align_center\">\n\t\t\n\t\t<figure class=\"wpb_wrapper vc_figure\">\n\t\t\t<div class=\"vc_single_image-wrapper   vc_box_border_grey\"><\/div><figcaption class=\"vc_figure-caption\"><\/figcaption>\n\t\t<\/figure>\n\t<\/div>\n<\/div><\/div><\/div><\/div><\/div><\/div><\/div><div class=\"wpb_column vc_column_container vc_col-sm-12\"><div class=\"vc_column-inner vc_custom_1498229445232\"><div class=\"wpb_wrapper\"><div id=\"ultimate-heading-457269d7dc8b1a5d6\" class=\"uvc-heading ult-adjust-bottom-margin ultimate-heading-457269d7dc8b1a5d6 uvc-4562\" data-hspacer=\"no_spacer\"  data-halign=\"left\" style=\"text-align:left\"><div class=\"uvc-heading-spacer no_spacer\" style=\"top\"><\/div><div class=\"uvc-main-heading ult-responsive\"  data-ultimate-target='.uvc-heading.ultimate-heading-457269d7dc8b1a5d6 h2'  data-responsive-json-new='{\"font-size\":\"desktop:26px;\",\"line-height\":\"desktop:32px;\"}' ><h2 style=\"font-weight:bold;margin-bottom:20px;\">Quy tr\u00ecnh l\u00e0m vi\u1ec7c<\/h2><\/div><\/div><div class=\"smile_icon_list_wrap ult_info_list_container ult-adjust-bottom-margin   vc_custom_1498230419199\"><ul class=\"smile_icon_list left hexagon\"><li class=\"icon_list_item\" style=\" font-size:60px;\"><div class=\"icon_list_icon\" data-animation=\"\" data-animation-delay=\"03\" style=\"font-size:20px;background:#ffb536;color:#ffffff;border-color:#ffb536;\"><i class=\"icomoon-icomoonfree-16x16-pen\" ><\/i><\/div><div class=\"icon_description\" id=\"Info-list-wrap-8917\" style=\"font-size:20px;\"><h3 class=\"ult-responsive info-list-heading\"  data-ultimate-target='#Info-list-wrap-8917 h3'  data-responsive-json-new='{\"font-size\":\"desktop:16px;\",\"line-height\":\"desktop:22px;\"}'  style=\"font-family:&#039;Open Sans Condensed&#039;;font-weight:700;\">1. Giao ti\u1ebfp ban \u0111\u1ea7u<\/h3><div class=\"icon_description_text ult-responsive\"  data-ultimate-target='#Info-list-wrap-8917 .icon_description_text'  data-responsive-json-new='{\"font-size\":\"desktop:12px;\",\"line-height\":\"desktop:20px;\"}'  style=\"\"><p>Tr\u01b0\u1edbc khi tri\u1ec3n khai d\u1ef1 \u00e1n t\u1ea1i tr\u01b0\u1eddng h\u1ecdc, c\u00f4ng ty ch\u00fang t\u00f4i c\u00f3 th\u1ec3 cung c\u1ea5p t\u01b0 v\u1ea5n k\u1ef9 thu\u1eadt mi\u1ec5n ph\u00ed, duy tr\u00ec s\u1ef1 giao ti\u1ebfp v\u00e0 trao \u0111\u1ed5i k\u1ef9 thu\u1eadt t\u1ed1t.<\/p>\n<\/div><\/div><div class=\"icon_list_connector\"  style=\"border-right-width: 1px;border-right-style: dashed;border-color: #ffb536;\"><\/div><\/li><li class=\"icon_list_item\" style=\" font-size:60px;\"><div class=\"icon_list_icon\" data-animation=\"\" data-animation-delay=\"03\" style=\"font-size:20px;background:#ffb536;color:#ffffff;border-color:#ffb536;\"><i class=\"icomoon-icomoonfree-16x16-bubbles4\" ><\/i><\/div><div class=\"icon_description\" id=\"Info-list-wrap-8969\" style=\"font-size:20px;\"><h3 class=\"ult-responsive info-list-heading\"  data-ultimate-target='#Info-list-wrap-8969 h3'  data-responsive-json-new='{\"font-size\":\"desktop:16px;\",\"line-height\":\"desktop:22px;\"}'  style=\"font-family:&#039;Open Sans Condensed&#039;;font-weight:700;\">2. Tham quan \u0111\u1ecba \u0111i\u1ec3m<\/h3><div class=\"icon_description_text ult-responsive\"  data-ultimate-target='#Info-list-wrap-8969 .icon_description_text'  data-responsive-json-new='{\"font-size\":\"desktop:12px;\",\"line-height\":\"desktop:20px;\"}'  style=\"\"><p>N\u1ebfu tr\u01b0\u1eddng h\u1ecdc quan t\u00e2m \u0111\u1ebfn ph\u01b0\u01a1ng \u00e1n m\u00e0 ch\u00fang t\u00f4i \u0111\u1ec1 xu\u1ea5t, c\u00f4ng ty ch\u00fang t\u00f4i s\u1ebd ti\u1ebfn h\u00e0nh kh\u1ea3o s\u00e1t th\u1ef1c \u0111\u1ecba v\u00e0 \u0111o \u0111\u1ea1c mi\u1ec5n ph\u00ed cho d\u1ef1 \u00e1n n\u00e0y, \u0111\u1ed3ng th\u1eddi cung c\u1ea5p h\u1ed7 tr\u1ee3 k\u1ef9 thu\u1eadt.<\/p>\n<\/div><\/div><div class=\"icon_list_connector\"  style=\"border-right-width: 1px;border-right-style: dashed;border-color: #ffb536;\"><\/div><\/li><li class=\"icon_list_item\" style=\" font-size:60px;\"><div class=\"icon_list_icon\" data-animation=\"\" data-animation-delay=\"03\" style=\"font-size:20px;background:#ffb536;color:#ffffff;border-color:#ffb536;\"><i class=\"icomoon-icomoonfree-16x16-stats-bars\" ><\/i><\/div><div class=\"icon_description\" id=\"Info-list-wrap-6913\" style=\"font-size:20px;\"><h3 class=\"ult-responsive info-list-heading\"  data-ultimate-target='#Info-list-wrap-6913 h3'  data-responsive-json-new='{\"font-size\":\"desktop:16px;\",\"line-height\":\"desktop:22px;\"}'  style=\"font-family:&#039;Open Sans Condensed&#039;;font-weight:700;\">3. K\u1ebf ho\u1ea1ch s\u01a1 b\u1ed9<\/h3><div class=\"icon_description_text ult-responsive\"  data-ultimate-target='#Info-list-wrap-6913 .icon_description_text'  data-responsive-json-new='{\"font-size\":\"desktop:12px;\",\"line-height\":\"desktop:20px;\"}'  style=\"\"><p>Sau khi ho\u00e0n th\u00e0nh kh\u1ea3o s\u00e1t th\u1ef1c \u0111\u1ecba, d\u1ef1a tr\u00ean nhu c\u1ea7u c\u1ee7a tr\u01b0\u1eddng, c\u00f4ng ty ch\u00fang t\u00f4i s\u1ebd thi\u1ebft k\u1ebf m\u1ed9t ph\u01b0\u01a1ng \u00e1n ph\u00f9 h\u1ee3p cho tr\u01b0\u1eddng, bao g\u1ed3m d\u1ef1 to\u00e1n s\u01a1 b\u1ed9 v\u00e0 c\u00e1c th\u00f4ng s\u1ed1 k\u1ef9 thu\u1eadt c\u01a1 b\u1ea3n.<\/p>\n<\/div><\/div><div class=\"icon_list_connector\"  style=\"border-right-width: 1px;border-right-style: dashed;border-color: #ffb536;\"><\/div><\/li><li class=\"icon_list_item\" style=\" font-size:60px;\"><div class=\"icon_list_icon\" data-animation=\"\" data-animation-delay=\"03\" style=\"font-size:20px;background:#ffb536;color:#ffffff;border-color:#ffb536;\"><i class=\"icomoon-icomoonfree-16x16-cogs\" ><\/i><\/div><div class=\"icon_description\" id=\"Info-list-wrap-2877\" style=\"font-size:20px;\"><h3 class=\"ult-responsive info-list-heading\"  data-ultimate-target='#Info-list-wrap-2877 h3'  data-responsive-json-new='{\"font-size\":\"desktop:16px;\",\"line-height\":\"desktop:22px;\"}'  style=\"font-family:&#039;Open Sans Condensed&#039;;font-weight:700;\">4. X\u00e1c \u0111\u1ecbnh ph\u01b0\u01a1ng \u00e1n<\/h3><div class=\"icon_description_text ult-responsive\"  data-ultimate-target='#Info-list-wrap-2877 .icon_description_text'  data-responsive-json-new='{\"font-size\":\"desktop:12px;\",\"line-height\":\"desktop:20px;\"}'  style=\"\"><p>Theo k\u1ebf ho\u1ea1ch d\u1ef1 ph\u00f2ng \u0111\u00e3 \u0111\u01b0\u1ee3c l\u1eadp tr\u01b0\u1edbc \u0111\u00f3, n\u1ebfu c\u1ea3 hai b\u00ean kh\u00f4ng c\u00f3 \u00fd ki\u1ebfn ph\u1ea3n \u0111\u1ed1i, c\u00f4ng ty ch\u00fang t\u00f4i s\u1ebd xem x\u00e9t \u0111\u1ea7y \u0111\u1ee7 c\u00e1c y\u00eau c\u1ea7u v\u00e0 t\u00ecnh h\u00ecnh c\u1ee7a tr\u01b0\u1eddng, \u0111\u1ec3 l\u1eadp k\u1ebf ho\u1ea1ch th\u1ef1c hi\u1ec7n, ng\u00e2n s\u00e1ch chi ti\u1ebft, th\u00f4ng s\u1ed1 k\u1ef9 thu\u1eadt chi ti\u1ebft, b\u1ea3o tr\u00ec, b\u1ea3o d\u01b0\u1ee1ng, d\u1ecbch v\u1ee5 h\u1eadu m\u00e3i, v.v. cho ph\u01b0\u01a1ng \u00e1n th\u1ef1c hi\u1ec7n cu\u1ed1i c\u00f9ng c\u1ee7a tr\u01b0\u1eddng.<\/p>\n<\/div><\/div><div class=\"icon_list_connector\"  style=\"border-right-width: 1px;border-right-style: dashed;border-color: #ffb536;\"><\/div><\/li><li class=\"icon_list_item\" style=\" font-size:60px;\"><div class=\"icon_list_icon\" data-animation=\"\" data-animation-delay=\"03\" style=\"font-size:20px;background:#ffb536;color:#ffffff;border-color:#ffb536;\"><i class=\"icomoon-icomoonfree-16x16-star-full\" ><\/i><\/div><div class=\"icon_description\" id=\"Info-list-wrap-3725\" style=\"font-size:20px;\"><h3 class=\"ult-responsive info-list-heading\"  data-ultimate-target='#Info-list-wrap-3725 h3'  data-responsive-json-new='{\"font-size\":\"desktop:16px;\",\"line-height\":\"desktop:22px;\"}'  style=\"font-family:&#039;Open Sans Condensed&#039;;font-weight:700;\">5. Thi c\u00f4ng d\u1ef1 \u00e1n<\/h3><div class=\"icon_description_text ult-responsive\"  data-ultimate-target='#Info-list-wrap-3725 .icon_description_text'  data-responsive-json-new='{\"font-size\":\"desktop:12px;\",\"line-height\":\"desktop:20px;\"}'  style=\"\"><p>Ch\u00fang t\u00f4i s\u1ebd ti\u1ebfn h\u00e0nh thi c\u00f4ng theo y\u00eau c\u1ea7u c\u1ee7a h\u1ee3p \u0111\u1ed3ng, trong th\u1eddi gian quy \u0111\u1ecbnh, \u0111\u1ea3m b\u1ea3o ch\u1ea5t l\u01b0\u1ee3ng v\u00e0 ti\u1ebfn \u0111\u1ed9 ho\u00e0n th\u00e0nh d\u1ef1 \u00e1n, \u0111\u1ea3m b\u1ea3o vi\u1ec7c nghi\u1ec7m thu cu\u1ed1i c\u00f9ng c\u1ee7a tr\u01b0\u1eddng h\u1ecdc v\u00e0 C\u1ee5c H\u00e0ng h\u1ea3i.<\/p>\n<\/div><\/div><div class=\"icon_list_connector\"  style=\"border-right-width: 1px;border-right-style: dashed;border-color: #ffb536;\"><\/div><\/li><\/ul><\/div><\/div><\/div><\/div><\/div>","protected":false},"excerpt":{"rendered":"<p>M\u00f4 ph\u1ecfng du thuy\u1ec1n V.Dragon-Yacht 5000 c\u00f3 th\u1ec3 m\u00f4 ph\u1ecfng hai lo\u1ea1i h\u1ec7 th\u1ed1ng \u0111\u1ed9ng l\u1ef1c: h\u1ec7 th\u1ed1ng \u0111\u1ed9ng l\u1ef1c c\u01a1 kh\u00ed v\u00e0 h\u1ec7 th\u1ed1ng \u0111\u1ed9ng l\u1ef1c k\u1ebft h\u1ee3p gi\u1eefa c\u01a1 kh\u00ed v\u00e0 bu\u1ed3m...<\/p>","protected":false},"author":1,"featured_media":0,"parent":1932,"menu_order":0,"comment_status":"closed","ping_status":"closed","template":"","meta":{"footnotes":""},"class_list":["post-2188","page","type-page","status-publish","hentry","description-off"],"amp_enabled":true,"_links":{"self":[{"href":"http:\/\/www.erun-tech.com\/vi\/wp-json\/wp\/v2\/pages\/2188","targetHints":{"allow":["GET"]}}],"collection":[{"href":"http:\/\/www.erun-tech.com\/vi\/wp-json\/wp\/v2\/pages"}],"about":[{"href":"http:\/\/www.erun-tech.com\/vi\/wp-json\/wp\/v2\/types\/page"}],"author":[{"embeddable":true,"href":"http:\/\/www.erun-tech.com\/vi\/wp-json\/wp\/v2\/users\/1"}],"replies":[{"embeddable":true,"href":"http:\/\/www.erun-tech.com\/vi\/wp-json\/wp\/v2\/comments?post=2188"}],"version-history":[{"count":0,"href":"http:\/\/www.erun-tech.com\/vi\/wp-json\/wp\/v2\/pages\/2188\/revisions"}],"up":[{"embeddable":true,"href":"http:\/\/www.erun-tech.com\/vi\/wp-json\/wp\/v2\/pages\/1932"}],"wp:attachment":[{"href":"http:\/\/www.erun-tech.com\/vi\/wp-json\/wp\/v2\/media?parent=2188"}],"curies":[{"name":"wp","href":"https:\/\/api.w.org\/{rel}","templated":true}]}}