{"id":2210,"date":"2019-07-09T00:13:18","date_gmt":"2019-07-08T16:13:18","guid":{"rendered":"http:\/\/www.eruntec.com\/?page_id=2210"},"modified":"2019-07-09T00:13:18","modified_gmt":"2019-07-08T16:13:18","slug":"ecdismoniqi","status":"publish","type":"page","link":"http:\/\/www.erun-tech.com\/vi\/services\/chuanbomoniqivrdengzhinengshixunshi\/ecdismoniqi","title":{"rendered":"M\u00e1y m\u00f4 ph\u1ecfng ECDIS"},"content":{"rendered":"<div class=\"vc_row wpb_row vc_row-fluid\"><div class=\"wpb_column vc_column_container vc_col-sm-12\"><div class=\"vc_column-inner vc_custom_1498229431694\"><div class=\"wpb_wrapper\"><div id=\"ultimate-heading-475069d7dc812b857\" class=\"uvc-heading ult-adjust-bottom-margin ultimate-heading-475069d7dc812b857 uvc-6761\" data-hspacer=\"no_spacer\"  data-halign=\"left\" style=\"text-align:left\"><div class=\"uvc-heading-spacer no_spacer\" style=\"top\"><\/div><div class=\"uvc-main-heading ult-responsive\"  data-ultimate-target='.uvc-heading.ultimate-heading-475069d7dc812b857 h2'  data-responsive-json-new='{\"font-size\":\"desktop:26px;\",\"line-height\":\"desktop:32px;\"}' ><h2 style=\"font-weight:bold;margin-bottom:20px;\">M\u00e1y m\u00f4 ph\u1ecfng ECDIS<\/h2><\/div><\/div>\n\t<div class=\"wpb_text_column wpb_content_element\" >\n\t\t<div class=\"wpb_wrapper\">\n\t\t\t<p>T\u00ean \u0111\u1ea7y \u0111\u1ee7 c\u1ee7a kh\u00f3a \u0111\u00e0o t\u1ea1o an to\u00e0n c\u01a1 b\u1ea3n l\u00e0 \u201c\u0110\u00e0o t\u1ea1o l\u00e0m quen v\u00e0 \u0111\u00e0o t\u1ea1o an to\u00e0n c\u01a1 b\u1ea3n\u201d, \u0111\u1ec1 c\u1eadp \u0111\u1ebfn vi\u1ec7c \u0111\u00e0o t\u1ea1o chuy\u00ean m\u00f4n v\u1ec1 c\u00e1c ki\u1ebfn th\u1ee9c v\u00e0 k\u1ef9 n\u0103ng c\u01a1 b\u1ea3n nh\u01b0 an to\u00e0n h\u00e0ng h\u1ea3i, c\u1ee9u h\u1ed9, sinh t\u1ed3n, \u1ee9ng ph\u00f3 kh\u1ea9n c\u1ea5p v\u00e0 c\u1ea5p c\u1ee9u tr\u01b0\u1edbc khi l\u00ean t\u00e0u. Kh\u00f3a \u0111\u00e0o t\u1ea1o n\u00e0y \u00e1p d\u1ee5ng cho t\u1ea5t c\u1ea3 nh\u00e2n vi\u00ean l\u00e0m vi\u1ec7c tr\u00ean t\u00e0u, bao g\u1ed3m c\u1ea3 nh\u1eefng ng\u01b0\u1eddi l\u00e0m vi\u1ec7c t\u1ea1m th\u1eddi tr\u00ean t\u00e0u.Ph\u00f2ng th\u1ef1c h\u00e0nh \u0111\u01b0\u1ee3c trang b\u1ecb \u0111\u1ea7y \u0111\u1ee7 c\u00e1c thi\u1ebft b\u1ecb v\u00e0 d\u1ee5ng c\u1ee5 c\u1ea7n thi\u1ebft \u0111\u1ec3 \u0111\u00e0o t\u1ea1o \u201cki\u1ebfn th\u1ee9c v\u00e0 k\u1ef9 n\u0103ng an to\u00e0n c\u01a1 b\u1ea3n cho th\u1ee7y th\u1ee7\u201d. C\u00e1c ch\u01b0\u01a1ng tr\u00ecnh \u0111\u00e0o t\u1ea1o bao g\u1ed3m: \u201cK\u1ef9 n\u0103ng sinh t\u1ed3n c\u00e1 nh\u00e2n\u201d, \u201cPh\u00f2ng ch\u00e1y v\u00e0 ch\u1eefa ch\u00e1y\u201d, \u201cC\u1ea5p c\u1ee9u c\u01a1 b\u1ea3n\u201d, \"An to\u00e0n c\u00e1 nh\u00e2n v\u00e0 tr\u00e1ch nhi\u1ec7m x\u00e3 h\u1ed9i\". Th\u00f4ng qua th\u1ef1c h\u00e0nh, sinh vi\u00ean c\u00f3 th\u1ec3 n\u1eafm v\u1eefng c\u00e1c k\u1ef9 n\u0103ng chuy\u00ean m\u00f4n c\u01a1 b\u1ea3n m\u00e0 th\u1ee7y th\u1ee7 c\u1ea7n c\u00f3, gi\u00fap sinh vi\u00ean \u0111\u1ea1t \u0111\u01b0\u1ee3c c\u00e1c y\u00eau c\u1ea7u c\u1ee7a quy \u0111\u1ecbnh v\u1ec1 thi, \u0111\u00e1nh gi\u00e1 v\u00e0 c\u1ea5p ch\u1ee9ng ch\u1ec9 n\u0103ng l\u1ef1c cho th\u1ee7y th\u1ee7 t\u00e0u bi\u1ec3n c\u1ee7a C\u1ed9ng h\u00f2a Nh\u00e2n d\u00e2n Trung Hoa.<\/p>\n\n\t\t<\/div>\n\t<\/div>\n<div class=\"vc_row wpb_row vc_inner vc_row-fluid\"><div class=\"wpb_column vc_column_container vc_col-sm-3\"><div class=\"vc_column-inner\"><div class=\"wpb_wrapper\">\n\t<div class=\"wpb_text_column wpb_content_element\" >\n\t\t<div class=\"wpb_wrapper\">\n\t\t\t<ul data-v-84307568=\"\">\n<li data-v-84307568=\"\">\n<div class=\"div-li\" data-v-84307568=\"\">Hi\u1ec3n th\u1ecb ti\u00eau chu\u1ea9n ECDIS<\/div>\n<\/li>\n<li data-v-84307568=\"\">\n<div class=\"div-li\" data-v-84307568=\"\">D\u1eef li\u1ec7u ch\u00ednh th\u1ee9c S-57 h\u1ed7 tr\u1ee3<\/div>\n<\/li>\n<li data-v-84307568=\"\">\n<div class=\"div-li\" data-v-84307568=\"\">M\u00f4 ph\u1ecfng \u0111a v\u00f9ng\/t\u00ecnh hu\u1ed1ng<\/div>\n<\/li>\n<li data-v-84307568=\"\">\n<div class=\"div-li\" data-v-84307568=\"\">Hi\u1ec3n th\u1ecb nh\u1ea5t qu\u00e1n c\u1ea3nh 3D ch\u00e2n th\u1ef1c<\/div>\n<\/li>\n<li data-v-84307568=\"\">\n<div class=\"div-li\" data-v-84307568=\"\">M\u00e1y m\u00f3c v\u00e0 m\u00f4 ph\u1ecfng s\u1ef1 c\u1ed1<\/div>\n<\/li>\n<li data-v-84307568=\"\">\n<div class=\"div-li\" data-v-84307568=\"\">M\u00f4 ph\u1ecfng thi\u1ebft b\u1ecb \u0111i\u1ec1u khi\u1ec3n<\/div>\n<\/li>\n<li data-v-84307568=\"\">\n<div class=\"div-li\" data-v-84307568=\"\">C\u1ea5u h\u00ecnh linh ho\u1ea1t<\/div>\n<\/li>\n<\/ul>\n\n\t\t<\/div>\n\t<\/div>\n<\/div><\/div><\/div><div class=\"wpb_column vc_column_container vc_col-sm-9\"><div class=\"vc_column-inner\"><div class=\"wpb_wrapper\">\n\t<div  class=\"wpb_single_image wpb_content_element vc_align_left\">\n\t\t\n\t\t<figure class=\"wpb_wrapper vc_figure\">\n\t\t\t<div class=\"vc_single_image-wrapper   vc_box_border_grey\"><\/div>\n\t\t<\/figure>\n\t<\/div>\n<\/div><\/div><\/div><\/div>\n\t<div class=\"wpb_text_column wpb_content_element\" >\n\t\t<div class=\"wpb_wrapper\">\n\t\t\t<p>H\u1ec7 th\u1ed1ng n\u00e0y \u0111\u00e3 \u0111\u01b0\u1ee3c ch\u1ee9ng nh\u1eadn CCS v\u00e0 ho\u00e0n to\u00e0n tu\u00e2n th\u1ee7 c\u00e1c y\u00eau c\u1ea7u ch\u1ee9c n\u0103ng ti\u00eau chu\u1ea9n li\u00ean quan \u0111\u1ebfn ECDIS do IEC v\u00e0 IHO ban h\u00e0nh v\u00e0o th\u00e1ng 8 n\u0103m 2015. Ti\u00eau chu\u1ea9n n\u00e0y \u0111\u00e3 ch\u00ednh th\u1ee9c c\u00f3 hi\u1ec7u l\u1ef1c v\u00e0o th\u00e1ng 9 n\u0103m 2017. C\u00e1c ch\u1ee9c n\u0103ng s\u1eeda \u0111\u1ed5i ch\u00ednh bao g\u1ed3m:<\/p>\n\n\t\t<\/div>\n\t<\/div>\n<div class=\"vc_row wpb_row vc_inner vc_row-fluid\"><div class=\"wpb_column vc_column_container vc_col-sm-3\"><div class=\"vc_column-inner\"><div class=\"wpb_wrapper\">\n\t<div class=\"wpb_text_column wpb_content_element\" >\n\t\t<div class=\"wpb_wrapper\">\n\t\t\t<ul data-v-84307568=\"\">\n<li data-v-84307568=\"\">\n<div class=\"div-li\" data-v-84307568=\"\">H\u1ec7 th\u1ed1ng qu\u1ea3n l\u00fd b\u00e1o \u0111\u1ed9ng<\/div>\n<\/li>\n<li data-v-84307568=\"\">\n<div class=\"div-li\" data-v-84307568=\"\">Hi\u1ec3n th\u1ecb b\u1ea3n \u0111\u1ed3 h\u00e0ng h\u1ea3i (bao g\u1ed3m hi\u1ec3n th\u1ecb b\u1ea3n \u0111\u1ed3 h\u00e0ng h\u1ea3i v\u00f9ng c\u1ef1c)<\/div>\n<\/li>\n<li data-v-84307568=\"\">\n<div class=\"div-li\" data-v-84307568=\"\">Thi\u1ebft k\u1ebf \u0111\u01b0\u1eddng bay<\/div>\n<\/li>\n<li data-v-84307568=\"\">\n<div class=\"div-li\" data-v-84307568=\"\">H\u1ec7 th\u1ed1ng qu\u1ea3n l\u00fd b\u1ea3n \u0111\u1ed3 h\u00e0ng h\u1ea3i<\/div>\n<\/li>\n<li data-v-84307568=\"\">\n<div class=\"div-li\" data-v-84307568=\"\">Th\u00f4ng s\u1ed1 an to\u00e0n<\/div>\n<\/li>\n<li data-v-84307568=\"\">\n<div class=\"div-li\" data-v-84307568=\"\">Ngu\u1ed3n d\u1eef li\u1ec7u h\u1ea3i \u0111\u1ed3<\/div>\n<\/li>\n<\/ul>\n\n\t\t<\/div>\n\t<\/div>\n<\/div><\/div><\/div><div class=\"wpb_column vc_column_container vc_col-sm-9\"><div class=\"vc_column-inner\"><div class=\"wpb_wrapper\">\n\t<div  class=\"wpb_single_image wpb_content_element vc_align_left\">\n\t\t\n\t\t<figure class=\"wpb_wrapper vc_figure\">\n\t\t\t<div class=\"vc_single_image-wrapper   vc_box_border_grey\"><\/div>\n\t\t<\/figure>\n\t<\/div>\n<\/div><\/div><\/div><\/div><div class=\"vc_row wpb_row vc_inner vc_row-fluid\"><div class=\"wpb_column vc_column_container vc_col-sm-12\"><div class=\"vc_column-inner\"><div class=\"wpb_wrapper\">\n\t<div class=\"wpb_text_column wpb_content_element\" >\n\t\t<div class=\"wpb_wrapper\">\n\t\t\t<p>Ch\u1ee9c n\u0103ng ho\u00e0n thi\u1ec7n, c\u1ea5u h\u00ecnh linh ho\u1ea1t, d\u1ecbch v\u1ee5 ch\u1ea5t l\u01b0\u1ee3ng cao, ch\u1ea5t l\u01b0\u1ee3ng v\u01b0\u1ee3t tr\u1ed9i. M\u00e1y m\u00f4 ph\u1ecfng ECDIS Zhilong, l\u1ef1a ch\u1ecdn h\u00e0ng \u0111\u1ea7u cho \u0111\u00e0o t\u1ea1o ECDIS chuy\u00ean nghi\u1ec7p.<\/p>\n\n\t\t<\/div>\n\t<\/div>\n\n\t<div  class=\"wpb_single_image wpb_content_element vc_align_left\">\n\t\t\n\t\t<figure class=\"wpb_wrapper vc_figure\">\n\t\t\t<div class=\"vc_single_image-wrapper   vc_box_border_grey\"><\/div>\n\t\t<\/figure>\n\t<\/div>\n<\/div><\/div><\/div><\/div><\/div><\/div><\/div><div class=\"wpb_column vc_column_container vc_col-sm-12\"><div class=\"vc_column-inner vc_custom_1498229445232\"><div class=\"wpb_wrapper\"><div id=\"ultimate-heading-15469d7dc812e0a0\" class=\"uvc-heading ult-adjust-bottom-margin ultimate-heading-15469d7dc812e0a0 uvc-3897\" data-hspacer=\"no_spacer\"  data-halign=\"left\" style=\"text-align:left\"><div class=\"uvc-heading-spacer no_spacer\" style=\"top\"><\/div><div class=\"uvc-main-heading ult-responsive\"  data-ultimate-target='.uvc-heading.ultimate-heading-15469d7dc812e0a0 h2'  data-responsive-json-new='{\"font-size\":\"desktop:26px;\",\"line-height\":\"desktop:32px;\"}' ><h2 style=\"font-weight:bold;margin-bottom:20px;\">Quy tr\u00ecnh l\u00e0m vi\u1ec7c<\/h2><\/div><\/div><div class=\"smile_icon_list_wrap ult_info_list_container ult-adjust-bottom-margin   vc_custom_1498230419199\"><ul class=\"smile_icon_list left hexagon\"><li class=\"icon_list_item\" style=\" font-size:60px;\"><div class=\"icon_list_icon\" data-animation=\"\" data-animation-delay=\"03\" style=\"font-size:20px;background:#ffb536;color:#ffffff;border-color:#ffb536;\"><i class=\"icomoon-icomoonfree-16x16-pen\" ><\/i><\/div><div class=\"icon_description\" id=\"Info-list-wrap-9525\" style=\"font-size:20px;\"><h3 class=\"ult-responsive info-list-heading\"  data-ultimate-target='#Info-list-wrap-9525 h3'  data-responsive-json-new='{\"font-size\":\"desktop:16px;\",\"line-height\":\"desktop:22px;\"}'  style=\"font-family:&#039;Open Sans Condensed&#039;;font-weight:700;\">1. Giao ti\u1ebfp ban \u0111\u1ea7u<\/h3><div class=\"icon_description_text ult-responsive\"  data-ultimate-target='#Info-list-wrap-9525 .icon_description_text'  data-responsive-json-new='{\"font-size\":\"desktop:12px;\",\"line-height\":\"desktop:20px;\"}'  style=\"\"><p>Tr\u01b0\u1edbc khi tri\u1ec3n khai d\u1ef1 \u00e1n t\u1ea1i tr\u01b0\u1eddng h\u1ecdc, c\u00f4ng ty ch\u00fang t\u00f4i c\u00f3 th\u1ec3 cung c\u1ea5p t\u01b0 v\u1ea5n k\u1ef9 thu\u1eadt mi\u1ec5n ph\u00ed, duy tr\u00ec s\u1ef1 giao ti\u1ebfp v\u00e0 trao \u0111\u1ed5i k\u1ef9 thu\u1eadt t\u1ed1t.<\/p>\n<\/div><\/div><div class=\"icon_list_connector\"  style=\"border-right-width: 1px;border-right-style: dashed;border-color: #ffb536;\"><\/div><\/li><li class=\"icon_list_item\" style=\" font-size:60px;\"><div class=\"icon_list_icon\" data-animation=\"\" data-animation-delay=\"03\" style=\"font-size:20px;background:#ffb536;color:#ffffff;border-color:#ffb536;\"><i class=\"icomoon-icomoonfree-16x16-bubbles4\" ><\/i><\/div><div class=\"icon_description\" id=\"Info-list-wrap-1085\" style=\"font-size:20px;\"><h3 class=\"ult-responsive info-list-heading\"  data-ultimate-target='#Info-list-wrap-1085 h3'  data-responsive-json-new='{\"font-size\":\"desktop:16px;\",\"line-height\":\"desktop:22px;\"}'  style=\"font-family:&#039;Open Sans Condensed&#039;;font-weight:700;\">2. Tham quan \u0111\u1ecba \u0111i\u1ec3m<\/h3><div class=\"icon_description_text ult-responsive\"  data-ultimate-target='#Info-list-wrap-1085 .icon_description_text'  data-responsive-json-new='{\"font-size\":\"desktop:12px;\",\"line-height\":\"desktop:20px;\"}'  style=\"\"><p>N\u1ebfu tr\u01b0\u1eddng h\u1ecdc quan t\u00e2m \u0111\u1ebfn ph\u01b0\u01a1ng \u00e1n m\u00e0 ch\u00fang t\u00f4i \u0111\u1ec1 xu\u1ea5t, c\u00f4ng ty ch\u00fang t\u00f4i s\u1ebd ti\u1ebfn h\u00e0nh kh\u1ea3o s\u00e1t th\u1ef1c \u0111\u1ecba v\u00e0 \u0111o \u0111\u1ea1c mi\u1ec5n ph\u00ed cho d\u1ef1 \u00e1n n\u00e0y, \u0111\u1ed3ng th\u1eddi cung c\u1ea5p h\u1ed7 tr\u1ee3 k\u1ef9 thu\u1eadt.<\/p>\n<\/div><\/div><div class=\"icon_list_connector\"  style=\"border-right-width: 1px;border-right-style: dashed;border-color: #ffb536;\"><\/div><\/li><li class=\"icon_list_item\" style=\" font-size:60px;\"><div class=\"icon_list_icon\" data-animation=\"\" data-animation-delay=\"03\" style=\"font-size:20px;background:#ffb536;color:#ffffff;border-color:#ffb536;\"><i class=\"icomoon-icomoonfree-16x16-stats-bars\" ><\/i><\/div><div class=\"icon_description\" id=\"Info-list-wrap-5984\" style=\"font-size:20px;\"><h3 class=\"ult-responsive info-list-heading\"  data-ultimate-target='#Info-list-wrap-5984 h3'  data-responsive-json-new='{\"font-size\":\"desktop:16px;\",\"line-height\":\"desktop:22px;\"}'  style=\"font-family:&#039;Open Sans Condensed&#039;;font-weight:700;\">3. K\u1ebf ho\u1ea1ch s\u01a1 b\u1ed9<\/h3><div class=\"icon_description_text ult-responsive\"  data-ultimate-target='#Info-list-wrap-5984 .icon_description_text'  data-responsive-json-new='{\"font-size\":\"desktop:12px;\",\"line-height\":\"desktop:20px;\"}'  style=\"\"><p>Sau khi ho\u00e0n th\u00e0nh kh\u1ea3o s\u00e1t th\u1ef1c \u0111\u1ecba, d\u1ef1a tr\u00ean nhu c\u1ea7u c\u1ee7a tr\u01b0\u1eddng, c\u00f4ng ty ch\u00fang t\u00f4i s\u1ebd thi\u1ebft k\u1ebf m\u1ed9t ph\u01b0\u01a1ng \u00e1n ph\u00f9 h\u1ee3p cho tr\u01b0\u1eddng, bao g\u1ed3m d\u1ef1 to\u00e1n s\u01a1 b\u1ed9 v\u00e0 c\u00e1c th\u00f4ng s\u1ed1 k\u1ef9 thu\u1eadt c\u01a1 b\u1ea3n.<\/p>\n<\/div><\/div><div class=\"icon_list_connector\"  style=\"border-right-width: 1px;border-right-style: dashed;border-color: #ffb536;\"><\/div><\/li><li class=\"icon_list_item\" style=\" font-size:60px;\"><div class=\"icon_list_icon\" data-animation=\"\" data-animation-delay=\"03\" style=\"font-size:20px;background:#ffb536;color:#ffffff;border-color:#ffb536;\"><i class=\"icomoon-icomoonfree-16x16-cogs\" ><\/i><\/div><div class=\"icon_description\" id=\"Info-list-wrap-8910\" style=\"font-size:20px;\"><h3 class=\"ult-responsive info-list-heading\"  data-ultimate-target='#Info-list-wrap-8910 h3'  data-responsive-json-new='{\"font-size\":\"desktop:16px;\",\"line-height\":\"desktop:22px;\"}'  style=\"font-family:&#039;Open Sans Condensed&#039;;font-weight:700;\">4. X\u00e1c \u0111\u1ecbnh ph\u01b0\u01a1ng \u00e1n<\/h3><div class=\"icon_description_text ult-responsive\"  data-ultimate-target='#Info-list-wrap-8910 .icon_description_text'  data-responsive-json-new='{\"font-size\":\"desktop:12px;\",\"line-height\":\"desktop:20px;\"}'  style=\"\"><p>Theo k\u1ebf ho\u1ea1ch d\u1ef1 ph\u00f2ng \u0111\u00e3 \u0111\u01b0\u1ee3c l\u1eadp tr\u01b0\u1edbc \u0111\u00f3, n\u1ebfu c\u1ea3 hai b\u00ean kh\u00f4ng c\u00f3 \u00fd ki\u1ebfn ph\u1ea3n \u0111\u1ed1i, c\u00f4ng ty ch\u00fang t\u00f4i s\u1ebd xem x\u00e9t \u0111\u1ea7y \u0111\u1ee7 c\u00e1c y\u00eau c\u1ea7u v\u00e0 t\u00ecnh h\u00ecnh c\u1ee7a tr\u01b0\u1eddng, \u0111\u1ec3 l\u1eadp k\u1ebf ho\u1ea1ch th\u1ef1c hi\u1ec7n, ng\u00e2n s\u00e1ch chi ti\u1ebft, th\u00f4ng s\u1ed1 k\u1ef9 thu\u1eadt chi ti\u1ebft, b\u1ea3o tr\u00ec, b\u1ea3o d\u01b0\u1ee1ng, d\u1ecbch v\u1ee5 h\u1eadu m\u00e3i, v.v. cho ph\u01b0\u01a1ng \u00e1n th\u1ef1c hi\u1ec7n cu\u1ed1i c\u00f9ng c\u1ee7a tr\u01b0\u1eddng.<\/p>\n<\/div><\/div><div class=\"icon_list_connector\"  style=\"border-right-width: 1px;border-right-style: dashed;border-color: #ffb536;\"><\/div><\/li><li class=\"icon_list_item\" style=\" font-size:60px;\"><div class=\"icon_list_icon\" data-animation=\"\" data-animation-delay=\"03\" style=\"font-size:20px;background:#ffb536;color:#ffffff;border-color:#ffb536;\"><i class=\"icomoon-icomoonfree-16x16-star-full\" ><\/i><\/div><div class=\"icon_description\" id=\"Info-list-wrap-6565\" style=\"font-size:20px;\"><h3 class=\"ult-responsive info-list-heading\"  data-ultimate-target='#Info-list-wrap-6565 h3'  data-responsive-json-new='{\"font-size\":\"desktop:16px;\",\"line-height\":\"desktop:22px;\"}'  style=\"font-family:&#039;Open Sans Condensed&#039;;font-weight:700;\">5. Thi c\u00f4ng d\u1ef1 \u00e1n<\/h3><div class=\"icon_description_text ult-responsive\"  data-ultimate-target='#Info-list-wrap-6565 .icon_description_text'  data-responsive-json-new='{\"font-size\":\"desktop:12px;\",\"line-height\":\"desktop:20px;\"}'  style=\"\"><p>Ch\u00fang t\u00f4i s\u1ebd ti\u1ebfn h\u00e0nh thi c\u00f4ng theo y\u00eau c\u1ea7u c\u1ee7a h\u1ee3p \u0111\u1ed3ng, trong th\u1eddi gian quy \u0111\u1ecbnh, \u0111\u1ea3m b\u1ea3o ch\u1ea5t l\u01b0\u1ee3ng v\u00e0 ti\u1ebfn \u0111\u1ed9 ho\u00e0n th\u00e0nh d\u1ef1 \u00e1n, \u0111\u1ea3m b\u1ea3o vi\u1ec7c nghi\u1ec7m thu cu\u1ed1i c\u00f9ng c\u1ee7a tr\u01b0\u1eddng h\u1ecdc v\u00e0 C\u1ee5c H\u00e0ng h\u1ea3i.<\/p>\n<\/div><\/div><div class=\"icon_list_connector\"  style=\"border-right-width: 1px;border-right-style: dashed;border-color: #ffb536;\"><\/div><\/li><\/ul><\/div><\/div><\/div><\/div><\/div>","protected":false},"excerpt":{"rendered":"<p>ECDIS\u6a21\u62df\u5668 \u57fa\u672c\u5b89\u5168\u5b9e\u8bad\u540d\u79f0\u5168\u79f0\u4e3a\u719f\u6089\u57f9\u8bad\u548c\u57fa\u672c\u5b89\u5168\u57f9\u8bad\uff0c\u662f\u6307\u5728\u4e0a\u8239\u524d\u63a5\u53d7\u7684\u6d77\u4e0a\u5b89\u5168\u3001\u6551\u751f\u3001\u6c42\u751f\u3001\u5e94\u6025\u3001&hellip;<\/p>","protected":false},"author":1,"featured_media":0,"parent":1932,"menu_order":0,"comment_status":"closed","ping_status":"closed","template":"","meta":{"footnotes":""},"class_list":["post-2210","page","type-page","status-publish","hentry","description-off"],"amp_enabled":true,"_links":{"self":[{"href":"http:\/\/www.erun-tech.com\/vi\/wp-json\/wp\/v2\/pages\/2210","targetHints":{"allow":["GET"]}}],"collection":[{"href":"http:\/\/www.erun-tech.com\/vi\/wp-json\/wp\/v2\/pages"}],"about":[{"href":"http:\/\/www.erun-tech.com\/vi\/wp-json\/wp\/v2\/types\/page"}],"author":[{"embeddable":true,"href":"http:\/\/www.erun-tech.com\/vi\/wp-json\/wp\/v2\/users\/1"}],"replies":[{"embeddable":true,"href":"http:\/\/www.erun-tech.com\/vi\/wp-json\/wp\/v2\/comments?post=2210"}],"version-history":[{"count":0,"href":"http:\/\/www.erun-tech.com\/vi\/wp-json\/wp\/v2\/pages\/2210\/revisions"}],"up":[{"embeddable":true,"href":"http:\/\/www.erun-tech.com\/vi\/wp-json\/wp\/v2\/pages\/1932"}],"wp:attachment":[{"href":"http:\/\/www.erun-tech.com\/vi\/wp-json\/wp\/v2\/media?parent=2210"}],"curies":[{"name":"wp","href":"https:\/\/api.w.org\/{rel}","templated":true}]}}