{"id":2373,"date":"2019-07-09T14:35:54","date_gmt":"2019-07-09T06:35:54","guid":{"rendered":"http:\/\/www.eruntec.com\/?page_id=2373"},"modified":"2019-07-09T14:35:54","modified_gmt":"2019-07-09T06:35:54","slug":"haishivrchanpin","status":"publish","type":"page","link":"http:\/\/www.erun-tech.com\/vi\/services\/chuanbomoniqivrdengzhinengshixunshi\/haishivrchanpin","title":{"rendered":"S\u1ea3n ph\u1ea9m VR h\u00e0ng h\u1ea3i"},"content":{"rendered":"<div class=\"vc_row wpb_row vc_row-fluid\"><div class=\"wpb_column vc_column_container vc_col-sm-12\"><div class=\"vc_column-inner vc_custom_1498229431694\"><div class=\"wpb_wrapper\"><div id=\"ultimate-heading-859669d7dc8698b54\" class=\"uvc-heading ult-adjust-bottom-margin ultimate-heading-859669d7dc8698b54 uvc-9573\" data-hspacer=\"no_spacer\"  data-halign=\"left\" style=\"text-align:left\"><div class=\"uvc-heading-spacer no_spacer\" style=\"top\"><\/div><div class=\"uvc-main-heading ult-responsive\"  data-ultimate-target='.uvc-heading.ultimate-heading-859669d7dc8698b54 h2'  data-responsive-json-new='{\"font-size\":\"desktop:26px;\",\"line-height\":\"desktop:32px;\"}' ><h2 style=\"font-weight:bold;margin-bottom:20px;\">S\u1ea3n ph\u1ea9m VR h\u00e0ng h\u1ea3i<\/h2><\/div><\/div>\n\t<div class=\"wpb_text_column wpb_content_element\" >\n\t\t<div class=\"wpb_wrapper\">\n\t\t\t<p>S\u1ea3n ph\u1ea9m VR h\u00e0ng h\u1ea3i bao g\u1ed3m tr\u1ea3i nghi\u1ec7m gi\u1ea3i tr\u00ed khoa h\u1ecdc ph\u1ed5 th\u00f4ng, tham quan du thuy\u1ec1n tr\u00ean bi\u1ec3n, nghi\u00ean c\u1ee9u khoa h\u1ecdc b\u1eb1ng t\u00e0u l\u1eb7n s\u00e2u, du ngo\u1ea1n \u1ea3o tr\u00ean t\u00e0u, v.v. S\u1ea3n ph\u1ea9m n\u00e0y t\u00e1i hi\u1ec7n m\u1ed9t c\u00e1ch ch\u00e2n th\u1ef1c c\u1ea3ng 3D k\u1ef9 thu\u1eadt s\u1ed1, d\u1eef li\u1ec7u t\u00e0u thuy\u1ec1n, d\u1eef li\u1ec7u m\u1ecf neo, m\u00f4i tr\u01b0\u1eddng t\u1ef1 nhi\u00ean, c\u1ea3nh quan v\u0103n h\u00f3a, m\u00f4i tr\u01b0\u1eddng \u0111\u00e1y bi\u1ec3n, c\u1ea5u tr\u00fac t\u00e0u thuy\u1ec1n, thi\u1ebft b\u1ecb t\u00e0u thuy\u1ec1n, v.v. trong m\u00f4i tr\u01b0\u1eddng \u1ea3o.K\u1ebft h\u1ee3p v\u1edbi n\u1ec1n t\u1ea3ng chuy\u00ean m\u00f4n h\u00e0ng h\u1ea3i, s\u1ea3n ph\u1ea9m n\u00e0y t\u00edch h\u1ee3p t\u00ednh khoa h\u1ecdc, t\u01b0\u01a1ng t\u00e1c v\u00e0 gi\u1ea3i tr\u00ed, c\u00f3 th\u1ec3 k\u1ebft h\u1ee3p v\u1edbi n\u1ec1n t\u1ea3ng chuy\u1ec3n \u0111\u1ed9ng 3\/6 tr\u1ee5c t\u1ef1 do, k\u00ednh VR, v.v. \u0111\u1ec3 mang l\u1ea1i tr\u1ea3i nghi\u1ec7m \u1ea3o ho\u00e0n to\u00e0n \u0111\u1eafm ch\u00ecm.<\/p>\n\n\t\t<\/div>\n\t<\/div>\n<div class=\"vc_row wpb_row vc_inner vc_row-fluid\"><div class=\"wpb_column vc_column_container vc_col-sm-6\"><div class=\"vc_column-inner\"><div class=\"wpb_wrapper\">\n\t<div class=\"wpb_text_column wpb_content_element\" >\n\t\t<div class=\"wpb_wrapper\">\n\t\t\t<h3 class=\"news-Medium-18\">Tr\u1ea3i nghi\u1ec7m gi\u1ea3i tr\u00ed khoa h\u1ecdc ph\u1ed5 th\u00f4ng<\/h3>\n<ul data-v-73e04e20=\"\">\n<li data-v-73e04e20=\"\">\n<div class=\"div-li\" data-v-73e04e20=\"\">T\u00e0u ng\u1ea7m l\u1eb7n<\/div>\n<\/li>\n<li data-v-73e04e20=\"\">\n<div class=\"div-li\" data-v-73e04e20=\"\">Tr\u1ea3i nghi\u1ec7m chi\u1ebfn tranh tr\u00ean bi\u1ec3n<\/div>\n<\/li>\n<li data-v-73e04e20=\"\">\n<div class=\"div-li\" data-v-73e04e20=\"\">Chuy\u1ebfn du l\u1ecbch y\u00eau n\u01b0\u1edbc \u0111\u1ebfn \u0111\u1ea3o \u0110\u00e0i Loan<\/div>\n<\/li>\n<li data-v-73e04e20=\"\">\n<div class=\"div-li\" data-v-73e04e20=\"\">Tu\u1ea7n tra c\u00e1c \u0111\u1ea3o \u1edf Bi\u1ec3n \u0110\u00f4ng<\/div>\n<\/li>\n<\/ul>\n\n\t\t<\/div>\n\t<\/div>\n<\/div><\/div><\/div><div class=\"wpb_column vc_column_container vc_col-sm-6\"><div class=\"vc_column-inner\"><div class=\"wpb_wrapper\">\n\t<div class=\"wpb_text_column wpb_content_element\" >\n\t\t<div class=\"wpb_wrapper\">\n\t\t\t<h3 class=\"news-Medium-18\">Du thuy\u1ec1n tham quan tr\u00ean bi\u1ec3n<\/h3>\n<ul data-v-73e04e20=\"\">\n<li data-v-73e04e20=\"\">\n<div class=\"div-li\" data-v-73e04e20=\"\">T\u00e1i hi\u1ec7n c\u1ea3nh th\u1ef1c t\u1ebf t\u1ea1i khu c\u1ea3ng<\/div>\n<\/li>\n<li data-v-73e04e20=\"\">\n<div class=\"div-li\" data-v-73e04e20=\"\">Nhi\u1ec1u c\u1ea3ng c\u00f3 th\u1ec3 l\u1ef1a ch\u1ecdn<\/div>\n<\/li>\n<li data-v-73e04e20=\"\">\n<div class=\"div-li\" data-v-73e04e20=\"\">T\u00edch h\u1ee3p c\u00e1c y\u1ebfu t\u1ed1 h\u00e0ng h\u1ea3i chuy\u00ean nghi\u1ec7p<\/div>\n<\/li>\n<li data-v-73e04e20=\"\">\n<div class=\"div-li\" data-v-73e04e20=\"\">H\u00e0nh tr\u00ecnh t\u01b0\u01a1ng t\u00e1c phong ph\u00fa<\/div>\n<\/li>\n<\/ul>\n\n\t\t<\/div>\n\t<\/div>\n<\/div><\/div><\/div><\/div><div class=\"vc_row wpb_row vc_inner vc_row-fluid\"><div class=\"wpb_column vc_column_container vc_col-sm-3\"><div class=\"vc_column-inner\"><div class=\"wpb_wrapper\">\n\t<div  class=\"wpb_single_image wpb_content_element vc_align_left\">\n\t\t\n\t\t<figure class=\"wpb_wrapper vc_figure\">\n\t\t\t<div class=\"vc_single_image-wrapper   vc_box_border_grey\"><\/div>\n\t\t<\/figure>\n\t<\/div>\n<\/div><\/div><\/div><div class=\"wpb_column vc_column_container vc_col-sm-3\"><div class=\"vc_column-inner\"><div class=\"wpb_wrapper\">\n\t<div  class=\"wpb_single_image wpb_content_element vc_align_left\">\n\t\t\n\t\t<figure class=\"wpb_wrapper vc_figure\">\n\t\t\t<div class=\"vc_single_image-wrapper   vc_box_border_grey\"><\/div>\n\t\t<\/figure>\n\t<\/div>\n<\/div><\/div><\/div><div class=\"wpb_column vc_column_container vc_col-sm-3\"><div class=\"vc_column-inner\"><div class=\"wpb_wrapper\">\n\t<div  class=\"wpb_single_image wpb_content_element vc_align_left\">\n\t\t\n\t\t<figure class=\"wpb_wrapper vc_figure\">\n\t\t\t<div class=\"vc_single_image-wrapper   vc_box_border_grey\"><\/div>\n\t\t<\/figure>\n\t<\/div>\n<\/div><\/div><\/div><div class=\"wpb_column vc_column_container vc_col-sm-3\"><div class=\"vc_column-inner\"><div class=\"wpb_wrapper\">\n\t<div  class=\"wpb_single_image wpb_content_element vc_align_left\">\n\t\t\n\t\t<figure class=\"wpb_wrapper vc_figure\">\n\t\t\t<div class=\"vc_single_image-wrapper   vc_box_border_grey\"><\/div>\n\t\t<\/figure>\n\t<\/div>\n<\/div><\/div><\/div><\/div><\/div><\/div><\/div><div class=\"wpb_column vc_column_container vc_col-sm-12\"><div class=\"vc_column-inner vc_custom_1498229445232\"><div class=\"wpb_wrapper\"><div class=\"vc_row wpb_row vc_inner vc_row-fluid\"><div class=\"wpb_column vc_column_container vc_col-sm-6\"><div class=\"vc_column-inner\"><div class=\"wpb_wrapper\">\n\t<div class=\"wpb_text_column wpb_content_element\" >\n\t\t<div class=\"wpb_wrapper\">\n\t\t\t<h3 class=\"news-Medium-18\">Th\u00e1m hi\u1ec3m khoa h\u1ecdc b\u1eb1ng t\u00e0u l\u1eb7n s\u00e2u bi\u1ec3n<\/h3>\n<ul data-v-73e04e20=\"\">\n<li data-v-73e04e20=\"\">\n<div class=\"div-li\" data-v-73e04e20=\"\">Ho\u1ea1t \u0111\u1ed9ng thu h\u1ed3i t\u00e0u ng\u1ea7m gi\u1ea3 l\u1eadp<\/div>\n<\/li>\n<li data-v-73e04e20=\"\">\n<div class=\"div-li\" data-v-73e04e20=\"\">M\u00f4i tr\u01b0\u1eddng sinh th\u00e1i bi\u1ec3n \u0111i\u1ec3n h\u00ecnh<\/div>\n<\/li>\n<li data-v-73e04e20=\"\">\n<div class=\"div-li\" data-v-73e04e20=\"\">C\u1ea3m gi\u00e1c ch\u00e2n th\u1ef1c v\u1ec1 su\u1ed1i n\u01b0\u1edbc l\u1ea1nh v\u00e0 khu v\u1ef1c n\u01b0\u1edbc n\u00f3ng d\u01b0\u1edbi \u0111\u00e1y bi\u1ec3n s\u00e2u<\/div>\n<\/li>\n<li data-v-73e04e20=\"\">\n<div class=\"div-li\" data-v-73e04e20=\"\">C\u00f4ng vi\u1ec7c nghi\u00ean c\u1ee9u khoa h\u1ecdc chuy\u00ean nghi\u1ec7p \u1edf bi\u1ec3n s\u00e2u<\/div>\n<\/li>\n<\/ul>\n\n\t\t<\/div>\n\t<\/div>\n<\/div><\/div><\/div><div class=\"wpb_column vc_column_container vc_col-sm-6\"><div class=\"vc_column-inner\"><div class=\"wpb_wrapper\">\n\t<div class=\"wpb_text_column wpb_content_element\" >\n\t\t<div class=\"wpb_wrapper\">\n\t\t\t<h3 class=\"news-Medium-18\">Du l\u1ecbch \u1ea3o tr\u00ean t\u00e0u<\/h3>\n<ul data-v-73e04e20=\"\">\n<li data-v-73e04e20=\"\">\n<div class=\"div-li\" data-v-73e04e20=\"\">C\u1ea5u tr\u00fac t\u00e0u, khoang t\u00e0u, thi\u1ebft b\u1ecb, v.v. \u0111\u01b0\u1ee3c th\u1ec3 hi\u1ec7n m\u1ed9t c\u00e1ch ch\u00e2n th\u1ef1c<\/div>\n<\/li>\n<li data-v-73e04e20=\"\">\n<div class=\"div-li\" data-v-73e04e20=\"\">Tham quan \u1ea3o to\u00e0n b\u1ed9 con t\u00e0u<\/div>\n<\/li>\n<li data-v-73e04e20=\"\">\n<div class=\"div-li\" data-v-73e04e20=\"\">M\u00f4 ph\u1ecfng \u0111i\u1ec1u khi\u1ec3n thi\u1ebft b\u1ecb t\u00e0u bi\u1ec3n<\/div>\n<\/li>\n<li data-v-73e04e20=\"\">\n<div class=\"div-li\" data-v-73e04e20=\"\">L\u00e1i t\u00e0u \u1ea3o<\/div>\n<\/li>\n<\/ul>\n\n\t\t<\/div>\n\t<\/div>\n<\/div><\/div><\/div><\/div><div class=\"vc_row wpb_row vc_inner vc_row-fluid\"><div class=\"wpb_column vc_column_container vc_col-sm-3\"><div class=\"vc_column-inner\"><div class=\"wpb_wrapper\">\n\t<div  class=\"wpb_single_image wpb_content_element vc_align_left\">\n\t\t\n\t\t<figure class=\"wpb_wrapper vc_figure\">\n\t\t\t<div class=\"vc_single_image-wrapper   vc_box_border_grey\"><\/div>\n\t\t<\/figure>\n\t<\/div>\n<\/div><\/div><\/div><div class=\"wpb_column vc_column_container vc_col-sm-3\"><div class=\"vc_column-inner\"><div class=\"wpb_wrapper\">\n\t<div  class=\"wpb_single_image wpb_content_element vc_align_left\">\n\t\t\n\t\t<figure class=\"wpb_wrapper vc_figure\">\n\t\t\t<div class=\"vc_single_image-wrapper   vc_box_border_grey\"><\/div>\n\t\t<\/figure>\n\t<\/div>\n<\/div><\/div><\/div><div class=\"wpb_column vc_column_container vc_col-sm-3\"><div class=\"vc_column-inner\"><div class=\"wpb_wrapper\">\n\t<div  class=\"wpb_single_image wpb_content_element vc_align_left\">\n\t\t\n\t\t<figure class=\"wpb_wrapper vc_figure\">\n\t\t\t<div class=\"vc_single_image-wrapper   vc_box_border_grey\"><\/div>\n\t\t<\/figure>\n\t<\/div>\n<\/div><\/div><\/div><div class=\"wpb_column vc_column_container vc_col-sm-3\"><div class=\"vc_column-inner\"><div class=\"wpb_wrapper\">\n\t<div  class=\"wpb_single_image wpb_content_element vc_align_left\">\n\t\t\n\t\t<figure class=\"wpb_wrapper vc_figure\">\n\t\t\t<div class=\"vc_single_image-wrapper   vc_box_border_grey\"><\/div>\n\t\t<\/figure>\n\t<\/div>\n<\/div><\/div><\/div><\/div><div id=\"ultimate-heading-801669d7dc86a3380\" class=\"uvc-heading ult-adjust-bottom-margin ultimate-heading-801669d7dc86a3380 uvc-4982\" data-hspacer=\"no_spacer\"  data-halign=\"left\" style=\"text-align:left\"><div class=\"uvc-heading-spacer no_spacer\" style=\"top\"><\/div><div class=\"uvc-main-heading ult-responsive\"  data-ultimate-target='.uvc-heading.ultimate-heading-801669d7dc86a3380 h2'  data-responsive-json-new='{\"font-size\":\"desktop:26px;\",\"line-height\":\"desktop:32px;\"}' ><h2 style=\"font-weight:bold;margin-bottom:20px;\">Quy tr\u00ecnh l\u00e0m vi\u1ec7c<\/h2><\/div><\/div><div class=\"smile_icon_list_wrap ult_info_list_container ult-adjust-bottom-margin   vc_custom_1498230419199\"><ul class=\"smile_icon_list left hexagon\"><li class=\"icon_list_item\" style=\" font-size:60px;\"><div class=\"icon_list_icon\" data-animation=\"\" data-animation-delay=\"03\" style=\"font-size:20px;background:#ffb536;color:#ffffff;border-color:#ffb536;\"><i class=\"icomoon-icomoonfree-16x16-pen\" ><\/i><\/div><div class=\"icon_description\" id=\"Info-list-wrap-9982\" style=\"font-size:20px;\"><h3 class=\"ult-responsive info-list-heading\"  data-ultimate-target='#Info-list-wrap-9982 h3'  data-responsive-json-new='{\"font-size\":\"desktop:16px;\",\"line-height\":\"desktop:22px;\"}'  style=\"font-family:&#039;Open Sans Condensed&#039;;font-weight:700;\">1. Giao ti\u1ebfp ban \u0111\u1ea7u<\/h3><div class=\"icon_description_text ult-responsive\"  data-ultimate-target='#Info-list-wrap-9982 .icon_description_text'  data-responsive-json-new='{\"font-size\":\"desktop:12px;\",\"line-height\":\"desktop:20px;\"}'  style=\"\"><p>Tr\u01b0\u1edbc khi tri\u1ec3n khai d\u1ef1 \u00e1n t\u1ea1i tr\u01b0\u1eddng h\u1ecdc, c\u00f4ng ty ch\u00fang t\u00f4i c\u00f3 th\u1ec3 cung c\u1ea5p t\u01b0 v\u1ea5n k\u1ef9 thu\u1eadt mi\u1ec5n ph\u00ed, duy tr\u00ec s\u1ef1 giao ti\u1ebfp v\u00e0 trao \u0111\u1ed5i k\u1ef9 thu\u1eadt t\u1ed1t.<\/p>\n<\/div><\/div><div class=\"icon_list_connector\"  style=\"border-right-width: 1px;border-right-style: dashed;border-color: #ffb536;\"><\/div><\/li><li class=\"icon_list_item\" style=\" font-size:60px;\"><div class=\"icon_list_icon\" data-animation=\"\" data-animation-delay=\"03\" style=\"font-size:20px;background:#ffb536;color:#ffffff;border-color:#ffb536;\"><i class=\"icomoon-icomoonfree-16x16-bubbles4\" ><\/i><\/div><div class=\"icon_description\" id=\"Info-list-wrap-4354\" style=\"font-size:20px;\"><h3 class=\"ult-responsive info-list-heading\"  data-ultimate-target='#Info-list-wrap-4354 h3'  data-responsive-json-new='{\"font-size\":\"desktop:16px;\",\"line-height\":\"desktop:22px;\"}'  style=\"font-family:&#039;Open Sans Condensed&#039;;font-weight:700;\">2. Tham quan \u0111\u1ecba \u0111i\u1ec3m<\/h3><div class=\"icon_description_text ult-responsive\"  data-ultimate-target='#Info-list-wrap-4354 .icon_description_text'  data-responsive-json-new='{\"font-size\":\"desktop:12px;\",\"line-height\":\"desktop:20px;\"}'  style=\"\"><p>N\u1ebfu tr\u01b0\u1eddng h\u1ecdc quan t\u00e2m \u0111\u1ebfn ph\u01b0\u01a1ng \u00e1n m\u00e0 ch\u00fang t\u00f4i \u0111\u1ec1 xu\u1ea5t, c\u00f4ng ty ch\u00fang t\u00f4i s\u1ebd ti\u1ebfn h\u00e0nh kh\u1ea3o s\u00e1t th\u1ef1c \u0111\u1ecba v\u00e0 \u0111o \u0111\u1ea1c mi\u1ec5n ph\u00ed cho d\u1ef1 \u00e1n n\u00e0y, \u0111\u1ed3ng th\u1eddi cung c\u1ea5p h\u1ed7 tr\u1ee3 k\u1ef9 thu\u1eadt.<\/p>\n<\/div><\/div><div class=\"icon_list_connector\"  style=\"border-right-width: 1px;border-right-style: dashed;border-color: #ffb536;\"><\/div><\/li><li class=\"icon_list_item\" style=\" font-size:60px;\"><div class=\"icon_list_icon\" data-animation=\"\" data-animation-delay=\"03\" style=\"font-size:20px;background:#ffb536;color:#ffffff;border-color:#ffb536;\"><i class=\"icomoon-icomoonfree-16x16-stats-bars\" ><\/i><\/div><div class=\"icon_description\" id=\"Info-list-wrap-6443\" style=\"font-size:20px;\"><h3 class=\"ult-responsive info-list-heading\"  data-ultimate-target='#Info-list-wrap-6443 h3'  data-responsive-json-new='{\"font-size\":\"desktop:16px;\",\"line-height\":\"desktop:22px;\"}'  style=\"font-family:&#039;Open Sans Condensed&#039;;font-weight:700;\">3. K\u1ebf ho\u1ea1ch s\u01a1 b\u1ed9<\/h3><div class=\"icon_description_text ult-responsive\"  data-ultimate-target='#Info-list-wrap-6443 .icon_description_text'  data-responsive-json-new='{\"font-size\":\"desktop:12px;\",\"line-height\":\"desktop:20px;\"}'  style=\"\"><p>Sau khi ho\u00e0n th\u00e0nh kh\u1ea3o s\u00e1t th\u1ef1c \u0111\u1ecba, d\u1ef1a tr\u00ean nhu c\u1ea7u c\u1ee7a tr\u01b0\u1eddng, c\u00f4ng ty ch\u00fang t\u00f4i s\u1ebd thi\u1ebft k\u1ebf m\u1ed9t ph\u01b0\u01a1ng \u00e1n ph\u00f9 h\u1ee3p cho tr\u01b0\u1eddng, bao g\u1ed3m d\u1ef1 to\u00e1n s\u01a1 b\u1ed9 v\u00e0 c\u00e1c th\u00f4ng s\u1ed1 k\u1ef9 thu\u1eadt c\u01a1 b\u1ea3n.<\/p>\n<\/div><\/div><div class=\"icon_list_connector\"  style=\"border-right-width: 1px;border-right-style: dashed;border-color: #ffb536;\"><\/div><\/li><li class=\"icon_list_item\" style=\" font-size:60px;\"><div class=\"icon_list_icon\" data-animation=\"\" data-animation-delay=\"03\" style=\"font-size:20px;background:#ffb536;color:#ffffff;border-color:#ffb536;\"><i class=\"icomoon-icomoonfree-16x16-cogs\" ><\/i><\/div><div class=\"icon_description\" id=\"Info-list-wrap-4900\" style=\"font-size:20px;\"><h3 class=\"ult-responsive info-list-heading\"  data-ultimate-target='#Info-list-wrap-4900 h3'  data-responsive-json-new='{\"font-size\":\"desktop:16px;\",\"line-height\":\"desktop:22px;\"}'  style=\"font-family:&#039;Open Sans Condensed&#039;;font-weight:700;\">4. X\u00e1c \u0111\u1ecbnh ph\u01b0\u01a1ng \u00e1n<\/h3><div class=\"icon_description_text ult-responsive\"  data-ultimate-target='#Info-list-wrap-4900 .icon_description_text'  data-responsive-json-new='{\"font-size\":\"desktop:12px;\",\"line-height\":\"desktop:20px;\"}'  style=\"\"><p>Theo k\u1ebf ho\u1ea1ch d\u1ef1 ph\u00f2ng \u0111\u00e3 \u0111\u01b0\u1ee3c l\u1eadp tr\u01b0\u1edbc \u0111\u00f3, n\u1ebfu c\u1ea3 hai b\u00ean kh\u00f4ng c\u00f3 \u00fd ki\u1ebfn ph\u1ea3n \u0111\u1ed1i, c\u00f4ng ty ch\u00fang t\u00f4i s\u1ebd xem x\u00e9t \u0111\u1ea7y \u0111\u1ee7 c\u00e1c y\u00eau c\u1ea7u v\u00e0 t\u00ecnh h\u00ecnh c\u1ee7a tr\u01b0\u1eddng, \u0111\u1ec3 l\u1eadp k\u1ebf ho\u1ea1ch th\u1ef1c hi\u1ec7n, ng\u00e2n s\u00e1ch chi ti\u1ebft, th\u00f4ng s\u1ed1 k\u1ef9 thu\u1eadt chi ti\u1ebft, b\u1ea3o tr\u00ec, b\u1ea3o d\u01b0\u1ee1ng, d\u1ecbch v\u1ee5 h\u1eadu m\u00e3i, v.v. cho ph\u01b0\u01a1ng \u00e1n th\u1ef1c hi\u1ec7n cu\u1ed1i c\u00f9ng c\u1ee7a tr\u01b0\u1eddng.<\/p>\n<\/div><\/div><div class=\"icon_list_connector\"  style=\"border-right-width: 1px;border-right-style: dashed;border-color: #ffb536;\"><\/div><\/li><li class=\"icon_list_item\" style=\" font-size:60px;\"><div class=\"icon_list_icon\" data-animation=\"\" data-animation-delay=\"03\" style=\"font-size:20px;background:#ffb536;color:#ffffff;border-color:#ffb536;\"><i class=\"icomoon-icomoonfree-16x16-star-full\" ><\/i><\/div><div class=\"icon_description\" id=\"Info-list-wrap-4963\" style=\"font-size:20px;\"><h3 class=\"ult-responsive info-list-heading\"  data-ultimate-target='#Info-list-wrap-4963 h3'  data-responsive-json-new='{\"font-size\":\"desktop:16px;\",\"line-height\":\"desktop:22px;\"}'  style=\"font-family:&#039;Open Sans Condensed&#039;;font-weight:700;\">5. Thi c\u00f4ng d\u1ef1 \u00e1n<\/h3><div class=\"icon_description_text ult-responsive\"  data-ultimate-target='#Info-list-wrap-4963 .icon_description_text'  data-responsive-json-new='{\"font-size\":\"desktop:12px;\",\"line-height\":\"desktop:20px;\"}'  style=\"\"><p>Ch\u00fang t\u00f4i s\u1ebd ti\u1ebfn h\u00e0nh thi c\u00f4ng theo y\u00eau c\u1ea7u c\u1ee7a h\u1ee3p \u0111\u1ed3ng, trong th\u1eddi gian quy \u0111\u1ecbnh, \u0111\u1ea3m b\u1ea3o ch\u1ea5t l\u01b0\u1ee3ng v\u00e0 ti\u1ebfn \u0111\u1ed9 ho\u00e0n th\u00e0nh d\u1ef1 \u00e1n, \u0111\u1ea3m b\u1ea3o vi\u1ec7c nghi\u1ec7m thu cu\u1ed1i c\u00f9ng c\u1ee7a tr\u01b0\u1eddng h\u1ecdc v\u00e0 C\u1ee5c H\u00e0ng h\u1ea3i.<\/p>\n<\/div><\/div><div class=\"icon_list_connector\"  style=\"border-right-width: 1px;border-right-style: dashed;border-color: #ffb536;\"><\/div><\/li><\/ul><\/div><\/div><\/div><\/div><\/div>","protected":false},"excerpt":{"rendered":"<p>\u6d77\u4e8bVR\u4ea7\u54c1 \u6d77\u4e8bVR\u4ea7\u54c1\u5305\u62ec\u79d1\u666e\u5a31\u4e50\u4f53\u9a8c\u3001\u6e38\u8247\u6d77\u4e0a\u89c2\u5149\u3001\u6df1\u6d77\u6f5c\u5668\u79d1\u8003\u3001\u8239\u8236\u865a\u62df\u6f2b\u6e38\u7b49\u3002\u5c06\u4e09\u7ef4\u6570\u5b57\u5316\u6e2f\u53e3\u3001\u8239\u8236&hellip;<\/p>","protected":false},"author":1,"featured_media":0,"parent":1932,"menu_order":0,"comment_status":"closed","ping_status":"closed","template":"","meta":{"footnotes":""},"class_list":["post-2373","page","type-page","status-publish","hentry","description-off"],"amp_enabled":true,"_links":{"self":[{"href":"http:\/\/www.erun-tech.com\/vi\/wp-json\/wp\/v2\/pages\/2373","targetHints":{"allow":["GET"]}}],"collection":[{"href":"http:\/\/www.erun-tech.com\/vi\/wp-json\/wp\/v2\/pages"}],"about":[{"href":"http:\/\/www.erun-tech.com\/vi\/wp-json\/wp\/v2\/types\/page"}],"author":[{"embeddable":true,"href":"http:\/\/www.erun-tech.com\/vi\/wp-json\/wp\/v2\/users\/1"}],"replies":[{"embeddable":true,"href":"http:\/\/www.erun-tech.com\/vi\/wp-json\/wp\/v2\/comments?post=2373"}],"version-history":[{"count":0,"href":"http:\/\/www.erun-tech.com\/vi\/wp-json\/wp\/v2\/pages\/2373\/revisions"}],"up":[{"embeddable":true,"href":"http:\/\/www.erun-tech.com\/vi\/wp-json\/wp\/v2\/pages\/1932"}],"wp:attachment":[{"href":"http:\/\/www.erun-tech.com\/vi\/wp-json\/wp\/v2\/media?parent=2373"}],"curies":[{"name":"wp","href":"https:\/\/api.w.org\/{rel}","templated":true}]}}