{"id":14243,"date":"2022-03-02T18:53:59","date_gmt":"2022-03-02T10:53:59","guid":{"rendered":"http:\/\/www.erun-tech.com\/?post_type=product&#038;p=14243"},"modified":"2024-03-27T22:05:04","modified_gmt":"2024-03-27T14:05:04","slug":"fengbishijiushengtingjishoufangzhuangzhi","status":"publish","type":"product","link":"http:\/\/www.erun-tech.com\/vi\/product\/fengbishijiushengtingjishoufangzhuangzhi","title":{"rendered":"Thuy\u1ec1n c\u1ee9u sinh k\u00edn v\u00e0 thi\u1ebft b\u1ecb thu ph\u00e1t"},"content":{"rendered":"<h2 style=\"text-align: center;\">Thuy\u1ec1n c\u1ee9u sinh k\u00edn v\u00e0 thi\u1ebft b\u1ecb thu ph\u00e1t<\/h2>\n<p>&nbsp;<\/p>\n<p><strong>C\u01a1 s\u1edf ph\u00e1p l\u00fd: \"Quy \u0111\u1ecbnh v\u1ec1 qu\u1ea3n l\u00fd \u0111\u00e0o t\u1ea1o thuy\u1ec1n vi\u00ean c\u1ee7a C\u1ed9ng h\u00f2a Nh\u00e2n d\u00e2n Trung Hoa\" (Ngh\u1ecb \u0111\u1ecbnh s\u1ed1 5 n\u0103m 2019 c\u1ee7a B\u1ed9 Giao th\u00f4ng V\u1eadn t\u1ea3i)<\/strong><br \/>\n<strong>\u4ea7\u54c1\u5206\u7c7b\uff1a\u57fa\u672c\u5b89\u5168\u5b9e\u8bad\u5ba4\uff08Z01) \u3001 \u7cbe\u901a\u6025\u6551\u5b9e\u8bad\u5ba4\uff08Z05\uff09<\/strong><br \/>\n<strong>\u4ea7\u54c1\u540d\u79f0\uff1a\u5c01\u95ed\u5f0f\u6551\u751f\u8247\u53ca\u6536\u653e\u88c5\u7f6e<\/strong><br \/>\n<strong>\u529f\u80fd\u8981\u6c42\uff1a\u5c01\u95ed\u5f0f\u6551\u751f\u8247\uff0c\u5c5e\u5177\u548c\u5907\u54c1\u9f50\u5168\u3002<\/strong><br \/>\n<strong>S\u1ed1 l\u01b0\u1ee3ng quy \u0111\u1ecbnh: 1 b\u1ed9<\/strong><\/p>\n<p>&nbsp;<\/p>\n<p><img decoding=\"async\" class=\"alignnone size-full wp-image-14245\" src=\"http:\/\/www.erun-tech.com\/wp-content\/uploads\/2022\/03\/20211126111902673.png\" width=\"906\" height=\"517\" srcset=\"http:\/\/www.erun-tech.com\/wp-content\/uploads\/2022\/03\/20211126111902673.png 906w, http:\/\/www.erun-tech.com\/wp-content\/uploads\/2022\/03\/20211126111902673-600x342.png 600w, http:\/\/www.erun-tech.com\/wp-content\/uploads\/2022\/03\/20211126111902673-300x171.png 300w, http:\/\/www.erun-tech.com\/wp-content\/uploads\/2022\/03\/20211126111902673-768x438.png 768w\" sizes=\"(max-width: 906px) 100vw, 906px\" title=\"\u5c01\u95ed\u5f0f\u6551\u751f\u8247\u53ca\u6536\u653e\u88c5\u7f6e\u63d2\u56fe\" alt=\"\u5c01\u95ed\u5f0f\u6551\u751f\u8247\u53ca\u6536\u653e\u88c5\u7f6e\u63d2\u56fe\" \/><\/p>\n<p>&nbsp;<\/p>\n<p>\u6ee1\u8db3MSC.47(66)\u300a1974\u5e74\u56fd\u9645\u6d77\u4e0a\u4eba\u547d\u5b89\u5168\u516c\u7ea6\u300b\u53ca\u5176\u4fee\u6b63\u6848\uff1bMSC48(66)\u300a\u56fd\u9645\u6551\u751f\u8bbe\u5907\u89c4\u5219\u300b(LSA\u53ca\u5176\u4fee\u6b63\u6848\uff1bMSC.81(70)\u300a\u7ecf\u4fee\u6b63\u7684\u6551\u751f\u8bbe\u5907\u8bd5\u9a8c\u5efa\u8bae\u300b\u53ca\u5176\u4fee\u6b63\u6848\u7684\u6709\u5173\u8981\u6c42\u3002<\/p>\n<p>Meet the MSC. 47 (66) the 1974 international safety of life at sea convention and its amendment;MSC48 (66) the international rescue equipment rules (LSA and its amendment;MSC. 81 (70) the revised life-saving equipment test and amendment of the relevant requirements.<\/p>\n<p>\u4e3b\u5c3a\u5ea6Main dimension: \u00a0\u00a0\u00a0\u00a0\u00a05.00\u00d72.20\u00d73.10m<\/p>\n<p>\u822a\u901fSailing speed: \u00a0\u00a0\u00a0\u00a0\u00a0\u00a0\u00a0\u00a0\u00a0\u2265 6Kn<\/p>\n<p>\u7a7a\u8247\u91cd\u91cfLight Weight: \u00a0\u00a0\u00a0\u00a0\u00a02107\u00a0kg<\/p>\n<p>\u6ee1\u8f7d\u91cd\u91cfFull Load weight: \u00a0\u00a04170\u00a0kg<\/p>\n<p>\u989d\u5b9a\u4e58\u5458Passengers: \u00a0\u00a0\u00a0\u00a0\u00a0\u00a0\u00a025P\uff08\u6551\u751fLife\uff09\/\u00a06P\uff08\u6551\u52a9Rescue\uff09<\/p>\n<p>\u53d1 \u52a8 \u673aEngine: \u00a0\u00a0\u00a0\u00a0\u00a0\u00a0\u00a0\u00a0\u00a0\u00a0\u67f4\u6cb9\u673a\u7ec4\u00a0Diesel<\/p>\n<p>\u578b \u00a0\u53f7Type: \u00a0\u00a0\u00a0\u00a0\u00a0\u00a0\u00a0\u00a0\u00a0\u00a0\u00a0\u00a0\u00a0\u00a0380J-3<\/p>\n<p>\u989d\u5b9a\u529f\u7387 power:\u00a0\u00a0\u00a0\u00a0\u00a0\u00a0\u00a0\u00a0\u00a0\u00a0\u00a0\u00a020.6kw<\/p>\n<p>\u8f6c\u901f(\u5168\u8d1f\u8377)rpm: \u00a0\u00a0\u00a0\u00a0\u00a0\u00a0\u00a0\u00a0\u00a0\u00a02800rpm<\/p>\n<p>\u51b7\u5374\u65b9\u5f0fCooling modes: \u00a0\u00a0\u00a0\u95ed\u5f0f\u51b7\u5374 closed<\/p>\n<p>\u542f\u52a8\u65b9\u5f0fStart modes: \u00a0\u00a0\u00a0\u00a0\u00a0\u00a0\u72ec\u7acb\u7535\u6c60\u8d77\u52a8 \u00a0\u00a0battery to start<\/p>\n<p>\u63a8\u8fdb\u65b9\u5f0fPropulsive modes: \u00a0\u87ba\u65cb\u6868airscrew<\/p>\n<p>\u71c3\u6cb9fuel oil\uff1a \u00a0\u00a0\u00a0\u00a0\u00a0\u00a0\u00a0\u00a0\u00a0\u00a0\u00a0\u00a00#\u6216-35#\uff08GB252-87\uff09<\/p>\n<p>&nbsp;<\/p>\n<p><img decoding=\"async\" class=\"alignnone size-full wp-image-14246\" src=\"http:\/\/www.erun-tech.com\/wp-content\/uploads\/2022\/03\/20161221134859_69040.jpg_o.jpg\" width=\"730\" height=\"730\" srcset=\"http:\/\/www.erun-tech.com\/wp-content\/uploads\/2022\/03\/20161221134859_69040.jpg_o.jpg 730w, http:\/\/www.erun-tech.com\/wp-content\/uploads\/2022\/03\/20161221134859_69040.jpg_o-300x300.jpg 300w, http:\/\/www.erun-tech.com\/wp-content\/uploads\/2022\/03\/20161221134859_69040.jpg_o-200x200.jpg 200w, http:\/\/www.erun-tech.com\/wp-content\/uploads\/2022\/03\/20161221134859_69040.jpg_o-600x600.jpg 600w, http:\/\/www.erun-tech.com\/wp-content\/uploads\/2022\/03\/20161221134859_69040.jpg_o-150x150.jpg 150w\" sizes=\"(max-width: 730px) 100vw, 730px\" title=\"\u5c01\u95ed\u5f0f\u6551\u751f\u8247\u53ca\u6536\u653e\u88c5\u7f6e\u63d2\u56fe1\" alt=\"\u5c01\u95ed\u5f0f\u6551\u751f\u8247\u53ca\u6536\u653e\u88c5\u7f6e\u63d2\u56fe1\" \/><\/p>","protected":false},"excerpt":{"rendered":"<p>\u5c01\u95ed\u5f0f\u6551\u751f\u8247\u53ca\u6536\u653e\u88c5\u7f6e &nbsp; \u6cd5\u5f8b\u4f9d\u636e\uff1a\u300a\u4e2d\u534e\u4eba\u6c11\u5171\u548c\u56fd\u8239\u5458\u57f9\u8bad\u7ba1\u7406\u89c4\u5219\u300b\uff08\u4ea4\u901a\u8fd0\u8f93\u90e8\u4ee4 2019 \u5e74&hellip;<\/p>","protected":false},"featured_media":14246,"comment_status":"open","ping_status":"closed","template":"","meta":[],"product_brand":[],"product_cat":[33,322,36],"product_tag":[142,143],"class_list":{"0":"post-14243","1":"product","2":"type-product","3":"status-publish","4":"has-post-thumbnail","6":"product_cat-jibenanquanshixunshiz01","7":"product_cat-haishangjiaotonganquanjinengpeixun","8":"product_cat-jingtongjijiushixunshiz05","9":"product_tag-fengbishijiushengting","10":"product_tag-fengbishijiushengtingshifangcaozuobuzhou","11":"description-off","13":"first","14":"instock","15":"taxable","16":"shipping-taxable","17":"purchasable","18":"product-type-simple"},"_links":{"self":[{"href":"http:\/\/www.erun-tech.com\/vi\/wp-json\/wp\/v2\/product\/14243","targetHints":{"allow":["GET"]}}],"collection":[{"href":"http:\/\/www.erun-tech.com\/vi\/wp-json\/wp\/v2\/product"}],"about":[{"href":"http:\/\/www.erun-tech.com\/vi\/wp-json\/wp\/v2\/types\/product"}],"replies":[{"embeddable":true,"href":"http:\/\/www.erun-tech.com\/vi\/wp-json\/wp\/v2\/comments?post=14243"}],"wp:featuredmedia":[{"embeddable":true,"href":"http:\/\/www.erun-tech.com\/vi\/wp-json\/wp\/v2\/media\/14246"}],"wp:attachment":[{"href":"http:\/\/www.erun-tech.com\/vi\/wp-json\/wp\/v2\/media?parent=14243"}],"wp:term":[{"taxonomy":"product_brand","embeddable":true,"href":"http:\/\/www.erun-tech.com\/vi\/wp-json\/wp\/v2\/product_brand?post=14243"},{"taxonomy":"product_cat","embeddable":true,"href":"http:\/\/www.erun-tech.com\/vi\/wp-json\/wp\/v2\/product_cat?post=14243"},{"taxonomy":"product_tag","embeddable":true,"href":"http:\/\/www.erun-tech.com\/vi\/wp-json\/wp\/v2\/product_tag?post=14243"}],"curies":[{"name":"wp","href":"https:\/\/api.w.org\/{rel}","templated":true}]}}