{"id":14268,"date":"2022-03-02T22:35:56","date_gmt":"2022-03-02T14:35:56","guid":{"rendered":"http:\/\/www.erun-tech.com\/?post_type=product&#038;p=14268"},"modified":"2024-03-27T21:16:49","modified_gmt":"2024-03-27T13:16:49","slug":"chuanyonghuozaizidongbaojingxitong","status":"publish","type":"product","link":"http:\/\/www.erun-tech.com\/vi\/product\/chuanyonghuozaizidongbaojingxitong","title":{"rendered":"H\u1ec7 th\u1ed1ng b\u00e1o ch\u00e1y t\u1ef1 \u0111\u1ed9ng tr\u00ean t\u00e0u"},"content":{"rendered":"<h2 style=\"text-align: center;\">H\u1ec7 th\u1ed1ng b\u00e1o ch\u00e1y t\u1ef1 \u0111\u1ed9ng tr\u00ean t\u00e0u<\/h2>\n<p>&nbsp;<\/p>\n<div><strong>C\u01a1 s\u1edf ph\u00e1p l\u00fd: \"Quy \u0111\u1ecbnh v\u1ec1 qu\u1ea3n l\u00fd \u0111\u00e0o t\u1ea1o thuy\u1ec1n vi\u00ean c\u1ee7a C\u1ed9ng h\u00f2a Nh\u00e2n d\u00e2n Trung Hoa\" (Ngh\u1ecb \u0111\u1ecbnh s\u1ed1 5 n\u0103m 2019 c\u1ee7a B\u1ed9 Giao th\u00f4ng V\u1eadn t\u1ea3i)<\/strong><\/div>\n<div><strong>Ph\u00e2n lo\u1ea1i s\u1ea3n ph\u1ea9m: Ph\u00f2ng th\u1ef1c h\u00e0nh an to\u00e0n c\u01a1 b\u1ea3n (Z01)<\/strong><\/div>\n<div><strong>\u4ea7\u54c1\u540d\u79f0\uff1a\u8239\u7528\u706b\u707e\u81ea\u52a8\u62a5\u8b66\u7cfb\u7edf<\/strong><\/div>\n<div><strong>\u529f\u80fd\u8981\u6c42\uff1a\u5305\u62ec\u62a5\u8b66\u88c5\u7f6e\u53ca\u611f\u6e29\u3001\u611f\u70df\u63a2\u6d4b\u5668\u5404 2 \u53ea\u3002<\/strong><\/div>\n<div><strong>\u89c4\u5b9a\u6570\u91cf\uff1a\u57fa\u672c\u5b89\u5168\u5b9e\u8bad\u5ba4\uff08Z01\uff091 \u5957<\/strong><\/div>\n<div><\/div>\n<div><\/div>\n<table class=\"table\" width=\"100%\">\n<tbody>\n<tr>\n<td colspan=\"3\">\u4e00\u3001\u6982\u00a0\u00a0 \u8ff0<\/td>\n<\/tr>\n<tr>\n<td colspan=\"3\">\u00a0\u00a0\u00a0\u00a0 \u00a0JBS-MA\u58c1\u6302\u5f0f\u706b\u707e\u62a5\u8b66\u63a7\u5236\u5668(\u8239\u7528)\u662f\u6309\u8239\u7528\u6d88\u9632\u62a5\u8b66\u8981\u6c42\u800c\u8bbe\u8ba1\u7684\u706b\u707e\u62a5\u8b66\u63a7\u5236\u7cfb\u7edf\uff0c\u8bbe\u5907\u53ef\u914d\u63a5\u603b\u7ebf\u578b\u63a2\u6d4b\u5355\u5143\u4e5f\u53ef\u914d\u63a5\u591a\u7ebf\u578b\u63a2\u6d4b\u5355\u5143\uff0c\u4ea7\u54c1\u901a\u8fc7\u4e86CCS\u8239\u7ea7\u793e\u8ba4\u8bc1\u3002\u5b8c\u5168\u6ee1\u8db3\u8239\u7528\u6807\u51c6\u8981\u6c42\u7684\u5404\u9879\u6280\u672f\u6307\u6807\uff0c\u4e3b\u673a\u673a\u578b\u5206\u4e3a\u58c1\u6302\u5f0f\u3001\u7434\u53f0\u5d4c\u5165\u5f0f\uff0c\u603b\u7ebf\u5f0f\u5bb9\u91cf\u662f\u4e24\u56de\u8def398\u70b9\uff0c\u591a\u7ebf\u5f0f\u5bb9\u91cf\u662f12\u8def\uff0c\u4e3b\u673a\u5177\u6709\u81ea\u8bca\u65ad\u529f\u80fd\uff0c\u6545\u969c\u72b6\u6001\u4e0b\u706b\u8b66\u4f18\u5148\uff0c\u63a7\u5236\u5668\u91c7\u7528\u6db2\u6676\u4e2d\u82f1\u6587\u663e\u793a\u3001\u83dc\u5355\u64cd\u4f5c\u65b9\u5f0f\uff0c\u53ef\u663e\u793a\u5e76\u81ea\u52a8\u5b58\u50a8\u8fd0\u884c\u7684\u5404\u79cd\u4fe1\u606f\u8fbe999\u6761\u3002<\/td>\n<\/tr>\n<tr>\n<td colspan=\"3\">\u4e8c\u3001\u6027 \u80fd \u7279 \u70b9\uff1a<\/td>\n<\/tr>\n<tr>\n<td colspan=\"3\">\n<div>1\uff09\u6db2\u6676\u4e2d\u3001\u82f1\u6587\u53cc\u663e<\/div>\n<div>2\uff09\u826f\u597d\u7684\u4eba\u673a\u754c\u9762<i class=\"br\"><\/i>3\uff09\u603b\u7ebf\u4e0e\u591a\u7ebf\u5747\u53ef\u7075\u6d3b\u9009\u62e9<\/div>\n<div>4\uff09\u4f53\u8d34\u3001\u65b9\u4fbf\u7684\u7f16\u7a0b\u8bbe\u8ba1<i class=\"br\"><\/i>5\uff09\u5b9e\u65f6\u9ed1\u5323\u5b50\u8bb0\u5f55\u529f\u80fd<\/div>\n<div>6\uff09\u53ef\u9760\u7684\u81ea\u8bca\u65ad\u529f\u80fd\u548c\u4fdd\u62a4\u529f\u80fd<i class=\"br\"><\/i>7\uff09\u53ef\u8fde\u63a5\u8239\u7528\u822a\u884c\u8bb0\u5f55\u4eea\u3001\u53ef\u79bb\u7ebf\u7f16\u7a0b<\/div>\n<div>8\uff09\u5b8c\u5584\u7684\u81ea\u52a8\u8865\u507f\u529f\u80fd<i class=\"br\"><\/i>9\uff09\u9009\u6d4b\u4e0d\u540c\u7c7b\u578b\u7684\u63a2\u6d4b\u5668\u53ef\u6ee1\u8db3\u4e0d\u7528\u7684\u4f7f\u7528\u8981\u6c42<\/div>\n<\/td>\n<\/tr>\n<tr>\n<td colspan=\"3\">\u4e09\u3001\u6280 \u672f \u53c2 \u6570\uff1a<\/td>\n<\/tr>\n<tr>\n<td colspan=\"3\">\n<div>1\u3001\u5de5\u4f5c\u7535\u6e90\uff1a\u4e3b\u7535\u6e90\uff1aAC220V \u00b115%\/50HZ<\/div>\n<div>\u00a0\u00a0\u00a0\u00a0\u00a0\u00a0\u00a0\u00a0\u00a0\u00a0\u00a0\u00a0\u00a0 \u5907\u7528\u7535\u6c6012V\/10AH\u4e24\u8282<\/div>\n<div>2\u3001\u7cfb\u7edf\u5bb9\u91cf\uff1a\u603b\u7ebf\u5f0f\uff1a\u4e24\u56de\u8def398\u70b9\uff1b\u591a\u7ebf\u5f0f\uff1a12\u8def<i class=\"br\"><\/i>3\u3001\u73af\u5883\u6e29\u5ea6\uff1a-10\uff5e55\u2103<i class=\"br\"><\/i>4\u3001\u73af\u5883\u6e7f\u5ea6\uff1a\u226495%\uff0840\u2103\uff09<i class=\"br\"><\/i>5\u3001\u9759\u6001\u529f\u8017\uff1a220V\/500mA<i class=\"br\"><\/i>6\u3001\u89e6\u70b9\u5bb9\u91cf\uff1aDC30V\/1A<\/div>\n<div>7\u3001\u9632\u62a4\u7b49\u7ea7\uff1aIP20<\/div>\n<div>8\u3001\u5916\u5f62\u5c3a\u5bf8\uff1a320mm X 520mm X 115mm<\/div>\n<\/td>\n<\/tr>\n<\/tbody>\n<\/table>","protected":false},"excerpt":{"rendered":"<p>\u8239\u7528\u706b\u707e\u81ea\u52a8\u62a5\u8b66\u7cfb\u7edf &nbsp; \u6cd5\u5f8b\u4f9d\u636e\uff1a\u300a\u4e2d\u534e\u4eba\u6c11\u5171\u548c\u56fd\u8239\u5458\u57f9\u8bad\u7ba1\u7406\u89c4\u5219\u300b\uff08\u4ea4\u901a\u8fd0\u8f93\u90e8\u4ee4 2019 \u5e74\u7b2c&hellip;<\/p>","protected":false},"featured_media":14270,"comment_status":"open","ping_status":"closed","template":"","meta":[],"product_brand":[],"product_cat":[33],"product_tag":[147,146],"class_list":{"0":"post-14268","1":"product","2":"type-product","3":"status-publish","4":"has-post-thumbnail","6":"product_cat-jibenanquanshixunshiz01","7":"product_tag-huozaizidongbaojingxitong","8":"product_tag-chuanyonghuozaizidongbaojingxitong","9":"description-off","11":"first","12":"instock","13":"taxable","14":"shipping-taxable","15":"purchasable","16":"product-type-simple"},"_links":{"self":[{"href":"http:\/\/www.erun-tech.com\/vi\/wp-json\/wp\/v2\/product\/14268","targetHints":{"allow":["GET"]}}],"collection":[{"href":"http:\/\/www.erun-tech.com\/vi\/wp-json\/wp\/v2\/product"}],"about":[{"href":"http:\/\/www.erun-tech.com\/vi\/wp-json\/wp\/v2\/types\/product"}],"replies":[{"embeddable":true,"href":"http:\/\/www.erun-tech.com\/vi\/wp-json\/wp\/v2\/comments?post=14268"}],"wp:featuredmedia":[{"embeddable":true,"href":"http:\/\/www.erun-tech.com\/vi\/wp-json\/wp\/v2\/media\/14270"}],"wp:attachment":[{"href":"http:\/\/www.erun-tech.com\/vi\/wp-json\/wp\/v2\/media?parent=14268"}],"wp:term":[{"taxonomy":"product_brand","embeddable":true,"href":"http:\/\/www.erun-tech.com\/vi\/wp-json\/wp\/v2\/product_brand?post=14268"},{"taxonomy":"product_cat","embeddable":true,"href":"http:\/\/www.erun-tech.com\/vi\/wp-json\/wp\/v2\/product_cat?post=14268"},{"taxonomy":"product_tag","embeddable":true,"href":"http:\/\/www.erun-tech.com\/vi\/wp-json\/wp\/v2\/product_tag?post=14268"}],"curies":[{"name":"wp","href":"https:\/\/api.w.org\/{rel}","templated":true}]}}