{"id":14276,"date":"2022-03-03T09:03:12","date_gmt":"2022-03-03T01:03:12","guid":{"rendered":"http:\/\/www.erun-tech.com\/?post_type=product&#038;p=14276"},"modified":"2024-03-27T21:17:06","modified_gmt":"2024-03-27T13:17:06","slug":"gudingshuimiehuoxitong","status":"publish","type":"product","link":"http:\/\/www.erun-tech.com\/vi\/product\/gudingshuimiehuoxitong","title":{"rendered":"H\u1ec7 th\u1ed1ng ch\u1eefa ch\u00e1y b\u1eb1ng n\u01b0\u1edbc c\u1ed1 \u0111\u1ecbnh"},"content":{"rendered":"<h2 style=\"text-align: center;\">H\u1ec7 th\u1ed1ng ch\u1eefa ch\u00e1y b\u1eb1ng n\u01b0\u1edbc c\u1ed1 \u0111\u1ecbnh<\/h2>\n<p>&nbsp;<\/p>\n<div><strong>C\u01a1 s\u1edf ph\u00e1p l\u00fd: \"Quy \u0111\u1ecbnh v\u1ec1 qu\u1ea3n l\u00fd \u0111\u00e0o t\u1ea1o thuy\u1ec1n vi\u00ean c\u1ee7a C\u1ed9ng h\u00f2a Nh\u00e2n d\u00e2n Trung Hoa\" (Ngh\u1ecb \u0111\u1ecbnh s\u1ed1 5 n\u0103m 2019 c\u1ee7a B\u1ed9 Giao th\u00f4ng V\u1eadn t\u1ea3i)<\/strong><\/div>\n<div><strong>Ph\u00e2n lo\u1ea1i s\u1ea3n ph\u1ea9m: Ph\u00f2ng th\u1ef1c h\u00e0nh an to\u00e0n c\u01a1 b\u1ea3n (Z01)<\/strong><\/div>\n<div><strong>T\u00ean s\u1ea3n ph\u1ea9m: H\u1ec7 th\u1ed1ng ch\u1eefa ch\u00e1y b\u1eb1ng n\u01b0\u1edbc c\u1ed1 \u0111\u1ecbnh<\/strong><\/div>\n<div><strong>Y\u00eau c\u1ea7u ch\u1ee9c n\u0103ng: Phun n\u01b0\u1edbc<\/strong><\/div>\n<div><strong>S\u1ed1 l\u01b0\u1ee3ng quy \u0111\u1ecbnh: 1 b\u1ed9<\/strong><\/div>\n<div><\/div>\n<div><strong>T\u1ed5ng quan v\u1ec1 s\u1ea3n ph\u1ea9m:<\/strong><\/div>\n<div>\nXBC-ZW l\u00e0 b\u1ed9 b\u01a1m ch\u1eefa ch\u00e1y c\u00f3 b\u1ed9 \u1ed5n \u00e1p d\u1ef1 ph\u00f2ng. Thi\u1ebft b\u1ecb n\u00e0y bao g\u1ed3m b\u00ecnh kh\u00ed n\u00e9n m\u00e0ng, b\u01a1m t\u0103ng \u00e1p, h\u1ed9p \u0111i\u1ec1u khi\u1ec3n \u0111i\u1ec7n, \u0111\u1ed3ng h\u1ed3 \u0111o v\u00e0 ph\u1ee5 ki\u1ec7n \u1ed1ng d\u1eabn, v.v., ph\u00f9 h\u1ee3p cho c\u00e1c h\u1ec7 th\u1ed1ng c\u1ea5p n\u01b0\u1edbc ch\u1eefa ch\u00e1y nh\u01b0 h\u1ec7 th\u1ed1ng c\u1ea5p n\u01b0\u1edbc cho v\u00f2i ch\u1eefa ch\u00e1y v\u00e0 h\u1ec7 th\u1ed1ng phun n\u01b0\u1edbc t\u1ef1 \u0111\u1ed9ng trong c\u00e1c c\u00f4ng tr\u00ecnh x\u00e2y d\u1ef1ng nhi\u1ec1u t\u1ea7ng v\u00e0 cao t\u1ea7ng c\u00f3 y\u00eau c\u1ea7u t\u0103ng \u00e1p.<\/p>\n<p>\u00c1p su\u1ea5t l\u00e0m vi\u1ec7c cao nh\u1ea5t c\u1ee7a thi\u1ebft b\u1ecb n\u00e0y l\u1ea7n l\u01b0\u1ee3t l\u00e0 0,6 MPa, 1,0 MPa v\u00e0 1,6 MPa. Dung t\u00edch ch\u1ee9a n\u01b0\u1edbc ch\u1eefa ch\u00e1y l\u1edbn h\u01a1n 150 l\u00edt, 300 l\u00edt v\u00e0 450 l\u00edt. Dung t\u00edch n\u01b0\u1edbc \u1ed5n \u00e1p l\u1edbn h\u01a1n 50 l\u00edt. Khi s\u1eed d\u1ee5ng cho h\u1ec7 th\u1ed1ng v\u00f2i ch\u1eefa ch\u00e1y, l\u01b0u l\u01b0\u1ee3ng n\u01b0\u1edbc c\u1ee7a m\u1ed7i v\u00f2i l\u00e0 2,5 l\u00edt\/gi\u00e2y v\u00e0 5 l\u00edt\/gi\u00e2y, chi\u1ec1u d\u00e0i c\u1ed9t n\u01b0\u1edbc \u0111\u1ea7y \u0111\u1ee7 l\u00e0 7 m\u00e9t, 10 m\u00e9t v\u00e0 13 m\u00e9t.Khi s\u1eed d\u1ee5ng cho h\u1ec7 th\u1ed1ng phun n\u01b0\u1edbc t\u1ef1 \u0111\u1ed9ng, l\u01b0u l\u01b0\u1ee3ng c\u1ee7a m\u1ed7i v\u00f2i phun l\u00e0 1,0L\/S, \u00e1p su\u1ea5t v\u00f2i phun l\u00e0 0,1MPA.<\/p>\n<p>Thi\u1ebft b\u1ecb n\u00e0y c\u00f3 th\u1ec3 duy tr\u00ec \u00e1p su\u1ea5t ch\u1eefa ch\u00e1y trong h\u1ec7 th\u1ed1ng \u1ed1ng c\u1ea5p n\u01b0\u1edbc ch\u1eefa ch\u00e1y, \u0111\u1ed3ng th\u1eddi s\u1eed d\u1ee5ng l\u01b0\u1ee3ng n\u01b0\u1edbc ch\u1eefa ch\u00e1y \u0111\u01b0\u1ee3c d\u1ef1 tr\u1eef trong b\u1ed3n ch\u1ee9a n\u01b0\u1edbc \u00e1p su\u1ea5t kh\u00ed n\u00e9n trong 30 gi\u00e2y \u0111\u1ec3 \u0111\u1ea3m b\u1ea3o ngu\u1ed3n n\u01b0\u1edbc phun ch\u1eefa ch\u00e1y tr\u01b0\u1edbc khi b\u01a1m ch\u1eefa ch\u00e1y ho\u1ea1t \u0111\u1ed9ng. Thi\u1ebft b\u1ecb n\u00e0y s\u1eed d\u1ee5ng \u00e1p su\u1ea5t ho\u1ea1t \u0111\u1ed9ng \u0111\u01b0\u1ee3c c\u00e0i \u0111\u1eb7t trong b\u1ed3n ch\u1ee9a n\u01b0\u1edbc \u00e1p su\u1ea5t kh\u00ed n\u00e9n \u0111\u1ec3 \u0111i\u1ec1u khi\u1ec3n t\u00ecnh tr\u1ea1ng ho\u1ea1t \u0111\u1ed9ng c\u1ee7a b\u01a1m n\u01b0\u1edbc, t\u1eeb \u0111\u00f3 \u0111\u1ea1t \u0111\u01b0\u1ee3c ch\u1ee9c n\u0103ng t\u0103ng \u00e1p v\u00e0 \u1ed5n \u0111\u1ecbnh \u00e1p su\u1ea5t.<\/p><\/div>\n<div><\/div>\n<div>\n<p>3.1 Ph\u1ea3i trang b\u1ecb 1 m\u00e1y b\u01a1m ch\u1eefa ch\u00e1y, 1 h\u1ed9p kh\u1edfi \u0111\u1ed9ng, 1 van c\u00e1ch ly, 6 v\u00f2i ch\u1eefa ch\u00e1y, 6 h\u1ed9p \u1ed1ng n\u01b0\u1edbc, 6 v\u00f2i phun n\u01b0\u1edbc ch\u1eefa ch\u00e1y hai ch\u1ee9c n\u0103ng.<\/p>\n<p>3.2 Ngu\u1ed3n n\u01b0\u1edbc ch\u1eefa ch\u00e1y c\u00f3 th\u1ec3 s\u1eed d\u1ee5ng n\u01b0\u1edbc h\u1ed3 ho\u1eb7c n\u01b0\u1edbc t\u1eeb h\u1ec7 th\u1ed1ng \u1ed1ng ch\u1eefa ch\u00e1y trong tr\u01b0\u1eddng, \u00e1p su\u1ea5t \u0111\u1ea7u ra t\u1eeb 3KG \u0111\u1ebfn 6KG. C\u00e1c v\u00f2i ch\u1eefa ch\u00e1y, \u1ed1ng ch\u1eefa ch\u00e1y (chi\u1ec1u d\u00e0i \u1ed1ng ch\u1eefa ch\u00e1y kh\u00f4ng d\u01b0\u1edbi 20m) v\u00e0 h\u1ed9p \u0111\u1ef1ng \u1ed1ng ch\u1eefa ch\u00e1y \u0111\u01b0\u1ee3c ph\u00e2n b\u1ed1 \u1edf hai t\u1ea7ng tr\u00ean v\u00e0 d\u01b0\u1edbi c\u1ee7a kho ch\u1eefa ch\u00e1y.<\/p>\n<p>3.3 B\u01a1m ch\u1eefa ch\u00e1y v\u00e0 van c\u00e1ch ly ph\u1ea3i c\u00f3 ch\u1ee9ng ch\u1ec9 ki\u1ec3m \u0111\u1ecbnh t\u00e0u, v\u00e0 ph\u1ea3i cung c\u1ea5p b\u1ea3n g\u1ed1c ch\u1ee9ng ch\u1ec9 khi b\u00e0n giao v\u00e0 nghi\u1ec7m thu.<\/p>\n<p>3.4 \u1ed0ng ch\u1eefa ch\u00e1y \u0111\u01b0\u1ee3c s\u01a1n m\u00e0u theo ti\u00eau chu\u1ea9n h\u00e0ng h\u1ea3i.<\/p>\n<p>3.5 Bao g\u1ed3m l\u1eafp \u0111\u1eb7t, \u0111i\u1ec1u ch\u1ec9nh v\u00e0 v\u1eadt li\u1ec7u ph\u1ee5 tr\u1ee3.<\/p>\n<\/div>","protected":false},"excerpt":{"rendered":"<p>\u56fa\u5b9a\u6c34\u706d\u706b\u7cfb\u7edf &nbsp; \u6cd5\u5f8b\u4f9d\u636e\uff1a\u300a\u4e2d\u534e\u4eba\u6c11\u5171\u548c\u56fd\u8239\u5458\u57f9\u8bad\u7ba1\u7406\u89c4\u5219\u300b\uff08\u4ea4\u901a\u8fd0\u8f93\u90e8\u4ee4 2019 \u5e74\u7b2c 5 &hellip;<\/p>","protected":false},"featured_media":14277,"comment_status":"open","ping_status":"closed","template":"","meta":[],"product_brand":[],"product_cat":[33],"product_tag":[150,151,152],"class_list":{"0":"post-14276","1":"product","2":"type-product","3":"status-publish","4":"has-post-thumbnail","6":"product_cat-jibenanquanshixunshiz01","7":"product_tag-gudingshuimiehuoxitong","8":"product_tag-gudingxiaofangshuixitong","9":"product_tag-chuanbogudingshuimiehuoxitong","10":"description-off","12":"first","13":"instock","14":"taxable","15":"shipping-taxable","16":"purchasable","17":"product-type-simple"},"_links":{"self":[{"href":"http:\/\/www.erun-tech.com\/vi\/wp-json\/wp\/v2\/product\/14276","targetHints":{"allow":["GET"]}}],"collection":[{"href":"http:\/\/www.erun-tech.com\/vi\/wp-json\/wp\/v2\/product"}],"about":[{"href":"http:\/\/www.erun-tech.com\/vi\/wp-json\/wp\/v2\/types\/product"}],"replies":[{"embeddable":true,"href":"http:\/\/www.erun-tech.com\/vi\/wp-json\/wp\/v2\/comments?post=14276"}],"wp:featuredmedia":[{"embeddable":true,"href":"http:\/\/www.erun-tech.com\/vi\/wp-json\/wp\/v2\/media\/14277"}],"wp:attachment":[{"href":"http:\/\/www.erun-tech.com\/vi\/wp-json\/wp\/v2\/media?parent=14276"}],"wp:term":[{"taxonomy":"product_brand","embeddable":true,"href":"http:\/\/www.erun-tech.com\/vi\/wp-json\/wp\/v2\/product_brand?post=14276"},{"taxonomy":"product_cat","embeddable":true,"href":"http:\/\/www.erun-tech.com\/vi\/wp-json\/wp\/v2\/product_cat?post=14276"},{"taxonomy":"product_tag","embeddable":true,"href":"http:\/\/www.erun-tech.com\/vi\/wp-json\/wp\/v2\/product_tag?post=14276"}],"curies":[{"name":"wp","href":"https:\/\/api.w.org\/{rel}","templated":true}]}}