{"id":14347,"date":"2022-03-03T11:10:32","date_gmt":"2022-03-03T03:10:32","guid":{"rendered":"http:\/\/www.erun-tech.com\/?post_type=product&#038;p=14347"},"modified":"2024-03-27T22:10:30","modified_gmt":"2024-03-27T14:10:30","slug":"bengdaisanjiaojinzhixuedai-jiaban","status":"publish","type":"product","link":"http:\/\/www.erun-tech.com\/vi\/product\/bengdaisanjiaojinzhixuedai-jiaban","title":{"rendered":"B\u0103ng g\u1ea1c, kh\u0103n tam gi\u00e1c, b\u0103ng c\u1ea7m m\u00e1u, n\u1eb9p"},"content":{"rendered":"<h2 style=\"text-align: center;\">B\u0103ng g\u1ea1c, kh\u0103n tam gi\u00e1c, b\u0103ng c\u1ea7m m\u00e1u, n\u1eb9p (d\u00f9ng cho chi tr\u00ean v\u00e0 chi d\u01b0\u1edbi)<\/h2>\n<div><strong>C\u01a1 s\u1edf ph\u00e1p l\u00fd: \"Quy \u0111\u1ecbnh v\u1ec1 qu\u1ea3n l\u00fd \u0111\u00e0o t\u1ea1o thuy\u1ec1n vi\u00ean c\u1ee7a C\u1ed9ng h\u00f2a Nh\u00e2n d\u00e2n Trung Hoa\" (Ngh\u1ecb \u0111\u1ecbnh s\u1ed1 5 n\u0103m 2019 c\u1ee7a B\u1ed9 Giao th\u00f4ng V\u1eadn t\u1ea3i)<\/strong><\/div>\n<div><strong>Ph\u00e2n lo\u1ea1i s\u1ea3n ph\u1ea9m: Ph\u00f2ng th\u1ef1c h\u00e0nh an to\u00e0n c\u01a1 b\u1ea3n (Z01), Ph\u00f2ng th\u1ef1c h\u00e0nh c\u1ea5p c\u1ee9u chuy\u00ean s\u00e2u (Z05), Ph\u00f2ng th\u1ef1c h\u00e0nh y t\u1ebf tr\u00ean t\u00e0u (Z06)<\/strong><\/div>\n<div><strong>T\u00ean s\u1ea3n ph\u1ea9m: B\u0103ng qu\u1ea5n, kh\u0103n tam gi\u00e1c, b\u0103ng c\u1ea7m m\u00e1u, n\u1eb9p<\/strong><\/div>\n<div><strong>Y\u00eau c\u1ea7u ch\u1ee9c n\u0103ng: \u00cdt nh\u1ea5t ph\u1ea3i c\u00f3 20 (b\u1ed9) m\u1ed7i lo\u1ea1i.<\/strong><\/div>\n<div><strong>S\u1ed1 l\u01b0\u1ee3ng quy \u0111\u1ecbnh: \u00cdt nh\u1ea5t ph\u1ea3i c\u00f3 20 b\u1ed9 (b\u1ed9)<\/strong><\/div>\n<div><\/div>\n<h3>b\u0103ng<\/h3>\n<div><strong><img decoding=\"async\" class=\"alignnone size-full wp-image-14350\" src=\"http:\/\/www.erun-tech.com\/wp-content\/uploads\/2022\/03\/10425950877_1080078554.jpg\" width=\"750\" height=\"772\" alt=\"undefined\" srcset=\"http:\/\/www.erun-tech.com\/wp-content\/uploads\/2022\/03\/10425950877_1080078554.jpg 750w, http:\/\/www.erun-tech.com\/wp-content\/uploads\/2022\/03\/10425950877_1080078554-600x618.jpg 600w, http:\/\/www.erun-tech.com\/wp-content\/uploads\/2022\/03\/10425950877_1080078554-291x300.jpg 291w\" sizes=\"(max-width: 750px) 100vw, 750px\" title=\"\u7ef7\u5e26\u3001\u4e09\u89d2\u5dfe\u3001\u6b62\u8840\u5e26\u3001 \u5939\u677f\u63d2\u56fe\" \/><\/strong><\/div>\n<h3>kh\u0103n tam gi\u00e1c<\/h3>\n<div><img decoding=\"async\" class=\"alignnone size-full wp-image-14351\" src=\"http:\/\/www.erun-tech.com\/wp-content\/uploads\/2022\/03\/O1CN01tUXYFv1MZgdk9ccTm_2204177531449-0-cib.jpg\" width=\"800\" height=\"800\" srcset=\"http:\/\/www.erun-tech.com\/wp-content\/uploads\/2022\/03\/O1CN01tUXYFv1MZgdk9ccTm_2204177531449-0-cib.jpg 800w, http:\/\/www.erun-tech.com\/wp-content\/uploads\/2022\/03\/O1CN01tUXYFv1MZgdk9ccTm_2204177531449-0-cib-300x300.jpg 300w, http:\/\/www.erun-tech.com\/wp-content\/uploads\/2022\/03\/O1CN01tUXYFv1MZgdk9ccTm_2204177531449-0-cib-200x200.jpg 200w, http:\/\/www.erun-tech.com\/wp-content\/uploads\/2022\/03\/O1CN01tUXYFv1MZgdk9ccTm_2204177531449-0-cib-600x600.jpg 600w, http:\/\/www.erun-tech.com\/wp-content\/uploads\/2022\/03\/O1CN01tUXYFv1MZgdk9ccTm_2204177531449-0-cib-150x150.jpg 150w, http:\/\/www.erun-tech.com\/wp-content\/uploads\/2022\/03\/O1CN01tUXYFv1MZgdk9ccTm_2204177531449-0-cib-768x768.jpg 768w\" sizes=\"(max-width: 800px) 100vw, 800px\" title=\"\u7ef7\u5e26\u3001\u4e09\u89d2\u5dfe\u3001\u6b62\u8840\u5e26\u3001 \u5939\u677f\u63d2\u56fe1\" alt=\"\u7ef7\u5e26\u3001\u4e09\u89d2\u5dfe\u3001\u6b62\u8840\u5e26\u3001 \u5939\u677f\u63d2\u56fe1\" \/><\/div>\n<h3><\/h3>\n<h3><strong>d\u00e2y bu\u1ed9c c\u1ea7m m\u00e1u<\/strong><\/h3>\n<div><img decoding=\"async\" class=\"alignnone size-full wp-image-14352\" src=\"http:\/\/www.erun-tech.com\/wp-content\/uploads\/2022\/03\/22345409061_1667039998.jpg\" width=\"800\" height=\"800\" alt=\"undefined\" srcset=\"http:\/\/www.erun-tech.com\/wp-content\/uploads\/2022\/03\/22345409061_1667039998.jpg 800w, http:\/\/www.erun-tech.com\/wp-content\/uploads\/2022\/03\/22345409061_1667039998-300x300.jpg 300w, http:\/\/www.erun-tech.com\/wp-content\/uploads\/2022\/03\/22345409061_1667039998-200x200.jpg 200w, http:\/\/www.erun-tech.com\/wp-content\/uploads\/2022\/03\/22345409061_1667039998-600x600.jpg 600w, http:\/\/www.erun-tech.com\/wp-content\/uploads\/2022\/03\/22345409061_1667039998-150x150.jpg 150w, http:\/\/www.erun-tech.com\/wp-content\/uploads\/2022\/03\/22345409061_1667039998-768x768.jpg 768w\" sizes=\"(max-width: 800px) 100vw, 800px\" title=\"\u7ef7\u5e26\u3001\u4e09\u89d2\u5dfe\u3001\u6b62\u8840\u5e26\u3001 \u5939\u677f\u63d2\u56fe2\" \/><\/div>\n<div><\/div>\n<h3>n\u1eb9p<\/h3>\n<p><img decoding=\"async\" class=\"alignnone size-full wp-image-14353\" src=\"http:\/\/www.erun-tech.com\/wp-content\/uploads\/2022\/03\/16801847344_905493322.jpg\" width=\"1280\" height=\"1280\" srcset=\"http:\/\/www.erun-tech.com\/wp-content\/uploads\/2022\/03\/16801847344_905493322.jpg 1280w, http:\/\/www.erun-tech.com\/wp-content\/uploads\/2022\/03\/16801847344_905493322-300x300.jpg 300w, http:\/\/www.erun-tech.com\/wp-content\/uploads\/2022\/03\/16801847344_905493322-200x200.jpg 200w, http:\/\/www.erun-tech.com\/wp-content\/uploads\/2022\/03\/16801847344_905493322-600x600.jpg 600w, http:\/\/www.erun-tech.com\/wp-content\/uploads\/2022\/03\/16801847344_905493322-1024x1024.jpg 1024w, http:\/\/www.erun-tech.com\/wp-content\/uploads\/2022\/03\/16801847344_905493322-150x150.jpg 150w, http:\/\/www.erun-tech.com\/wp-content\/uploads\/2022\/03\/16801847344_905493322-768x768.jpg 768w\" sizes=\"(max-width: 1280px) 100vw, 1280px\" title=\"\u7ef7\u5e26\u3001\u4e09\u89d2\u5dfe\u3001\u6b62\u8840\u5e26\u3001 \u5939\u677f\u63d2\u56fe3\" alt=\"\u7ef7\u5e26\u3001\u4e09\u89d2\u5dfe\u3001\u6b62\u8840\u5e26\u3001 \u5939\u677f\u63d2\u56fe3\" \/><\/p>\n<p>&nbsp;<\/p>\n<div><\/div>","protected":false},"excerpt":{"rendered":"<p>B\u0103ng g\u1ea1c, kh\u0103n tam gi\u00e1c, b\u0103ng c\u1ea7m m\u00e1u, n\u1eb9p (d\u00f9ng cho chi tr\u00ean v\u00e0 chi d\u01b0\u1edbi)<\/p>","protected":false},"featured_media":14350,"comment_status":"open","ping_status":"closed","template":"","meta":[],"product_brand":[],"product_cat":[33,322,36,37],"product_tag":[169,171,170,168],"class_list":{"0":"post-14347","1":"product","2":"type-product","3":"status-publish","4":"has-post-thumbnail","6":"product_cat-jibenanquanshixunshiz01","7":"product_cat-haishangjiaotonganquanjinengpeixun","8":"product_cat-jingtongjijiushixunshiz05","9":"product_cat-chuanshangyihushixunshiz06","10":"product_tag-sanjiaojin","11":"product_tag-jiaban","12":"product_tag-zhixuedai","13":"product_tag-bengdai","14":"description-off","16":"first","17":"instock","18":"taxable","19":"shipping-taxable","20":"purchasable","21":"product-type-simple"},"_links":{"self":[{"href":"http:\/\/www.erun-tech.com\/vi\/wp-json\/wp\/v2\/product\/14347","targetHints":{"allow":["GET"]}}],"collection":[{"href":"http:\/\/www.erun-tech.com\/vi\/wp-json\/wp\/v2\/product"}],"about":[{"href":"http:\/\/www.erun-tech.com\/vi\/wp-json\/wp\/v2\/types\/product"}],"replies":[{"embeddable":true,"href":"http:\/\/www.erun-tech.com\/vi\/wp-json\/wp\/v2\/comments?post=14347"}],"wp:featuredmedia":[{"embeddable":true,"href":"http:\/\/www.erun-tech.com\/vi\/wp-json\/wp\/v2\/media\/14350"}],"wp:attachment":[{"href":"http:\/\/www.erun-tech.com\/vi\/wp-json\/wp\/v2\/media?parent=14347"}],"wp:term":[{"taxonomy":"product_brand","embeddable":true,"href":"http:\/\/www.erun-tech.com\/vi\/wp-json\/wp\/v2\/product_brand?post=14347"},{"taxonomy":"product_cat","embeddable":true,"href":"http:\/\/www.erun-tech.com\/vi\/wp-json\/wp\/v2\/product_cat?post=14347"},{"taxonomy":"product_tag","embeddable":true,"href":"http:\/\/www.erun-tech.com\/vi\/wp-json\/wp\/v2\/product_tag?post=14347"}],"curies":[{"name":"wp","href":"https:\/\/api.w.org\/{rel}","templated":true}]}}