{"id":14358,"date":"2022-03-03T11:26:01","date_gmt":"2022-03-03T03:26:01","guid":{"rendered":"http:\/\/www.erun-tech.com\/?post_type=product&#038;p=14358"},"modified":"2024-03-27T22:11:12","modified_gmt":"2024-03-27T14:11:12","slug":"guojiguoneiyouguanfaguiheziliao","status":"publish","type":"product","link":"http:\/\/www.erun-tech.com\/vi\/product\/guojiguoneiyouguanfaguiheziliao","title":{"rendered":"C\u00e1c quy \u0111\u1ecbnh v\u00e0 t\u00e0i li\u1ec7u li\u00ean quan qu\u1ed1c t\u1ebf v\u00e0 trong n\u01b0\u1edbc"},"content":{"rendered":"<h2 style=\"text-align: center;\">C\u00e1c quy \u0111\u1ecbnh v\u00e0 t\u00e0i li\u1ec7u li\u00ean quan qu\u1ed1c t\u1ebf v\u00e0 trong n\u01b0\u1edbc<\/h2>\n<p>&nbsp;<\/p>\n<div><strong>C\u01a1 s\u1edf ph\u00e1p l\u00fd: \"Quy \u0111\u1ecbnh v\u1ec1 qu\u1ea3n l\u00fd \u0111\u00e0o t\u1ea1o thuy\u1ec1n vi\u00ean c\u1ee7a C\u1ed9ng h\u00f2a Nh\u00e2n d\u00e2n Trung Hoa\" (Ngh\u1ecb \u0111\u1ecbnh s\u1ed1 5 n\u0103m 2019 c\u1ee7a B\u1ed9 Giao th\u00f4ng V\u1eadn t\u1ea3i)<\/strong><\/div>\n<div><strong>Ph\u00e2n lo\u1ea1i s\u1ea3n ph\u1ea9m: Ph\u00f2ng th\u1ef1c h\u00e0nh an to\u00e0n c\u01a1 b\u1ea3n (Z01)<\/strong><\/div>\n<div><strong>T\u00ean s\u1ea3n ph\u1ea9m: C\u00e1c quy \u0111\u1ecbnh v\u00e0 t\u00e0i li\u1ec7u li\u00ean quan qu\u1ed1c t\u1ebf v\u00e0 trong n\u01b0\u1edbc<\/strong><\/div>\n<div><strong>Y\u00eau c\u1ea7u ch\u1ee9c n\u0103ng: Hi\u1ec7p \u01b0\u1edbc qu\u1ed1c t\u1ebf v\u1ec1 \u0111\u00e0o t\u1ea1o, c\u1ea5p ch\u1ee9ng ch\u1ec9 v\u00e0 ti\u00eau chu\u1ea9n tr\u1ef1c ca cho thuy\u1ec1n vi\u00ean (STCW), Hi\u1ec7p \u01b0\u1edbc qu\u1ed1c t\u1ebf v\u1ec1 ph\u00f2ng ng\u1eeba \u00f4 nhi\u1ec5m t\u1eeb t\u00e0u bi\u1ec3n (MARPOL), Hi\u1ec7p \u01b0\u1edbc qu\u1ed1c t\u1ebf v\u1ec1 an to\u00e0n sinh m\u1ea1ng tr\u00ean bi\u1ec3n (SOLAS), Hi\u1ec7p \u01b0\u1edbc lao \u0111\u1ed9ng h\u00e0ng h\u1ea3i 2006 (MLC), Quy t\u1eafc qu\u1ed1c t\u1ebf v\u1ec1 thi\u1ebft b\u1ecb c\u1ee9u sinh (LSA), Quy t\u1eafc qu\u1ed1c t\u1ebf v\u1ec1 h\u1ec7 th\u1ed1ng an to\u00e0n ph\u00f2ng ch\u00e1y ch\u1eefa ch\u00e1y (FSS), H\u01b0\u1edbng d\u1eabn v\u1ec1 m\u1ec7t m\u1ecfi (guideline on fatigue), Quy t\u1eafc qu\u1ea3n l\u00fd an to\u00e0n qu\u1ed1c t\u1ebf (ISMCode),<br \/>\nK\u1ebf ho\u1ea1ch \u1ee9ng ph\u00f3 kh\u1ea9n c\u1ea5p \u00f4 nhi\u1ec5m d\u1ea7u t\u00e0u bi\u1ec3n (SOPEP), Quy t\u1eafc an to\u00e0n lao \u0111\u1ed9ng cho thuy\u1ec1n vi\u00ean (Code of Safe Working Practices for Seafarers), Lu\u1eadt Lao \u0111\u1ed9ng c\u1ee7a C\u1ed9ng h\u00f2a Nh\u00e2n d\u00e2n Trung Hoa, Lu\u1eadt M\u00f4i tr\u01b0\u1eddng bi\u1ec3n, Quy \u0111\u1ecbnh v\u1ec1 ph\u00f2ng ng\u1eeba \u00f4 nhi\u1ec5m m\u00f4i tr\u01b0\u1eddng bi\u1ec3n do t\u00e0u bi\u1ec3n g\u00e2y ra, v.v.<\/strong><\/div>\n<div><strong>S\u1ed1 l\u01b0\u1ee3ng quy \u0111\u1ecbnh: 2 b\u1ed9<\/strong><\/div>","protected":false},"excerpt":{"rendered":"<p>\u56fd\u9645\u3001\u56fd\u5185\u6709\u5173\u6cd5\u89c4\u548c\u8d44\u6599 &nbsp; \u6cd5\u5f8b\u4f9d\u636e\uff1a\u300a\u4e2d\u534e\u4eba\u6c11\u5171\u548c\u56fd\u8239\u5458\u57f9\u8bad\u7ba1\u7406\u89c4\u5219\u300b\uff08\u4ea4\u901a\u8fd0\u8f93\u90e8\u4ee4 2019 &hellip;<\/p>","protected":false},"featured_media":14359,"comment_status":"open","ping_status":"closed","template":"","meta":[],"product_brand":[],"product_cat":[33,322],"product_tag":[175,177,176],"class_list":{"0":"post-14358","1":"product","2":"type-product","3":"status-publish","4":"has-post-thumbnail","6":"product_cat-jibenanquanshixunshiz01","7":"product_cat-haishangjiaotonganquanjinengpeixun","8":"product_tag-zhibanbiaozhunguojigongyuestcw","9":"product_tag-guojihaishangrenminganquangongyuesolas","10":"product_tag-fangzhichuanbozaochengwuranguojigongyuemarpol","11":"description-off","13":"first","14":"instock","15":"taxable","16":"shipping-taxable","17":"purchasable","18":"product-type-simple"},"_links":{"self":[{"href":"http:\/\/www.erun-tech.com\/vi\/wp-json\/wp\/v2\/product\/14358","targetHints":{"allow":["GET"]}}],"collection":[{"href":"http:\/\/www.erun-tech.com\/vi\/wp-json\/wp\/v2\/product"}],"about":[{"href":"http:\/\/www.erun-tech.com\/vi\/wp-json\/wp\/v2\/types\/product"}],"replies":[{"embeddable":true,"href":"http:\/\/www.erun-tech.com\/vi\/wp-json\/wp\/v2\/comments?post=14358"}],"wp:featuredmedia":[{"embeddable":true,"href":"http:\/\/www.erun-tech.com\/vi\/wp-json\/wp\/v2\/media\/14359"}],"wp:attachment":[{"href":"http:\/\/www.erun-tech.com\/vi\/wp-json\/wp\/v2\/media?parent=14358"}],"wp:term":[{"taxonomy":"product_brand","embeddable":true,"href":"http:\/\/www.erun-tech.com\/vi\/wp-json\/wp\/v2\/product_brand?post=14358"},{"taxonomy":"product_cat","embeddable":true,"href":"http:\/\/www.erun-tech.com\/vi\/wp-json\/wp\/v2\/product_cat?post=14358"},{"taxonomy":"product_tag","embeddable":true,"href":"http:\/\/www.erun-tech.com\/vi\/wp-json\/wp\/v2\/product_tag?post=14358"}],"curies":[{"name":"wp","href":"https:\/\/api.w.org\/{rel}","templated":true}]}}