{"id":14360,"date":"2022-03-03T11:31:57","date_gmt":"2022-03-03T03:31:57","guid":{"rendered":"http:\/\/www.erun-tech.com\/?post_type=product&#038;p=14360"},"modified":"2024-03-27T21:18:21","modified_gmt":"2024-03-27T13:18:21","slug":"shiyongyuchuanshanganquandebaohuzhuangzhi","status":"publish","type":"product","link":"http:\/\/www.erun-tech.com\/vi\/product\/shiyongyuchuanshanganquandebaohuzhuangzhi","title":{"rendered":"Thi\u1ebft b\u1ecb b\u1ea3o v\u1ec7 an to\u00e0n tr\u00ean t\u00e0u"},"content":{"rendered":"<h2 style=\"text-align: center;\">Thi\u1ebft b\u1ecb b\u1ea3o v\u1ec7 an to\u00e0n tr\u00ean t\u00e0u<\/h2>\n<p>&nbsp;<\/p>\n<div><strong>C\u01a1 s\u1edf ph\u00e1p l\u00fd: \"Quy \u0111\u1ecbnh v\u1ec1 qu\u1ea3n l\u00fd \u0111\u00e0o t\u1ea1o thuy\u1ec1n vi\u00ean c\u1ee7a C\u1ed9ng h\u00f2a Nh\u00e2n d\u00e2n Trung Hoa\" (Ngh\u1ecb \u0111\u1ecbnh s\u1ed1 5 n\u0103m 2019 c\u1ee7a B\u1ed9 Giao th\u00f4ng V\u1eadn t\u1ea3i)<\/strong><\/div>\n<div><strong>Ph\u00e2n lo\u1ea1i s\u1ea3n ph\u1ea9m: Ph\u00f2ng th\u1ef1c h\u00e0nh an to\u00e0n c\u01a1 b\u1ea3n (Z01)<\/strong><\/div>\n<div><strong>T\u00ean s\u1ea3n ph\u1ea9m: Thi\u1ebft b\u1ecb b\u1ea3o v\u1ec7 an to\u00e0n tr\u00ean t\u00e0u<\/strong><\/div>\n<div><strong>Y\u00eau c\u1ea7u v\u1ec1 ch\u1ee9c n\u0103ng: Gi\u00e0y b\u1ea3o h\u1ed9 \u1ed1ng d\u00e0i, g\u0103ng tay b\u1ea3o h\u1ed9, m\u1eb7t n\u1ea1 ch\u1ed1ng b\u1ee5i, k\u00ednh b\u1ea3o h\u1ed9 k\u00edn kh\u00ed, n\u00fat tai, d\u00e2y an to\u00e0n, b\u1ea3ng h\u01b0\u1edbng d\u1eabn s\u1eed d\u1ee5ng v\u00e0 c\u00e1c l\u01b0u \u00fd an to\u00e0n ph\u00f9 h\u1ee3p v\u1edbi c\u00e1c thi\u1ebft b\u1ecb tr\u00ean.<\/strong><\/div>\n<div><strong>S\u1ed1 l\u01b0\u1ee3ng quy \u0111\u1ecbnh: 10 b\u1ed9<\/strong><\/div>\n<div><\/div>\n<div><\/div>","protected":false},"excerpt":{"rendered":"<p>\u9002\u7528\u4e8e\u8239\u4e0a\u5b89\u5168\u7684\u4fdd\u62a4\u88c5\u7f6e &nbsp; \u6cd5\u5f8b\u4f9d\u636e\uff1a\u300a\u4e2d\u534e\u4eba\u6c11\u5171\u548c\u56fd\u8239\u5458\u57f9\u8bad\u7ba1\u7406\u89c4\u5219\u300b\uff08\u4ea4\u901a\u8fd0\u8f93\u90e8\u4ee4 2019 &hellip;<\/p>","protected":false},"featured_media":14361,"comment_status":"open","ping_status":"closed","template":"","meta":[],"product_brand":[],"product_cat":[33],"product_tag":[179,178],"class_list":{"0":"post-14360","1":"product","2":"type-product","3":"status-publish","4":"has-post-thumbnail","6":"product_cat-jibenanquanshixunshiz01","7":"product_tag-jibenanquan","8":"product_tag-shiyongyuchuanshanganquandebaohuzhuangzhi","9":"description-off","11":"first","12":"instock","13":"taxable","14":"shipping-taxable","15":"purchasable","16":"product-type-simple"},"_links":{"self":[{"href":"http:\/\/www.erun-tech.com\/vi\/wp-json\/wp\/v2\/product\/14360","targetHints":{"allow":["GET"]}}],"collection":[{"href":"http:\/\/www.erun-tech.com\/vi\/wp-json\/wp\/v2\/product"}],"about":[{"href":"http:\/\/www.erun-tech.com\/vi\/wp-json\/wp\/v2\/types\/product"}],"replies":[{"embeddable":true,"href":"http:\/\/www.erun-tech.com\/vi\/wp-json\/wp\/v2\/comments?post=14360"}],"wp:featuredmedia":[{"embeddable":true,"href":"http:\/\/www.erun-tech.com\/vi\/wp-json\/wp\/v2\/media\/14361"}],"wp:attachment":[{"href":"http:\/\/www.erun-tech.com\/vi\/wp-json\/wp\/v2\/media?parent=14360"}],"wp:term":[{"taxonomy":"product_brand","embeddable":true,"href":"http:\/\/www.erun-tech.com\/vi\/wp-json\/wp\/v2\/product_brand?post=14360"},{"taxonomy":"product_cat","embeddable":true,"href":"http:\/\/www.erun-tech.com\/vi\/wp-json\/wp\/v2\/product_cat?post=14360"},{"taxonomy":"product_tag","embeddable":true,"href":"http:\/\/www.erun-tech.com\/vi\/wp-json\/wp\/v2\/product_tag?post=14360"}],"curies":[{"name":"wp","href":"https:\/\/api.w.org\/{rel}","templated":true}]}}