{"id":14362,"date":"2022-03-03T12:04:18","date_gmt":"2022-03-03T04:04:18","guid":{"rendered":"http:\/\/www.erun-tech.com\/?post_type=product&#038;p=14362"},"modified":"2024-03-27T22:14:52","modified_gmt":"2024-03-27T14:14:52","slug":"ceyangyiceduyifangdumianju","status":"publish","type":"product","link":"http:\/\/www.erun-tech.com\/vi\/product\/ceyangyiceduyifangdumianju","title":{"rendered":"M\u00e1y \u0111o oxy, m\u00e1y \u0111o \u0111\u1ed9c, m\u1eb7t n\u1ea1 ph\u00f2ng \u0111\u1ed9c"},"content":{"rendered":"<h2 style=\"text-align: center;\">M\u00e1y \u0111o oxy, m\u00e1y \u0111o \u0111\u1ed9c, m\u1eb7t n\u1ea1 ph\u00f2ng \u0111\u1ed9c<\/h2>\n<p>&nbsp;<\/p>\n<div><strong>C\u01a1 s\u1edf ph\u00e1p l\u00fd: \"Quy \u0111\u1ecbnh v\u1ec1 qu\u1ea3n l\u00fd \u0111\u00e0o t\u1ea1o thuy\u1ec1n vi\u00ean c\u1ee7a C\u1ed9ng h\u00f2a Nh\u00e2n d\u00e2n Trung Hoa\" (Ngh\u1ecb \u0111\u1ecbnh s\u1ed1 5 n\u0103m 2019 c\u1ee7a B\u1ed9 Giao th\u00f4ng V\u1eadn t\u1ea3i)<\/strong><\/div>\n<div><strong>Ph\u00e2n lo\u1ea1i s\u1ea3n ph\u1ea9m: Ph\u00f2ng th\u1ef1c h\u00e0nh an to\u00e0n c\u01a1 b\u1ea3n (Z01), Ph\u00f2ng th\u1ef1c h\u00e0nh ph\u00f2ng ch\u00e1y ch\u1eefa ch\u00e1y n\u00e2ng cao (Z04)<\/strong><\/div>\n<div><strong>T\u00ean s\u1ea3n ph\u1ea9m: M\u00e1y \u0111o oxy, m\u00e1y \u0111o \u0111\u1ed9c, m\u1eb7t n\u1ea1 ph\u00f2ng \u0111\u1ed9c<\/strong><\/div>\n<div><strong>Y\u00eau c\u1ea7u ch\u1ee9c n\u0103ng: M\u1eb7t n\u1ea1 ph\u00f2ng \u0111\u1ed9c ph\u1ea3i \u0111\u01b0\u1ee3c trang b\u1ecb c\u00e1c b\u00ecnh l\u1ecdc kh\u00e1c nhau, k\u00e8m theo b\u1ea3ng h\u01b0\u1edbng d\u1eabn s\u1eed d\u1ee5ng v\u00e0 c\u00e1c l\u01b0u \u00fd an to\u00e0n ph\u00f9 h\u1ee3p v\u1edbi c\u00e1c thi\u1ebft b\u1ecb tr\u00ean.<\/strong><\/div>\n<div><strong>S\u1ed1 l\u01b0\u1ee3ng quy \u0111\u1ecbnh: 2 b\u1ed9<\/strong><\/div>","protected":false},"excerpt":{"rendered":"<p>\u6d4b\u6c27\u4eea\u3001\u6d4b\u6bd2\u4eea\u3001\u9632\u6bd2\u9762\u5177 &nbsp; \u6cd5\u5f8b\u4f9d\u636e\uff1a\u300a\u4e2d\u534e\u4eba\u6c11\u5171\u548c\u56fd\u8239\u5458\u57f9\u8bad\u7ba1\u7406\u89c4\u5219\u300b\uff08\u4ea4\u901a\u8fd0\u8f93\u90e8\u4ee4 2019 &hellip;<\/p>","protected":false},"featured_media":14363,"comment_status":"open","ping_status":"closed","template":"","meta":[],"product_brand":[],"product_cat":[33,322,35],"product_tag":[181,180,182],"class_list":{"0":"post-14362","1":"product","2":"type-product","3":"status-publish","4":"has-post-thumbnail","6":"product_cat-jibenanquanshixunshiz01","7":"product_cat-haishangjiaotonganquanjinengpeixun","8":"product_cat-gaojixiaofangshixunshiz04","9":"product_tag-ceduyi","10":"product_tag-ceyangyi","11":"product_tag-fangdumianju","12":"description-off","14":"first","15":"instock","16":"taxable","17":"shipping-taxable","18":"purchasable","19":"product-type-simple"},"_links":{"self":[{"href":"http:\/\/www.erun-tech.com\/vi\/wp-json\/wp\/v2\/product\/14362","targetHints":{"allow":["GET"]}}],"collection":[{"href":"http:\/\/www.erun-tech.com\/vi\/wp-json\/wp\/v2\/product"}],"about":[{"href":"http:\/\/www.erun-tech.com\/vi\/wp-json\/wp\/v2\/types\/product"}],"replies":[{"embeddable":true,"href":"http:\/\/www.erun-tech.com\/vi\/wp-json\/wp\/v2\/comments?post=14362"}],"wp:featuredmedia":[{"embeddable":true,"href":"http:\/\/www.erun-tech.com\/vi\/wp-json\/wp\/v2\/media\/14363"}],"wp:attachment":[{"href":"http:\/\/www.erun-tech.com\/vi\/wp-json\/wp\/v2\/media?parent=14362"}],"wp:term":[{"taxonomy":"product_brand","embeddable":true,"href":"http:\/\/www.erun-tech.com\/vi\/wp-json\/wp\/v2\/product_brand?post=14362"},{"taxonomy":"product_cat","embeddable":true,"href":"http:\/\/www.erun-tech.com\/vi\/wp-json\/wp\/v2\/product_cat?post=14362"},{"taxonomy":"product_tag","embeddable":true,"href":"http:\/\/www.erun-tech.com\/vi\/wp-json\/wp\/v2\/product_tag?post=14362"}],"curies":[{"name":"wp","href":"https:\/\/api.w.org\/{rel}","templated":true}]}}