{"id":14374,"date":"2022-03-03T12:32:36","date_gmt":"2022-03-03T04:32:36","guid":{"rendered":"http:\/\/www.erun-tech.com\/?post_type=product&#038;p=14374"},"modified":"2024-03-27T22:01:16","modified_gmt":"2024-03-27T14:01:16","slug":"lajihuishouzhuangzhi","status":"publish","type":"product","link":"http:\/\/www.erun-tech.com\/vi\/product\/lajihuishouzhuangzhi","title":{"rendered":"Thi\u1ebft b\u1ecb thu gom r\u00e1c th\u1ea3i"},"content":{"rendered":"<div>\n<h2 style=\"text-align: center;\">Thi\u1ebft b\u1ecb thu gom r\u00e1c th\u1ea3i t\u00e0u bi\u1ec3n<\/h2>\n<\/div>\n<div><\/div>\n<div><strong>C\u01a1 s\u1edf ph\u00e1p l\u00fd: \"Quy \u0111\u1ecbnh v\u1ec1 qu\u1ea3n l\u00fd \u0111\u00e0o t\u1ea1o thuy\u1ec1n vi\u00ean c\u1ee7a C\u1ed9ng h\u00f2a Nh\u00e2n d\u00e2n Trung Hoa\" (Ngh\u1ecb \u0111\u1ecbnh s\u1ed1 5 n\u0103m 2019 c\u1ee7a B\u1ed9 Giao th\u00f4ng V\u1eadn t\u1ea3i)<\/strong><\/div>\n<div><strong>Ph\u00e2n lo\u1ea1i s\u1ea3n ph\u1ea9m: Ph\u00f2ng th\u1ef1c h\u00e0nh an to\u00e0n c\u01a1 b\u1ea3n (Z01)<\/strong><\/div>\n<div><strong>T\u00ean s\u1ea3n ph\u1ea9m: Thi\u1ebft b\u1ecb thu gom r\u00e1c<\/strong><\/div>\n<div><strong>Y\u00eau c\u1ea7u k\u1ef9 thu\u1eadt: Ph\u1ea3i trang b\u1ecb h\u1ec7 th\u1ed1ng thu gom r\u00e1c th\u1ea3i theo quy \u0111\u1ecbnh v\u1ec1 ph\u00e2n lo\u1ea1i r\u00e1c th\u1ea3i tr\u00ean t\u00e0u.<\/strong><\/div>\n<div><strong>S\u1ed1 l\u01b0\u1ee3ng quy \u0111\u1ecbnh: m\u1ed9t s\u1ed1<\/strong><\/div>","protected":false},"excerpt":{"rendered":"<p>\u8239\u8236\u5783\u573e\u56de\u6536\u88c5\u7f6e \u6cd5\u5f8b\u4f9d\u636e\uff1a\u300a\u4e2d\u534e\u4eba\u6c11\u5171\u548c\u56fd\u8239\u5458\u57f9\u8bad\u7ba1\u7406\u89c4\u5219\u300b\uff08\u4ea4\u901a\u8fd0\u8f93\u90e8\u4ee4 2019 \u5e74\u7b2c 5 \u53f7\uff09 \u4ea7\u54c1\u5206&hellip;<\/p>","protected":false},"featured_media":14375,"comment_status":"open","ping_status":"closed","template":"","meta":[],"product_brand":[],"product_cat":[33,322],"product_tag":[],"class_list":{"0":"post-14374","1":"product","2":"type-product","3":"status-publish","4":"has-post-thumbnail","6":"product_cat-jibenanquanshixunshiz01","7":"product_cat-haishangjiaotonganquanjinengpeixun","8":"description-off","10":"first","11":"instock","12":"taxable","13":"shipping-taxable","14":"purchasable","15":"product-type-simple"},"_links":{"self":[{"href":"http:\/\/www.erun-tech.com\/vi\/wp-json\/wp\/v2\/product\/14374","targetHints":{"allow":["GET"]}}],"collection":[{"href":"http:\/\/www.erun-tech.com\/vi\/wp-json\/wp\/v2\/product"}],"about":[{"href":"http:\/\/www.erun-tech.com\/vi\/wp-json\/wp\/v2\/types\/product"}],"replies":[{"embeddable":true,"href":"http:\/\/www.erun-tech.com\/vi\/wp-json\/wp\/v2\/comments?post=14374"}],"wp:featuredmedia":[{"embeddable":true,"href":"http:\/\/www.erun-tech.com\/vi\/wp-json\/wp\/v2\/media\/14375"}],"wp:attachment":[{"href":"http:\/\/www.erun-tech.com\/vi\/wp-json\/wp\/v2\/media?parent=14374"}],"wp:term":[{"taxonomy":"product_brand","embeddable":true,"href":"http:\/\/www.erun-tech.com\/vi\/wp-json\/wp\/v2\/product_brand?post=14374"},{"taxonomy":"product_cat","embeddable":true,"href":"http:\/\/www.erun-tech.com\/vi\/wp-json\/wp\/v2\/product_cat?post=14374"},{"taxonomy":"product_tag","embeddable":true,"href":"http:\/\/www.erun-tech.com\/vi\/wp-json\/wp\/v2\/product_tag?post=14374"}],"curies":[{"name":"wp","href":"https:\/\/api.w.org\/{rel}","templated":true}]}}