{"id":14381,"date":"2022-03-03T13:02:47","date_gmt":"2022-03-03T05:02:47","guid":{"rendered":"http:\/\/www.erun-tech.com\/?post_type=product&#038;p=14381"},"modified":"2024-03-27T21:20:05","modified_gmt":"2024-03-27T13:20:05","slug":"ziyoujiangluoshijiushengtingjiqijiangluoshebei","status":"publish","type":"product","link":"http:\/\/www.erun-tech.com\/vi\/product\/ziyoujiangluoshijiushengtingjiqijiangluoshebei","title":{"rendered":"Thuy\u1ec1n c\u1ee9u sinh t\u1ef1 do h\u1ea1 c\u00e1nh v\u00e0 thi\u1ebft b\u1ecb h\u1ea1 c\u00e1nh c\u1ee7a n\u00f3"},"content":{"rendered":"<h2 style=\"text-align: center;\">Thuy\u1ec1n c\u1ee9u sinh t\u1ef1 do h\u1ea1 c\u00e1nh v\u00e0 thi\u1ebft b\u1ecb h\u1ea1 c\u00e1nh c\u1ee7a n\u00f3<\/h2>\n<div><\/div>\n<div><strong>C\u01a1 s\u1edf ph\u00e1p l\u00fd: \"Quy \u0111\u1ecbnh v\u1ec1 qu\u1ea3n l\u00fd \u0111\u00e0o t\u1ea1o thuy\u1ec1n vi\u00ean c\u1ee7a C\u1ed9ng h\u00f2a Nh\u00e2n d\u00e2n Trung Hoa\" (Ngh\u1ecb \u0111\u1ecbnh s\u1ed1 5 n\u0103m 2019 c\u1ee7a B\u1ed9 Giao th\u00f4ng V\u1eadn t\u1ea3i)<\/strong><\/div>\n<div><strong>Ph\u00e2n lo\u1ea1i s\u1ea3n ph\u1ea9m: Thuy\u1ec1n c\u1ee9u sinh v\u00e0 thuy\u1ec1n c\u1ee9u h\u1ed9 (Z02)<br \/>\n<\/strong><\/div>\n<div><strong>T\u00ean s\u1ea3n ph\u1ea9m: Thuy\u1ec1n c\u1ee9u sinh t\u1ef1 do h\u1ea1 c\u00e1nh v\u00e0 thi\u1ebft b\u1ecb h\u1ea1 c\u00e1nh c\u1ee7a n\u00f3<\/strong><\/div>\n<div><strong>Y\u00eau c\u1ea7u ch\u1ee9c n\u0103ng: Thuy\u1ec1n c\u1ee9u sinh ki\u1ec3u r\u01a1i t\u1ef1 do v\u00e0 thi\u1ebft b\u1ecb h\u1ea1 c\u00e1nh c\u1ee7a n\u00f3.<\/strong><\/div>\n<div><strong>S\u1ed1 l\u01b0\u1ee3ng quy \u0111\u1ecbnh: 1 b\u1ed9<\/strong><\/div>\n<div><\/div>\n<div><img decoding=\"async\" class=\"alignnone size-full wp-image-14391\" src=\"http:\/\/www.erun-tech.com\/wp-content\/uploads\/2022\/03\/20210720105644_89244.jpg\" width=\"1100\" height=\"706\" srcset=\"http:\/\/www.erun-tech.com\/wp-content\/uploads\/2022\/03\/20210720105644_89244.jpg 1100w, http:\/\/www.erun-tech.com\/wp-content\/uploads\/2022\/03\/20210720105644_89244-600x385.jpg 600w, http:\/\/www.erun-tech.com\/wp-content\/uploads\/2022\/03\/20210720105644_89244-300x193.jpg 300w, http:\/\/www.erun-tech.com\/wp-content\/uploads\/2022\/03\/20210720105644_89244-1024x657.jpg 1024w, http:\/\/www.erun-tech.com\/wp-content\/uploads\/2022\/03\/20210720105644_89244-768x493.jpg 768w\" sizes=\"(max-width: 1100px) 100vw, 1100px\" title=\"\u81ea\u7531\u964d\u843d\u5f0f\u6551\u751f\u8247\u53ca\u5176\u964d\u843d\u8bbe\u5907\u63d2\u56fe\" alt=\"\u81ea\u7531\u964d\u843d\u5f0f\u6551\u751f\u8247\u53ca\u5176\u964d\u843d\u8bbe\u5907\u63d2\u56fe\" \/><\/div>","protected":false},"excerpt":{"rendered":"<p>\u81ea\u7531\u964d\u843d\u5f0f\u6551\u751f\u8247\u53ca\u5176\u964d\u843d\u8bbe\u5907 \u6cd5\u5f8b\u4f9d\u636e\uff1a\u300a\u4e2d\u534e\u4eba\u6c11\u5171\u548c\u56fd\u8239\u5458\u57f9\u8bad\u7ba1\u7406\u89c4\u5219\u300b\uff08\u4ea4\u901a\u8fd0\u8f93\u90e8\u4ee4 2019 \u5e74\u7b2c 5 &hellip;<\/p>","protected":false},"featured_media":14391,"comment_status":"open","ping_status":"closed","template":"","meta":[],"product_brand":[],"product_cat":[34],"product_tag":[197,196,198],"class_list":{"0":"post-14381","1":"product","2":"type-product","3":"status-publish","4":"has-post-thumbnail","6":"product_cat-tingfashixunshiz02","7":"product_tag-ziyoujiangluoshijiushengting","8":"product_tag-ziyoujiangluoshijiushengtingjiqijiangluoshebei","9":"product_tag-ziyoujiangluoshijiushengtingtingjia","10":"description-off","12":"first","13":"instock","14":"taxable","15":"shipping-taxable","16":"purchasable","17":"product-type-simple"},"_links":{"self":[{"href":"http:\/\/www.erun-tech.com\/vi\/wp-json\/wp\/v2\/product\/14381","targetHints":{"allow":["GET"]}}],"collection":[{"href":"http:\/\/www.erun-tech.com\/vi\/wp-json\/wp\/v2\/product"}],"about":[{"href":"http:\/\/www.erun-tech.com\/vi\/wp-json\/wp\/v2\/types\/product"}],"replies":[{"embeddable":true,"href":"http:\/\/www.erun-tech.com\/vi\/wp-json\/wp\/v2\/comments?post=14381"}],"wp:featuredmedia":[{"embeddable":true,"href":"http:\/\/www.erun-tech.com\/vi\/wp-json\/wp\/v2\/media\/14391"}],"wp:attachment":[{"href":"http:\/\/www.erun-tech.com\/vi\/wp-json\/wp\/v2\/media?parent=14381"}],"wp:term":[{"taxonomy":"product_brand","embeddable":true,"href":"http:\/\/www.erun-tech.com\/vi\/wp-json\/wp\/v2\/product_brand?post=14381"},{"taxonomy":"product_cat","embeddable":true,"href":"http:\/\/www.erun-tech.com\/vi\/wp-json\/wp\/v2\/product_cat?post=14381"},{"taxonomy":"product_tag","embeddable":true,"href":"http:\/\/www.erun-tech.com\/vi\/wp-json\/wp\/v2\/product_tag?post=14381"}],"curies":[{"name":"wp","href":"https:\/\/api.w.org\/{rel}","templated":true}]}}