{"id":14384,"date":"2022-03-03T13:21:57","date_gmt":"2022-03-03T05:21:57","guid":{"rendered":"http:\/\/www.erun-tech.com\/?post_type=product&#038;p=14384"},"modified":"2024-03-27T22:07:26","modified_gmt":"2024-03-27T14:07:26","slug":"jiushengtingfashangdewuxiandianjiushengshebei","status":"publish","type":"product","link":"http:\/\/www.erun-tech.com\/vi\/product\/jiushengtingfashangdewuxiandianjiushengshebei","title":{"rendered":"Thi\u1ebft b\u1ecb c\u1ee9u sinh v\u00f4 tuy\u1ebfn tr\u00ean b\u00e8 c\u1ee9u sinh"},"content":{"rendered":"<h2 style=\"text-align: center;\">Thi\u1ebft b\u1ecb c\u1ee9u sinh v\u00f4 tuy\u1ebfn tr\u00ean b\u00e8 c\u1ee9u sinh<\/h2>\n<p>&nbsp;<\/p>\n<div><strong>C\u01a1 s\u1edf ph\u00e1p l\u00fd: \"Quy \u0111\u1ecbnh v\u1ec1 qu\u1ea3n l\u00fd \u0111\u00e0o t\u1ea1o thuy\u1ec1n vi\u00ean c\u1ee7a C\u1ed9ng h\u00f2a Nh\u00e2n d\u00e2n Trung Hoa\" (Ngh\u1ecb \u0111\u1ecbnh s\u1ed1 5 n\u0103m 2019 c\u1ee7a B\u1ed9 Giao th\u00f4ng V\u1eadn t\u1ea3i)<\/strong><\/div>\n<div><strong>Ph\u00e2n lo\u1ea1i s\u1ea3n ph\u1ea9m: Thuy\u1ec1n c\u1ee9u sinh v\u00e0 thuy\u1ec1n c\u1ee9u h\u1ed9 (Z02)<br \/>\n<\/strong><\/div>\n<div><strong>\u4ea7\u54c1\u540d\u79f0\uff1a\u6551\u751f\u8247\u7b4f\u4e0a\u7684\u65e0\u7ebf\u7535\u6551\u751f\u8bbe\u5907<\/strong><\/div>\n<div><strong>\u529f\u80fd\u8981\u6c42\uff1a\u641c\u6551\u96f7\u8fbe\u5e94\u7b54\u5668\u3001\u536b\u661f\u5e94\u6025\u65e0\u7ebf\u7535\u793a\u4f4d\u6807\u5404 1 \u53f0\u3001\u53cc\u5411\u65e0\u7ebf\u7535\u8bdd\u81f3\u5c11 2 \u90e8\u3002<\/strong><\/div>\n<div><strong>S\u1ed1 l\u01b0\u1ee3ng quy \u0111\u1ecbnh: 1 b\u1ed9<\/strong><\/div>","protected":false},"excerpt":{"rendered":"<p>\u6551\u751f\u8247\u7b4f\u4e0a\u7684\u65e0\u7ebf\u7535\u6551\u751f\u8bbe\u5907 &nbsp; \u6cd5\u5f8b\u4f9d\u636e\uff1a\u300a\u4e2d\u534e\u4eba\u6c11\u5171\u548c\u56fd\u8239\u5458\u57f9\u8bad\u7ba1\u7406\u89c4\u5219\u300b\uff08\u4ea4\u901a\u8fd0\u8f93\u90e8\u4ee4 2019&hellip;<\/p>","protected":false},"featured_media":14406,"comment_status":"open","ping_status":"closed","template":"","meta":[],"product_brand":[],"product_cat":[34],"product_tag":[205,206,204],"class_list":{"0":"post-14384","1":"product","2":"type-product","3":"status-publish","4":"has-post-thumbnail","6":"product_cat-tingfashixunshiz02","7":"product_tag-weixingyingjiwuxiandianshiweibiao","8":"product_tag-shuangxiangwuxiandianhua","9":"product_tag-soujiuleidayingdaqi","10":"description-off","12":"first","13":"instock","14":"taxable","15":"shipping-taxable","16":"purchasable","17":"product-type-simple"},"_links":{"self":[{"href":"http:\/\/www.erun-tech.com\/vi\/wp-json\/wp\/v2\/product\/14384","targetHints":{"allow":["GET"]}}],"collection":[{"href":"http:\/\/www.erun-tech.com\/vi\/wp-json\/wp\/v2\/product"}],"about":[{"href":"http:\/\/www.erun-tech.com\/vi\/wp-json\/wp\/v2\/types\/product"}],"replies":[{"embeddable":true,"href":"http:\/\/www.erun-tech.com\/vi\/wp-json\/wp\/v2\/comments?post=14384"}],"wp:featuredmedia":[{"embeddable":true,"href":"http:\/\/www.erun-tech.com\/vi\/wp-json\/wp\/v2\/media\/14406"}],"wp:attachment":[{"href":"http:\/\/www.erun-tech.com\/vi\/wp-json\/wp\/v2\/media?parent=14384"}],"wp:term":[{"taxonomy":"product_brand","embeddable":true,"href":"http:\/\/www.erun-tech.com\/vi\/wp-json\/wp\/v2\/product_brand?post=14384"},{"taxonomy":"product_cat","embeddable":true,"href":"http:\/\/www.erun-tech.com\/vi\/wp-json\/wp\/v2\/product_cat?post=14384"},{"taxonomy":"product_tag","embeddable":true,"href":"http:\/\/www.erun-tech.com\/vi\/wp-json\/wp\/v2\/product_tag?post=14384"}],"curies":[{"name":"wp","href":"https:\/\/api.w.org\/{rel}","templated":true}]}}