{"id":14414,"date":"2022-03-03T13:48:12","date_gmt":"2022-03-03T05:48:12","guid":{"rendered":"http:\/\/www.erun-tech.com\/?post_type=product&#038;p=14414"},"modified":"2024-03-27T21:21:33","modified_gmt":"2024-03-27T13:21:33","slug":"shengaopinwuxiandianhua","status":"publish","type":"product","link":"http:\/\/www.erun-tech.com\/vi\/product\/shengaopinwuxiandianhua","title":{"rendered":"VHF radio telephone"},"content":{"rendered":"<h2 style=\"text-align: center;\">VHF radio telephone<\/h2>\n<p>&nbsp;<\/p>\n<div><strong>C\u01a1 s\u1edf ph\u00e1p l\u00fd: \"Quy \u0111\u1ecbnh v\u1ec1 qu\u1ea3n l\u00fd \u0111\u00e0o t\u1ea1o thuy\u1ec1n vi\u00ean c\u1ee7a C\u1ed9ng h\u00f2a Nh\u00e2n d\u00e2n Trung Hoa\" (Ngh\u1ecb \u0111\u1ecbnh s\u1ed1 5 n\u0103m 2019 c\u1ee7a B\u1ed9 Giao th\u00f4ng V\u1eadn t\u1ea3i)<\/strong><\/div>\n<div><strong>Ph\u00e2n lo\u1ea1i s\u1ea3n ph\u1ea9m: Thuy\u1ec1n c\u1ee9u sinh v\u00e0 thuy\u1ec1n c\u1ee9u h\u1ed9 (Z03)<br \/>\n<\/strong><\/div>\n<div><strong>T\u00ean s\u1ea3n ph\u1ea9m: \u0110i\u1ec7n tho\u1ea1i v\u00f4 tuy\u1ebfn t\u1ea7n s\u1ed1 cao<\/strong><\/div>\n<div><strong>Y\u00eau c\u1ea7u ch\u1ee9c n\u0103ng: \u0110i\u1ec7n tho\u1ea1i v\u00f4 tuy\u1ebfn t\u1ea7n s\u1ed1 r\u1ea5t cao<\/strong><\/div>\n<div><strong>S\u1ed1 l\u01b0\u1ee3ng quy \u0111\u1ecbnh: 2 chi\u1ebfc<\/strong><\/div>\n<div><\/div>\n<div>\n<p><span data-spm-anchor-id=\"2013.1.0.i1.61584ed1haIqgU\">VH01 l\u00e0 \u0111i\u1ec7n tho\u1ea1i c\u1ee9u sinh hai chi\u1ec1u, thi\u1ebft b\u1ecb n\u00e0y ph\u1ea3i \u0111\u01b0\u1ee3c ki\u1ec3m tra b\u1edfi c\u01a1 quan ki\u1ec3m \u0111\u1ecbnh t\u00e0u thuy\u1ec1n v\u00e0 ph\u1ea3i mang theo.<\/span>Gi\u1ea5y ch\u1ee9ng nh\u1eadn ki\u1ec3m tra t\u00e0u CCS. VH01 l\u00e0 d\u1ef1 ph\u00f2ng kh\u1ea9n c\u1ea5p, kh\u00f4ng s\u1eed d\u1ee5ng h\u00e0ng ng\u00e0y.<\/p>\n<p>VH01 v\u00e0 VH02 \u0111\u1ec1u c\u00f3 th\u1ec3 cung c\u1ea5p ng\u1eabu nhi\u00ean s\u00e1ch h\u01b0\u1edbng d\u1eabn s\u1eed d\u1ee5ng, m\u1ed7i b\u1ed9 c\u00f3 m\u1ed9t b\u1ea3n.<\/p>\n<p data-spm-anchor-id=\"2013.1.0.i0.61584ed1haIqgU\">\u00a0CY-VH01 l\u00e0 \u0111i\u1ec7n tho\u1ea1i v\u00f4 tuy\u1ebfn VHF hai chi\u1ec1u \u0111\u01b0\u1ee3c thi\u1ebft k\u1ebf v\u00e0 s\u1ea3n xu\u1ea5t theo ti\u00eau chu\u1ea9n qu\u1ed1c t\u1ebf IEC 61097-12 v\u00e0 y\u00eau c\u1ea7u c\u1ee7a MSC.149(77) c\u1ee7a H\u1ed9i \u0111\u1ed3ng An to\u00e0n H\u00e0ng h\u1ea3i Qu\u1ed1c t\u1ebf (IMO), ho\u00e0n to\u00e0n tu\u00e2n th\u1ee7 c\u00e1c y\u00eau c\u1ea7u li\u00ean quan c\u1ee7a H\u1ec7 th\u1ed1ng An to\u00e0n H\u00e0ng h\u1ea3i To\u00e0n c\u1ea7u (GMDSS) v\u00e0 \u0111\u00e3 \u0111\u01b0\u1ee3c C\u1ee5c An to\u00e0n H\u00e0ng h\u1ea3i Trung Qu\u1ed1c (CCS) c\u1ea5p ch\u1ee9ng nh\u1eadn ki\u1ec3u lo\u1ea1i. Ch\u1ee7 y\u1ebfu \u0111\u01b0\u1ee3c s\u1eed d\u1ee5ng l\u00e0m thi\u1ebft b\u1ecb v\u00f4 tuy\u1ebfn li\u00ean l\u1ea1c gi\u1eefa ng\u01b0\u1eddi g\u1eb7p n\u1ea1n v\u00e0 nh\u00e2n vi\u00ean c\u1ee9u h\u1ed9, c\u00f3 th\u1ec3 s\u1eed d\u1ee5ng t\u1ea5t c\u1ea3 c\u00e1c k\u00eanh VHF \u0111\u01b0\u1ee3c ch\u1ec9 \u0111\u1ecbnh cho d\u1ecbch v\u1ee5 di \u0111\u1ed9ng qu\u1ed1c t\u1ebf tr\u00ean bi\u1ec3n, khi g\u1eb7p tr\u01b0\u1eddng h\u1ee3p kh\u1ea9n c\u1ea5p, c\u00f3 th\u1ec3 g\u1eedi t\u00edn hi\u1ec7u c\u1ee9u h\u1ed9 \u0111\u1ebfn c\u00e1c t\u00e0u kh\u00e1c ho\u1eb7c \u0111\u1ed9i tu\u1ea7n tra bi\u1ec3n tr\u00ean k\u00eanh 16, \u0111\u1ed3ng th\u1eddi c\u0169ng c\u00f3 th\u1ec3 \u0111\u00e1p \u1ee9ng nhu c\u1ea7u li\u00ean l\u1ea1c h\u00e0ng ng\u00e0y tr\u00ean t\u00e0u. C\u00f4ng su\u1ea5t ph\u00e1t \u0111\u1ea1t 5W, gi\u00fap li\u00ean l\u1ea1c \u1edf kho\u1ea3ng c\u00e1ch xa h\u01a1n.<br \/>\nM\u00e1y b\u1ed9 \u0111\u00e0m VHF hai chi\u1ec1u n\u00e0y c\u00f3 kh\u1ea3 n\u0103ng ch\u1ed1ng n\u01b0\u1edbc v\u00e0 ch\u1ed1ng s\u1ed1c xu\u1ea5t s\u1eafc, ch\u1ea5t l\u01b0\u1ee3ng cu\u1ed9c g\u1ecdi t\u1ed1t, c\u00f3 th\u1ec3 th\u00edch \u1ee9ng t\u1ed1t v\u1edbi m\u00f4i tr\u01b0\u1eddng kh\u1eafc nghi\u1ec7t tr\u00ean t\u00e0u; d\u1ec5 s\u1eed d\u1ee5ng, ngay c\u1ea3 ng\u01b0\u1eddi kh\u00f4ng c\u00f3 kinh nghi\u1ec7m c\u0169ng c\u00f3 th\u1ec3 v\u1eadn h\u00e0nh, h\u1ea7u h\u1ebft c\u00e1c ch\u1ee9c n\u0103ng c\u00f3 th\u1ec3 th\u1ef1c hi\u1ec7n b\u1eb1ng m\u1ed9t tay; hi\u1ec7u su\u1ea5t cao, \u0111\u1ed9 tin c\u1eady cao, m\u1ed7i m\u00e1y b\u1ed9 \u0111\u00e0m VHF hai chi\u1ec1u \u0111\u1ec1u \u0111\u01b0\u1ee3c ki\u1ec3m tra v\u00e0 th\u1eed nghi\u1ec7m nghi\u00eam ng\u1eb7t \u0111\u1ec3 \u0111\u1ea3m b\u1ea3o hi\u1ec7u su\u1ea5t v\u00e0 \u0111\u1ed9 tin c\u1eady \u0111\u1ea1t y\u00eau c\u1ea7u.<\/p>\n<p>&nbsp;<\/p>\n<p>D\u1ea3i t\u1ea7n s\u1ed1: 154-163MHz<br \/>\nKho\u1ea3ng c\u00e1ch k\u00eanh: 25kHz (12,5kHz t\u00f9y ch\u1ecdn)<br \/>\nNhi\u1ec7t \u0111\u1ed9 l\u00e0m vi\u1ec7c: -20\u2103 \u0111\u1ebfn +55\u2103<br \/>\n\u0110\u1ed9 nh\u1ea1y: 2\u03bcV cho 20 dB SINAD<br \/>\nC\u00f4ng su\u1ea5t l\u00e2n c\u1eadn: \uff1e70 dB<br \/>\nCh\u1eb7n: &gt;90 dB<br \/>\n\u1ee8c ch\u1ebf ph\u1ea3n h\u1ed3i t\u1ea1p \u00e2m: &gt;70 dB<br \/>\n\u0110\u1ed9 m\u00e9o \u0111i\u1ec1u ch\u1ebf: \uff1c5%<br \/>\nKh\u1ea3 n\u0103ng ch\u1ed1ng nhi\u1ec5u: &gt;68 dB<br \/>\nC\u00f4ng su\u1ea5t \u0111\u1ea7u ra t\u1ea7n s\u1ed1 v\u00f4 tuy\u1ebfn: 1W (Th\u1ea5p)\/5W (Cao)<br \/>\nDung sai t\u1ea7n s\u1ed1: \uff1c+1,5kHz<br \/>\nK\u00edch th\u01b0\u1edbc (R\u1ed9ng x Cao x S\u00e2u): 56 x 133 x 27,5 mm (kh\u00f4ng bao g\u1ed3m \u0103ng-ten v\u00e0 ch\u1ed1t.)<br \/>\nTr\u1ecdng l\u01b0\u1ee3ng: 280 g (bao g\u1ed3m pin, kh\u00f3a v\u00e0 \u0103ng-ten.)<\/p>\n<p>&nbsp;<\/p>\n<\/div>","protected":false},"excerpt":{"rendered":"<p>\u751a\u9ad8\u9891\u65e0\u7ebf\u7535\u8bdd &nbsp; \u6cd5\u5f8b\u4f9d\u636e\uff1a\u300a\u4e2d\u534e\u4eba\u6c11\u5171\u548c\u56fd\u8239\u5458\u57f9\u8bad\u7ba1\u7406\u89c4\u5219\u300b\uff08\u4ea4\u901a\u8fd0\u8f93\u90e8\u4ee4 2019 \u5e74\u7b2c 5 &hellip;<\/p>","protected":false},"featured_media":14416,"comment_status":"open","ping_status":"closed","template":"","meta":[],"product_brand":[],"product_cat":[190],"product_tag":[],"class_list":{"0":"post-14414","1":"product","2":"type-product","3":"status-publish","4":"has-post-thumbnail","6":"product_cat-jingtongkuaisujiuzhuting-z03","7":"description-off","9":"first","10":"instock","11":"taxable","12":"shipping-taxable","13":"purchasable","14":"product-type-simple"},"_links":{"self":[{"href":"http:\/\/www.erun-tech.com\/vi\/wp-json\/wp\/v2\/product\/14414","targetHints":{"allow":["GET"]}}],"collection":[{"href":"http:\/\/www.erun-tech.com\/vi\/wp-json\/wp\/v2\/product"}],"about":[{"href":"http:\/\/www.erun-tech.com\/vi\/wp-json\/wp\/v2\/types\/product"}],"replies":[{"embeddable":true,"href":"http:\/\/www.erun-tech.com\/vi\/wp-json\/wp\/v2\/comments?post=14414"}],"wp:featuredmedia":[{"embeddable":true,"href":"http:\/\/www.erun-tech.com\/vi\/wp-json\/wp\/v2\/media\/14416"}],"wp:attachment":[{"href":"http:\/\/www.erun-tech.com\/vi\/wp-json\/wp\/v2\/media?parent=14414"}],"wp:term":[{"taxonomy":"product_brand","embeddable":true,"href":"http:\/\/www.erun-tech.com\/vi\/wp-json\/wp\/v2\/product_brand?post=14414"},{"taxonomy":"product_cat","embeddable":true,"href":"http:\/\/www.erun-tech.com\/vi\/wp-json\/wp\/v2\/product_cat?post=14414"},{"taxonomy":"product_tag","embeddable":true,"href":"http:\/\/www.erun-tech.com\/vi\/wp-json\/wp\/v2\/product_tag?post=14414"}],"curies":[{"name":"wp","href":"https:\/\/api.w.org\/{rel}","templated":true}]}}