{"id":14415,"date":"2022-03-03T13:55:38","date_gmt":"2022-03-03T05:55:38","guid":{"rendered":"http:\/\/www.erun-tech.com\/?post_type=product&#038;p=14415"},"modified":"2024-03-27T21:21:40","modified_gmt":"2024-03-27T13:21:40","slug":"chongqishikuaisujiuzhuting","status":"publish","type":"product","link":"http:\/\/www.erun-tech.com\/vi\/product\/chongqishikuaisujiuzhuting","title":{"rendered":"Thuy\u1ec1n c\u1ee9u h\u1ed9 nhanh b\u01a1m h\u01a1i"},"content":{"rendered":"<h2 style=\"text-align: center;\">Thuy\u1ec1n c\u1ee9u h\u1ed9 nhanh b\u01a1m h\u01a1i<\/h2>\n<p>&nbsp;<\/p>\n<div><strong>C\u01a1 s\u1edf ph\u00e1p l\u00fd: \"Quy \u0111\u1ecbnh v\u1ec1 qu\u1ea3n l\u00fd \u0111\u00e0o t\u1ea1o thuy\u1ec1n vi\u00ean c\u1ee7a C\u1ed9ng h\u00f2a Nh\u00e2n d\u00e2n Trung Hoa\" (Ngh\u1ecb \u0111\u1ecbnh s\u1ed1 5 n\u0103m 2019 c\u1ee7a B\u1ed9 Giao th\u00f4ng V\u1eadn t\u1ea3i)<\/strong><\/div>\n<div><strong>Ph\u00e2n lo\u1ea1i s\u1ea3n ph\u1ea9m: Thuy\u1ec1n c\u1ee9u sinh v\u00e0 thuy\u1ec1n c\u1ee9u h\u1ed9 (Z03)<br \/>\n<\/strong><\/div>\n<div><strong>\u4ea7\u54c1\u540d\u79f0\uff1a\u5145\u6c14\u5f0f\u5feb\u901f\u6551\u52a9\u8247<\/strong><\/div>\n<div><strong>\u529f\u80fd\u8981\u6c42\uff1a\u5145\u6c14\u5f0f\u5feb\u901f\u6551\u52a9\u8247<\/strong><\/div>\n<div><strong>S\u1ed1 l\u01b0\u1ee3ng quy \u0111\u1ecbnh: 1 chi\u1ebfc<\/strong><\/div>","protected":false},"excerpt":{"rendered":"<p>C\u00f4ng ty TNHH C\u00f4ng ngh\u1ec7 Yirun V\u0169 H\u00e1n cung c\u1ea5p thuy\u1ec1n c\u1ee9u h\u1ed9 nhanh b\u01a1m h\u01a1i v\u1edbi gi\u00e1 \u01b0u \u0111\u00e3i, ch\u1ea5t l\u01b0\u1ee3ng \u0111\u00e1ng tin c\u1eady v\u00e0 c\u00f3 ch\u1ee9ng ch\u1ec9 CCS.<\/p>","protected":false},"featured_media":14417,"comment_status":"open","ping_status":"closed","template":"","meta":[],"product_brand":[],"product_cat":[190],"product_tag":[207],"class_list":{"0":"post-14415","1":"product","2":"type-product","3":"status-publish","4":"has-post-thumbnail","6":"product_cat-jingtongkuaisujiuzhuting-z03","7":"product_tag-chongqishikuaisujiuzhuting","8":"description-off","10":"first","11":"instock","12":"taxable","13":"shipping-taxable","14":"purchasable","15":"product-type-simple"},"_links":{"self":[{"href":"http:\/\/www.erun-tech.com\/vi\/wp-json\/wp\/v2\/product\/14415","targetHints":{"allow":["GET"]}}],"collection":[{"href":"http:\/\/www.erun-tech.com\/vi\/wp-json\/wp\/v2\/product"}],"about":[{"href":"http:\/\/www.erun-tech.com\/vi\/wp-json\/wp\/v2\/types\/product"}],"replies":[{"embeddable":true,"href":"http:\/\/www.erun-tech.com\/vi\/wp-json\/wp\/v2\/comments?post=14415"}],"wp:featuredmedia":[{"embeddable":true,"href":"http:\/\/www.erun-tech.com\/vi\/wp-json\/wp\/v2\/media\/14417"}],"wp:attachment":[{"href":"http:\/\/www.erun-tech.com\/vi\/wp-json\/wp\/v2\/media?parent=14415"}],"wp:term":[{"taxonomy":"product_brand","embeddable":true,"href":"http:\/\/www.erun-tech.com\/vi\/wp-json\/wp\/v2\/product_brand?post=14415"},{"taxonomy":"product_cat","embeddable":true,"href":"http:\/\/www.erun-tech.com\/vi\/wp-json\/wp\/v2\/product_cat?post=14415"},{"taxonomy":"product_tag","embeddable":true,"href":"http:\/\/www.erun-tech.com\/vi\/wp-json\/wp\/v2\/product_tag?post=14415"}],"curies":[{"name":"wp","href":"https:\/\/api.w.org\/{rel}","templated":true}]}}