{"id":14421,"date":"2022-03-03T15:07:04","date_gmt":"2022-03-03T07:07:04","guid":{"rendered":"http:\/\/www.erun-tech.com\/?post_type=product&#038;p=14421"},"modified":"2024-03-27T22:17:05","modified_gmt":"2024-03-27T14:17:05","slug":"geleishoutishimiehuoqi","status":"publish","type":"product","link":"http:\/\/www.erun-tech.com\/vi\/product\/geleishoutishimiehuoqi","title":{"rendered":"C\u00e1c lo\u1ea1i b\u00ecnh ch\u1eefa ch\u00e1y c\u1ea7m tay"},"content":{"rendered":"<h2 style=\"text-align: center;\">C\u00e1c lo\u1ea1i b\u00ecnh ch\u1eefa ch\u00e1y c\u1ea7m tay<\/h2>\n<p>&nbsp;<\/p>\n<div><strong>C\u01a1 s\u1edf ph\u00e1p l\u00fd: \"Quy \u0111\u1ecbnh v\u1ec1 qu\u1ea3n l\u00fd \u0111\u00e0o t\u1ea1o thuy\u1ec1n vi\u00ean c\u1ee7a C\u1ed9ng h\u00f2a Nh\u00e2n d\u00e2n Trung Hoa\" (Ngh\u1ecb \u0111\u1ecbnh s\u1ed1 5 n\u0103m 2019 c\u1ee7a B\u1ed9 Giao th\u00f4ng V\u1eadn t\u1ea3i)<\/strong><\/div>\n<div><strong>Lo\u1ea1i s\u1ea3n ph\u1ea9m: Ph\u00f2ng th\u1ef1c h\u00e0nh ph\u00f2ng ch\u00e1y ch\u1eefa ch\u00e1y cao c\u1ea5p (Z04)<br \/>\n<\/strong><\/div>\n<div><strong>\u4ea7\u54c1\u540d\u79f0\uff1a\u5404\u7c7b\u624b\u63d0\u5f0f\u706d\u706b\u5668<\/strong><\/div>\n<div><strong>\u529f\u80fd\u8981\u6c42\uff1a\u4e8c\u6c27\u5316\u78b3 \u3001\u6ce1\u6cab\u3001\u5e72\u7c89\u7b49\u7c7b\u578b\u3002<\/strong><\/div>\n<div><strong>\u89c4\u5b9a\u6570\u91cf\uff1a\u81f3\u5c11\u5404 5 \u4e2a<\/strong><\/div>","protected":false},"excerpt":{"rendered":"<p>\u5404\u7c7b\u624b\u63d0\u5f0f\u706d\u706b\u5668 &nbsp; \u6cd5\u5f8b\u4f9d\u636e\uff1a\u300a\u4e2d\u534e\u4eba\u6c11\u5171\u548c\u56fd\u8239\u5458\u57f9\u8bad\u7ba1\u7406\u89c4\u5219\u300b\uff08\u4ea4\u901a\u8fd0\u8f93\u90e8\u4ee4 2019 \u5e74\u7b2c 5&hellip;<\/p>","protected":false},"featured_media":14429,"comment_status":"open","ping_status":"closed","template":"","meta":[],"product_brand":[],"product_cat":[322,35],"product_tag":[],"class_list":{"0":"post-14421","1":"product","2":"type-product","3":"status-publish","4":"has-post-thumbnail","6":"product_cat-haishangjiaotonganquanjinengpeixun","7":"product_cat-gaojixiaofangshixunshiz04","8":"description-off","10":"first","11":"instock","12":"taxable","13":"shipping-taxable","14":"purchasable","15":"product-type-simple"},"_links":{"self":[{"href":"http:\/\/www.erun-tech.com\/vi\/wp-json\/wp\/v2\/product\/14421","targetHints":{"allow":["GET"]}}],"collection":[{"href":"http:\/\/www.erun-tech.com\/vi\/wp-json\/wp\/v2\/product"}],"about":[{"href":"http:\/\/www.erun-tech.com\/vi\/wp-json\/wp\/v2\/types\/product"}],"replies":[{"embeddable":true,"href":"http:\/\/www.erun-tech.com\/vi\/wp-json\/wp\/v2\/comments?post=14421"}],"wp:featuredmedia":[{"embeddable":true,"href":"http:\/\/www.erun-tech.com\/vi\/wp-json\/wp\/v2\/media\/14429"}],"wp:attachment":[{"href":"http:\/\/www.erun-tech.com\/vi\/wp-json\/wp\/v2\/media?parent=14421"}],"wp:term":[{"taxonomy":"product_brand","embeddable":true,"href":"http:\/\/www.erun-tech.com\/vi\/wp-json\/wp\/v2\/product_brand?post=14421"},{"taxonomy":"product_cat","embeddable":true,"href":"http:\/\/www.erun-tech.com\/vi\/wp-json\/wp\/v2\/product_cat?post=14421"},{"taxonomy":"product_tag","embeddable":true,"href":"http:\/\/www.erun-tech.com\/vi\/wp-json\/wp\/v2\/product_tag?post=14421"}],"curies":[{"name":"wp","href":"https:\/\/api.w.org\/{rel}","templated":true}]}}