{"id":14438,"date":"2022-03-03T15:36:40","date_gmt":"2022-03-03T07:36:40","guid":{"rendered":"http:\/\/www.erun-tech.com\/?post_type=product&#038;p=14438"},"modified":"2026-01-04T18:24:43","modified_gmt":"2026-01-04T10:24:43","slug":"chuanbohuozaiyingjijihua","status":"publish","type":"product","link":"http:\/\/www.erun-tech.com\/vi\/product\/chuanbohuozaiyingjijihua","title":{"rendered":"K\u1ebf ho\u1ea1ch \u1ee9ng ph\u00f3 kh\u1ea9n c\u1ea5p h\u1ecfa ho\u1ea1n tr\u00ean t\u00e0u"},"content":{"rendered":"<h2 style=\"text-align: center;\">K\u1ebf ho\u1ea1ch \u1ee9ng ph\u00f3 kh\u1ea9n c\u1ea5p h\u1ecfa ho\u1ea1n tr\u00ean t\u00e0u<\/h2>\n<p>&nbsp;<\/p>\n<div><strong>C\u01a1 s\u1edf ph\u00e1p l\u00fd: \"Quy \u0111\u1ecbnh v\u1ec1 qu\u1ea3n l\u00fd \u0111\u00e0o t\u1ea1o thuy\u1ec1n vi\u00ean c\u1ee7a C\u1ed9ng h\u00f2a Nh\u00e2n d\u00e2n Trung Hoa\" (Ngh\u1ecb \u0111\u1ecbnh s\u1ed1 5 n\u0103m 2019 c\u1ee7a B\u1ed9 Giao th\u00f4ng V\u1eadn t\u1ea3i)<\/strong><\/div>\n<div><strong>Lo\u1ea1i s\u1ea3n ph\u1ea9m: Ph\u00f2ng th\u1ef1c h\u00e0nh ph\u00f2ng ch\u00e1y ch\u1eefa ch\u00e1y cao c\u1ea5p (Z04)<br \/>\n<\/strong><\/div>\n<div><strong>\u4ea7\u54c1\u540d\u79f0\uff1a\u8239\u8236\u706b\u707e\u5e94\u6025\u8ba1\u5212<\/strong><\/div>\n<div><strong>\u529f\u80fd\u8981\u6c42\uff1a\u5f62\u5f0f\u7b26\u5408 ISM \u8981\u6c42\uff0c\u5305\u542b\u5e94\u6025\u8fc7\u7a0b\u4e2d\u7684\uff08\u62a5\u544a\u3001\u6307\u6325\u3001\u534f\u8c03\uff09\u5168\u90e8\u73af\u8282\u3002<\/strong><\/div>\n<div><strong>S\u1ed1 l\u01b0\u1ee3ng quy \u0111\u1ecbnh: 2 b\u1ed9<\/strong><\/div>","protected":false},"excerpt":{"rendered":"<p>\u8239\u8236\u706b\u707e\u5e94\u6025\u8ba1\u5212 &nbsp; \u6cd5\u5f8b\u4f9d\u636e\uff1a\u300a\u4e2d\u534e\u4eba\u6c11\u5171\u548c\u56fd\u8239\u5458\u57f9\u8bad\u7ba1\u7406\u89c4\u5219\u300b\uff08\u4ea4\u901a\u8fd0\u8f93\u90e8\u4ee4 2019 \u5e74\u7b2c 5&hellip;<\/p>","protected":false},"featured_media":14443,"comment_status":"open","ping_status":"closed","template":"","meta":[],"product_brand":[],"product_cat":[35],"product_tag":[215],"class_list":{"0":"post-14438","1":"product","2":"type-product","3":"status-publish","4":"has-post-thumbnail","6":"product_cat-gaojixiaofangshixunshiz04","7":"product_tag-chuanbohuozaiyingjijihua","8":"description-off","10":"first","11":"instock","12":"taxable","13":"shipping-taxable","14":"purchasable","15":"product-type-simple"},"_links":{"self":[{"href":"http:\/\/www.erun-tech.com\/vi\/wp-json\/wp\/v2\/product\/14438","targetHints":{"allow":["GET"]}}],"collection":[{"href":"http:\/\/www.erun-tech.com\/vi\/wp-json\/wp\/v2\/product"}],"about":[{"href":"http:\/\/www.erun-tech.com\/vi\/wp-json\/wp\/v2\/types\/product"}],"replies":[{"embeddable":true,"href":"http:\/\/www.erun-tech.com\/vi\/wp-json\/wp\/v2\/comments?post=14438"}],"wp:featuredmedia":[{"embeddable":true,"href":"http:\/\/www.erun-tech.com\/vi\/wp-json\/wp\/v2\/media\/14443"}],"wp:attachment":[{"href":"http:\/\/www.erun-tech.com\/vi\/wp-json\/wp\/v2\/media?parent=14438"}],"wp:term":[{"taxonomy":"product_brand","embeddable":true,"href":"http:\/\/www.erun-tech.com\/vi\/wp-json\/wp\/v2\/product_brand?post=14438"},{"taxonomy":"product_cat","embeddable":true,"href":"http:\/\/www.erun-tech.com\/vi\/wp-json\/wp\/v2\/product_cat?post=14438"},{"taxonomy":"product_tag","embeddable":true,"href":"http:\/\/www.erun-tech.com\/vi\/wp-json\/wp\/v2\/product_tag?post=14438"}],"curies":[{"name":"wp","href":"https:\/\/api.w.org\/{rel}","templated":true}]}}